{"id":51948,"date":"2026-03-30T14:21:31","date_gmt":"2026-03-30T12:21:31","guid":{"rendered":"https:\/\/alja.ch\/produkt\/qjutie-bambino-4-strati-salmone\/"},"modified":"2026-03-30T16:26:54","modified_gmt":"2026-03-30T14:26:54","slug":"qjutie-bambino-4-strati-salmone","status":"publish","type":"product","link":"https:\/\/alja.ch\/it\/prodotto\/qjutie-bambino-4-strati-salmone\/","title":{"rendered":"QJUTIE Bambino 4 strati &#8221;Salmone&#8221;"},"content":{"rendered":"<p data-path-to-node=\"10\">Scoprite la nuova leggerezza: il &#8221;Bambino a 4 strati&#8221; di QJUTIE \u00e8 un vero miracolo di tessuto. Grazie alla speciale tecnica di tessitura, quattro strati di garza di cotone fine si sovrappongono, dando al tessuto una sensazione unica, quasi di imbottitura. \u00c8 opaco, ha un&#8217;ottima elasticit\u00e0 e diventa ancora pi\u00f9 gonfio e morbido a ogni lavaggio.  <\/p>\n<p data-path-to-node=\"11\">Grazie alla pura fibra naturale, il tessuto \u00e8 altamente traspirante e regola l&#8217;umidit\u00e0. Il moderno colore Salmone conferisce a ogni progetto un aspetto caldo e sofisticato. Con una larghezza di <b data-path-to-node=\"11\" data-index-in-node=\"190\">130 cm<\/b>, \u00e8 ideale per capi da indossare sia in estate che nella stagione di transizione.  <\/p>\n<p data-path-to-node=\"14\"><b data-path-to-node=\"14\" data-index-in-node=\"0\">Idee di applicazione:<\/b><\/p>\n<ul data-path-to-node=\"15\">\n<li>\n<p data-path-to-node=\"15,0,0\"><b data-path-to-node=\"15,0,0\" data-index-in-node=\"0\">Moda per bambini:<\/b> salopette accoglienti, giacche morbide, gonne o comodi pantaloni a zampa.<\/p>\n<\/li>\n<li>\n<p data-path-to-node=\"15,1,0\"><b data-path-to-node=\"15,1,0\" data-index-in-node=\"0\">Beb\u00e8:<\/b> coperte di alta qualit\u00e0, sacchi a pelo, nidi o spessi teli per il ruttino.<\/p>\n<\/li>\n<li>\n<p data-path-to-node=\"15,2,0\"><b data-path-to-node=\"15,2,0\" data-index-in-node=\"0\">Accessori:<\/b> sciarpe di mussola voluminose (sciarpe XL) o cuscini decorativi per la camera dei bambini.<\/p>\n<\/li>\n<\/ul>\n","protected":false},"excerpt":{"rendered":"<p>Coccole garantite! Il <b data-path-to-node=\"7\" data-index-in-node=\"30\">QJUTIE 4-Layer Bambino<\/b> in delicato color salmone \u00e8 un lussuoso tessuto multistrato realizzato al <b data-path-to-node=\"7\" data-index-in-node=\"109\">100% in cotone<\/b>. Con i suoi quattro strati sottilissimi e uniti a punta, \u00e8 molto pi\u00f9 voluminoso e morbido della classica mussola. \u00c8 la scelta perfetta per la <b data-path-to-node=\"7\" data-index-in-node=\"291\">moda per bambini<\/b> di alta qualit\u00e0, per coperte accoglienti e per tutto ci\u00f2 che deve essere particolarmente delicato sulla pelle.   <\/p>\n","protected":false},"featured_media":51963,"comment_status":"closed","ping_status":"closed","template":"","meta":{"_acf_changed":false},"product_brand":[],"product_cat":[254,4672,154,1959],"product_tag":[5892,5885,5888,5894,5890],"class_list":{"0":"post-51948","1":"product","2":"type-product","3":"status-publish","4":"has-post-thumbnail","6":"product_cat-bambini","7":"product_cat-qjutie-the-qjutest-edition-3","8":"product_cat-tessuti","9":"product_cat-tessuti-primaverili-ed-estivi-per-bambini","10":"product_tag-garza-quadrupla-al-metro","11":"product_tag-mussola-a-4-strati","12":"product_tag-qjutie-bambino-salmone","13":"product_tag-tessuto-oeko-tex-per-bambini","14":"product_tag-tessuto-tetra-in-cotone","15":"product_shipping_class-pacco-normale","17":"first","18":"instock","19":"shipping-taxable","20":"purchasable","21":"product-type-simple"},"acf":[],"yoast_head":"<!-- This site is optimized with the Yoast SEO plugin v27.4 - https:\/\/yoast.com\/product\/yoast-seo-wordpress\/ -->\n<title>QJUTIE Bambino 4 strati &quot;Salmone&quot;<\/title>\n<meta name=\"description\" content=\"Lussuoso tessuto QJUTIE 4 strati Bambino in 100% cotone. Mussola a 4 strati color salmone, larga 130 cm. Morbida, coprente e traspirante.\" \/>\n<meta name=\"robots\" content=\"index, follow, max-snippet:-1, max-image-preview:large, max-video-preview:-1\" \/>\n<link rel=\"canonical\" href=\"https:\/\/alja.ch\/it\/prodotto\/qjutie-bambino-4-strati-salmone\/\" \/>\n<meta property=\"og:locale\" content=\"it_IT\" \/>\n<meta property=\"og:type\" content=\"article\" \/>\n<meta property=\"og:title\" content=\"QJUTIE Bambino 4 strati &quot;Salmone&quot;\" \/>\n<meta property=\"og:description\" content=\"Lussuoso tessuto QJUTIE 4 strati Bambino in 100% cotone. Mussola a 4 strati color salmone, larga 130 cm. Morbida, coprente e traspirante.\" \/>\n<meta property=\"og:url\" content=\"https:\/\/alja.ch\/it\/prodotto\/qjutie-bambino-4-strati-salmone\/\" \/>\n<meta property=\"og:site_name\" content=\"Alja.ch\" \/>\n<meta property=\"article:publisher\" content=\"https:\/\/www.facebook.com\/aljastoffe\/\" \/>\n<meta property=\"article:modified_time\" content=\"2026-03-30T14:26:54+00:00\" \/>\n<meta property=\"og:image\" content=\"https:\/\/alja.ch\/wp-content\/uploads\/2026\/03\/K42050-330_5-scaled.jpg\" \/>\n\t<meta property=\"og:image:width\" content=\"2560\" \/>\n\t<meta property=\"og:image:height\" content=\"2560\" \/>\n\t<meta property=\"og:image:type\" content=\"image\/jpeg\" \/>\n<meta name=\"twitter:card\" content=\"summary_large_image\" \/>\n<meta name=\"twitter:label1\" content=\"Tempo di lettura stimato\" \/>\n\t<meta name=\"twitter:data1\" content=\"1 minuto\" \/>\n<script type=\"application\/ld+json\" class=\"yoast-schema-graph\">{\"@context\":\"https:\\\/\\\/schema.org\",\"@graph\":[{\"@type\":\"WebPage\",\"@id\":\"https:\\\/\\\/alja.ch\\\/it\\\/prodotto\\\/qjutie-bambino-4-strati-salmone\\\/\",\"url\":\"https:\\\/\\\/alja.ch\\\/it\\\/prodotto\\\/qjutie-bambino-4-strati-salmone\\\/\",\"name\":\"QJUTIE Bambino 4 strati \\\"Salmone\\\"\",\"isPartOf\":{\"@id\":\"https:\\\/\\\/alja.ch\\\/it\\\/#website\"},\"primaryImageOfPage\":{\"@id\":\"https:\\\/\\\/alja.ch\\\/it\\\/prodotto\\\/qjutie-bambino-4-strati-salmone\\\/#primaryimage\"},\"image\":{\"@id\":\"https:\\\/\\\/alja.ch\\\/it\\\/prodotto\\\/qjutie-bambino-4-strati-salmone\\\/#primaryimage\"},\"thumbnailUrl\":\"https:\\\/\\\/alja.ch\\\/wp-content\\\/uploads\\\/2026\\\/03\\\/K42050-330_5-scaled.jpg\",\"datePublished\":\"2026-03-30T12:21:31+00:00\",\"dateModified\":\"2026-03-30T14:26:54+00:00\",\"description\":\"Lussuoso tessuto QJUTIE 4 strati Bambino in 100% cotone. Mussola a 4 strati color salmone, larga 130 cm. Morbida, coprente e traspirante.\",\"breadcrumb\":{\"@id\":\"https:\\\/\\\/alja.ch\\\/it\\\/prodotto\\\/qjutie-bambino-4-strati-salmone\\\/#breadcrumb\"},\"inLanguage\":\"it-IT\",\"potentialAction\":[{\"@type\":\"ReadAction\",\"target\":[\"https:\\\/\\\/alja.ch\\\/it\\\/prodotto\\\/qjutie-bambino-4-strati-salmone\\\/\"]}]},{\"@type\":\"ImageObject\",\"inLanguage\":\"it-IT\",\"@id\":\"https:\\\/\\\/alja.ch\\\/it\\\/prodotto\\\/qjutie-bambino-4-strati-salmone\\\/#primaryimage\",\"url\":\"https:\\\/\\\/alja.ch\\\/wp-content\\\/uploads\\\/2026\\\/03\\\/K42050-330_5-scaled.jpg\",\"contentUrl\":\"https:\\\/\\\/alja.ch\\\/wp-content\\\/uploads\\\/2026\\\/03\\\/K42050-330_5-scaled.jpg\",\"width\":2560,\"height\":2560},{\"@type\":\"BreadcrumbList\",\"@id\":\"https:\\\/\\\/alja.ch\\\/it\\\/prodotto\\\/qjutie-bambino-4-strati-salmone\\\/#breadcrumb\",\"itemListElement\":[{\"@type\":\"ListItem\",\"position\":1,\"name\":\"Sito iniziale\",\"item\":\"https:\\\/\\\/alja.ch\\\/it\\\/\"},{\"@type\":\"ListItem\",\"position\":2,\"name\":\"Negozio\",\"item\":\"https:\\\/\\\/alja.ch\\\/it\\\/negozio\\\/\"},{\"@type\":\"ListItem\",\"position\":3,\"name\":\"QJUTIE Bambino 4 strati &#8220;Salmone&#8220;\"}]},{\"@type\":\"WebSite\",\"@id\":\"https:\\\/\\\/alja.ch\\\/it\\\/#website\",\"url\":\"https:\\\/\\\/alja.ch\\\/it\\\/\",\"name\":\"Alja.ch\",\"description\":\"Stoffe &amp; Mercerie online einkaufen!\",\"publisher\":{\"@id\":\"https:\\\/\\\/alja.ch\\\/it\\\/#organization\"},\"potentialAction\":[{\"@type\":\"SearchAction\",\"target\":{\"@type\":\"EntryPoint\",\"urlTemplate\":\"https:\\\/\\\/alja.ch\\\/it\\\/?s={search_term_string}\"},\"query-input\":{\"@type\":\"PropertyValueSpecification\",\"valueRequired\":true,\"valueName\":\"search_term_string\"}}],\"inLanguage\":\"it-IT\"},{\"@type\":\"Organization\",\"@id\":\"https:\\\/\\\/alja.ch\\\/it\\\/#organization\",\"name\":\"ALJA Nouveau AG\",\"url\":\"https:\\\/\\\/alja.ch\\\/it\\\/\",\"logo\":{\"@type\":\"ImageObject\",\"inLanguage\":\"it-IT\",\"@id\":\"https:\\\/\\\/alja.ch\\\/it\\\/#\\\/schema\\\/logo\\\/image\\\/\",\"url\":\"https:\\\/\\\/alja.ch\\\/wp-content\\\/uploads\\\/kg-logo-alja.png\",\"contentUrl\":\"https:\\\/\\\/alja.ch\\\/wp-content\\\/uploads\\\/kg-logo-alja.png\",\"width\":1000,\"height\":1000,\"caption\":\"ALJA Nouveau AG\"},\"image\":{\"@id\":\"https:\\\/\\\/alja.ch\\\/it\\\/#\\\/schema\\\/logo\\\/image\\\/\"},\"sameAs\":[\"https:\\\/\\\/www.facebook.com\\\/aljastoffe\\\/\",\"https:\\\/\\\/www.instagram.com\\\/alja_stoffe_mercerie\\\/\",\"https:\\\/\\\/www.youtube.com\\\/channel\\\/UCf6430U9yN-o6rk-Nw4TDqA\"]}]}<\/script>\n<!-- \/ Yoast SEO plugin. -->","yoast_head_json":{"title":"QJUTIE Bambino 4 strati \"Salmone\"","description":"Lussuoso tessuto QJUTIE 4 strati Bambino in 100% cotone. Mussola a 4 strati color salmone, larga 130 cm. Morbida, coprente e traspirante.","robots":{"index":"index","follow":"follow","max-snippet":"max-snippet:-1","max-image-preview":"max-image-preview:large","max-video-preview":"max-video-preview:-1"},"canonical":"https:\/\/alja.ch\/it\/prodotto\/qjutie-bambino-4-strati-salmone\/","og_locale":"it_IT","og_type":"article","og_title":"QJUTIE Bambino 4 strati \"Salmone\"","og_description":"Lussuoso tessuto QJUTIE 4 strati Bambino in 100% cotone. Mussola a 4 strati color salmone, larga 130 cm. Morbida, coprente e traspirante.","og_url":"https:\/\/alja.ch\/it\/prodotto\/qjutie-bambino-4-strati-salmone\/","og_site_name":"Alja.ch","article_publisher":"https:\/\/www.facebook.com\/aljastoffe\/","article_modified_time":"2026-03-30T14:26:54+00:00","og_image":[{"width":2560,"height":2560,"url":"https:\/\/alja.ch\/wp-content\/uploads\/2026\/03\/K42050-330_5-scaled.jpg","type":"image\/jpeg"}],"twitter_card":"summary_large_image","twitter_misc":{"Tempo di lettura stimato":"1 minuto"},"schema":{"@context":"https:\/\/schema.org","@graph":[{"@type":"WebPage","@id":"https:\/\/alja.ch\/it\/prodotto\/qjutie-bambino-4-strati-salmone\/","url":"https:\/\/alja.ch\/it\/prodotto\/qjutie-bambino-4-strati-salmone\/","name":"QJUTIE Bambino 4 strati \"Salmone\"","isPartOf":{"@id":"https:\/\/alja.ch\/it\/#website"},"primaryImageOfPage":{"@id":"https:\/\/alja.ch\/it\/prodotto\/qjutie-bambino-4-strati-salmone\/#primaryimage"},"image":{"@id":"https:\/\/alja.ch\/it\/prodotto\/qjutie-bambino-4-strati-salmone\/#primaryimage"},"thumbnailUrl":"https:\/\/alja.ch\/wp-content\/uploads\/2026\/03\/K42050-330_5-scaled.jpg","datePublished":"2026-03-30T12:21:31+00:00","dateModified":"2026-03-30T14:26:54+00:00","description":"Lussuoso tessuto QJUTIE 4 strati Bambino in 100% cotone. Mussola a 4 strati color salmone, larga 130 cm. Morbida, coprente e traspirante.","breadcrumb":{"@id":"https:\/\/alja.ch\/it\/prodotto\/qjutie-bambino-4-strati-salmone\/#breadcrumb"},"inLanguage":"it-IT","potentialAction":[{"@type":"ReadAction","target":["https:\/\/alja.ch\/it\/prodotto\/qjutie-bambino-4-strati-salmone\/"]}]},{"@type":"ImageObject","inLanguage":"it-IT","@id":"https:\/\/alja.ch\/it\/prodotto\/qjutie-bambino-4-strati-salmone\/#primaryimage","url":"https:\/\/alja.ch\/wp-content\/uploads\/2026\/03\/K42050-330_5-scaled.jpg","contentUrl":"https:\/\/alja.ch\/wp-content\/uploads\/2026\/03\/K42050-330_5-scaled.jpg","width":2560,"height":2560},{"@type":"BreadcrumbList","@id":"https:\/\/alja.ch\/it\/prodotto\/qjutie-bambino-4-strati-salmone\/#breadcrumb","itemListElement":[{"@type":"ListItem","position":1,"name":"Sito iniziale","item":"https:\/\/alja.ch\/it\/"},{"@type":"ListItem","position":2,"name":"Negozio","item":"https:\/\/alja.ch\/it\/negozio\/"},{"@type":"ListItem","position":3,"name":"QJUTIE Bambino 4 strati &#8220;Salmone&#8220;"}]},{"@type":"WebSite","@id":"https:\/\/alja.ch\/it\/#website","url":"https:\/\/alja.ch\/it\/","name":"Alja.ch","description":"Stoffe &amp; Mercerie online einkaufen!","publisher":{"@id":"https:\/\/alja.ch\/it\/#organization"},"potentialAction":[{"@type":"SearchAction","target":{"@type":"EntryPoint","urlTemplate":"https:\/\/alja.ch\/it\/?s={search_term_string}"},"query-input":{"@type":"PropertyValueSpecification","valueRequired":true,"valueName":"search_term_string"}}],"inLanguage":"it-IT"},{"@type":"Organization","@id":"https:\/\/alja.ch\/it\/#organization","name":"ALJA Nouveau AG","url":"https:\/\/alja.ch\/it\/","logo":{"@type":"ImageObject","inLanguage":"it-IT","@id":"https:\/\/alja.ch\/it\/#\/schema\/logo\/image\/","url":"https:\/\/alja.ch\/wp-content\/uploads\/kg-logo-alja.png","contentUrl":"https:\/\/alja.ch\/wp-content\/uploads\/kg-logo-alja.png","width":1000,"height":1000,"caption":"ALJA Nouveau AG"},"image":{"@id":"https:\/\/alja.ch\/it\/#\/schema\/logo\/image\/"},"sameAs":["https:\/\/www.facebook.com\/aljastoffe\/","https:\/\/www.instagram.com\/alja_stoffe_mercerie\/","https:\/\/www.youtube.com\/channel\/UCf6430U9yN-o6rk-Nw4TDqA"]}]}},"_links":{"self":[{"href":"https:\/\/alja.ch\/it\/wp-json\/wp\/v2\/product\/51948","targetHints":{"allow":["GET"]}}],"collection":[{"href":"https:\/\/alja.ch\/it\/wp-json\/wp\/v2\/product"}],"about":[{"href":"https:\/\/alja.ch\/it\/wp-json\/wp\/v2\/types\/product"}],"replies":[{"embeddable":true,"href":"https:\/\/alja.ch\/it\/wp-json\/wp\/v2\/comments?post=51948"}],"wp:featuredmedia":[{"embeddable":true,"href":"https:\/\/alja.ch\/it\/wp-json\/wp\/v2\/media\/51963"}],"wp:attachment":[{"href":"https:\/\/alja.ch\/it\/wp-json\/wp\/v2\/media?parent=51948"}],"wp:term":[{"taxonomy":"product_brand","embeddable":true,"href":"https:\/\/alja.ch\/it\/wp-json\/wp\/v2\/product_brand?post=51948"},{"taxonomy":"product_cat","embeddable":true,"href":"https:\/\/alja.ch\/it\/wp-json\/wp\/v2\/product_cat?post=51948"},{"taxonomy":"product_tag","embeddable":true,"href":"https:\/\/alja.ch\/it\/wp-json\/wp\/v2\/product_tag?post=51948"}],"curies":[{"name":"wp","href":"https:\/\/api.w.org\/{rel}","templated":true}]}}