{"id":51230,"date":"2026-03-18T11:13:34","date_gmt":"2026-03-18T10:13:34","guid":{"rendered":"https:\/\/alja.ch\/produkt\/maglia-per-costumi-da-bagno-upf50-4\/"},"modified":"2026-05-04T13:31:37","modified_gmt":"2026-05-04T11:31:37","slug":"maglia-per-costumi-da-bagno-pois","status":"publish","type":"product","link":"https:\/\/alja.ch\/it\/prodotto\/maglia-per-costumi-da-bagno-pois\/","title":{"rendered":"Costume da bagno in jersey a pois"},"content":{"rendered":"<p data-path-to-node=\"6\"><b data-path-to-node=\"6\" data-index-in-node=\"0\">Un classico per le giornate di sole!<\/b> La nostra maglia da bagno a pois dona una leggerezza estiva ai vostri progetti di cucito. I punti bianchi brillanti spiccano in modo particolare su un elegante sfondo rosa: una stampa senza tempo che far\u00e0 sorridere grandi e piccini amanti dell&#8217;acqua.<\/p>\n<p data-path-to-node=\"7\"><b data-path-to-node=\"7\" data-index-in-node=\"0\">Sostenibile, sicuro e ben studiato:<\/b> questo tessuto non solo ha un aspetto fantastico, ma protegge anche ci\u00f2 che \u00e8 importante per noi. Realizzato con l&#8217;<b data-path-to-node=\"7\" data-index-in-node=\"135\">82% di poliestere riciclato<\/b>, \u00e8 la risposta ecologica ai costumi da bagno moderni.<\/p>\n<ul>\n<li data-path-to-node=\"8,0,0\"><b data-path-to-node=\"8,0,0\" data-index-in-node=\"0\">Sicurezza grazie a UPF 50+:<\/b> grazie alla protezione UV integrata, viene bloccato oltre il 98% dei raggi nocivi. Questo rende il tessuto il compagno ideale per le pelli sensibili in caso di luce solare intensa.<\/li>\n<li data-path-to-node=\"8,1,0\"><b data-path-to-node=\"8,1,0\" data-index-in-node=\"0\">Opaco e antiscivolo:<\/b> lo <b data-path-to-node=\"8,1,0\" data-index-in-node=\"31\">spessore compatto del materiale<\/b> garantisce un&#8217;eccellente opacit\u00e0. La maglia \u00e8 di alta qualit\u00e0 e robusta, ma abbraccia il corpo come una seconda pelle senza costringere.<\/li>\n<li data-path-to-node=\"8,2,0\"><b data-path-to-node=\"8,2,0\" data-index-in-node=\"0\">Massima flessibilit\u00e0:<\/b> con il <b data-path-to-node=\"8,2,0\" data-index-in-node=\"27\">18% di elastan<\/b>, il tessuto offre un&#8217;eccellente elasticit\u00e0 a 4 vie. \u00c8 estremamente stabile dimensionalmente, non si stira e pu\u00f2 facilmente fare un tuffo nell&#8217;acqua fresca.<\/li>\n<li data-path-to-node=\"8,3,0\"><b data-path-to-node=\"8,3,0\" data-index-in-node=\"0\">Propriet\u00e0 professionali:<\/b> Il materiale \u00e8 resistente al cloro, si asciuga in un attimo e mantiene i suoi colori brillanti anche se indossato frequentemente.<\/li>\n<\/ul>\n<p data-path-to-node=\"9\"><b data-path-to-node=\"9\" data-index-in-node=\"0\">Aree di applicazione:<\/b> Questa maglia con stampa funzionale \u00e8 la scelta perfetta per:<\/p>\n<ul>\n<li data-path-to-node=\"10,0,0\"><b data-path-to-node=\"10,0,0\" data-index-in-node=\"0\">Costumi da bagno per bambini:<\/b> magliette protettive contro i raggi UV, costumi da bagno e comodi pantaloncini da bagno.<\/li>\n<li data-path-to-node=\"10,1,0\"><b data-path-to-node=\"10,1,0\" data-index-in-node=\"0\">Completi sportivi:<\/b> bikini e costumi da bagno con un carattere allegro.<\/li>\n<li data-path-to-node=\"10,2,0\"><b data-path-to-node=\"10,2,0\" data-index-in-node=\"0\">Accessori:<\/b> eleganti scrunchies o inserti impermeabili per le tasche.<\/li>\n<\/ul>\n","protected":false},"excerpt":{"rendered":"<p>Maglia da bagno sostenibile in <b data-path-to-node=\"13\" data-index-in-node=\"33\">poliestere riciclato<\/b> con allegri pois. Questo <b data-path-to-node=\"13\" data-index-in-node=\"104\">tessuto opaco e dimensionalmente stabile<\/b> offre una <b data-path-to-node=\"13\" data-index-in-node=\"163\">protezione UV<\/b> certificata <b data-path-to-node=\"13\" data-index-in-node=\"163\">UPF 50+<\/b> e il massimo comfort. Ad asciugatura rapida ed estremamente elastica, \u00e8 perfetta per un divertimento balneare sicuro ed elegante.<\/p>\n","protected":false},"featured_media":51231,"comment_status":"closed","ping_status":"closed","template":"","meta":{"_acf_changed":false},"product_brand":[],"product_cat":[432,154,6486],"product_tag":[3100,5504,510,5579,315,1082],"class_list":{"0":"post-51230","1":"product","2":"type-product","3":"status-publish","4":"has-post-thumbnail","6":"product_cat-jersey-it","7":"product_cat-tessuti","8":"product_cat-tessuto-per-costumi-da-bagno","9":"product_tag-costumi-da-bagno","10":"product_tag-maglia-da-bagno","11":"product_tag-poliestere","12":"product_tag-poliestere-riciclato","13":"product_tag-punti","14":"product_tag-rosa-it-2","15":"product_shipping_class-pacco-normale","17":"first","18":"instock","19":"shipping-taxable","20":"purchasable","21":"product-type-simple"},"acf":[],"yoast_head":"<!-- This site is optimized with the Yoast SEO plugin v27.5 - https:\/\/yoast.com\/product\/yoast-seo-wordpress\/ -->\n<title>Costume da bagno in jersey a pois &#8212; Scopri i tessuti per il bagno su Alja.ch!<\/title>\n<meta name=\"description\" content=\"Acquistate i punti di jersey per costumi da bagno sostenibili: Protezione UV UPF 50+, materiale riciclato. Ideale per i costumi da bagno dei bambini.\" \/>\n<meta name=\"robots\" content=\"index, follow, max-snippet:-1, max-image-preview:large, max-video-preview:-1\" \/>\n<link rel=\"canonical\" href=\"https:\/\/alja.ch\/it\/prodotto\/maglia-per-costumi-da-bagno-pois\/\" \/>\n<meta property=\"og:locale\" content=\"it_IT\" \/>\n<meta property=\"og:type\" content=\"article\" \/>\n<meta property=\"og:title\" content=\"Costume da bagno in jersey a pois &#8212; Scopri i tessuti per il bagno su Alja.ch!\" \/>\n<meta property=\"og:description\" content=\"Acquistate i punti di jersey per costumi da bagno sostenibili: Protezione UV UPF 50+, materiale riciclato. Ideale per i costumi da bagno dei bambini.\" \/>\n<meta property=\"og:url\" content=\"https:\/\/alja.ch\/it\/prodotto\/maglia-per-costumi-da-bagno-pois\/\" \/>\n<meta property=\"og:site_name\" content=\"Alja.ch\" \/>\n<meta property=\"article:publisher\" content=\"https:\/\/www.facebook.com\/aljastoffe\/\" \/>\n<meta property=\"article:modified_time\" content=\"2026-05-04T11:31:37+00:00\" \/>\n<meta property=\"og:image\" content=\"https:\/\/alja.ch\/wp-content\/uploads\/2026\/03\/27540.webp\" \/>\n\t<meta property=\"og:image:width\" content=\"620\" \/>\n\t<meta property=\"og:image:height\" content=\"620\" \/>\n\t<meta property=\"og:image:type\" content=\"image\/webp\" \/>\n<meta name=\"twitter:card\" content=\"summary_large_image\" \/>\n<meta name=\"twitter:label1\" content=\"Tempo di lettura stimato\" \/>\n\t<meta name=\"twitter:data1\" content=\"2 minuto\" \/>\n<script type=\"application\/ld+json\" class=\"yoast-schema-graph\">{\"@context\":\"https:\\\/\\\/schema.org\",\"@graph\":[{\"@type\":\"WebPage\",\"@id\":\"https:\\\/\\\/alja.ch\\\/it\\\/prodotto\\\/maglia-per-costumi-da-bagno-pois\\\/\",\"url\":\"https:\\\/\\\/alja.ch\\\/it\\\/prodotto\\\/maglia-per-costumi-da-bagno-pois\\\/\",\"name\":\"Costume da bagno in jersey a pois &#8212; Scopri i tessuti per il bagno su Alja.ch!\",\"isPartOf\":{\"@id\":\"https:\\\/\\\/alja.ch\\\/it\\\/#website\"},\"primaryImageOfPage\":{\"@id\":\"https:\\\/\\\/alja.ch\\\/it\\\/prodotto\\\/maglia-per-costumi-da-bagno-pois\\\/#primaryimage\"},\"image\":{\"@id\":\"https:\\\/\\\/alja.ch\\\/it\\\/prodotto\\\/maglia-per-costumi-da-bagno-pois\\\/#primaryimage\"},\"thumbnailUrl\":\"https:\\\/\\\/alja.ch\\\/wp-content\\\/uploads\\\/2026\\\/03\\\/27540.webp\",\"datePublished\":\"2026-03-18T10:13:34+00:00\",\"dateModified\":\"2026-05-04T11:31:37+00:00\",\"description\":\"Acquistate i punti di jersey per costumi da bagno sostenibili: Protezione UV UPF 50+, materiale riciclato. Ideale per i costumi da bagno dei bambini.\",\"breadcrumb\":{\"@id\":\"https:\\\/\\\/alja.ch\\\/it\\\/prodotto\\\/maglia-per-costumi-da-bagno-pois\\\/#breadcrumb\"},\"inLanguage\":\"it-IT\",\"potentialAction\":[{\"@type\":\"ReadAction\",\"target\":[\"https:\\\/\\\/alja.ch\\\/it\\\/prodotto\\\/maglia-per-costumi-da-bagno-pois\\\/\"]}]},{\"@type\":\"ImageObject\",\"inLanguage\":\"it-IT\",\"@id\":\"https:\\\/\\\/alja.ch\\\/it\\\/prodotto\\\/maglia-per-costumi-da-bagno-pois\\\/#primaryimage\",\"url\":\"https:\\\/\\\/alja.ch\\\/wp-content\\\/uploads\\\/2026\\\/03\\\/27540.webp\",\"contentUrl\":\"https:\\\/\\\/alja.ch\\\/wp-content\\\/uploads\\\/2026\\\/03\\\/27540.webp\",\"width\":620,\"height\":620},{\"@type\":\"BreadcrumbList\",\"@id\":\"https:\\\/\\\/alja.ch\\\/it\\\/prodotto\\\/maglia-per-costumi-da-bagno-pois\\\/#breadcrumb\",\"itemListElement\":[{\"@type\":\"ListItem\",\"position\":1,\"name\":\"Sito iniziale\",\"item\":\"https:\\\/\\\/alja.ch\\\/it\\\/\"},{\"@type\":\"ListItem\",\"position\":2,\"name\":\"Negozio\",\"item\":\"https:\\\/\\\/alja.ch\\\/it\\\/negozio\\\/\"},{\"@type\":\"ListItem\",\"position\":3,\"name\":\"Costume da bagno in jersey a pois\"}]},{\"@type\":\"WebSite\",\"@id\":\"https:\\\/\\\/alja.ch\\\/it\\\/#website\",\"url\":\"https:\\\/\\\/alja.ch\\\/it\\\/\",\"name\":\"Alja.ch\",\"description\":\"Stoffe &amp; Mercerie online einkaufen!\",\"publisher\":{\"@id\":\"https:\\\/\\\/alja.ch\\\/it\\\/#organization\"},\"potentialAction\":[{\"@type\":\"SearchAction\",\"target\":{\"@type\":\"EntryPoint\",\"urlTemplate\":\"https:\\\/\\\/alja.ch\\\/it\\\/?s={search_term_string}\"},\"query-input\":{\"@type\":\"PropertyValueSpecification\",\"valueRequired\":true,\"valueName\":\"search_term_string\"}}],\"inLanguage\":\"it-IT\"},{\"@type\":\"Organization\",\"@id\":\"https:\\\/\\\/alja.ch\\\/it\\\/#organization\",\"name\":\"ALJA Nouveau AG\",\"url\":\"https:\\\/\\\/alja.ch\\\/it\\\/\",\"logo\":{\"@type\":\"ImageObject\",\"inLanguage\":\"it-IT\",\"@id\":\"https:\\\/\\\/alja.ch\\\/it\\\/#\\\/schema\\\/logo\\\/image\\\/\",\"url\":\"https:\\\/\\\/alja.ch\\\/wp-content\\\/uploads\\\/kg-logo-alja.png\",\"contentUrl\":\"https:\\\/\\\/alja.ch\\\/wp-content\\\/uploads\\\/kg-logo-alja.png\",\"width\":1000,\"height\":1000,\"caption\":\"ALJA Nouveau AG\"},\"image\":{\"@id\":\"https:\\\/\\\/alja.ch\\\/it\\\/#\\\/schema\\\/logo\\\/image\\\/\"},\"sameAs\":[\"https:\\\/\\\/www.facebook.com\\\/aljastoffe\\\/\",\"https:\\\/\\\/www.instagram.com\\\/alja_stoffe_mercerie\\\/\",\"https:\\\/\\\/www.youtube.com\\\/channel\\\/UCf6430U9yN-o6rk-Nw4TDqA\"]}]}<\/script>\n<!-- \/ Yoast SEO plugin. -->","yoast_head_json":{"title":"Costume da bagno in jersey a pois &#8212; Scopri i tessuti per il bagno su Alja.ch!","description":"Acquistate i punti di jersey per costumi da bagno sostenibili: Protezione UV UPF 50+, materiale riciclato. Ideale per i costumi da bagno dei bambini.","robots":{"index":"index","follow":"follow","max-snippet":"max-snippet:-1","max-image-preview":"max-image-preview:large","max-video-preview":"max-video-preview:-1"},"canonical":"https:\/\/alja.ch\/it\/prodotto\/maglia-per-costumi-da-bagno-pois\/","og_locale":"it_IT","og_type":"article","og_title":"Costume da bagno in jersey a pois &#8212; Scopri i tessuti per il bagno su Alja.ch!","og_description":"Acquistate i punti di jersey per costumi da bagno sostenibili: Protezione UV UPF 50+, materiale riciclato. Ideale per i costumi da bagno dei bambini.","og_url":"https:\/\/alja.ch\/it\/prodotto\/maglia-per-costumi-da-bagno-pois\/","og_site_name":"Alja.ch","article_publisher":"https:\/\/www.facebook.com\/aljastoffe\/","article_modified_time":"2026-05-04T11:31:37+00:00","og_image":[{"width":620,"height":620,"url":"https:\/\/alja.ch\/wp-content\/uploads\/2026\/03\/27540.webp","type":"image\/webp"}],"twitter_card":"summary_large_image","twitter_misc":{"Tempo di lettura stimato":"2 minuto"},"schema":{"@context":"https:\/\/schema.org","@graph":[{"@type":"WebPage","@id":"https:\/\/alja.ch\/it\/prodotto\/maglia-per-costumi-da-bagno-pois\/","url":"https:\/\/alja.ch\/it\/prodotto\/maglia-per-costumi-da-bagno-pois\/","name":"Costume da bagno in jersey a pois &#8212; Scopri i tessuti per il bagno su Alja.ch!","isPartOf":{"@id":"https:\/\/alja.ch\/it\/#website"},"primaryImageOfPage":{"@id":"https:\/\/alja.ch\/it\/prodotto\/maglia-per-costumi-da-bagno-pois\/#primaryimage"},"image":{"@id":"https:\/\/alja.ch\/it\/prodotto\/maglia-per-costumi-da-bagno-pois\/#primaryimage"},"thumbnailUrl":"https:\/\/alja.ch\/wp-content\/uploads\/2026\/03\/27540.webp","datePublished":"2026-03-18T10:13:34+00:00","dateModified":"2026-05-04T11:31:37+00:00","description":"Acquistate i punti di jersey per costumi da bagno sostenibili: Protezione UV UPF 50+, materiale riciclato. Ideale per i costumi da bagno dei bambini.","breadcrumb":{"@id":"https:\/\/alja.ch\/it\/prodotto\/maglia-per-costumi-da-bagno-pois\/#breadcrumb"},"inLanguage":"it-IT","potentialAction":[{"@type":"ReadAction","target":["https:\/\/alja.ch\/it\/prodotto\/maglia-per-costumi-da-bagno-pois\/"]}]},{"@type":"ImageObject","inLanguage":"it-IT","@id":"https:\/\/alja.ch\/it\/prodotto\/maglia-per-costumi-da-bagno-pois\/#primaryimage","url":"https:\/\/alja.ch\/wp-content\/uploads\/2026\/03\/27540.webp","contentUrl":"https:\/\/alja.ch\/wp-content\/uploads\/2026\/03\/27540.webp","width":620,"height":620},{"@type":"BreadcrumbList","@id":"https:\/\/alja.ch\/it\/prodotto\/maglia-per-costumi-da-bagno-pois\/#breadcrumb","itemListElement":[{"@type":"ListItem","position":1,"name":"Sito iniziale","item":"https:\/\/alja.ch\/it\/"},{"@type":"ListItem","position":2,"name":"Negozio","item":"https:\/\/alja.ch\/it\/negozio\/"},{"@type":"ListItem","position":3,"name":"Costume da bagno in jersey a pois"}]},{"@type":"WebSite","@id":"https:\/\/alja.ch\/it\/#website","url":"https:\/\/alja.ch\/it\/","name":"Alja.ch","description":"Stoffe &amp; Mercerie online einkaufen!","publisher":{"@id":"https:\/\/alja.ch\/it\/#organization"},"potentialAction":[{"@type":"SearchAction","target":{"@type":"EntryPoint","urlTemplate":"https:\/\/alja.ch\/it\/?s={search_term_string}"},"query-input":{"@type":"PropertyValueSpecification","valueRequired":true,"valueName":"search_term_string"}}],"inLanguage":"it-IT"},{"@type":"Organization","@id":"https:\/\/alja.ch\/it\/#organization","name":"ALJA Nouveau AG","url":"https:\/\/alja.ch\/it\/","logo":{"@type":"ImageObject","inLanguage":"it-IT","@id":"https:\/\/alja.ch\/it\/#\/schema\/logo\/image\/","url":"https:\/\/alja.ch\/wp-content\/uploads\/kg-logo-alja.png","contentUrl":"https:\/\/alja.ch\/wp-content\/uploads\/kg-logo-alja.png","width":1000,"height":1000,"caption":"ALJA Nouveau AG"},"image":{"@id":"https:\/\/alja.ch\/it\/#\/schema\/logo\/image\/"},"sameAs":["https:\/\/www.facebook.com\/aljastoffe\/","https:\/\/www.instagram.com\/alja_stoffe_mercerie\/","https:\/\/www.youtube.com\/channel\/UCf6430U9yN-o6rk-Nw4TDqA"]}]}},"_links":{"self":[{"href":"https:\/\/alja.ch\/it\/wp-json\/wp\/v2\/product\/51230","targetHints":{"allow":["GET"]}}],"collection":[{"href":"https:\/\/alja.ch\/it\/wp-json\/wp\/v2\/product"}],"about":[{"href":"https:\/\/alja.ch\/it\/wp-json\/wp\/v2\/types\/product"}],"replies":[{"embeddable":true,"href":"https:\/\/alja.ch\/it\/wp-json\/wp\/v2\/comments?post=51230"}],"wp:featuredmedia":[{"embeddable":true,"href":"https:\/\/alja.ch\/it\/wp-json\/wp\/v2\/media\/51231"}],"wp:attachment":[{"href":"https:\/\/alja.ch\/it\/wp-json\/wp\/v2\/media?parent=51230"}],"wp:term":[{"taxonomy":"product_brand","embeddable":true,"href":"https:\/\/alja.ch\/it\/wp-json\/wp\/v2\/product_brand?post=51230"},{"taxonomy":"product_cat","embeddable":true,"href":"https:\/\/alja.ch\/it\/wp-json\/wp\/v2\/product_cat?post=51230"},{"taxonomy":"product_tag","embeddable":true,"href":"https:\/\/alja.ch\/it\/wp-json\/wp\/v2\/product_tag?post=51230"}],"curies":[{"name":"wp","href":"https:\/\/api.w.org\/{rel}","templated":true}]}}