{"id":49796,"date":"2026-02-27T09:38:20","date_gmt":"2026-02-27T08:38:20","guid":{"rendered":"https:\/\/alja.ch\/produkt\/viscosa-eleonora\/"},"modified":"2026-02-27T09:43:34","modified_gmt":"2026-02-27T08:43:34","slug":"viscosa-eleonora","status":"publish","type":"product","link":"https:\/\/alja.ch\/it\/prodotto\/viscosa-eleonora\/","title":{"rendered":"Viscosa Eleonora"},"content":{"rendered":"<p data-path-to-node=\"3\">Provate un&#8217;eleganza fluida e una sensazione impareggiabile con la nostra &#8221;Viscosa Eleonora&#8221;. Questo tessuto moda di alta qualit\u00e0 colpisce per il suo motivo artistico e geometrico in un&#8217;armoniosa combinazione di tonalit\u00e0 marine, verdi e arancioni calde. Il design emana un fascino moderno e retr\u00f2 che trasforma ogni progetto di cucito in una dichiarazione di moda.<\/p>\n<p data-path-to-node=\"4\">La qualit\u00e0 \u00e8 particolarmente degna di nota: realizzato <b data-path-to-node=\"4\" data-index-in-node=\"56\">al 100%<\/b> in <b data-path-to-node=\"4\" data-index-in-node=\"56\">viscosa (LENZING ECOVERO)<\/b>, questo tessuto \u00e8 una scelta sostenibile. Le fibre sono ottenute da fonti di legno certificate e rinnovabili e la loro produzione \u00e8 particolarmente rispettosa dell&#8217;ambiente. Il risultato \u00e8 un drappeggio meravigliosamente morbido, un tatto setoso e un&#8217;elevata traspirabilit\u00e0, perfetti per un abbigliamento che sembra una seconda pelle.<\/p>\n<p data-path-to-node=\"5\">Con un&#8217;ampiezza di <b data-path-to-node=\"5\" data-index-in-node=\"21\">142 cm<\/b>, &#8221;Eleonora&#8221; \u00e8 la scelta ideale per camicette femminili, abiti svolazzanti, gonne leggere o pantaloni estivi dal taglio ampio. Il tessuto abbraccia delicatamente la silhouette e crea un look elegante con il massimo comfort.<\/p>\n<p data-path-to-node=\"6\">Combinate lo stile con la coscienza pulita e create il vostro nuovo pezzo preferito con questo tuttofare sostenibile!<\/p>\n","protected":false},"excerpt":{"rendered":"<p data-path-to-node=\"9\">Eleganza sostenibile: la nostra &#8221;Viscosa Eleonora&#8221;, realizzata al 100% con fibre ECOVERO\u2122, colpisce per il suo drappeggio setoso e l&#8217;elegante motivo geometrico. Con una larghezza di 142 cm, \u00e8 perfetta per camicette fluide, abiti e outfit estivi alla moda.<\/p>\n","protected":false},"featured_media":49797,"comment_status":"closed","ping_status":"closed","template":"","meta":{"_acf_changed":false},"product_brand":[],"product_cat":[163,3233,168,2067,154],"product_tag":[4027,4594,1838,542,3231,3143,1324,543],"class_list":{"0":"post-49796","1":"product","2":"type-product","3":"status-publish","4":"has-post-thumbnail","6":"product_cat-biologico","7":"product_cat-collezione-autunno-e-inverno","8":"product_cat-moda","9":"product_cat-neue-herbst-winter-kollektion-it","10":"product_cat-tessuti","11":"product_tag-100-viscosa","12":"product_tag-geometrico","13":"product_tag-materiale-sostenibile","14":"product_tag-modello-it","15":"product_tag-tessuto-della-camicetta","16":"product_tag-tessuto-per-abbigliamento","17":"product_tag-tessuto-per-abiti","18":"product_tag-viscosa-it","19":"product_shipping_class-pacco-normale","21":"first","22":"instock","23":"shipping-taxable","24":"purchasable","25":"product-type-simple"},"acf":[],"yoast_head":"<!-- This site is optimized with the Yoast SEO plugin v27.4 - https:\/\/yoast.com\/product\/yoast-seo-wordpress\/ -->\n<title>Viscosa Eleonora &#8212; Scopri i tessuti di viscosa sostenibili su Alja.ch!<\/title>\n<meta name=\"description\" content=\"Tessuto di moda sostenibile realizzato al 100% in Ecovero. Drappeggio setoso e moderno motivo retr\u00f2. Ideale per camicette e abiti. Cucite in modo ecologico!\" \/>\n<meta name=\"robots\" content=\"index, follow, max-snippet:-1, max-image-preview:large, max-video-preview:-1\" \/>\n<link rel=\"canonical\" href=\"https:\/\/alja.ch\/it\/prodotto\/viscosa-eleonora\/\" \/>\n<meta property=\"og:locale\" content=\"it_IT\" \/>\n<meta property=\"og:type\" content=\"article\" \/>\n<meta property=\"og:title\" content=\"Viscosa Eleonora &#8212; Scopri i tessuti di viscosa sostenibili su Alja.ch!\" \/>\n<meta property=\"og:description\" content=\"Tessuto di moda sostenibile realizzato al 100% in Ecovero. Drappeggio setoso e moderno motivo retr\u00f2. Ideale per camicette e abiti. Cucite in modo ecologico!\" \/>\n<meta property=\"og:url\" content=\"https:\/\/alja.ch\/it\/prodotto\/viscosa-eleonora\/\" \/>\n<meta property=\"og:site_name\" content=\"Alja.ch\" \/>\n<meta property=\"article:publisher\" content=\"https:\/\/www.facebook.com\/aljastoffe\/\" \/>\n<meta property=\"article:modified_time\" content=\"2026-02-27T08:43:34+00:00\" \/>\n<meta property=\"og:image\" content=\"https:\/\/alja.ch\/wp-content\/uploads\/2026\/02\/16663_Viscose-Eleonora_gedreht-scaled.jpg\" \/>\n\t<meta property=\"og:image:width\" content=\"2560\" \/>\n\t<meta property=\"og:image:height\" content=\"2560\" \/>\n\t<meta property=\"og:image:type\" content=\"image\/jpeg\" \/>\n<meta name=\"twitter:card\" content=\"summary_large_image\" \/>\n<meta name=\"twitter:label1\" content=\"Tempo di lettura stimato\" \/>\n\t<meta name=\"twitter:data1\" content=\"2 minuto\" \/>\n<script type=\"application\/ld+json\" class=\"yoast-schema-graph\">{\"@context\":\"https:\\\/\\\/schema.org\",\"@graph\":[{\"@type\":\"WebPage\",\"@id\":\"https:\\\/\\\/alja.ch\\\/it\\\/prodotto\\\/viscosa-eleonora\\\/\",\"url\":\"https:\\\/\\\/alja.ch\\\/it\\\/prodotto\\\/viscosa-eleonora\\\/\",\"name\":\"Viscosa Eleonora &#8212; Scopri i tessuti di viscosa sostenibili su Alja.ch!\",\"isPartOf\":{\"@id\":\"https:\\\/\\\/alja.ch\\\/it\\\/#website\"},\"primaryImageOfPage\":{\"@id\":\"https:\\\/\\\/alja.ch\\\/it\\\/prodotto\\\/viscosa-eleonora\\\/#primaryimage\"},\"image\":{\"@id\":\"https:\\\/\\\/alja.ch\\\/it\\\/prodotto\\\/viscosa-eleonora\\\/#primaryimage\"},\"thumbnailUrl\":\"https:\\\/\\\/alja.ch\\\/wp-content\\\/uploads\\\/2026\\\/02\\\/16663_Viscose-Eleonora_gedreht-scaled.jpg\",\"datePublished\":\"2026-02-27T08:38:20+00:00\",\"dateModified\":\"2026-02-27T08:43:34+00:00\",\"description\":\"Tessuto di moda sostenibile realizzato al 100% in Ecovero. Drappeggio setoso e moderno motivo retr\u00f2. Ideale per camicette e abiti. Cucite in modo ecologico!\",\"breadcrumb\":{\"@id\":\"https:\\\/\\\/alja.ch\\\/it\\\/prodotto\\\/viscosa-eleonora\\\/#breadcrumb\"},\"inLanguage\":\"it-IT\",\"potentialAction\":[{\"@type\":\"ReadAction\",\"target\":[\"https:\\\/\\\/alja.ch\\\/it\\\/prodotto\\\/viscosa-eleonora\\\/\"]}]},{\"@type\":\"ImageObject\",\"inLanguage\":\"it-IT\",\"@id\":\"https:\\\/\\\/alja.ch\\\/it\\\/prodotto\\\/viscosa-eleonora\\\/#primaryimage\",\"url\":\"https:\\\/\\\/alja.ch\\\/wp-content\\\/uploads\\\/2026\\\/02\\\/16663_Viscose-Eleonora_gedreht-scaled.jpg\",\"contentUrl\":\"https:\\\/\\\/alja.ch\\\/wp-content\\\/uploads\\\/2026\\\/02\\\/16663_Viscose-Eleonora_gedreht-scaled.jpg\",\"width\":2560,\"height\":2560},{\"@type\":\"BreadcrumbList\",\"@id\":\"https:\\\/\\\/alja.ch\\\/it\\\/prodotto\\\/viscosa-eleonora\\\/#breadcrumb\",\"itemListElement\":[{\"@type\":\"ListItem\",\"position\":1,\"name\":\"Sito iniziale\",\"item\":\"https:\\\/\\\/alja.ch\\\/it\\\/\"},{\"@type\":\"ListItem\",\"position\":2,\"name\":\"Negozio\",\"item\":\"https:\\\/\\\/alja.ch\\\/it\\\/negozio\\\/\"},{\"@type\":\"ListItem\",\"position\":3,\"name\":\"Viscosa Eleonora\"}]},{\"@type\":\"WebSite\",\"@id\":\"https:\\\/\\\/alja.ch\\\/it\\\/#website\",\"url\":\"https:\\\/\\\/alja.ch\\\/it\\\/\",\"name\":\"Alja.ch\",\"description\":\"Stoffe &amp; Mercerie online einkaufen!\",\"publisher\":{\"@id\":\"https:\\\/\\\/alja.ch\\\/it\\\/#organization\"},\"potentialAction\":[{\"@type\":\"SearchAction\",\"target\":{\"@type\":\"EntryPoint\",\"urlTemplate\":\"https:\\\/\\\/alja.ch\\\/it\\\/?s={search_term_string}\"},\"query-input\":{\"@type\":\"PropertyValueSpecification\",\"valueRequired\":true,\"valueName\":\"search_term_string\"}}],\"inLanguage\":\"it-IT\"},{\"@type\":\"Organization\",\"@id\":\"https:\\\/\\\/alja.ch\\\/it\\\/#organization\",\"name\":\"ALJA Nouveau AG\",\"url\":\"https:\\\/\\\/alja.ch\\\/it\\\/\",\"logo\":{\"@type\":\"ImageObject\",\"inLanguage\":\"it-IT\",\"@id\":\"https:\\\/\\\/alja.ch\\\/it\\\/#\\\/schema\\\/logo\\\/image\\\/\",\"url\":\"https:\\\/\\\/alja.ch\\\/wp-content\\\/uploads\\\/kg-logo-alja.png\",\"contentUrl\":\"https:\\\/\\\/alja.ch\\\/wp-content\\\/uploads\\\/kg-logo-alja.png\",\"width\":1000,\"height\":1000,\"caption\":\"ALJA Nouveau AG\"},\"image\":{\"@id\":\"https:\\\/\\\/alja.ch\\\/it\\\/#\\\/schema\\\/logo\\\/image\\\/\"},\"sameAs\":[\"https:\\\/\\\/www.facebook.com\\\/aljastoffe\\\/\",\"https:\\\/\\\/www.instagram.com\\\/alja_stoffe_mercerie\\\/\",\"https:\\\/\\\/www.youtube.com\\\/channel\\\/UCf6430U9yN-o6rk-Nw4TDqA\"]}]}<\/script>\n<!-- \/ Yoast SEO plugin. -->","yoast_head_json":{"title":"Viscosa Eleonora &#8212; Scopri i tessuti di viscosa sostenibili su Alja.ch!","description":"Tessuto di moda sostenibile realizzato al 100% in Ecovero. Drappeggio setoso e moderno motivo retr\u00f2. Ideale per camicette e abiti. Cucite in modo ecologico!","robots":{"index":"index","follow":"follow","max-snippet":"max-snippet:-1","max-image-preview":"max-image-preview:large","max-video-preview":"max-video-preview:-1"},"canonical":"https:\/\/alja.ch\/it\/prodotto\/viscosa-eleonora\/","og_locale":"it_IT","og_type":"article","og_title":"Viscosa Eleonora &#8212; Scopri i tessuti di viscosa sostenibili su Alja.ch!","og_description":"Tessuto di moda sostenibile realizzato al 100% in Ecovero. Drappeggio setoso e moderno motivo retr\u00f2. Ideale per camicette e abiti. Cucite in modo ecologico!","og_url":"https:\/\/alja.ch\/it\/prodotto\/viscosa-eleonora\/","og_site_name":"Alja.ch","article_publisher":"https:\/\/www.facebook.com\/aljastoffe\/","article_modified_time":"2026-02-27T08:43:34+00:00","og_image":[{"width":2560,"height":2560,"url":"https:\/\/alja.ch\/wp-content\/uploads\/2026\/02\/16663_Viscose-Eleonora_gedreht-scaled.jpg","type":"image\/jpeg"}],"twitter_card":"summary_large_image","twitter_misc":{"Tempo di lettura stimato":"2 minuto"},"schema":{"@context":"https:\/\/schema.org","@graph":[{"@type":"WebPage","@id":"https:\/\/alja.ch\/it\/prodotto\/viscosa-eleonora\/","url":"https:\/\/alja.ch\/it\/prodotto\/viscosa-eleonora\/","name":"Viscosa Eleonora &#8212; Scopri i tessuti di viscosa sostenibili su Alja.ch!","isPartOf":{"@id":"https:\/\/alja.ch\/it\/#website"},"primaryImageOfPage":{"@id":"https:\/\/alja.ch\/it\/prodotto\/viscosa-eleonora\/#primaryimage"},"image":{"@id":"https:\/\/alja.ch\/it\/prodotto\/viscosa-eleonora\/#primaryimage"},"thumbnailUrl":"https:\/\/alja.ch\/wp-content\/uploads\/2026\/02\/16663_Viscose-Eleonora_gedreht-scaled.jpg","datePublished":"2026-02-27T08:38:20+00:00","dateModified":"2026-02-27T08:43:34+00:00","description":"Tessuto di moda sostenibile realizzato al 100% in Ecovero. Drappeggio setoso e moderno motivo retr\u00f2. Ideale per camicette e abiti. Cucite in modo ecologico!","breadcrumb":{"@id":"https:\/\/alja.ch\/it\/prodotto\/viscosa-eleonora\/#breadcrumb"},"inLanguage":"it-IT","potentialAction":[{"@type":"ReadAction","target":["https:\/\/alja.ch\/it\/prodotto\/viscosa-eleonora\/"]}]},{"@type":"ImageObject","inLanguage":"it-IT","@id":"https:\/\/alja.ch\/it\/prodotto\/viscosa-eleonora\/#primaryimage","url":"https:\/\/alja.ch\/wp-content\/uploads\/2026\/02\/16663_Viscose-Eleonora_gedreht-scaled.jpg","contentUrl":"https:\/\/alja.ch\/wp-content\/uploads\/2026\/02\/16663_Viscose-Eleonora_gedreht-scaled.jpg","width":2560,"height":2560},{"@type":"BreadcrumbList","@id":"https:\/\/alja.ch\/it\/prodotto\/viscosa-eleonora\/#breadcrumb","itemListElement":[{"@type":"ListItem","position":1,"name":"Sito iniziale","item":"https:\/\/alja.ch\/it\/"},{"@type":"ListItem","position":2,"name":"Negozio","item":"https:\/\/alja.ch\/it\/negozio\/"},{"@type":"ListItem","position":3,"name":"Viscosa Eleonora"}]},{"@type":"WebSite","@id":"https:\/\/alja.ch\/it\/#website","url":"https:\/\/alja.ch\/it\/","name":"Alja.ch","description":"Stoffe &amp; Mercerie online einkaufen!","publisher":{"@id":"https:\/\/alja.ch\/it\/#organization"},"potentialAction":[{"@type":"SearchAction","target":{"@type":"EntryPoint","urlTemplate":"https:\/\/alja.ch\/it\/?s={search_term_string}"},"query-input":{"@type":"PropertyValueSpecification","valueRequired":true,"valueName":"search_term_string"}}],"inLanguage":"it-IT"},{"@type":"Organization","@id":"https:\/\/alja.ch\/it\/#organization","name":"ALJA Nouveau AG","url":"https:\/\/alja.ch\/it\/","logo":{"@type":"ImageObject","inLanguage":"it-IT","@id":"https:\/\/alja.ch\/it\/#\/schema\/logo\/image\/","url":"https:\/\/alja.ch\/wp-content\/uploads\/kg-logo-alja.png","contentUrl":"https:\/\/alja.ch\/wp-content\/uploads\/kg-logo-alja.png","width":1000,"height":1000,"caption":"ALJA Nouveau AG"},"image":{"@id":"https:\/\/alja.ch\/it\/#\/schema\/logo\/image\/"},"sameAs":["https:\/\/www.facebook.com\/aljastoffe\/","https:\/\/www.instagram.com\/alja_stoffe_mercerie\/","https:\/\/www.youtube.com\/channel\/UCf6430U9yN-o6rk-Nw4TDqA"]}]}},"_links":{"self":[{"href":"https:\/\/alja.ch\/it\/wp-json\/wp\/v2\/product\/49796","targetHints":{"allow":["GET"]}}],"collection":[{"href":"https:\/\/alja.ch\/it\/wp-json\/wp\/v2\/product"}],"about":[{"href":"https:\/\/alja.ch\/it\/wp-json\/wp\/v2\/types\/product"}],"replies":[{"embeddable":true,"href":"https:\/\/alja.ch\/it\/wp-json\/wp\/v2\/comments?post=49796"}],"wp:featuredmedia":[{"embeddable":true,"href":"https:\/\/alja.ch\/it\/wp-json\/wp\/v2\/media\/49797"}],"wp:attachment":[{"href":"https:\/\/alja.ch\/it\/wp-json\/wp\/v2\/media?parent=49796"}],"wp:term":[{"taxonomy":"product_brand","embeddable":true,"href":"https:\/\/alja.ch\/it\/wp-json\/wp\/v2\/product_brand?post=49796"},{"taxonomy":"product_cat","embeddable":true,"href":"https:\/\/alja.ch\/it\/wp-json\/wp\/v2\/product_cat?post=49796"},{"taxonomy":"product_tag","embeddable":true,"href":"https:\/\/alja.ch\/it\/wp-json\/wp\/v2\/product_tag?post=49796"}],"curies":[{"name":"wp","href":"https:\/\/api.w.org\/{rel}","templated":true}]}}