{"id":47686,"date":"2026-02-02T14:13:04","date_gmt":"2026-02-02T13:13:04","guid":{"rendered":"https:\/\/alja.ch\/produkt\/french-terry-veicoli-bianco-sporco\/"},"modified":"2026-02-09T13:39:43","modified_gmt":"2026-02-09T12:39:43","slug":"french-terry-veicoli","status":"publish","type":"product","link":"https:\/\/alja.ch\/it\/prodotto\/french-terry-veicoli\/","title":{"rendered":"French Terry Vehicles"},"content":{"rendered":"<p data-path-to-node=\"6\">Portate un po&#8217; di movimento nel guardaroba dei piccoli esploratori! Il nostro <b data-path-to-node=\"6\" data-index-in-node=\"64\">French Terry Vehicles<\/b> in <b data-path-to-node=\"6\" data-index-in-node=\"97\">bianco<\/b> chiaro \u00e8 il compagno perfetto per i bambini che amano le macchine, le scavatrici e simili. Questa felpa estiva di alta qualit\u00e0 \u00e8 la scelta ideale per progetti che devono essere al tempo stesso accoglienti e robusti.<\/p>\n<p data-path-to-node=\"7\"><b data-path-to-node=\"7\" data-index-in-node=\"0\">Caratteristiche di qualit\u00e0:<\/b><\/p>\n<ul data-path-to-node=\"8\">\n<li>\n<p data-path-to-node=\"8,0,0\"><b data-path-to-node=\"8,0,0\" data-index-in-node=\"0\">Materiale:<\/b> Il pregiato mix di 92% cotone e 8% elastan garantisce una sensazione naturale e un&#8217;elasticit\u00e0 extra.<\/p>\n<\/li>\n<li>\n<p data-path-to-node=\"8,1,0\"><b data-path-to-node=\"8,1,0\" data-index-in-node=\"0\">Sensazione:<\/b> la tipica struttura ad anello all&#8217;interno rende il tessuto piacevolmente morbido, mentre l&#8217;esterno liscio accentua perfettamente i motivi colorati dei veicoli.<\/p>\n<\/li>\n<li>\n<p data-path-to-node=\"8,2,0\"><b data-path-to-node=\"8,2,0\" data-index-in-node=\"0\">Peso:<\/b> con <b data-path-to-node=\"8,2,0\" data-index-in-node=\"13\">250 g\/m\u00b2<\/b>, il tessuto offre la giusta consistenza per un abbigliamento resistente: \u00e8 pi\u00f9 spesso del jersey, ma pi\u00f9 leggero e flessibile del sudore invernale spazzolato.<\/p>\n<\/li>\n<li>\n<p data-path-to-node=\"8,3,0\"><b data-path-to-node=\"8,3,0\" data-index-in-node=\"0\">Formato:<\/b> una comoda larghezza di <b data-path-to-node=\"8,3,0\" data-index-in-node=\"36\">150 cm<\/b> garantisce un taglio efficiente per tutti i modelli standard per bambini.<\/p>\n<\/li>\n<\/ul>\n<p data-path-to-node=\"9\">Grazie all&#8217;elevato contenuto di elastan, il tessuto mantiene perfettamente la sua forma, anche dopo le corse sfrenate e i frequenti lavaggi.<\/p>\n<p data-path-to-node=\"10\"><b data-path-to-node=\"10\" data-index-in-node=\"0\">Idee di applicazione:<\/b> Fresche felpe con cappuccio, comodi pantaloni da jogging, felpe casual, sciarpe ad anello o accoglienti tute integrali per neonati.<\/p>\n","protected":false},"excerpt":{"rendered":"<p><b data-path-to-node=\"13\" data-index-in-node=\"14\">Spugna francese<\/b> di alta qualit\u00e0 <b data-path-to-node=\"13\" data-index-in-node=\"14\">(92% CO, 8% EL)<\/b> di colore bianco sporco con <b data-path-to-node=\"13\" data-index-in-node=\"66\">stampa di veicoli<\/b> colorati. Questo sudore estivo bi-elastico (250 g\/m\u00b2) \u00e8 particolarmente morbido, dimensionalmente stabile e resistente. Con una larghezza di 150 cm, \u00e8 la base ideale per una moda per bambini comoda e in grado di affrontare qualsiasi avventura.<\/p>\n","protected":false},"featured_media":47692,"comment_status":"closed","ping_status":"closed","template":"","meta":{"_acf_changed":false},"product_brand":[],"product_cat":[254,1155,154,882,1959],"product_tag":[4348,394,420,4349,1432,396],"class_list":{"0":"post-47686","1":"product","2":"type-product","3":"status-publish","4":"has-post-thumbnail","6":"product_cat-bambini","7":"product_cat-french-terry-it","8":"product_cat-tessuti","9":"product_cat-tessuti-primaverili-ed-estivi","10":"product_cat-tessuti-primaverili-ed-estivi-per-bambini","11":"product_tag-auto","12":"product_tag-bambini-it-2","13":"product_tag-bianco-it","14":"product_tag-escavatore","15":"product_tag-french-terry-it","16":"product_tag-tessuto-per-bambini-it","17":"product_shipping_class-pacco-normale","19":"first","20":"instock","21":"shipping-taxable","22":"purchasable","23":"product-type-simple"},"acf":[],"yoast_head":"<!-- This site is optimized with the Yoast SEO plugin v27.4 - https:\/\/yoast.com\/product\/yoast-seo-wordpress\/ -->\n<title>French Terry Vehicles &#8212; Scopri i tessuti per bambini su Alja.ch!<\/title>\n<meta name=\"description\" content=\"Acquista i veicoli French Terry Offwhite su alja.ch. 92% cotone, 8% elastan, larghezza 150 cm, 250 g\/m\u00b2. Felpa estiva di alta qualit\u00e0 con auto e scavatrici.\" \/>\n<meta name=\"robots\" content=\"index, follow, max-snippet:-1, max-image-preview:large, max-video-preview:-1\" \/>\n<link rel=\"canonical\" href=\"https:\/\/alja.ch\/it\/prodotto\/french-terry-veicoli\/\" \/>\n<meta property=\"og:locale\" content=\"it_IT\" \/>\n<meta property=\"og:type\" content=\"article\" \/>\n<meta property=\"og:title\" content=\"French Terry Vehicles &#8212; Scopri i tessuti per bambini su Alja.ch!\" \/>\n<meta property=\"og:description\" content=\"Acquista i veicoli French Terry Offwhite su alja.ch. 92% cotone, 8% elastan, larghezza 150 cm, 250 g\/m\u00b2. Felpa estiva di alta qualit\u00e0 con auto e scavatrici.\" \/>\n<meta property=\"og:url\" content=\"https:\/\/alja.ch\/it\/prodotto\/french-terry-veicoli\/\" \/>\n<meta property=\"og:site_name\" content=\"Alja.ch\" \/>\n<meta property=\"article:publisher\" content=\"https:\/\/www.facebook.com\/aljastoffe\/\" \/>\n<meta property=\"article:modified_time\" content=\"2026-02-09T12:39:43+00:00\" \/>\n<meta property=\"og:image\" content=\"https:\/\/alja.ch\/wp-content\/uploads\/2026\/02\/27269.webp\" \/>\n\t<meta property=\"og:image:width\" content=\"620\" \/>\n\t<meta property=\"og:image:height\" content=\"620\" \/>\n\t<meta property=\"og:image:type\" content=\"image\/webp\" \/>\n<meta name=\"twitter:card\" content=\"summary_large_image\" \/>\n<meta name=\"twitter:label1\" content=\"Tempo di lettura stimato\" \/>\n\t<meta name=\"twitter:data1\" content=\"2 minuto\" \/>\n<script type=\"application\/ld+json\" class=\"yoast-schema-graph\">{\"@context\":\"https:\\\/\\\/schema.org\",\"@graph\":[{\"@type\":\"WebPage\",\"@id\":\"https:\\\/\\\/alja.ch\\\/it\\\/prodotto\\\/french-terry-veicoli\\\/\",\"url\":\"https:\\\/\\\/alja.ch\\\/it\\\/prodotto\\\/french-terry-veicoli\\\/\",\"name\":\"French Terry Vehicles &#8212; Scopri i tessuti per bambini su Alja.ch!\",\"isPartOf\":{\"@id\":\"https:\\\/\\\/alja.ch\\\/it\\\/#website\"},\"primaryImageOfPage\":{\"@id\":\"https:\\\/\\\/alja.ch\\\/it\\\/prodotto\\\/french-terry-veicoli\\\/#primaryimage\"},\"image\":{\"@id\":\"https:\\\/\\\/alja.ch\\\/it\\\/prodotto\\\/french-terry-veicoli\\\/#primaryimage\"},\"thumbnailUrl\":\"https:\\\/\\\/alja.ch\\\/wp-content\\\/uploads\\\/2026\\\/02\\\/27269.webp\",\"datePublished\":\"2026-02-02T13:13:04+00:00\",\"dateModified\":\"2026-02-09T12:39:43+00:00\",\"description\":\"Acquista i veicoli French Terry Offwhite su alja.ch. 92% cotone, 8% elastan, larghezza 150 cm, 250 g\\\/m\u00b2. Felpa estiva di alta qualit\u00e0 con auto e scavatrici.\",\"breadcrumb\":{\"@id\":\"https:\\\/\\\/alja.ch\\\/it\\\/prodotto\\\/french-terry-veicoli\\\/#breadcrumb\"},\"inLanguage\":\"it-IT\",\"potentialAction\":[{\"@type\":\"ReadAction\",\"target\":[\"https:\\\/\\\/alja.ch\\\/it\\\/prodotto\\\/french-terry-veicoli\\\/\"]}]},{\"@type\":\"ImageObject\",\"inLanguage\":\"it-IT\",\"@id\":\"https:\\\/\\\/alja.ch\\\/it\\\/prodotto\\\/french-terry-veicoli\\\/#primaryimage\",\"url\":\"https:\\\/\\\/alja.ch\\\/wp-content\\\/uploads\\\/2026\\\/02\\\/27269.webp\",\"contentUrl\":\"https:\\\/\\\/alja.ch\\\/wp-content\\\/uploads\\\/2026\\\/02\\\/27269.webp\",\"width\":620,\"height\":620},{\"@type\":\"BreadcrumbList\",\"@id\":\"https:\\\/\\\/alja.ch\\\/it\\\/prodotto\\\/french-terry-veicoli\\\/#breadcrumb\",\"itemListElement\":[{\"@type\":\"ListItem\",\"position\":1,\"name\":\"Sito iniziale\",\"item\":\"https:\\\/\\\/alja.ch\\\/it\\\/\"},{\"@type\":\"ListItem\",\"position\":2,\"name\":\"Negozio\",\"item\":\"https:\\\/\\\/alja.ch\\\/it\\\/negozio\\\/\"},{\"@type\":\"ListItem\",\"position\":3,\"name\":\"French Terry Vehicles\"}]},{\"@type\":\"WebSite\",\"@id\":\"https:\\\/\\\/alja.ch\\\/it\\\/#website\",\"url\":\"https:\\\/\\\/alja.ch\\\/it\\\/\",\"name\":\"Alja.ch\",\"description\":\"Stoffe &amp; Mercerie online einkaufen!\",\"publisher\":{\"@id\":\"https:\\\/\\\/alja.ch\\\/it\\\/#organization\"},\"potentialAction\":[{\"@type\":\"SearchAction\",\"target\":{\"@type\":\"EntryPoint\",\"urlTemplate\":\"https:\\\/\\\/alja.ch\\\/it\\\/?s={search_term_string}\"},\"query-input\":{\"@type\":\"PropertyValueSpecification\",\"valueRequired\":true,\"valueName\":\"search_term_string\"}}],\"inLanguage\":\"it-IT\"},{\"@type\":\"Organization\",\"@id\":\"https:\\\/\\\/alja.ch\\\/it\\\/#organization\",\"name\":\"ALJA Nouveau AG\",\"url\":\"https:\\\/\\\/alja.ch\\\/it\\\/\",\"logo\":{\"@type\":\"ImageObject\",\"inLanguage\":\"it-IT\",\"@id\":\"https:\\\/\\\/alja.ch\\\/it\\\/#\\\/schema\\\/logo\\\/image\\\/\",\"url\":\"https:\\\/\\\/alja.ch\\\/wp-content\\\/uploads\\\/kg-logo-alja.png\",\"contentUrl\":\"https:\\\/\\\/alja.ch\\\/wp-content\\\/uploads\\\/kg-logo-alja.png\",\"width\":1000,\"height\":1000,\"caption\":\"ALJA Nouveau AG\"},\"image\":{\"@id\":\"https:\\\/\\\/alja.ch\\\/it\\\/#\\\/schema\\\/logo\\\/image\\\/\"},\"sameAs\":[\"https:\\\/\\\/www.facebook.com\\\/aljastoffe\\\/\",\"https:\\\/\\\/www.instagram.com\\\/alja_stoffe_mercerie\\\/\",\"https:\\\/\\\/www.youtube.com\\\/channel\\\/UCf6430U9yN-o6rk-Nw4TDqA\"]}]}<\/script>\n<!-- \/ Yoast SEO plugin. -->","yoast_head_json":{"title":"French Terry Vehicles &#8212; Scopri i tessuti per bambini su Alja.ch!","description":"Acquista i veicoli French Terry Offwhite su alja.ch. 92% cotone, 8% elastan, larghezza 150 cm, 250 g\/m\u00b2. Felpa estiva di alta qualit\u00e0 con auto e scavatrici.","robots":{"index":"index","follow":"follow","max-snippet":"max-snippet:-1","max-image-preview":"max-image-preview:large","max-video-preview":"max-video-preview:-1"},"canonical":"https:\/\/alja.ch\/it\/prodotto\/french-terry-veicoli\/","og_locale":"it_IT","og_type":"article","og_title":"French Terry Vehicles &#8212; Scopri i tessuti per bambini su Alja.ch!","og_description":"Acquista i veicoli French Terry Offwhite su alja.ch. 92% cotone, 8% elastan, larghezza 150 cm, 250 g\/m\u00b2. Felpa estiva di alta qualit\u00e0 con auto e scavatrici.","og_url":"https:\/\/alja.ch\/it\/prodotto\/french-terry-veicoli\/","og_site_name":"Alja.ch","article_publisher":"https:\/\/www.facebook.com\/aljastoffe\/","article_modified_time":"2026-02-09T12:39:43+00:00","og_image":[{"width":620,"height":620,"url":"https:\/\/alja.ch\/wp-content\/uploads\/2026\/02\/27269.webp","type":"image\/webp"}],"twitter_card":"summary_large_image","twitter_misc":{"Tempo di lettura stimato":"2 minuto"},"schema":{"@context":"https:\/\/schema.org","@graph":[{"@type":"WebPage","@id":"https:\/\/alja.ch\/it\/prodotto\/french-terry-veicoli\/","url":"https:\/\/alja.ch\/it\/prodotto\/french-terry-veicoli\/","name":"French Terry Vehicles &#8212; Scopri i tessuti per bambini su Alja.ch!","isPartOf":{"@id":"https:\/\/alja.ch\/it\/#website"},"primaryImageOfPage":{"@id":"https:\/\/alja.ch\/it\/prodotto\/french-terry-veicoli\/#primaryimage"},"image":{"@id":"https:\/\/alja.ch\/it\/prodotto\/french-terry-veicoli\/#primaryimage"},"thumbnailUrl":"https:\/\/alja.ch\/wp-content\/uploads\/2026\/02\/27269.webp","datePublished":"2026-02-02T13:13:04+00:00","dateModified":"2026-02-09T12:39:43+00:00","description":"Acquista i veicoli French Terry Offwhite su alja.ch. 92% cotone, 8% elastan, larghezza 150 cm, 250 g\/m\u00b2. Felpa estiva di alta qualit\u00e0 con auto e scavatrici.","breadcrumb":{"@id":"https:\/\/alja.ch\/it\/prodotto\/french-terry-veicoli\/#breadcrumb"},"inLanguage":"it-IT","potentialAction":[{"@type":"ReadAction","target":["https:\/\/alja.ch\/it\/prodotto\/french-terry-veicoli\/"]}]},{"@type":"ImageObject","inLanguage":"it-IT","@id":"https:\/\/alja.ch\/it\/prodotto\/french-terry-veicoli\/#primaryimage","url":"https:\/\/alja.ch\/wp-content\/uploads\/2026\/02\/27269.webp","contentUrl":"https:\/\/alja.ch\/wp-content\/uploads\/2026\/02\/27269.webp","width":620,"height":620},{"@type":"BreadcrumbList","@id":"https:\/\/alja.ch\/it\/prodotto\/french-terry-veicoli\/#breadcrumb","itemListElement":[{"@type":"ListItem","position":1,"name":"Sito iniziale","item":"https:\/\/alja.ch\/it\/"},{"@type":"ListItem","position":2,"name":"Negozio","item":"https:\/\/alja.ch\/it\/negozio\/"},{"@type":"ListItem","position":3,"name":"French Terry Vehicles"}]},{"@type":"WebSite","@id":"https:\/\/alja.ch\/it\/#website","url":"https:\/\/alja.ch\/it\/","name":"Alja.ch","description":"Stoffe &amp; Mercerie online einkaufen!","publisher":{"@id":"https:\/\/alja.ch\/it\/#organization"},"potentialAction":[{"@type":"SearchAction","target":{"@type":"EntryPoint","urlTemplate":"https:\/\/alja.ch\/it\/?s={search_term_string}"},"query-input":{"@type":"PropertyValueSpecification","valueRequired":true,"valueName":"search_term_string"}}],"inLanguage":"it-IT"},{"@type":"Organization","@id":"https:\/\/alja.ch\/it\/#organization","name":"ALJA Nouveau AG","url":"https:\/\/alja.ch\/it\/","logo":{"@type":"ImageObject","inLanguage":"it-IT","@id":"https:\/\/alja.ch\/it\/#\/schema\/logo\/image\/","url":"https:\/\/alja.ch\/wp-content\/uploads\/kg-logo-alja.png","contentUrl":"https:\/\/alja.ch\/wp-content\/uploads\/kg-logo-alja.png","width":1000,"height":1000,"caption":"ALJA Nouveau AG"},"image":{"@id":"https:\/\/alja.ch\/it\/#\/schema\/logo\/image\/"},"sameAs":["https:\/\/www.facebook.com\/aljastoffe\/","https:\/\/www.instagram.com\/alja_stoffe_mercerie\/","https:\/\/www.youtube.com\/channel\/UCf6430U9yN-o6rk-Nw4TDqA"]}]}},"_links":{"self":[{"href":"https:\/\/alja.ch\/it\/wp-json\/wp\/v2\/product\/47686","targetHints":{"allow":["GET"]}}],"collection":[{"href":"https:\/\/alja.ch\/it\/wp-json\/wp\/v2\/product"}],"about":[{"href":"https:\/\/alja.ch\/it\/wp-json\/wp\/v2\/types\/product"}],"replies":[{"embeddable":true,"href":"https:\/\/alja.ch\/it\/wp-json\/wp\/v2\/comments?post=47686"}],"wp:featuredmedia":[{"embeddable":true,"href":"https:\/\/alja.ch\/it\/wp-json\/wp\/v2\/media\/47692"}],"wp:attachment":[{"href":"https:\/\/alja.ch\/it\/wp-json\/wp\/v2\/media?parent=47686"}],"wp:term":[{"taxonomy":"product_brand","embeddable":true,"href":"https:\/\/alja.ch\/it\/wp-json\/wp\/v2\/product_brand?post=47686"},{"taxonomy":"product_cat","embeddable":true,"href":"https:\/\/alja.ch\/it\/wp-json\/wp\/v2\/product_cat?post=47686"},{"taxonomy":"product_tag","embeddable":true,"href":"https:\/\/alja.ch\/it\/wp-json\/wp\/v2\/product_tag?post=47686"}],"curies":[{"name":"wp","href":"https:\/\/api.w.org\/{rel}","templated":true}]}}