{"id":47384,"date":"2026-01-28T15:47:27","date_gmt":"2026-01-28T14:47:27","guid":{"rendered":"https:\/\/alja.ch\/produkt\/finja-maglione-e-abito\/"},"modified":"2026-01-28T16:03:20","modified_gmt":"2026-01-28T15:03:20","slug":"finja-maglione-e-abito","status":"publish","type":"product","link":"https:\/\/alja.ch\/it\/prodotto\/finja-maglione-e-abito\/","title":{"rendered":"Finja - Maglione e abito"},"content":{"rendered":"<p>Finja \u00e8 un maglione mega oversize super cool con carr\u00e9. \u00c8 tagliato corto e ha maniche a bastoncino molto voluminose che sono plissettate sull&#8217;orlo. Il taglio presenta anche una lunghezza da abito, maniche strette e affusolate e un collo alto e stretto. Come sempre, un modello molto versatile. Il cartamodello \u00e8 stato progettato per tessuti di felpa. La forma si rivela davvero perfetta quando il tessuto \u00e8 un po&#8217; pi\u00f9 resistente.     <\/p>\n<p>&nbsp;<\/p>\n<p>Il cartamodello comprende le taglie dalla 32 alla 58 e questo set contiene tutti i pezzi del cartamodello a colori e istruzioni di cucito dettagliate e illustrate.<\/p>\n<p>Questo set contiene tutti i pezzi del cartamodello a colori su un foglio DIN A0 e istruzioni di cucito dettagliate e illustrate su un opuscolo DIN A4. I nostri cartamodelli sono stampati su un foglio DIN A0. A seconda del numero e delle dimensioni, i pezzi del cartamodello possono sovrapporsi e devono essere copiati.  <\/p>\n","protected":false},"excerpt":{"rendered":"<p>Finja \u00e8 un maglione mega oversize super cool con carr\u00e9.<\/p>\n","protected":false},"featured_media":47385,"comment_status":"closed","ping_status":"closed","template":"","meta":{"_acf_changed":false},"product_brand":[],"product_cat":[712,818,797,811],"product_tag":[2834,4269,1735,2829,2837,2909],"class_list":{"0":"post-47384","1":"product","2":"type-product","3":"status-publish","4":"has-post-thumbnail","6":"product_cat-modello-it","7":"product_cat-ponticello-it","8":"product_cat-signore-it","9":"product_cat-vestiti-it","10":"product_tag-cartamodello-medio-per-esperti","11":"product_tag-ki-ba-doo","12":"product_tag-modello","13":"product_tag-taglia-34-44","14":"product_tag-taglia-36-48-it","15":"product_tag-taglia-46-56","16":"product_shipping_class-buono-sconto-e-cartamodello","18":"first","19":"instock","20":"shipping-taxable","21":"purchasable","22":"product-type-simple"},"acf":[],"yoast_head":"<!-- This site is optimized with the Yoast SEO plugin v27.4 - https:\/\/yoast.com\/product\/yoast-seo-wordpress\/ -->\n<title>Finja - Maglione e abito &#8212; Scopri i modelli ora su Alja.ch !<\/title>\n<meta name=\"description\" content=\"Acquista il modello Ki-ba-doo! Per maglioni e abiti con carr\u00e9 a spalla scesa e maniche a bastoncino o normali. Variazioni nel colletto e nella lunghezza.\" \/>\n<meta name=\"robots\" content=\"index, follow, max-snippet:-1, max-image-preview:large, max-video-preview:-1\" \/>\n<link rel=\"canonical\" href=\"https:\/\/alja.ch\/it\/prodotto\/finja-maglione-e-abito\/\" \/>\n<meta property=\"og:locale\" content=\"it_IT\" \/>\n<meta property=\"og:type\" content=\"article\" \/>\n<meta property=\"og:title\" content=\"Finja - Maglione e abito &#8212; Scopri i modelli ora su Alja.ch !\" \/>\n<meta property=\"og:description\" content=\"Acquista il modello Ki-ba-doo! Per maglioni e abiti con carr\u00e9 a spalla scesa e maniche a bastoncino o normali. Variazioni nel colletto e nella lunghezza.\" \/>\n<meta property=\"og:url\" content=\"https:\/\/alja.ch\/it\/prodotto\/finja-maglione-e-abito\/\" \/>\n<meta property=\"og:site_name\" content=\"Alja.ch\" \/>\n<meta property=\"article:publisher\" content=\"https:\/\/www.facebook.com\/aljastoffe\/\" \/>\n<meta property=\"article:modified_time\" content=\"2026-01-28T15:03:20+00:00\" \/>\n<meta property=\"og:image\" content=\"https:\/\/alja.ch\/wp-content\/uploads\/2026\/01\/Finja-Sweater-Kleid.jpg\" \/>\n\t<meta property=\"og:image:width\" content=\"595\" \/>\n\t<meta property=\"og:image:height\" content=\"842\" \/>\n\t<meta property=\"og:image:type\" content=\"image\/jpeg\" \/>\n<meta name=\"twitter:card\" content=\"summary_large_image\" \/>\n<meta name=\"twitter:label1\" content=\"Tempo di lettura stimato\" \/>\n\t<meta name=\"twitter:data1\" content=\"1 minuto\" \/>\n<script type=\"application\/ld+json\" class=\"yoast-schema-graph\">{\"@context\":\"https:\\\/\\\/schema.org\",\"@graph\":[{\"@type\":\"WebPage\",\"@id\":\"https:\\\/\\\/alja.ch\\\/it\\\/prodotto\\\/finja-maglione-e-abito\\\/\",\"url\":\"https:\\\/\\\/alja.ch\\\/it\\\/prodotto\\\/finja-maglione-e-abito\\\/\",\"name\":\"Finja - Maglione e abito &#8212; Scopri i modelli ora su Alja.ch !\",\"isPartOf\":{\"@id\":\"https:\\\/\\\/alja.ch\\\/it\\\/#website\"},\"primaryImageOfPage\":{\"@id\":\"https:\\\/\\\/alja.ch\\\/it\\\/prodotto\\\/finja-maglione-e-abito\\\/#primaryimage\"},\"image\":{\"@id\":\"https:\\\/\\\/alja.ch\\\/it\\\/prodotto\\\/finja-maglione-e-abito\\\/#primaryimage\"},\"thumbnailUrl\":\"https:\\\/\\\/alja.ch\\\/wp-content\\\/uploads\\\/2026\\\/01\\\/Finja-Sweater-Kleid.jpg\",\"datePublished\":\"2026-01-28T14:47:27+00:00\",\"dateModified\":\"2026-01-28T15:03:20+00:00\",\"description\":\"Acquista il modello Ki-ba-doo! Per maglioni e abiti con carr\u00e9 a spalla scesa e maniche a bastoncino o normali. Variazioni nel colletto e nella lunghezza.\",\"breadcrumb\":{\"@id\":\"https:\\\/\\\/alja.ch\\\/it\\\/prodotto\\\/finja-maglione-e-abito\\\/#breadcrumb\"},\"inLanguage\":\"it-IT\",\"potentialAction\":[{\"@type\":\"ReadAction\",\"target\":[\"https:\\\/\\\/alja.ch\\\/it\\\/prodotto\\\/finja-maglione-e-abito\\\/\"]}]},{\"@type\":\"ImageObject\",\"inLanguage\":\"it-IT\",\"@id\":\"https:\\\/\\\/alja.ch\\\/it\\\/prodotto\\\/finja-maglione-e-abito\\\/#primaryimage\",\"url\":\"https:\\\/\\\/alja.ch\\\/wp-content\\\/uploads\\\/2026\\\/01\\\/Finja-Sweater-Kleid.jpg\",\"contentUrl\":\"https:\\\/\\\/alja.ch\\\/wp-content\\\/uploads\\\/2026\\\/01\\\/Finja-Sweater-Kleid.jpg\",\"width\":595,\"height\":842},{\"@type\":\"BreadcrumbList\",\"@id\":\"https:\\\/\\\/alja.ch\\\/it\\\/prodotto\\\/finja-maglione-e-abito\\\/#breadcrumb\",\"itemListElement\":[{\"@type\":\"ListItem\",\"position\":1,\"name\":\"Sito iniziale\",\"item\":\"https:\\\/\\\/alja.ch\\\/it\\\/\"},{\"@type\":\"ListItem\",\"position\":2,\"name\":\"Negozio\",\"item\":\"https:\\\/\\\/alja.ch\\\/it\\\/negozio\\\/\"},{\"@type\":\"ListItem\",\"position\":3,\"name\":\"Finja - Maglione e abito\"}]},{\"@type\":\"WebSite\",\"@id\":\"https:\\\/\\\/alja.ch\\\/it\\\/#website\",\"url\":\"https:\\\/\\\/alja.ch\\\/it\\\/\",\"name\":\"Alja.ch\",\"description\":\"Stoffe &amp; Mercerie online einkaufen!\",\"publisher\":{\"@id\":\"https:\\\/\\\/alja.ch\\\/it\\\/#organization\"},\"potentialAction\":[{\"@type\":\"SearchAction\",\"target\":{\"@type\":\"EntryPoint\",\"urlTemplate\":\"https:\\\/\\\/alja.ch\\\/it\\\/?s={search_term_string}\"},\"query-input\":{\"@type\":\"PropertyValueSpecification\",\"valueRequired\":true,\"valueName\":\"search_term_string\"}}],\"inLanguage\":\"it-IT\"},{\"@type\":\"Organization\",\"@id\":\"https:\\\/\\\/alja.ch\\\/it\\\/#organization\",\"name\":\"ALJA Nouveau AG\",\"url\":\"https:\\\/\\\/alja.ch\\\/it\\\/\",\"logo\":{\"@type\":\"ImageObject\",\"inLanguage\":\"it-IT\",\"@id\":\"https:\\\/\\\/alja.ch\\\/it\\\/#\\\/schema\\\/logo\\\/image\\\/\",\"url\":\"https:\\\/\\\/alja.ch\\\/wp-content\\\/uploads\\\/kg-logo-alja.png\",\"contentUrl\":\"https:\\\/\\\/alja.ch\\\/wp-content\\\/uploads\\\/kg-logo-alja.png\",\"width\":1000,\"height\":1000,\"caption\":\"ALJA Nouveau AG\"},\"image\":{\"@id\":\"https:\\\/\\\/alja.ch\\\/it\\\/#\\\/schema\\\/logo\\\/image\\\/\"},\"sameAs\":[\"https:\\\/\\\/www.facebook.com\\\/aljastoffe\\\/\",\"https:\\\/\\\/www.instagram.com\\\/alja_stoffe_mercerie\\\/\",\"https:\\\/\\\/www.youtube.com\\\/channel\\\/UCf6430U9yN-o6rk-Nw4TDqA\"]}]}<\/script>\n<!-- \/ Yoast SEO plugin. -->","yoast_head_json":{"title":"Finja - Maglione e abito &#8212; Scopri i modelli ora su Alja.ch !","description":"Acquista il modello Ki-ba-doo! Per maglioni e abiti con carr\u00e9 a spalla scesa e maniche a bastoncino o normali. Variazioni nel colletto e nella lunghezza.","robots":{"index":"index","follow":"follow","max-snippet":"max-snippet:-1","max-image-preview":"max-image-preview:large","max-video-preview":"max-video-preview:-1"},"canonical":"https:\/\/alja.ch\/it\/prodotto\/finja-maglione-e-abito\/","og_locale":"it_IT","og_type":"article","og_title":"Finja - Maglione e abito &#8212; Scopri i modelli ora su Alja.ch !","og_description":"Acquista il modello Ki-ba-doo! Per maglioni e abiti con carr\u00e9 a spalla scesa e maniche a bastoncino o normali. Variazioni nel colletto e nella lunghezza.","og_url":"https:\/\/alja.ch\/it\/prodotto\/finja-maglione-e-abito\/","og_site_name":"Alja.ch","article_publisher":"https:\/\/www.facebook.com\/aljastoffe\/","article_modified_time":"2026-01-28T15:03:20+00:00","og_image":[{"width":595,"height":842,"url":"https:\/\/alja.ch\/wp-content\/uploads\/2026\/01\/Finja-Sweater-Kleid.jpg","type":"image\/jpeg"}],"twitter_card":"summary_large_image","twitter_misc":{"Tempo di lettura stimato":"1 minuto"},"schema":{"@context":"https:\/\/schema.org","@graph":[{"@type":"WebPage","@id":"https:\/\/alja.ch\/it\/prodotto\/finja-maglione-e-abito\/","url":"https:\/\/alja.ch\/it\/prodotto\/finja-maglione-e-abito\/","name":"Finja - Maglione e abito &#8212; Scopri i modelli ora su Alja.ch !","isPartOf":{"@id":"https:\/\/alja.ch\/it\/#website"},"primaryImageOfPage":{"@id":"https:\/\/alja.ch\/it\/prodotto\/finja-maglione-e-abito\/#primaryimage"},"image":{"@id":"https:\/\/alja.ch\/it\/prodotto\/finja-maglione-e-abito\/#primaryimage"},"thumbnailUrl":"https:\/\/alja.ch\/wp-content\/uploads\/2026\/01\/Finja-Sweater-Kleid.jpg","datePublished":"2026-01-28T14:47:27+00:00","dateModified":"2026-01-28T15:03:20+00:00","description":"Acquista il modello Ki-ba-doo! Per maglioni e abiti con carr\u00e9 a spalla scesa e maniche a bastoncino o normali. Variazioni nel colletto e nella lunghezza.","breadcrumb":{"@id":"https:\/\/alja.ch\/it\/prodotto\/finja-maglione-e-abito\/#breadcrumb"},"inLanguage":"it-IT","potentialAction":[{"@type":"ReadAction","target":["https:\/\/alja.ch\/it\/prodotto\/finja-maglione-e-abito\/"]}]},{"@type":"ImageObject","inLanguage":"it-IT","@id":"https:\/\/alja.ch\/it\/prodotto\/finja-maglione-e-abito\/#primaryimage","url":"https:\/\/alja.ch\/wp-content\/uploads\/2026\/01\/Finja-Sweater-Kleid.jpg","contentUrl":"https:\/\/alja.ch\/wp-content\/uploads\/2026\/01\/Finja-Sweater-Kleid.jpg","width":595,"height":842},{"@type":"BreadcrumbList","@id":"https:\/\/alja.ch\/it\/prodotto\/finja-maglione-e-abito\/#breadcrumb","itemListElement":[{"@type":"ListItem","position":1,"name":"Sito iniziale","item":"https:\/\/alja.ch\/it\/"},{"@type":"ListItem","position":2,"name":"Negozio","item":"https:\/\/alja.ch\/it\/negozio\/"},{"@type":"ListItem","position":3,"name":"Finja - Maglione e abito"}]},{"@type":"WebSite","@id":"https:\/\/alja.ch\/it\/#website","url":"https:\/\/alja.ch\/it\/","name":"Alja.ch","description":"Stoffe &amp; Mercerie online einkaufen!","publisher":{"@id":"https:\/\/alja.ch\/it\/#organization"},"potentialAction":[{"@type":"SearchAction","target":{"@type":"EntryPoint","urlTemplate":"https:\/\/alja.ch\/it\/?s={search_term_string}"},"query-input":{"@type":"PropertyValueSpecification","valueRequired":true,"valueName":"search_term_string"}}],"inLanguage":"it-IT"},{"@type":"Organization","@id":"https:\/\/alja.ch\/it\/#organization","name":"ALJA Nouveau AG","url":"https:\/\/alja.ch\/it\/","logo":{"@type":"ImageObject","inLanguage":"it-IT","@id":"https:\/\/alja.ch\/it\/#\/schema\/logo\/image\/","url":"https:\/\/alja.ch\/wp-content\/uploads\/kg-logo-alja.png","contentUrl":"https:\/\/alja.ch\/wp-content\/uploads\/kg-logo-alja.png","width":1000,"height":1000,"caption":"ALJA Nouveau AG"},"image":{"@id":"https:\/\/alja.ch\/it\/#\/schema\/logo\/image\/"},"sameAs":["https:\/\/www.facebook.com\/aljastoffe\/","https:\/\/www.instagram.com\/alja_stoffe_mercerie\/","https:\/\/www.youtube.com\/channel\/UCf6430U9yN-o6rk-Nw4TDqA"]}]}},"_links":{"self":[{"href":"https:\/\/alja.ch\/it\/wp-json\/wp\/v2\/product\/47384","targetHints":{"allow":["GET"]}}],"collection":[{"href":"https:\/\/alja.ch\/it\/wp-json\/wp\/v2\/product"}],"about":[{"href":"https:\/\/alja.ch\/it\/wp-json\/wp\/v2\/types\/product"}],"replies":[{"embeddable":true,"href":"https:\/\/alja.ch\/it\/wp-json\/wp\/v2\/comments?post=47384"}],"wp:featuredmedia":[{"embeddable":true,"href":"https:\/\/alja.ch\/it\/wp-json\/wp\/v2\/media\/47385"}],"wp:attachment":[{"href":"https:\/\/alja.ch\/it\/wp-json\/wp\/v2\/media?parent=47384"}],"wp:term":[{"taxonomy":"product_brand","embeddable":true,"href":"https:\/\/alja.ch\/it\/wp-json\/wp\/v2\/product_brand?post=47384"},{"taxonomy":"product_cat","embeddable":true,"href":"https:\/\/alja.ch\/it\/wp-json\/wp\/v2\/product_cat?post=47384"},{"taxonomy":"product_tag","embeddable":true,"href":"https:\/\/alja.ch\/it\/wp-json\/wp\/v2\/product_tag?post=47384"}],"curies":[{"name":"wp","href":"https:\/\/api.w.org\/{rel}","templated":true}]}}