{"id":39095,"date":"2025-09-04T14:17:39","date_gmt":"2025-09-04T12:17:39","guid":{"rendered":"https:\/\/alja.ch\/produkt\/qjutie-elastic-tape\/"},"modified":"2026-04-01T15:35:20","modified_gmt":"2026-04-01T13:35:20","slug":"qjutie-elastic-tape","status":"publish","type":"product","link":"https:\/\/alja.ch\/it\/prodotto\/qjutie-elastic-tape\/","title":{"rendered":"Qjutie Elastic Tape"},"content":{"rendered":"<p>Questo nastro elastico Qjutie di alta qualit\u00e0 \u00e8 un accessorio essenziale per qualsiasi progetto di cucito che richieda flessibilit\u00e0 e sostegno. Con una <strong>larghezza di 25 o 30 mm<\/strong>, \u00e8 ideale per la cintura dei pantaloni, le gonne, l&#8217;abbigliamento sportivo, le borse e una variet\u00e0 di altre applicazioni che richiedono una tenuta sicura ed elastica. <\/p>\n<p>L&#8217;elastico \u00e8 realizzato con una miscela resistente composta dal <b>55% di poliammide, dal 25% di lattice e dal 20% di poliestere<\/b>. Questa composizione garantisce un&#8217;elevata elasticit\u00e0 e una lunga durata. \u00c8 resistente e mantiene la sua forma e la sua elasticit\u00e0 anche dopo un uso frequente e numerosi lavaggi.  <\/p>\n<p>Varianti:<\/p>\n<ul>\n<li>Bianco sporco con una larghezza di 25 mm<\/li>\n<li>Bianco con larghezza di 30 mm<\/li>\n<\/ul>\n<p>\u00c8 possibile scegliere la lunghezza in modo flessibile, con un ordine minimo di 30 cm, in modo da ottenere esattamente la quantit\u00e0 necessaria per il proprio progetto, senza inutili scarti.<\/p>\n","protected":false},"excerpt":{"rendered":"<p>Qjutie Elastic Tape \u00e8 un nastro elastico versatile con una larghezza di 25 mm o 30 mm, ideale per la vita di pantaloni, gonne e abbigliamento sportivo. \u00c8 composto per il 55% da poliammide, per il 25% da lattice e per il 20% da poliestere ed \u00e8 noto per la sua elevata elasticit\u00e0 e tenuta della forma. La lunghezza \u00e8 liberamente selezionabile a partire da 30 cm.  <\/p>\n","protected":false},"featured_media":39093,"comment_status":"closed","ping_status":"closed","template":"","meta":{"_acf_changed":false},"product_brand":[],"product_cat":[1261,1664,4672,2373],"product_tag":[337,2155,1685,2429],"class_list":{"0":"post-39095","1":"product","2":"type-product","3":"status-publish","4":"has-post-thumbnail","6":"product_cat-merceria","7":"product_cat-nastri-e-cordoncini","8":"product_cat-qjutie-the-qjutest-edition-3","9":"product_cat-qjutie-stoffe-it","10":"product_tag-mercerie-it","11":"product_tag-nastro-da-cucito","12":"product_tag-progetti-di-cucito-it","13":"product_tag-qjutieil-qjutest","14":"product_shipping_class-pacco-normale","16":"first","17":"instock","18":"shipping-taxable","19":"purchasable","20":"product-type-variable"},"acf":[],"yoast_head":"<!-- This site is optimized with the Yoast SEO plugin v27.4 - https:\/\/yoast.com\/product\/yoast-seo-wordpress\/ -->\n<title>Qjutie Elastic Tape &#8212; Scopri gli accessori per il cucito su Alja.ch!<\/title>\n<meta name=\"description\" content=\"Qjutie Elastic Tape largo 25 mm, perfetto per cinture di pantaloni, gonne e abiti fai da te. 55% poliammide, 25% lattice e 20% poliestere. Acquista ora!\" \/>\n<meta name=\"robots\" content=\"index, follow, max-snippet:-1, max-image-preview:large, max-video-preview:-1\" \/>\n<link rel=\"canonical\" href=\"https:\/\/alja.ch\/it\/prodotto\/qjutie-elastic-tape\/\" \/>\n<meta property=\"og:locale\" content=\"it_IT\" \/>\n<meta property=\"og:type\" content=\"article\" \/>\n<meta property=\"og:title\" content=\"Qjutie Elastic Tape &#8212; Scopri gli accessori per il cucito su Alja.ch!\" \/>\n<meta property=\"og:description\" content=\"Qjutie Elastic Tape largo 25 mm, perfetto per cinture di pantaloni, gonne e abiti fai da te. 55% poliammide, 25% lattice e 20% poliestere. Acquista ora!\" \/>\n<meta property=\"og:url\" content=\"https:\/\/alja.ch\/it\/prodotto\/qjutie-elastic-tape\/\" \/>\n<meta property=\"og:site_name\" content=\"Alja.ch\" \/>\n<meta property=\"article:publisher\" content=\"https:\/\/www.facebook.com\/aljastoffe\/\" \/>\n<meta property=\"article:modified_time\" content=\"2026-04-01T13:35:20+00:00\" \/>\n<meta property=\"og:image\" content=\"https:\/\/alja.ch\/wp-content\/uploads\/Elastic-Tape-breit-scaled.jpg\" \/>\n\t<meta property=\"og:image:width\" content=\"2560\" \/>\n\t<meta property=\"og:image:height\" content=\"2560\" \/>\n\t<meta property=\"og:image:type\" content=\"image\/jpeg\" \/>\n<meta name=\"twitter:card\" content=\"summary_large_image\" \/>\n<meta name=\"twitter:label1\" content=\"Tempo di lettura stimato\" \/>\n\t<meta name=\"twitter:data1\" content=\"1 minuto\" \/>\n<script type=\"application\/ld+json\" class=\"yoast-schema-graph\">{\"@context\":\"https:\\\/\\\/schema.org\",\"@graph\":[{\"@type\":\"WebPage\",\"@id\":\"https:\\\/\\\/alja.ch\\\/it\\\/prodotto\\\/qjutie-elastic-tape\\\/\",\"url\":\"https:\\\/\\\/alja.ch\\\/it\\\/prodotto\\\/qjutie-elastic-tape\\\/\",\"name\":\"Qjutie Elastic Tape &#8212; Scopri gli accessori per il cucito su Alja.ch!\",\"isPartOf\":{\"@id\":\"https:\\\/\\\/alja.ch\\\/it\\\/#website\"},\"primaryImageOfPage\":{\"@id\":\"https:\\\/\\\/alja.ch\\\/it\\\/prodotto\\\/qjutie-elastic-tape\\\/#primaryimage\"},\"image\":{\"@id\":\"https:\\\/\\\/alja.ch\\\/it\\\/prodotto\\\/qjutie-elastic-tape\\\/#primaryimage\"},\"thumbnailUrl\":\"https:\\\/\\\/alja.ch\\\/wp-content\\\/uploads\\\/Elastic-Tape-breit-scaled.jpg\",\"datePublished\":\"2025-09-04T12:17:39+00:00\",\"dateModified\":\"2026-04-01T13:35:20+00:00\",\"description\":\"Qjutie Elastic Tape largo 25 mm, perfetto per cinture di pantaloni, gonne e abiti fai da te. 55% poliammide, 25% lattice e 20% poliestere. Acquista ora!\",\"breadcrumb\":{\"@id\":\"https:\\\/\\\/alja.ch\\\/it\\\/prodotto\\\/qjutie-elastic-tape\\\/#breadcrumb\"},\"inLanguage\":\"it-IT\",\"potentialAction\":[{\"@type\":\"ReadAction\",\"target\":[\"https:\\\/\\\/alja.ch\\\/it\\\/prodotto\\\/qjutie-elastic-tape\\\/\"]}]},{\"@type\":\"ImageObject\",\"inLanguage\":\"it-IT\",\"@id\":\"https:\\\/\\\/alja.ch\\\/it\\\/prodotto\\\/qjutie-elastic-tape\\\/#primaryimage\",\"url\":\"https:\\\/\\\/alja.ch\\\/wp-content\\\/uploads\\\/Elastic-Tape-breit-scaled.jpg\",\"contentUrl\":\"https:\\\/\\\/alja.ch\\\/wp-content\\\/uploads\\\/Elastic-Tape-breit-scaled.jpg\",\"width\":2560,\"height\":2560},{\"@type\":\"BreadcrumbList\",\"@id\":\"https:\\\/\\\/alja.ch\\\/it\\\/prodotto\\\/qjutie-elastic-tape\\\/#breadcrumb\",\"itemListElement\":[{\"@type\":\"ListItem\",\"position\":1,\"name\":\"Sito iniziale\",\"item\":\"https:\\\/\\\/alja.ch\\\/it\\\/\"},{\"@type\":\"ListItem\",\"position\":2,\"name\":\"Negozio\",\"item\":\"https:\\\/\\\/alja.ch\\\/it\\\/negozio\\\/\"},{\"@type\":\"ListItem\",\"position\":3,\"name\":\"Qjutie Elastic Tape\"}]},{\"@type\":\"WebSite\",\"@id\":\"https:\\\/\\\/alja.ch\\\/it\\\/#website\",\"url\":\"https:\\\/\\\/alja.ch\\\/it\\\/\",\"name\":\"Alja.ch\",\"description\":\"Stoffe &amp; Mercerie online einkaufen!\",\"publisher\":{\"@id\":\"https:\\\/\\\/alja.ch\\\/it\\\/#organization\"},\"potentialAction\":[{\"@type\":\"SearchAction\",\"target\":{\"@type\":\"EntryPoint\",\"urlTemplate\":\"https:\\\/\\\/alja.ch\\\/it\\\/?s={search_term_string}\"},\"query-input\":{\"@type\":\"PropertyValueSpecification\",\"valueRequired\":true,\"valueName\":\"search_term_string\"}}],\"inLanguage\":\"it-IT\"},{\"@type\":\"Organization\",\"@id\":\"https:\\\/\\\/alja.ch\\\/it\\\/#organization\",\"name\":\"ALJA Nouveau AG\",\"url\":\"https:\\\/\\\/alja.ch\\\/it\\\/\",\"logo\":{\"@type\":\"ImageObject\",\"inLanguage\":\"it-IT\",\"@id\":\"https:\\\/\\\/alja.ch\\\/it\\\/#\\\/schema\\\/logo\\\/image\\\/\",\"url\":\"https:\\\/\\\/alja.ch\\\/wp-content\\\/uploads\\\/kg-logo-alja.png\",\"contentUrl\":\"https:\\\/\\\/alja.ch\\\/wp-content\\\/uploads\\\/kg-logo-alja.png\",\"width\":1000,\"height\":1000,\"caption\":\"ALJA Nouveau AG\"},\"image\":{\"@id\":\"https:\\\/\\\/alja.ch\\\/it\\\/#\\\/schema\\\/logo\\\/image\\\/\"},\"sameAs\":[\"https:\\\/\\\/www.facebook.com\\\/aljastoffe\\\/\",\"https:\\\/\\\/www.instagram.com\\\/alja_stoffe_mercerie\\\/\",\"https:\\\/\\\/www.youtube.com\\\/channel\\\/UCf6430U9yN-o6rk-Nw4TDqA\"]}]}<\/script>\n<!-- \/ Yoast SEO plugin. -->","yoast_head_json":{"title":"Qjutie Elastic Tape &#8212; Scopri gli accessori per il cucito su Alja.ch!","description":"Qjutie Elastic Tape largo 25 mm, perfetto per cinture di pantaloni, gonne e abiti fai da te. 55% poliammide, 25% lattice e 20% poliestere. Acquista ora!","robots":{"index":"index","follow":"follow","max-snippet":"max-snippet:-1","max-image-preview":"max-image-preview:large","max-video-preview":"max-video-preview:-1"},"canonical":"https:\/\/alja.ch\/it\/prodotto\/qjutie-elastic-tape\/","og_locale":"it_IT","og_type":"article","og_title":"Qjutie Elastic Tape &#8212; Scopri gli accessori per il cucito su Alja.ch!","og_description":"Qjutie Elastic Tape largo 25 mm, perfetto per cinture di pantaloni, gonne e abiti fai da te. 55% poliammide, 25% lattice e 20% poliestere. Acquista ora!","og_url":"https:\/\/alja.ch\/it\/prodotto\/qjutie-elastic-tape\/","og_site_name":"Alja.ch","article_publisher":"https:\/\/www.facebook.com\/aljastoffe\/","article_modified_time":"2026-04-01T13:35:20+00:00","og_image":[{"width":2560,"height":2560,"url":"https:\/\/alja.ch\/wp-content\/uploads\/Elastic-Tape-breit-scaled.jpg","type":"image\/jpeg"}],"twitter_card":"summary_large_image","twitter_misc":{"Tempo di lettura stimato":"1 minuto"},"schema":{"@context":"https:\/\/schema.org","@graph":[{"@type":"WebPage","@id":"https:\/\/alja.ch\/it\/prodotto\/qjutie-elastic-tape\/","url":"https:\/\/alja.ch\/it\/prodotto\/qjutie-elastic-tape\/","name":"Qjutie Elastic Tape &#8212; Scopri gli accessori per il cucito su Alja.ch!","isPartOf":{"@id":"https:\/\/alja.ch\/it\/#website"},"primaryImageOfPage":{"@id":"https:\/\/alja.ch\/it\/prodotto\/qjutie-elastic-tape\/#primaryimage"},"image":{"@id":"https:\/\/alja.ch\/it\/prodotto\/qjutie-elastic-tape\/#primaryimage"},"thumbnailUrl":"https:\/\/alja.ch\/wp-content\/uploads\/Elastic-Tape-breit-scaled.jpg","datePublished":"2025-09-04T12:17:39+00:00","dateModified":"2026-04-01T13:35:20+00:00","description":"Qjutie Elastic Tape largo 25 mm, perfetto per cinture di pantaloni, gonne e abiti fai da te. 55% poliammide, 25% lattice e 20% poliestere. Acquista ora!","breadcrumb":{"@id":"https:\/\/alja.ch\/it\/prodotto\/qjutie-elastic-tape\/#breadcrumb"},"inLanguage":"it-IT","potentialAction":[{"@type":"ReadAction","target":["https:\/\/alja.ch\/it\/prodotto\/qjutie-elastic-tape\/"]}]},{"@type":"ImageObject","inLanguage":"it-IT","@id":"https:\/\/alja.ch\/it\/prodotto\/qjutie-elastic-tape\/#primaryimage","url":"https:\/\/alja.ch\/wp-content\/uploads\/Elastic-Tape-breit-scaled.jpg","contentUrl":"https:\/\/alja.ch\/wp-content\/uploads\/Elastic-Tape-breit-scaled.jpg","width":2560,"height":2560},{"@type":"BreadcrumbList","@id":"https:\/\/alja.ch\/it\/prodotto\/qjutie-elastic-tape\/#breadcrumb","itemListElement":[{"@type":"ListItem","position":1,"name":"Sito iniziale","item":"https:\/\/alja.ch\/it\/"},{"@type":"ListItem","position":2,"name":"Negozio","item":"https:\/\/alja.ch\/it\/negozio\/"},{"@type":"ListItem","position":3,"name":"Qjutie Elastic Tape"}]},{"@type":"WebSite","@id":"https:\/\/alja.ch\/it\/#website","url":"https:\/\/alja.ch\/it\/","name":"Alja.ch","description":"Stoffe &amp; Mercerie online einkaufen!","publisher":{"@id":"https:\/\/alja.ch\/it\/#organization"},"potentialAction":[{"@type":"SearchAction","target":{"@type":"EntryPoint","urlTemplate":"https:\/\/alja.ch\/it\/?s={search_term_string}"},"query-input":{"@type":"PropertyValueSpecification","valueRequired":true,"valueName":"search_term_string"}}],"inLanguage":"it-IT"},{"@type":"Organization","@id":"https:\/\/alja.ch\/it\/#organization","name":"ALJA Nouveau AG","url":"https:\/\/alja.ch\/it\/","logo":{"@type":"ImageObject","inLanguage":"it-IT","@id":"https:\/\/alja.ch\/it\/#\/schema\/logo\/image\/","url":"https:\/\/alja.ch\/wp-content\/uploads\/kg-logo-alja.png","contentUrl":"https:\/\/alja.ch\/wp-content\/uploads\/kg-logo-alja.png","width":1000,"height":1000,"caption":"ALJA Nouveau AG"},"image":{"@id":"https:\/\/alja.ch\/it\/#\/schema\/logo\/image\/"},"sameAs":["https:\/\/www.facebook.com\/aljastoffe\/","https:\/\/www.instagram.com\/alja_stoffe_mercerie\/","https:\/\/www.youtube.com\/channel\/UCf6430U9yN-o6rk-Nw4TDqA"]}]}},"_links":{"self":[{"href":"https:\/\/alja.ch\/it\/wp-json\/wp\/v2\/product\/39095","targetHints":{"allow":["GET"]}}],"collection":[{"href":"https:\/\/alja.ch\/it\/wp-json\/wp\/v2\/product"}],"about":[{"href":"https:\/\/alja.ch\/it\/wp-json\/wp\/v2\/types\/product"}],"replies":[{"embeddable":true,"href":"https:\/\/alja.ch\/it\/wp-json\/wp\/v2\/comments?post=39095"}],"wp:featuredmedia":[{"embeddable":true,"href":"https:\/\/alja.ch\/it\/wp-json\/wp\/v2\/media\/39093"}],"wp:attachment":[{"href":"https:\/\/alja.ch\/it\/wp-json\/wp\/v2\/media?parent=39095"}],"wp:term":[{"taxonomy":"product_brand","embeddable":true,"href":"https:\/\/alja.ch\/it\/wp-json\/wp\/v2\/product_brand?post=39095"},{"taxonomy":"product_cat","embeddable":true,"href":"https:\/\/alja.ch\/it\/wp-json\/wp\/v2\/product_cat?post=39095"},{"taxonomy":"product_tag","embeddable":true,"href":"https:\/\/alja.ch\/it\/wp-json\/wp\/v2\/product_tag?post=39095"}],"curies":[{"name":"wp","href":"https:\/\/api.w.org\/{rel}","templated":true}]}}