{"id":53700,"date":"2026-05-12T15:16:26","date_gmt":"2026-05-12T13:16:26","guid":{"rendered":"https:\/\/alja.ch\/produkt\/le-kit-de-robes-en-jersey-pour-les-enfants\/"},"modified":"2026-05-12T15:32:08","modified_gmt":"2026-05-12T13:32:08","slug":"kit-de-robes-en-jersey","status":"publish","type":"product","link":"https:\/\/alja.ch\/fr\/produit\/kit-de-robes-en-jersey\/","title":{"rendered":"Le kit de robes en jersey pour les enfants (allemand)"},"content":{"rendered":"<p data-path-to-node=\"3\">Ton enfant r\u00eave-t-il d&rsquo;une robe ludique avec des manches bouffantes ou pr\u00e9f\u00e8rerait-il la version d\u00e9contract\u00e9e avec une capuche ? Avec le <b data-path-to-node=\"3\" data-index-in-node=\"126\">\u00a0\u00bbJersey-Kleider-Baukasten f\u00fcr Kids\u00a0\u00bb<\/b>, tu deviendras la cr\u00e9atrice et r\u00e9aliseras les r\u00eaves de ton enfant ! Dans les <b data-path-to-node=\"3\" data-index-in-node=\"229\">tailles 98 \u00e0 146<\/b>, ce livre offre une diversit\u00e9 presque infinie pour des tenues individuelles.<\/p>\n<p data-path-to-node=\"4\">Le secret r\u00e9side dans le syst\u00e8me modulaire : le livre contient \u00e0 chaque fois <b data-path-to-node=\"4\" data-index-in-node=\"66\">dix hauts, manches et jupes diff\u00e9rents<\/b>, que tu peux combiner entre eux selon ton humeur. Courtes ou longues, simples ou extravagantes, il en r\u00e9sulte math\u00e9matiquement plus de 1.000 variantes de robes diff\u00e9rentes !<\/p>\n<p data-path-to-node=\"5\"><b data-path-to-node=\"5\" data-index-in-node=\"0\">Pourquoi tu vas adorer cette bo\u00eete de construction :<\/b><\/p>\n<ul data-path-to-node=\"6\">\n<li>\n<p data-path-to-node=\"6,0,0\"><b data-path-to-node=\"6,0,0\" data-index-in-node=\"0\">Le pouvoir du jersey :<\/b> tous les mod\u00e8les sont con\u00e7us avec des tissus \u00e9lastiques. Cela signifie qu&rsquo;ils sont rapidement cousus, super confortables et s&rsquo;adaptent \u00e0 tous les mouvements pendant le jeu.<\/p>\n<\/li>\n<li>\n<p data-path-to-node=\"6,1,0\"><b data-path-to-node=\"6,1,0\" data-index-in-node=\"0\">Mix &amp; Match :<\/b> libert\u00e9 absolue pour combiner les pi\u00e8ces individuelles - cr\u00e9e le mod\u00e8le qui convient \u00e0 chaque occasion.<\/p>\n<\/li>\n<li>\n<p data-path-to-node=\"6,2,0\"><b data-path-to-node=\"6,2,0\" data-index-in-node=\"0\">N&rsquo;aie pas peur du jersey :<\/b> une partie de base d\u00e9taill\u00e9e t&rsquo;explique facilement comment travailler au mieux les tissus \u00e9lastiques.<\/p>\n<\/li>\n<li>\n<p data-path-to-node=\"6,3,0\"><b data-path-to-node=\"6,3,0\" data-index-in-node=\"0\">Pas \u00e0 pas vers le succ\u00e8s :<\/b> des instructions d\u00e9taill\u00e9es te guident en toute s\u00e9curit\u00e9 \u00e0 travers chaque projet, de sorte qu&rsquo;aucune question ne reste sans r\u00e9ponse.<\/p>\n<\/li>\n<\/ul>\n","protected":false},"excerpt":{"rendered":"<p data-path-to-node=\"9\">Le \u00a0\u00bbJersey-Kleider-Baukasten f\u00fcr Kids\u00a0\u00bb offre des possibilit\u00e9s infinies pour cr\u00e9er des robes d&rsquo;enfants personnalis\u00e9es dans les tailles 98-146. Gr\u00e2ce \u00e0 l&rsquo;astucieux syst\u00e8me Mix &amp; Match compos\u00e9 de 10 hauts, 10 variantes de manches et 10 pi\u00e8ces de jupes, il est possible de cr\u00e9er plus de 1.000 looks diff\u00e9rents. Inclus un guide de base pour le jersey et des instructions d\u00e9taill\u00e9es \u00e9tape par \u00e9tape.<\/p>\n","protected":false},"featured_media":53702,"comment_status":"closed","ping_status":"closed","template":"","meta":{"_acf_changed":false},"product_brand":[],"product_cat":[3021,1260,711],"product_tag":[1564,384,1733,2906,2824,1651],"class_list":{"0":"post-53700","1":"product","2":"type-product","3":"status-publish","4":"has-post-thumbnail","6":"product_cat-livres","7":"product_cat-mercerie-fr","8":"product_cat-patron-fr","9":"product_tag-diy-fr","10":"product_tag-enfants-fr","11":"product_tag-patron","12":"product_tag-patron-pour-enfants-104-146","13":"product_tag-patrons-faciles","14":"product_tag-projets-de-couture-fr","15":"product_shipping_class-colis-standard","17":"first","18":"instock","19":"shipping-taxable","20":"purchasable","21":"product-type-simple"},"acf":[],"yoast_head":"<!-- This site is optimized with the Yoast SEO plugin v27.5 - https:\/\/yoast.com\/product\/yoast-seo-wordpress\/ -->\n<title>Le kit de robes en jersey pour les enfants (allemand) &#8212; Patron chez Alja.ch !<\/title>\n<meta name=\"description\" content=\"Tu veux coudre des v\u00eatements d&#039;enfants individuels en jersey ? Avec plus de 1.000 combinaisons possibles, tu peux cr\u00e9er des pi\u00e8ces uniques.\" \/>\n<meta name=\"robots\" content=\"index, follow, max-snippet:-1, max-image-preview:large, max-video-preview:-1\" \/>\n<link rel=\"canonical\" href=\"https:\/\/alja.ch\/fr\/produit\/kit-de-robes-en-jersey\/\" \/>\n<meta property=\"og:locale\" content=\"fr_FR\" \/>\n<meta property=\"og:type\" content=\"article\" \/>\n<meta property=\"og:title\" content=\"Le kit de robes en jersey pour les enfants (allemand) &#8212; Patron chez Alja.ch !\" \/>\n<meta property=\"og:description\" content=\"Tu veux coudre des v\u00eatements d&#039;enfants individuels en jersey ? Avec plus de 1.000 combinaisons possibles, tu peux cr\u00e9er des pi\u00e8ces uniques.\" \/>\n<meta property=\"og:url\" content=\"https:\/\/alja.ch\/fr\/produit\/kit-de-robes-en-jersey\/\" \/>\n<meta property=\"og:site_name\" content=\"Alja.ch\" \/>\n<meta property=\"article:publisher\" content=\"https:\/\/www.facebook.com\/aljastoffe\/\" \/>\n<meta property=\"article:modified_time\" content=\"2026-05-12T13:32:08+00:00\" \/>\n<meta property=\"og:image\" content=\"https:\/\/alja.ch\/wp-content\/uploads\/2026\/05\/Der-Jersey-Kleider-Baukasten-KIDS_-Front.jpg\" \/>\n\t<meta property=\"og:image:width\" content=\"679\" \/>\n\t<meta property=\"og:image:height\" content=\"900\" \/>\n\t<meta property=\"og:image:type\" content=\"image\/jpeg\" \/>\n<meta name=\"twitter:card\" content=\"summary_large_image\" \/>\n<meta name=\"twitter:label1\" content=\"Dur\u00e9e de lecture estim\u00e9e\" \/>\n\t<meta name=\"twitter:data1\" content=\"2 minutes\" \/>\n<script type=\"application\/ld+json\" class=\"yoast-schema-graph\">{\"@context\":\"https:\\\/\\\/schema.org\",\"@graph\":[{\"@type\":\"WebPage\",\"@id\":\"https:\\\/\\\/alja.ch\\\/fr\\\/produit\\\/kit-de-robes-en-jersey\\\/\",\"url\":\"https:\\\/\\\/alja.ch\\\/fr\\\/produit\\\/kit-de-robes-en-jersey\\\/\",\"name\":\"Le kit de robes en jersey pour les enfants (allemand) &#8212; Patron chez Alja.ch !\",\"isPartOf\":{\"@id\":\"https:\\\/\\\/alja.ch\\\/fr\\\/#website\"},\"primaryImageOfPage\":{\"@id\":\"https:\\\/\\\/alja.ch\\\/fr\\\/produit\\\/kit-de-robes-en-jersey\\\/#primaryimage\"},\"image\":{\"@id\":\"https:\\\/\\\/alja.ch\\\/fr\\\/produit\\\/kit-de-robes-en-jersey\\\/#primaryimage\"},\"thumbnailUrl\":\"https:\\\/\\\/alja.ch\\\/wp-content\\\/uploads\\\/2026\\\/05\\\/Der-Jersey-Kleider-Baukasten-KIDS_-Front.jpg\",\"datePublished\":\"2026-05-12T13:16:26+00:00\",\"dateModified\":\"2026-05-12T13:32:08+00:00\",\"description\":\"Tu veux coudre des v\u00eatements d'enfants individuels en jersey ? Avec plus de 1.000 combinaisons possibles, tu peux cr\u00e9er des pi\u00e8ces uniques.\",\"breadcrumb\":{\"@id\":\"https:\\\/\\\/alja.ch\\\/fr\\\/produit\\\/kit-de-robes-en-jersey\\\/#breadcrumb\"},\"inLanguage\":\"fr-FR\",\"potentialAction\":[{\"@type\":\"ReadAction\",\"target\":[\"https:\\\/\\\/alja.ch\\\/fr\\\/produit\\\/kit-de-robes-en-jersey\\\/\"]}]},{\"@type\":\"ImageObject\",\"inLanguage\":\"fr-FR\",\"@id\":\"https:\\\/\\\/alja.ch\\\/fr\\\/produit\\\/kit-de-robes-en-jersey\\\/#primaryimage\",\"url\":\"https:\\\/\\\/alja.ch\\\/wp-content\\\/uploads\\\/2026\\\/05\\\/Der-Jersey-Kleider-Baukasten-KIDS_-Front.jpg\",\"contentUrl\":\"https:\\\/\\\/alja.ch\\\/wp-content\\\/uploads\\\/2026\\\/05\\\/Der-Jersey-Kleider-Baukasten-KIDS_-Front.jpg\",\"width\":679,\"height\":900},{\"@type\":\"BreadcrumbList\",\"@id\":\"https:\\\/\\\/alja.ch\\\/fr\\\/produit\\\/kit-de-robes-en-jersey\\\/#breadcrumb\",\"itemListElement\":[{\"@type\":\"ListItem\",\"position\":1,\"name\":\"Startseite\",\"item\":\"https:\\\/\\\/alja.ch\\\/fr\\\/\"},{\"@type\":\"ListItem\",\"position\":2,\"name\":\"Boutique\",\"item\":\"https:\\\/\\\/alja.ch\\\/fr\\\/boutique\\\/\"},{\"@type\":\"ListItem\",\"position\":3,\"name\":\"Le kit de robes en jersey pour les enfants (allemand)\"}]},{\"@type\":\"WebSite\",\"@id\":\"https:\\\/\\\/alja.ch\\\/fr\\\/#website\",\"url\":\"https:\\\/\\\/alja.ch\\\/fr\\\/\",\"name\":\"Alja.ch\",\"description\":\"Stoffe &amp; Mercerie online einkaufen!\",\"publisher\":{\"@id\":\"https:\\\/\\\/alja.ch\\\/fr\\\/#organization\"},\"potentialAction\":[{\"@type\":\"SearchAction\",\"target\":{\"@type\":\"EntryPoint\",\"urlTemplate\":\"https:\\\/\\\/alja.ch\\\/fr\\\/?s={search_term_string}\"},\"query-input\":{\"@type\":\"PropertyValueSpecification\",\"valueRequired\":true,\"valueName\":\"search_term_string\"}}],\"inLanguage\":\"fr-FR\"},{\"@type\":\"Organization\",\"@id\":\"https:\\\/\\\/alja.ch\\\/fr\\\/#organization\",\"name\":\"ALJA Nouveau AG\",\"url\":\"https:\\\/\\\/alja.ch\\\/fr\\\/\",\"logo\":{\"@type\":\"ImageObject\",\"inLanguage\":\"fr-FR\",\"@id\":\"https:\\\/\\\/alja.ch\\\/fr\\\/#\\\/schema\\\/logo\\\/image\\\/\",\"url\":\"https:\\\/\\\/alja.ch\\\/wp-content\\\/uploads\\\/kg-logo-alja.png\",\"contentUrl\":\"https:\\\/\\\/alja.ch\\\/wp-content\\\/uploads\\\/kg-logo-alja.png\",\"width\":1000,\"height\":1000,\"caption\":\"ALJA Nouveau AG\"},\"image\":{\"@id\":\"https:\\\/\\\/alja.ch\\\/fr\\\/#\\\/schema\\\/logo\\\/image\\\/\"},\"sameAs\":[\"https:\\\/\\\/www.facebook.com\\\/aljastoffe\\\/\",\"https:\\\/\\\/www.instagram.com\\\/alja_stoffe_mercerie\\\/\",\"https:\\\/\\\/www.youtube.com\\\/channel\\\/UCf6430U9yN-o6rk-Nw4TDqA\"]}]}<\/script>\n<!-- \/ Yoast SEO plugin. -->","yoast_head_json":{"title":"Le kit de robes en jersey pour les enfants (allemand) &#8212; Patron chez Alja.ch !","description":"Tu veux coudre des v\u00eatements d'enfants individuels en jersey ? Avec plus de 1.000 combinaisons possibles, tu peux cr\u00e9er des pi\u00e8ces uniques.","robots":{"index":"index","follow":"follow","max-snippet":"max-snippet:-1","max-image-preview":"max-image-preview:large","max-video-preview":"max-video-preview:-1"},"canonical":"https:\/\/alja.ch\/fr\/produit\/kit-de-robes-en-jersey\/","og_locale":"fr_FR","og_type":"article","og_title":"Le kit de robes en jersey pour les enfants (allemand) &#8212; Patron chez Alja.ch !","og_description":"Tu veux coudre des v\u00eatements d'enfants individuels en jersey ? Avec plus de 1.000 combinaisons possibles, tu peux cr\u00e9er des pi\u00e8ces uniques.","og_url":"https:\/\/alja.ch\/fr\/produit\/kit-de-robes-en-jersey\/","og_site_name":"Alja.ch","article_publisher":"https:\/\/www.facebook.com\/aljastoffe\/","article_modified_time":"2026-05-12T13:32:08+00:00","og_image":[{"width":679,"height":900,"url":"https:\/\/alja.ch\/wp-content\/uploads\/2026\/05\/Der-Jersey-Kleider-Baukasten-KIDS_-Front.jpg","type":"image\/jpeg"}],"twitter_card":"summary_large_image","twitter_misc":{"Dur\u00e9e de lecture estim\u00e9e":"2 minutes"},"schema":{"@context":"https:\/\/schema.org","@graph":[{"@type":"WebPage","@id":"https:\/\/alja.ch\/fr\/produit\/kit-de-robes-en-jersey\/","url":"https:\/\/alja.ch\/fr\/produit\/kit-de-robes-en-jersey\/","name":"Le kit de robes en jersey pour les enfants (allemand) &#8212; Patron chez Alja.ch !","isPartOf":{"@id":"https:\/\/alja.ch\/fr\/#website"},"primaryImageOfPage":{"@id":"https:\/\/alja.ch\/fr\/produit\/kit-de-robes-en-jersey\/#primaryimage"},"image":{"@id":"https:\/\/alja.ch\/fr\/produit\/kit-de-robes-en-jersey\/#primaryimage"},"thumbnailUrl":"https:\/\/alja.ch\/wp-content\/uploads\/2026\/05\/Der-Jersey-Kleider-Baukasten-KIDS_-Front.jpg","datePublished":"2026-05-12T13:16:26+00:00","dateModified":"2026-05-12T13:32:08+00:00","description":"Tu veux coudre des v\u00eatements d'enfants individuels en jersey ? Avec plus de 1.000 combinaisons possibles, tu peux cr\u00e9er des pi\u00e8ces uniques.","breadcrumb":{"@id":"https:\/\/alja.ch\/fr\/produit\/kit-de-robes-en-jersey\/#breadcrumb"},"inLanguage":"fr-FR","potentialAction":[{"@type":"ReadAction","target":["https:\/\/alja.ch\/fr\/produit\/kit-de-robes-en-jersey\/"]}]},{"@type":"ImageObject","inLanguage":"fr-FR","@id":"https:\/\/alja.ch\/fr\/produit\/kit-de-robes-en-jersey\/#primaryimage","url":"https:\/\/alja.ch\/wp-content\/uploads\/2026\/05\/Der-Jersey-Kleider-Baukasten-KIDS_-Front.jpg","contentUrl":"https:\/\/alja.ch\/wp-content\/uploads\/2026\/05\/Der-Jersey-Kleider-Baukasten-KIDS_-Front.jpg","width":679,"height":900},{"@type":"BreadcrumbList","@id":"https:\/\/alja.ch\/fr\/produit\/kit-de-robes-en-jersey\/#breadcrumb","itemListElement":[{"@type":"ListItem","position":1,"name":"Startseite","item":"https:\/\/alja.ch\/fr\/"},{"@type":"ListItem","position":2,"name":"Boutique","item":"https:\/\/alja.ch\/fr\/boutique\/"},{"@type":"ListItem","position":3,"name":"Le kit de robes en jersey pour les enfants (allemand)"}]},{"@type":"WebSite","@id":"https:\/\/alja.ch\/fr\/#website","url":"https:\/\/alja.ch\/fr\/","name":"Alja.ch","description":"Stoffe &amp; Mercerie online einkaufen!","publisher":{"@id":"https:\/\/alja.ch\/fr\/#organization"},"potentialAction":[{"@type":"SearchAction","target":{"@type":"EntryPoint","urlTemplate":"https:\/\/alja.ch\/fr\/?s={search_term_string}"},"query-input":{"@type":"PropertyValueSpecification","valueRequired":true,"valueName":"search_term_string"}}],"inLanguage":"fr-FR"},{"@type":"Organization","@id":"https:\/\/alja.ch\/fr\/#organization","name":"ALJA Nouveau AG","url":"https:\/\/alja.ch\/fr\/","logo":{"@type":"ImageObject","inLanguage":"fr-FR","@id":"https:\/\/alja.ch\/fr\/#\/schema\/logo\/image\/","url":"https:\/\/alja.ch\/wp-content\/uploads\/kg-logo-alja.png","contentUrl":"https:\/\/alja.ch\/wp-content\/uploads\/kg-logo-alja.png","width":1000,"height":1000,"caption":"ALJA Nouveau AG"},"image":{"@id":"https:\/\/alja.ch\/fr\/#\/schema\/logo\/image\/"},"sameAs":["https:\/\/www.facebook.com\/aljastoffe\/","https:\/\/www.instagram.com\/alja_stoffe_mercerie\/","https:\/\/www.youtube.com\/channel\/UCf6430U9yN-o6rk-Nw4TDqA"]}]}},"_links":{"self":[{"href":"https:\/\/alja.ch\/fr\/wp-json\/wp\/v2\/product\/53700","targetHints":{"allow":["GET"]}}],"collection":[{"href":"https:\/\/alja.ch\/fr\/wp-json\/wp\/v2\/product"}],"about":[{"href":"https:\/\/alja.ch\/fr\/wp-json\/wp\/v2\/types\/product"}],"replies":[{"embeddable":true,"href":"https:\/\/alja.ch\/fr\/wp-json\/wp\/v2\/comments?post=53700"}],"wp:featuredmedia":[{"embeddable":true,"href":"https:\/\/alja.ch\/fr\/wp-json\/wp\/v2\/media\/53702"}],"wp:attachment":[{"href":"https:\/\/alja.ch\/fr\/wp-json\/wp\/v2\/media?parent=53700"}],"wp:term":[{"taxonomy":"product_brand","embeddable":true,"href":"https:\/\/alja.ch\/fr\/wp-json\/wp\/v2\/product_brand?post=53700"},{"taxonomy":"product_cat","embeddable":true,"href":"https:\/\/alja.ch\/fr\/wp-json\/wp\/v2\/product_cat?post=53700"},{"taxonomy":"product_tag","embeddable":true,"href":"https:\/\/alja.ch\/fr\/wp-json\/wp\/v2\/product_tag?post=53700"}],"curies":[{"name":"wp","href":"https:\/\/api.w.org\/{rel}","templated":true}]}}