{"id":52431,"date":"2026-04-10T15:03:35","date_gmt":"2026-04-10T13:03:35","guid":{"rendered":"https:\/\/alja.ch\/produkt\/qjutie-etageres-au-crochet\/"},"modified":"2026-04-10T15:17:48","modified_gmt":"2026-04-10T13:17:48","slug":"qjutie-etageres-au-crochet","status":"publish","type":"product","link":"https:\/\/alja.ch\/fr\/produit\/qjutie-etageres-au-crochet\/","title":{"rendered":"Qjutie \u00e9tag\u00e8res au crochet"},"content":{"rendered":"<p data-path-to-node=\"3\">Donne \u00e0 tes tr\u00e9sors cousus maison ce petit quelque chose en plus ! La <b data-path-to-node=\"3\" data-index-in-node=\"63\">bordure au crochet Qjutie<\/b> combine le look charmant de la dentelle crochet\u00e9e \u00e0 la main avec la durabilit\u00e9 des mat\u00e9riaux modernes. Qu&rsquo;il s&rsquo;agisse d&rsquo;une finition fantaisiste sur une robe d&rsquo;\u00e9t\u00e9, d&rsquo;un d\u00e9tail sur des housses de coussin ou d&rsquo;un accent romantique sur des sacs, ce galon est un v\u00e9ritable multitalent.<\/p>\n<p data-path-to-node=\"4\">Comme il est fabriqu\u00e9 <b data-path-to-node=\"4\" data-index-in-node=\"10\">\u00e0 100 % en polyester<\/b>, il reste ind\u00e9formable, infroissable et facile \u00e0 entretenir, sans perdre son caract\u00e8re d\u00e9licat et textile. En tant que <b data-path-to-node=\"4\" data-index-in-node=\"169\">marchandise au m\u00e8tre<\/b>, tu commandes exactement la quantit\u00e9 dont tu as besoin pour ton projet cr\u00e9atif.<\/p>\n<p data-path-to-node=\"5\">Le meilleur dans tout \u00e7a ? La bordure au crochet fait partie int\u00e9grante de la c\u00e9l\u00e8bre <b data-path-to-node=\"5\" data-index-in-node=\"69\">collection Qjutie<\/b>. Cela signifie pour toi : plus besoin de chercher longtemps les combinaisons ad\u00e9quates ! Chez nous, tu ne trouveras pas seulement les <b data-path-to-node=\"5\" data-index-in-node=\"219\">tissus Qjutie<\/b> parfaitement assortis, mais aussi le <b data-path-to-node=\"5\" data-index-in-node=\"264\">livret de patrons<\/b> correspondant, afin que ton design ait l&rsquo;air d&rsquo;avoir \u00e9t\u00e9 con\u00e7u d&rsquo;un seul tenant.<\/p>\n","protected":false},"excerpt":{"rendered":"<p data-path-to-node=\"8\">Nobles bordures au crochet de la collection Qjutie, fabriqu\u00e9es en 100 % polyester. Ce tissu au m\u00e8tre de qualit\u00e9 sup\u00e9rieure est id\u00e9al pour d\u00e9corer des v\u00eatements et du linge de maison. Se combine parfaitement avec les tissus et patrons assortis de toute la s\u00e9rie Qjutie.<\/p>\n","protected":false},"featured_media":52432,"comment_status":"closed","ping_status":"closed","template":"","meta":{"_acf_changed":false},"product_brand":[],"product_cat":[1260,4671,1558],"product_tag":[1654,332,509,2428,2141],"class_list":{"0":"post-52431","1":"product","2":"type-product","3":"status-publish","4":"has-post-thumbnail","6":"product_cat-mercerie-fr","7":"product_cat-qjutie-the-qjutest-edition-3","8":"product_cat-rubans-et-cordons","9":"product_tag-100-polyester-fr","10":"product_tag-mercerie-fr","11":"product_tag-polyester-fr","12":"product_tag-qjutiethe-qjutest-fr","13":"product_tag-ruban-a-coudre","14":"product_shipping_class-colis-standard","16":"first","17":"instock","18":"shipping-taxable","19":"purchasable","20":"product-type-simple"},"acf":[],"yoast_head":"<!-- This site is optimized with the Yoast SEO plugin v27.4 - https:\/\/yoast.com\/product\/yoast-seo-wordpress\/ -->\n<title>Qjutie \u00e9tag\u00e8res au crochet &#8212; Acheter chez Alja.ch et mettre des accents !<\/title>\n<meta name=\"description\" content=\"Embellis tes travaux de couture avec la bordure au crochet Qjutie. En 100 % polyester, id\u00e9al pour le style boho en vogue. D\u00e9couvre tout l&#039;univers Qjutie !\" \/>\n<meta name=\"robots\" content=\"index, follow, max-snippet:-1, max-image-preview:large, max-video-preview:-1\" \/>\n<link rel=\"canonical\" href=\"https:\/\/alja.ch\/fr\/produit\/qjutie-etageres-au-crochet\/\" \/>\n<meta property=\"og:locale\" content=\"fr_FR\" \/>\n<meta property=\"og:type\" content=\"article\" \/>\n<meta property=\"og:title\" content=\"Qjutie \u00e9tag\u00e8res au crochet &#8212; Acheter chez Alja.ch et mettre des accents !\" \/>\n<meta property=\"og:description\" content=\"Embellis tes travaux de couture avec la bordure au crochet Qjutie. En 100 % polyester, id\u00e9al pour le style boho en vogue. D\u00e9couvre tout l&#039;univers Qjutie !\" \/>\n<meta property=\"og:url\" content=\"https:\/\/alja.ch\/fr\/produit\/qjutie-etageres-au-crochet\/\" \/>\n<meta property=\"og:site_name\" content=\"Alja.ch\" \/>\n<meta property=\"article:publisher\" content=\"https:\/\/www.facebook.com\/aljastoffe\/\" \/>\n<meta property=\"article:modified_time\" content=\"2026-04-10T13:17:48+00:00\" \/>\n<meta property=\"og:image\" content=\"https:\/\/alja.ch\/wp-content\/uploads\/2026\/04\/27828-Qjutie-Crochette-Trimming.jpg\" \/>\n\t<meta property=\"og:image:width\" content=\"2048\" \/>\n\t<meta property=\"og:image:height\" content=\"2048\" \/>\n\t<meta property=\"og:image:type\" content=\"image\/jpeg\" \/>\n<meta name=\"twitter:card\" content=\"summary_large_image\" \/>\n<meta name=\"twitter:label1\" content=\"Dur\u00e9e de lecture estim\u00e9e\" \/>\n\t<meta name=\"twitter:data1\" content=\"2 minutes\" \/>\n<script type=\"application\/ld+json\" class=\"yoast-schema-graph\">{\"@context\":\"https:\\\/\\\/schema.org\",\"@graph\":[{\"@type\":\"WebPage\",\"@id\":\"https:\\\/\\\/alja.ch\\\/fr\\\/produit\\\/qjutie-etageres-au-crochet\\\/\",\"url\":\"https:\\\/\\\/alja.ch\\\/fr\\\/produit\\\/qjutie-etageres-au-crochet\\\/\",\"name\":\"Qjutie \u00e9tag\u00e8res au crochet &#8212; Acheter chez Alja.ch et mettre des accents !\",\"isPartOf\":{\"@id\":\"https:\\\/\\\/alja.ch\\\/fr\\\/#website\"},\"primaryImageOfPage\":{\"@id\":\"https:\\\/\\\/alja.ch\\\/fr\\\/produit\\\/qjutie-etageres-au-crochet\\\/#primaryimage\"},\"image\":{\"@id\":\"https:\\\/\\\/alja.ch\\\/fr\\\/produit\\\/qjutie-etageres-au-crochet\\\/#primaryimage\"},\"thumbnailUrl\":\"https:\\\/\\\/alja.ch\\\/wp-content\\\/uploads\\\/2026\\\/04\\\/27828-Qjutie-Crochette-Trimming.jpg\",\"datePublished\":\"2026-04-10T13:03:35+00:00\",\"dateModified\":\"2026-04-10T13:17:48+00:00\",\"description\":\"Embellis tes travaux de couture avec la bordure au crochet Qjutie. En 100 % polyester, id\u00e9al pour le style boho en vogue. D\u00e9couvre tout l'univers Qjutie !\",\"breadcrumb\":{\"@id\":\"https:\\\/\\\/alja.ch\\\/fr\\\/produit\\\/qjutie-etageres-au-crochet\\\/#breadcrumb\"},\"inLanguage\":\"fr-FR\",\"potentialAction\":[{\"@type\":\"ReadAction\",\"target\":[\"https:\\\/\\\/alja.ch\\\/fr\\\/produit\\\/qjutie-etageres-au-crochet\\\/\"]}]},{\"@type\":\"ImageObject\",\"inLanguage\":\"fr-FR\",\"@id\":\"https:\\\/\\\/alja.ch\\\/fr\\\/produit\\\/qjutie-etageres-au-crochet\\\/#primaryimage\",\"url\":\"https:\\\/\\\/alja.ch\\\/wp-content\\\/uploads\\\/2026\\\/04\\\/27828-Qjutie-Crochette-Trimming.jpg\",\"contentUrl\":\"https:\\\/\\\/alja.ch\\\/wp-content\\\/uploads\\\/2026\\\/04\\\/27828-Qjutie-Crochette-Trimming.jpg\",\"width\":2048,\"height\":2048},{\"@type\":\"BreadcrumbList\",\"@id\":\"https:\\\/\\\/alja.ch\\\/fr\\\/produit\\\/qjutie-etageres-au-crochet\\\/#breadcrumb\",\"itemListElement\":[{\"@type\":\"ListItem\",\"position\":1,\"name\":\"Startseite\",\"item\":\"https:\\\/\\\/alja.ch\\\/fr\\\/\"},{\"@type\":\"ListItem\",\"position\":2,\"name\":\"Boutique\",\"item\":\"https:\\\/\\\/alja.ch\\\/fr\\\/boutique\\\/\"},{\"@type\":\"ListItem\",\"position\":3,\"name\":\"Qjutie \u00e9tag\u00e8res au crochet\"}]},{\"@type\":\"WebSite\",\"@id\":\"https:\\\/\\\/alja.ch\\\/fr\\\/#website\",\"url\":\"https:\\\/\\\/alja.ch\\\/fr\\\/\",\"name\":\"Alja.ch\",\"description\":\"Stoffe &amp; Mercerie online einkaufen!\",\"publisher\":{\"@id\":\"https:\\\/\\\/alja.ch\\\/fr\\\/#organization\"},\"potentialAction\":[{\"@type\":\"SearchAction\",\"target\":{\"@type\":\"EntryPoint\",\"urlTemplate\":\"https:\\\/\\\/alja.ch\\\/fr\\\/?s={search_term_string}\"},\"query-input\":{\"@type\":\"PropertyValueSpecification\",\"valueRequired\":true,\"valueName\":\"search_term_string\"}}],\"inLanguage\":\"fr-FR\"},{\"@type\":\"Organization\",\"@id\":\"https:\\\/\\\/alja.ch\\\/fr\\\/#organization\",\"name\":\"ALJA Nouveau AG\",\"url\":\"https:\\\/\\\/alja.ch\\\/fr\\\/\",\"logo\":{\"@type\":\"ImageObject\",\"inLanguage\":\"fr-FR\",\"@id\":\"https:\\\/\\\/alja.ch\\\/fr\\\/#\\\/schema\\\/logo\\\/image\\\/\",\"url\":\"https:\\\/\\\/alja.ch\\\/wp-content\\\/uploads\\\/kg-logo-alja.png\",\"contentUrl\":\"https:\\\/\\\/alja.ch\\\/wp-content\\\/uploads\\\/kg-logo-alja.png\",\"width\":1000,\"height\":1000,\"caption\":\"ALJA Nouveau AG\"},\"image\":{\"@id\":\"https:\\\/\\\/alja.ch\\\/fr\\\/#\\\/schema\\\/logo\\\/image\\\/\"},\"sameAs\":[\"https:\\\/\\\/www.facebook.com\\\/aljastoffe\\\/\",\"https:\\\/\\\/www.instagram.com\\\/alja_stoffe_mercerie\\\/\",\"https:\\\/\\\/www.youtube.com\\\/channel\\\/UCf6430U9yN-o6rk-Nw4TDqA\"]}]}<\/script>\n<!-- \/ Yoast SEO plugin. -->","yoast_head_json":{"title":"Qjutie \u00e9tag\u00e8res au crochet &#8212; Acheter chez Alja.ch et mettre des accents !","description":"Embellis tes travaux de couture avec la bordure au crochet Qjutie. En 100 % polyester, id\u00e9al pour le style boho en vogue. D\u00e9couvre tout l'univers Qjutie !","robots":{"index":"index","follow":"follow","max-snippet":"max-snippet:-1","max-image-preview":"max-image-preview:large","max-video-preview":"max-video-preview:-1"},"canonical":"https:\/\/alja.ch\/fr\/produit\/qjutie-etageres-au-crochet\/","og_locale":"fr_FR","og_type":"article","og_title":"Qjutie \u00e9tag\u00e8res au crochet &#8212; Acheter chez Alja.ch et mettre des accents !","og_description":"Embellis tes travaux de couture avec la bordure au crochet Qjutie. En 100 % polyester, id\u00e9al pour le style boho en vogue. D\u00e9couvre tout l'univers Qjutie !","og_url":"https:\/\/alja.ch\/fr\/produit\/qjutie-etageres-au-crochet\/","og_site_name":"Alja.ch","article_publisher":"https:\/\/www.facebook.com\/aljastoffe\/","article_modified_time":"2026-04-10T13:17:48+00:00","og_image":[{"width":2048,"height":2048,"url":"https:\/\/alja.ch\/wp-content\/uploads\/2026\/04\/27828-Qjutie-Crochette-Trimming.jpg","type":"image\/jpeg"}],"twitter_card":"summary_large_image","twitter_misc":{"Dur\u00e9e de lecture estim\u00e9e":"2 minutes"},"schema":{"@context":"https:\/\/schema.org","@graph":[{"@type":"WebPage","@id":"https:\/\/alja.ch\/fr\/produit\/qjutie-etageres-au-crochet\/","url":"https:\/\/alja.ch\/fr\/produit\/qjutie-etageres-au-crochet\/","name":"Qjutie \u00e9tag\u00e8res au crochet &#8212; Acheter chez Alja.ch et mettre des accents !","isPartOf":{"@id":"https:\/\/alja.ch\/fr\/#website"},"primaryImageOfPage":{"@id":"https:\/\/alja.ch\/fr\/produit\/qjutie-etageres-au-crochet\/#primaryimage"},"image":{"@id":"https:\/\/alja.ch\/fr\/produit\/qjutie-etageres-au-crochet\/#primaryimage"},"thumbnailUrl":"https:\/\/alja.ch\/wp-content\/uploads\/2026\/04\/27828-Qjutie-Crochette-Trimming.jpg","datePublished":"2026-04-10T13:03:35+00:00","dateModified":"2026-04-10T13:17:48+00:00","description":"Embellis tes travaux de couture avec la bordure au crochet Qjutie. En 100 % polyester, id\u00e9al pour le style boho en vogue. D\u00e9couvre tout l'univers Qjutie !","breadcrumb":{"@id":"https:\/\/alja.ch\/fr\/produit\/qjutie-etageres-au-crochet\/#breadcrumb"},"inLanguage":"fr-FR","potentialAction":[{"@type":"ReadAction","target":["https:\/\/alja.ch\/fr\/produit\/qjutie-etageres-au-crochet\/"]}]},{"@type":"ImageObject","inLanguage":"fr-FR","@id":"https:\/\/alja.ch\/fr\/produit\/qjutie-etageres-au-crochet\/#primaryimage","url":"https:\/\/alja.ch\/wp-content\/uploads\/2026\/04\/27828-Qjutie-Crochette-Trimming.jpg","contentUrl":"https:\/\/alja.ch\/wp-content\/uploads\/2026\/04\/27828-Qjutie-Crochette-Trimming.jpg","width":2048,"height":2048},{"@type":"BreadcrumbList","@id":"https:\/\/alja.ch\/fr\/produit\/qjutie-etageres-au-crochet\/#breadcrumb","itemListElement":[{"@type":"ListItem","position":1,"name":"Startseite","item":"https:\/\/alja.ch\/fr\/"},{"@type":"ListItem","position":2,"name":"Boutique","item":"https:\/\/alja.ch\/fr\/boutique\/"},{"@type":"ListItem","position":3,"name":"Qjutie \u00e9tag\u00e8res au crochet"}]},{"@type":"WebSite","@id":"https:\/\/alja.ch\/fr\/#website","url":"https:\/\/alja.ch\/fr\/","name":"Alja.ch","description":"Stoffe &amp; Mercerie online einkaufen!","publisher":{"@id":"https:\/\/alja.ch\/fr\/#organization"},"potentialAction":[{"@type":"SearchAction","target":{"@type":"EntryPoint","urlTemplate":"https:\/\/alja.ch\/fr\/?s={search_term_string}"},"query-input":{"@type":"PropertyValueSpecification","valueRequired":true,"valueName":"search_term_string"}}],"inLanguage":"fr-FR"},{"@type":"Organization","@id":"https:\/\/alja.ch\/fr\/#organization","name":"ALJA Nouveau AG","url":"https:\/\/alja.ch\/fr\/","logo":{"@type":"ImageObject","inLanguage":"fr-FR","@id":"https:\/\/alja.ch\/fr\/#\/schema\/logo\/image\/","url":"https:\/\/alja.ch\/wp-content\/uploads\/kg-logo-alja.png","contentUrl":"https:\/\/alja.ch\/wp-content\/uploads\/kg-logo-alja.png","width":1000,"height":1000,"caption":"ALJA Nouveau AG"},"image":{"@id":"https:\/\/alja.ch\/fr\/#\/schema\/logo\/image\/"},"sameAs":["https:\/\/www.facebook.com\/aljastoffe\/","https:\/\/www.instagram.com\/alja_stoffe_mercerie\/","https:\/\/www.youtube.com\/channel\/UCf6430U9yN-o6rk-Nw4TDqA"]}]}},"_links":{"self":[{"href":"https:\/\/alja.ch\/fr\/wp-json\/wp\/v2\/product\/52431","targetHints":{"allow":["GET"]}}],"collection":[{"href":"https:\/\/alja.ch\/fr\/wp-json\/wp\/v2\/product"}],"about":[{"href":"https:\/\/alja.ch\/fr\/wp-json\/wp\/v2\/types\/product"}],"replies":[{"embeddable":true,"href":"https:\/\/alja.ch\/fr\/wp-json\/wp\/v2\/comments?post=52431"}],"wp:featuredmedia":[{"embeddable":true,"href":"https:\/\/alja.ch\/fr\/wp-json\/wp\/v2\/media\/52432"}],"wp:attachment":[{"href":"https:\/\/alja.ch\/fr\/wp-json\/wp\/v2\/media?parent=52431"}],"wp:term":[{"taxonomy":"product_brand","embeddable":true,"href":"https:\/\/alja.ch\/fr\/wp-json\/wp\/v2\/product_brand?post=52431"},{"taxonomy":"product_cat","embeddable":true,"href":"https:\/\/alja.ch\/fr\/wp-json\/wp\/v2\/product_cat?post=52431"},{"taxonomy":"product_tag","embeddable":true,"href":"https:\/\/alja.ch\/fr\/wp-json\/wp\/v2\/product_tag?post=52431"}],"curies":[{"name":"wp","href":"https:\/\/api.w.org\/{rel}","templated":true}]}}