{"id":51949,"date":"2026-03-30T14:21:31","date_gmt":"2026-03-30T12:21:31","guid":{"rendered":"https:\/\/alja.ch\/produkt\/qjutie-4-layer-bambino-salmon-saumon\/"},"modified":"2026-03-30T16:26:54","modified_gmt":"2026-03-30T14:26:54","slug":"qjutie-4-layer-bambino-salmon-saumon","status":"publish","type":"product","link":"https:\/\/alja.ch\/fr\/produit\/qjutie-4-layer-bambino-salmon-saumon\/","title":{"rendered":"QJUTIE 4-Layer Bambino \u00a0\u00bbSalmon\u00a0\u00bb (saumon)"},"content":{"rendered":"<p data-path-to-node=\"10\">D\u00e9couvrez la nouvelle l\u00e9g\u00e8ret\u00e9 : le \u00a0\u00bb4-Layer Bambino\u00a0\u00bb de QJUTIE est un v\u00e9ritable miracle de tissu. Gr\u00e2ce \u00e0 la technique de tissage sp\u00e9ciale, quatre couches de gaze de coton fine sont superpos\u00e9es, ce qui conf\u00e8re au tissu un toucher unique, presque ouat\u00e9. Il est opaque, a un magnifique tomb\u00e9 et devient encore plus bouffant et doux \u00e0 chaque lavage.  <\/p>\n<p data-path-to-node=\"11\">Gr\u00e2ce \u00e0 la fibre purement naturelle, le tissu est hautement respirant et r\u00e9gule l&rsquo;humidit\u00e9. Sa couleur moderne Salmon conf\u00e8re \u00e0 chaque projet un aspect chaleureux et raffin\u00e9. Avec une largeur de <b data-path-to-node=\"11\" data-index-in-node=\"190\">130 cm<\/b>, il convient parfaitement aux v\u00eatements qui peuvent \u00eatre port\u00e9s aussi bien en \u00e9t\u00e9 qu&rsquo;\u00e0 l&rsquo;intersaison.  <\/p>\n<p data-path-to-node=\"14\"><b data-path-to-node=\"14\" data-index-in-node=\"0\">Id\u00e9es d&rsquo;application :<\/b><\/p>\n<ul data-path-to-node=\"15\">\n<li>\n<p data-path-to-node=\"15,0,0\"><b data-path-to-node=\"15,0,0\" data-index-in-node=\"0\">Mode enfantine :<\/b> combinaisons douillettes, petites vestes douces, jupes ou pantalons bouffants confortables.<\/p>\n<\/li>\n<li>\n<p data-path-to-node=\"15,1,0\"><b data-path-to-node=\"15,1,0\" data-index-in-node=\"0\">B\u00e9b\u00e9 :<\/b> couvertures, sacs de couchage, nids ou crachoirs \u00e9pais de haute qualit\u00e9.<\/p>\n<\/li>\n<li>\n<p data-path-to-node=\"15,2,0\"><b data-path-to-node=\"15,2,0\" data-index-in-node=\"0\">Accessoires :<\/b> de volumineuses \u00e9charpes en mousseline (foulards XL) ou des coussins d\u00e9coratifs pour la chambre d&rsquo;enfant.<\/p>\n<\/li>\n<\/ul>\n","protected":false},"excerpt":{"rendered":"<p>Facteur de douceur garanti ! Le <b data-path-to-node=\"7\" data-index-in-node=\"30\">QJUTIE 4-Layer Bambino<\/b> en saumon d\u00e9licat est un tissu multicouche luxueux <b data-path-to-node=\"7\" data-index-in-node=\"109\">100% coton<\/b>. Avec ses quatre couches ultra-douces reli\u00e9es entre elles par des points, il est beaucoup plus volumineux et doux que la mousseline classique. C&rsquo;est le choix parfait pour <b data-path-to-node=\"7\" data-index-in-node=\"291\">la mode enfantine<\/b> haut de gamme, les couvertures douillettes et tout ce qui doit \u00eatre particuli\u00e8rement doux pour la peau.   <\/p>\n","protected":false},"featured_media":51962,"comment_status":"closed","ping_status":"closed","template":"","meta":{"_acf_changed":false},"product_brand":[],"product_cat":[253,4671,153,1956],"product_tag":[5886,5887,5891,5893,5889],"class_list":{"0":"post-51949","1":"product","2":"type-product","3":"status-publish","4":"has-post-thumbnail","6":"product_cat-enfants","7":"product_cat-qjutie-the-qjutest-edition-3","8":"product_cat-tissus","9":"product_cat-tissus-printemps-et-ete-pour-enfants","10":"product_tag-mousseline-4-couches","11":"product_tag-qjutie-bambino-saumon","12":"product_tag-tissu-au-metre-quadruple-gauze","13":"product_tag-tissu-oeko-tex-pour-enfants","14":"product_tag-tissu-tetra-coton","15":"product_shipping_class-colis-standard","17":"first","18":"instock","19":"shipping-taxable","20":"purchasable","21":"product-type-simple"},"acf":[],"yoast_head":"<!-- This site is optimized with the Yoast SEO plugin v27.4 - https:\/\/yoast.com\/product\/yoast-seo-wordpress\/ -->\n<title>QJUTIE 4-Layer Bambino &quot;Salmon&quot; (saumon)<\/title>\n<meta name=\"description\" content=\"Tissu luxueux QJUTIE 4-Layer Bambino, 100% coton. Mousseline 4 couches en saumon, largeur 130 cm. Doux, opaque &amp; respirant.\" \/>\n<meta name=\"robots\" content=\"index, follow, max-snippet:-1, max-image-preview:large, max-video-preview:-1\" \/>\n<link rel=\"canonical\" href=\"https:\/\/alja.ch\/fr\/produit\/qjutie-4-layer-bambino-salmon-saumon\/\" \/>\n<meta property=\"og:locale\" content=\"fr_FR\" \/>\n<meta property=\"og:type\" content=\"article\" \/>\n<meta property=\"og:title\" content=\"QJUTIE 4-Layer Bambino &quot;Salmon&quot; (saumon)\" \/>\n<meta property=\"og:description\" content=\"Tissu luxueux QJUTIE 4-Layer Bambino, 100% coton. Mousseline 4 couches en saumon, largeur 130 cm. Doux, opaque &amp; respirant.\" \/>\n<meta property=\"og:url\" content=\"https:\/\/alja.ch\/fr\/produit\/qjutie-4-layer-bambino-salmon-saumon\/\" \/>\n<meta property=\"og:site_name\" content=\"Alja.ch\" \/>\n<meta property=\"article:publisher\" content=\"https:\/\/www.facebook.com\/aljastoffe\/\" \/>\n<meta property=\"article:modified_time\" content=\"2026-03-30T14:26:54+00:00\" \/>\n<meta property=\"og:image\" content=\"https:\/\/alja.ch\/wp-content\/uploads\/2026\/03\/K42050-330_5-scaled.jpg\" \/>\n\t<meta property=\"og:image:width\" content=\"2560\" \/>\n\t<meta property=\"og:image:height\" content=\"2560\" \/>\n\t<meta property=\"og:image:type\" content=\"image\/jpeg\" \/>\n<meta name=\"twitter:card\" content=\"summary_large_image\" \/>\n<meta name=\"twitter:label1\" content=\"Dur\u00e9e de lecture estim\u00e9e\" \/>\n\t<meta name=\"twitter:data1\" content=\"1 minute\" \/>\n<script type=\"application\/ld+json\" class=\"yoast-schema-graph\">{\"@context\":\"https:\\\/\\\/schema.org\",\"@graph\":[{\"@type\":\"WebPage\",\"@id\":\"https:\\\/\\\/alja.ch\\\/fr\\\/produit\\\/qjutie-4-layer-bambino-salmon-saumon\\\/\",\"url\":\"https:\\\/\\\/alja.ch\\\/fr\\\/produit\\\/qjutie-4-layer-bambino-salmon-saumon\\\/\",\"name\":\"QJUTIE 4-Layer Bambino \\\"Salmon\\\" (saumon)\",\"isPartOf\":{\"@id\":\"https:\\\/\\\/alja.ch\\\/fr\\\/#website\"},\"primaryImageOfPage\":{\"@id\":\"https:\\\/\\\/alja.ch\\\/fr\\\/produit\\\/qjutie-4-layer-bambino-salmon-saumon\\\/#primaryimage\"},\"image\":{\"@id\":\"https:\\\/\\\/alja.ch\\\/fr\\\/produit\\\/qjutie-4-layer-bambino-salmon-saumon\\\/#primaryimage\"},\"thumbnailUrl\":\"https:\\\/\\\/alja.ch\\\/wp-content\\\/uploads\\\/2026\\\/03\\\/K42050-330_5-scaled.jpg\",\"datePublished\":\"2026-03-30T12:21:31+00:00\",\"dateModified\":\"2026-03-30T14:26:54+00:00\",\"description\":\"Tissu luxueux QJUTIE 4-Layer Bambino, 100% coton. Mousseline 4 couches en saumon, largeur 130 cm. Doux, opaque & respirant.\",\"breadcrumb\":{\"@id\":\"https:\\\/\\\/alja.ch\\\/fr\\\/produit\\\/qjutie-4-layer-bambino-salmon-saumon\\\/#breadcrumb\"},\"inLanguage\":\"fr-FR\",\"potentialAction\":[{\"@type\":\"ReadAction\",\"target\":[\"https:\\\/\\\/alja.ch\\\/fr\\\/produit\\\/qjutie-4-layer-bambino-salmon-saumon\\\/\"]}]},{\"@type\":\"ImageObject\",\"inLanguage\":\"fr-FR\",\"@id\":\"https:\\\/\\\/alja.ch\\\/fr\\\/produit\\\/qjutie-4-layer-bambino-salmon-saumon\\\/#primaryimage\",\"url\":\"https:\\\/\\\/alja.ch\\\/wp-content\\\/uploads\\\/2026\\\/03\\\/K42050-330_5-scaled.jpg\",\"contentUrl\":\"https:\\\/\\\/alja.ch\\\/wp-content\\\/uploads\\\/2026\\\/03\\\/K42050-330_5-scaled.jpg\",\"width\":2560,\"height\":2560},{\"@type\":\"BreadcrumbList\",\"@id\":\"https:\\\/\\\/alja.ch\\\/fr\\\/produit\\\/qjutie-4-layer-bambino-salmon-saumon\\\/#breadcrumb\",\"itemListElement\":[{\"@type\":\"ListItem\",\"position\":1,\"name\":\"Startseite\",\"item\":\"https:\\\/\\\/alja.ch\\\/fr\\\/\"},{\"@type\":\"ListItem\",\"position\":2,\"name\":\"Boutique\",\"item\":\"https:\\\/\\\/alja.ch\\\/fr\\\/boutique\\\/\"},{\"@type\":\"ListItem\",\"position\":3,\"name\":\"QJUTIE 4-Layer Bambino &#8220;Salmon&#8220; (saumon)\"}]},{\"@type\":\"WebSite\",\"@id\":\"https:\\\/\\\/alja.ch\\\/fr\\\/#website\",\"url\":\"https:\\\/\\\/alja.ch\\\/fr\\\/\",\"name\":\"Alja.ch\",\"description\":\"Stoffe &amp; Mercerie online einkaufen!\",\"publisher\":{\"@id\":\"https:\\\/\\\/alja.ch\\\/fr\\\/#organization\"},\"potentialAction\":[{\"@type\":\"SearchAction\",\"target\":{\"@type\":\"EntryPoint\",\"urlTemplate\":\"https:\\\/\\\/alja.ch\\\/fr\\\/?s={search_term_string}\"},\"query-input\":{\"@type\":\"PropertyValueSpecification\",\"valueRequired\":true,\"valueName\":\"search_term_string\"}}],\"inLanguage\":\"fr-FR\"},{\"@type\":\"Organization\",\"@id\":\"https:\\\/\\\/alja.ch\\\/fr\\\/#organization\",\"name\":\"ALJA Nouveau AG\",\"url\":\"https:\\\/\\\/alja.ch\\\/fr\\\/\",\"logo\":{\"@type\":\"ImageObject\",\"inLanguage\":\"fr-FR\",\"@id\":\"https:\\\/\\\/alja.ch\\\/fr\\\/#\\\/schema\\\/logo\\\/image\\\/\",\"url\":\"https:\\\/\\\/alja.ch\\\/wp-content\\\/uploads\\\/kg-logo-alja.png\",\"contentUrl\":\"https:\\\/\\\/alja.ch\\\/wp-content\\\/uploads\\\/kg-logo-alja.png\",\"width\":1000,\"height\":1000,\"caption\":\"ALJA Nouveau AG\"},\"image\":{\"@id\":\"https:\\\/\\\/alja.ch\\\/fr\\\/#\\\/schema\\\/logo\\\/image\\\/\"},\"sameAs\":[\"https:\\\/\\\/www.facebook.com\\\/aljastoffe\\\/\",\"https:\\\/\\\/www.instagram.com\\\/alja_stoffe_mercerie\\\/\",\"https:\\\/\\\/www.youtube.com\\\/channel\\\/UCf6430U9yN-o6rk-Nw4TDqA\"]}]}<\/script>\n<!-- \/ Yoast SEO plugin. -->","yoast_head_json":{"title":"QJUTIE 4-Layer Bambino \"Salmon\" (saumon)","description":"Tissu luxueux QJUTIE 4-Layer Bambino, 100% coton. Mousseline 4 couches en saumon, largeur 130 cm. Doux, opaque & respirant.","robots":{"index":"index","follow":"follow","max-snippet":"max-snippet:-1","max-image-preview":"max-image-preview:large","max-video-preview":"max-video-preview:-1"},"canonical":"https:\/\/alja.ch\/fr\/produit\/qjutie-4-layer-bambino-salmon-saumon\/","og_locale":"fr_FR","og_type":"article","og_title":"QJUTIE 4-Layer Bambino \"Salmon\" (saumon)","og_description":"Tissu luxueux QJUTIE 4-Layer Bambino, 100% coton. Mousseline 4 couches en saumon, largeur 130 cm. Doux, opaque & respirant.","og_url":"https:\/\/alja.ch\/fr\/produit\/qjutie-4-layer-bambino-salmon-saumon\/","og_site_name":"Alja.ch","article_publisher":"https:\/\/www.facebook.com\/aljastoffe\/","article_modified_time":"2026-03-30T14:26:54+00:00","og_image":[{"width":2560,"height":2560,"url":"https:\/\/alja.ch\/wp-content\/uploads\/2026\/03\/K42050-330_5-scaled.jpg","type":"image\/jpeg"}],"twitter_card":"summary_large_image","twitter_misc":{"Dur\u00e9e de lecture estim\u00e9e":"1 minute"},"schema":{"@context":"https:\/\/schema.org","@graph":[{"@type":"WebPage","@id":"https:\/\/alja.ch\/fr\/produit\/qjutie-4-layer-bambino-salmon-saumon\/","url":"https:\/\/alja.ch\/fr\/produit\/qjutie-4-layer-bambino-salmon-saumon\/","name":"QJUTIE 4-Layer Bambino \"Salmon\" (saumon)","isPartOf":{"@id":"https:\/\/alja.ch\/fr\/#website"},"primaryImageOfPage":{"@id":"https:\/\/alja.ch\/fr\/produit\/qjutie-4-layer-bambino-salmon-saumon\/#primaryimage"},"image":{"@id":"https:\/\/alja.ch\/fr\/produit\/qjutie-4-layer-bambino-salmon-saumon\/#primaryimage"},"thumbnailUrl":"https:\/\/alja.ch\/wp-content\/uploads\/2026\/03\/K42050-330_5-scaled.jpg","datePublished":"2026-03-30T12:21:31+00:00","dateModified":"2026-03-30T14:26:54+00:00","description":"Tissu luxueux QJUTIE 4-Layer Bambino, 100% coton. Mousseline 4 couches en saumon, largeur 130 cm. Doux, opaque & respirant.","breadcrumb":{"@id":"https:\/\/alja.ch\/fr\/produit\/qjutie-4-layer-bambino-salmon-saumon\/#breadcrumb"},"inLanguage":"fr-FR","potentialAction":[{"@type":"ReadAction","target":["https:\/\/alja.ch\/fr\/produit\/qjutie-4-layer-bambino-salmon-saumon\/"]}]},{"@type":"ImageObject","inLanguage":"fr-FR","@id":"https:\/\/alja.ch\/fr\/produit\/qjutie-4-layer-bambino-salmon-saumon\/#primaryimage","url":"https:\/\/alja.ch\/wp-content\/uploads\/2026\/03\/K42050-330_5-scaled.jpg","contentUrl":"https:\/\/alja.ch\/wp-content\/uploads\/2026\/03\/K42050-330_5-scaled.jpg","width":2560,"height":2560},{"@type":"BreadcrumbList","@id":"https:\/\/alja.ch\/fr\/produit\/qjutie-4-layer-bambino-salmon-saumon\/#breadcrumb","itemListElement":[{"@type":"ListItem","position":1,"name":"Startseite","item":"https:\/\/alja.ch\/fr\/"},{"@type":"ListItem","position":2,"name":"Boutique","item":"https:\/\/alja.ch\/fr\/boutique\/"},{"@type":"ListItem","position":3,"name":"QJUTIE 4-Layer Bambino &#8220;Salmon&#8220; (saumon)"}]},{"@type":"WebSite","@id":"https:\/\/alja.ch\/fr\/#website","url":"https:\/\/alja.ch\/fr\/","name":"Alja.ch","description":"Stoffe &amp; Mercerie online einkaufen!","publisher":{"@id":"https:\/\/alja.ch\/fr\/#organization"},"potentialAction":[{"@type":"SearchAction","target":{"@type":"EntryPoint","urlTemplate":"https:\/\/alja.ch\/fr\/?s={search_term_string}"},"query-input":{"@type":"PropertyValueSpecification","valueRequired":true,"valueName":"search_term_string"}}],"inLanguage":"fr-FR"},{"@type":"Organization","@id":"https:\/\/alja.ch\/fr\/#organization","name":"ALJA Nouveau AG","url":"https:\/\/alja.ch\/fr\/","logo":{"@type":"ImageObject","inLanguage":"fr-FR","@id":"https:\/\/alja.ch\/fr\/#\/schema\/logo\/image\/","url":"https:\/\/alja.ch\/wp-content\/uploads\/kg-logo-alja.png","contentUrl":"https:\/\/alja.ch\/wp-content\/uploads\/kg-logo-alja.png","width":1000,"height":1000,"caption":"ALJA Nouveau AG"},"image":{"@id":"https:\/\/alja.ch\/fr\/#\/schema\/logo\/image\/"},"sameAs":["https:\/\/www.facebook.com\/aljastoffe\/","https:\/\/www.instagram.com\/alja_stoffe_mercerie\/","https:\/\/www.youtube.com\/channel\/UCf6430U9yN-o6rk-Nw4TDqA"]}]}},"_links":{"self":[{"href":"https:\/\/alja.ch\/fr\/wp-json\/wp\/v2\/product\/51949","targetHints":{"allow":["GET"]}}],"collection":[{"href":"https:\/\/alja.ch\/fr\/wp-json\/wp\/v2\/product"}],"about":[{"href":"https:\/\/alja.ch\/fr\/wp-json\/wp\/v2\/types\/product"}],"replies":[{"embeddable":true,"href":"https:\/\/alja.ch\/fr\/wp-json\/wp\/v2\/comments?post=51949"}],"wp:featuredmedia":[{"embeddable":true,"href":"https:\/\/alja.ch\/fr\/wp-json\/wp\/v2\/media\/51962"}],"wp:attachment":[{"href":"https:\/\/alja.ch\/fr\/wp-json\/wp\/v2\/media?parent=51949"}],"wp:term":[{"taxonomy":"product_brand","embeddable":true,"href":"https:\/\/alja.ch\/fr\/wp-json\/wp\/v2\/product_brand?post=51949"},{"taxonomy":"product_cat","embeddable":true,"href":"https:\/\/alja.ch\/fr\/wp-json\/wp\/v2\/product_cat?post=51949"},{"taxonomy":"product_tag","embeddable":true,"href":"https:\/\/alja.ch\/fr\/wp-json\/wp\/v2\/product_tag?post=51949"}],"curies":[{"name":"wp","href":"https:\/\/api.w.org\/{rel}","templated":true}]}}