{"id":51259,"date":"2026-03-18T14:22:12","date_gmt":"2026-03-18T13:22:12","guid":{"rendered":"https:\/\/alja.ch\/produkt\/noble-chambre-a-rayures-melangees\/"},"modified":"2026-03-18T14:23:51","modified_gmt":"2026-03-18T13:23:51","slug":"noble-chambre-a-rayures-melangees","status":"publish","type":"product","link":"https:\/\/alja.ch\/fr\/produit\/noble-chambre-a-rayures-melangees\/","title":{"rendered":"Noble chambr\u00e9 \u00e0 rayures m\u00e9lang\u00e9es"},"content":{"rendered":"<p data-path-to-node=\"6\"><b data-path-to-node=\"6\" data-index-in-node=\"0\">L&rsquo;\u00e9l\u00e9gance intemporelle rencontre la l\u00e9g\u00e8ret\u00e9 naturelle !<\/b>  Notre Chambr\u00e9 Melange est un v\u00e9ritable classique pour les projets de mode exigeants. Le <b data-path-to-node=\"6\" data-index-in-node=\"154\">proc\u00e9d\u00e9<\/b> sp\u00e9cial <b data-path-to-node=\"6\" data-index-in-node=\"154\">de teinture au fil (Yarn Died)<\/b> permet d&rsquo;obtenir des teintes particuli\u00e8rement vives avec un aspect m\u00e9lang\u00e9 doux qui conf\u00e8re au tissu profondeur et caract\u00e8re. <\/p>\n<p data-path-to-node=\"7\"><b data-path-to-node=\"7\" data-index-in-node=\"0\">Trois couleurs pour votre look d&rsquo;\u00e9t\u00e9 :<\/b> choisissez parmi nos trois variantes de couleurs styl\u00e9es, qui se distinguent par leurs fines rayures :<\/p>\n<ul data-path-to-node=\"8\">\n<li>\n<p data-path-to-node=\"8,0,0\"><b data-path-to-node=\"8,0,0\" data-index-in-node=\"0\">Lavender :<\/b> un bleu frais et clair pour les chemises et chemisiers classiques.<\/p>\n<\/li>\n<li>\n<p data-path-to-node=\"8,1,0\"><b data-path-to-node=\"8,1,0\" data-index-in-node=\"0\">Vert lime :<\/b> un ton discret et moderne qui s&rsquo;accorde avec tout.<\/p>\n<\/li>\n<li>\n<p data-path-to-node=\"8,2,0\"><b data-path-to-node=\"8,2,0\" data-index-in-node=\"0\">Dark Mint :<\/b> le choix naturel pour un look lin authentique.<\/p>\n<\/li>\n<\/ul>\n<p data-path-to-node=\"9\"><b data-path-to-node=\"9\" data-index-in-node=\"0\">Des caract\u00e9ristiques de qualit\u00e9 pour un confort maximal :<\/b> la composition des mat\u00e9riaux r\u00e9unit le meilleur de deux mondes :<\/p>\n<ul data-path-to-node=\"10\">\n<li>\n<p data-path-to-node=\"10,0,0\"><b data-path-to-node=\"10,0,0\" data-index-in-node=\"0\">La nature \u00e0 l&rsquo;\u00e9tat pur :<\/b> le m\u00e9lange de <b data-path-to-node=\"10,0,0\" data-index-in-node=\"28\">55% de lin (LI) et de 45% de coton (CO)<\/b> assure une r\u00e9gulation optimale de la temp\u00e9rature. Le lin a un effet rafra\u00eechissant, tandis que le coton assure un toucher plus doux. <\/p>\n<\/li>\n<li>\n<p data-path-to-node=\"10,1,0\"><b data-path-to-node=\"10,1,0\" data-index-in-node=\"0\">Texture l\u00e9g\u00e8re :<\/b> avec un poids de <b data-path-to-node=\"10,1,0\" data-index-in-node=\"38\">160 g\/m\u00b2<\/b>, le tissu est agr\u00e9ablement l\u00e9ger et a\u00e9r\u00e9 - parfait pour les journ\u00e9es chaudes, sans \u00eatre trop transparent.<\/p>\n<\/li>\n<li>\n<p data-path-to-node=\"10,2,0\"><b data-path-to-node=\"10,2,0\" data-index-in-node=\"0\">Aspect authentique :<\/b> comme le tissu n&rsquo;est pas \u00e9lastique<b data-path-to-node=\"10,2,0\" data-index-in-node=\"54\">(pas de stretch<\/b>), il conserve son aspect tiss\u00e9 noble et l\u00e9g\u00e8rement structur\u00e9 et convient parfaitement aux coupes classiques.<\/p>\n<\/li>\n<li>\n<p data-path-to-node=\"10,3,0\"><b data-path-to-node=\"10,3,0\" data-index-in-node=\"0\">S\u00e9curit\u00e9 :<\/b> Certifi\u00e9 selon l <b data-path-to-node=\"10,3,0\" data-index-in-node=\"30\">&lsquo;Oeko-Tex Standard 100 (classe de produit I)<\/b> - garanti sans substances nocives et convient m\u00eame parfaitement aux peaux sensibles (et aux b\u00e9b\u00e9s).<\/p>\n<\/li>\n<\/ul>\n<p data-path-to-node=\"11\"><b data-path-to-node=\"11\" data-index-in-node=\"0\">Id\u00e9es d&rsquo;application :<\/b> Ce tissu de mode est le choix id\u00e9al pour les v\u00eatements de qualit\u00e9 :<\/p>\n<ul data-path-to-node=\"12\">\n<li>\n<p data-path-to-node=\"12,0,0\">Chemises d&rsquo;\u00e9t\u00e9 a\u00e9r\u00e9es et chemisiers \u00e9l\u00e9gants.<\/p>\n<\/li>\n<li>\n<p data-path-to-node=\"12,1,0\">Des robes d&rsquo;\u00e9t\u00e9 l\u00e9g\u00e8res, des jupes et des pantalons larges de type palazzo.<\/p>\n<\/li>\n<li>\n<p data-path-to-node=\"12,2,0\">V\u00eatements \u00e9l\u00e9gants pour enfants pour les occasions festives.<\/p>\n<\/li>\n<li>\n<p data-path-to-node=\"12,3,0\">Housses de coussin d\u00e9coratives ou linge de table l\u00e9ger de style campagnard.<\/p>\n<\/li>\n<\/ul>\n","protected":false},"excerpt":{"rendered":"<p>Chambr\u00e9 m\u00e9lang\u00e9 <b data-path-to-node=\"10,1,0\" data-index-in-node=\"38\">160 g\/m\u00b2<\/b> de grande qualit\u00e9 avec des rayures classiques teintes en fil. Le noble m\u00e9lange de <b data-path-to-node=\"15\" data-index-in-node=\"105\">55% de lin et 45% de coton<\/b> est l\u00e9ger et a\u00e9r\u00e9, doux pour la peau et ind\u00e9formable. Disponible en trois couleurs intemporelles - Certifi\u00e9 Oeko-Tex classe I pour un confort \u00e0 la mode maximal.  <\/p>\n","protected":false},"featured_media":51268,"comment_status":"closed","ping_status":"closed","template":"","meta":{"_acf_changed":false},"product_brand":[],"product_cat":[162,153,571],"product_tag":[5566,5472],"class_list":{"0":"post-51259","1":"product","2":"type-product","3":"status-publish","4":"has-post-thumbnail","6":"product_cat-mode","7":"product_cat-tissus","8":"product_cat-tissus-en-lin","9":"product_tag-chambre","10":"product_tag-tissu-a-rayures","11":"product_shipping_class-colis-standard","13":"first","14":"instock","15":"shipping-taxable","16":"purchasable","17":"product-type-variable"},"acf":[],"yoast_head":"<!-- This site is optimized with the Yoast SEO plugin v27.4 - https:\/\/yoast.com\/product\/yoast-seo-wordpress\/ -->\n<title>Noble chambr\u00e9 \u00e0 rayures m\u00e9lang\u00e9es &#8212; Alja.ch<\/title>\n<meta name=\"description\" content=\"Acheter le tissu Chambr\u00e9 Melange : M\u00e9lange noble de lin et de coton avec des rayures teint\u00e9es dans la masse. L\u00e9ger 160 g\/m\u00b2 respirant &amp; certifi\u00e9 Oeko-Tex.\" \/>\n<meta name=\"robots\" content=\"index, follow, max-snippet:-1, max-image-preview:large, max-video-preview:-1\" \/>\n<link rel=\"canonical\" href=\"https:\/\/alja.ch\/fr\/produit\/noble-chambre-a-rayures-melangees\/\" \/>\n<meta property=\"og:locale\" content=\"fr_FR\" \/>\n<meta property=\"og:type\" content=\"article\" \/>\n<meta property=\"og:title\" content=\"Noble chambr\u00e9 \u00e0 rayures m\u00e9lang\u00e9es &#8212; Alja.ch\" \/>\n<meta property=\"og:description\" content=\"Acheter le tissu Chambr\u00e9 Melange : M\u00e9lange noble de lin et de coton avec des rayures teint\u00e9es dans la masse. L\u00e9ger 160 g\/m\u00b2 respirant &amp; certifi\u00e9 Oeko-Tex.\" \/>\n<meta property=\"og:url\" content=\"https:\/\/alja.ch\/fr\/produit\/noble-chambre-a-rayures-melangees\/\" \/>\n<meta property=\"og:site_name\" content=\"Alja.ch\" \/>\n<meta property=\"article:publisher\" content=\"https:\/\/www.facebook.com\/aljastoffe\/\" \/>\n<meta property=\"article:modified_time\" content=\"2026-03-18T13:23:51+00:00\" \/>\n<meta property=\"og:image\" content=\"https:\/\/alja.ch\/wp-content\/uploads\/2026\/03\/27525.webp\" \/>\n\t<meta property=\"og:image:width\" content=\"620\" \/>\n\t<meta property=\"og:image:height\" content=\"620\" \/>\n\t<meta property=\"og:image:type\" content=\"image\/webp\" \/>\n<meta name=\"twitter:card\" content=\"summary_large_image\" \/>\n<meta name=\"twitter:label1\" content=\"Dur\u00e9e de lecture estim\u00e9e\" \/>\n\t<meta name=\"twitter:data1\" content=\"2 minutes\" \/>\n<script type=\"application\/ld+json\" class=\"yoast-schema-graph\">{\"@context\":\"https:\\\/\\\/schema.org\",\"@graph\":[{\"@type\":\"WebPage\",\"@id\":\"https:\\\/\\\/alja.ch\\\/fr\\\/produit\\\/noble-chambre-a-rayures-melangees\\\/\",\"url\":\"https:\\\/\\\/alja.ch\\\/fr\\\/produit\\\/noble-chambre-a-rayures-melangees\\\/\",\"name\":\"Noble chambr\u00e9 \u00e0 rayures m\u00e9lang\u00e9es &#8212; Alja.ch\",\"isPartOf\":{\"@id\":\"https:\\\/\\\/alja.ch\\\/fr\\\/#website\"},\"primaryImageOfPage\":{\"@id\":\"https:\\\/\\\/alja.ch\\\/fr\\\/produit\\\/noble-chambre-a-rayures-melangees\\\/#primaryimage\"},\"image\":{\"@id\":\"https:\\\/\\\/alja.ch\\\/fr\\\/produit\\\/noble-chambre-a-rayures-melangees\\\/#primaryimage\"},\"thumbnailUrl\":\"https:\\\/\\\/alja.ch\\\/wp-content\\\/uploads\\\/2026\\\/03\\\/27525.webp\",\"datePublished\":\"2026-03-18T13:22:12+00:00\",\"dateModified\":\"2026-03-18T13:23:51+00:00\",\"description\":\"Acheter le tissu Chambr\u00e9 Melange : M\u00e9lange noble de lin et de coton avec des rayures teint\u00e9es dans la masse. L\u00e9ger 160 g\\\/m\u00b2 respirant & certifi\u00e9 Oeko-Tex.\",\"breadcrumb\":{\"@id\":\"https:\\\/\\\/alja.ch\\\/fr\\\/produit\\\/noble-chambre-a-rayures-melangees\\\/#breadcrumb\"},\"inLanguage\":\"fr-FR\",\"potentialAction\":[{\"@type\":\"ReadAction\",\"target\":[\"https:\\\/\\\/alja.ch\\\/fr\\\/produit\\\/noble-chambre-a-rayures-melangees\\\/\"]}]},{\"@type\":\"ImageObject\",\"inLanguage\":\"fr-FR\",\"@id\":\"https:\\\/\\\/alja.ch\\\/fr\\\/produit\\\/noble-chambre-a-rayures-melangees\\\/#primaryimage\",\"url\":\"https:\\\/\\\/alja.ch\\\/wp-content\\\/uploads\\\/2026\\\/03\\\/27525.webp\",\"contentUrl\":\"https:\\\/\\\/alja.ch\\\/wp-content\\\/uploads\\\/2026\\\/03\\\/27525.webp\",\"width\":620,\"height\":620},{\"@type\":\"BreadcrumbList\",\"@id\":\"https:\\\/\\\/alja.ch\\\/fr\\\/produit\\\/noble-chambre-a-rayures-melangees\\\/#breadcrumb\",\"itemListElement\":[{\"@type\":\"ListItem\",\"position\":1,\"name\":\"Startseite\",\"item\":\"https:\\\/\\\/alja.ch\\\/fr\\\/\"},{\"@type\":\"ListItem\",\"position\":2,\"name\":\"Boutique\",\"item\":\"https:\\\/\\\/alja.ch\\\/fr\\\/boutique\\\/\"},{\"@type\":\"ListItem\",\"position\":3,\"name\":\"Noble chambr\u00e9 \u00e0 rayures m\u00e9lang\u00e9es\"}]},{\"@type\":\"WebSite\",\"@id\":\"https:\\\/\\\/alja.ch\\\/fr\\\/#website\",\"url\":\"https:\\\/\\\/alja.ch\\\/fr\\\/\",\"name\":\"Alja.ch\",\"description\":\"Stoffe &amp; Mercerie online einkaufen!\",\"publisher\":{\"@id\":\"https:\\\/\\\/alja.ch\\\/fr\\\/#organization\"},\"potentialAction\":[{\"@type\":\"SearchAction\",\"target\":{\"@type\":\"EntryPoint\",\"urlTemplate\":\"https:\\\/\\\/alja.ch\\\/fr\\\/?s={search_term_string}\"},\"query-input\":{\"@type\":\"PropertyValueSpecification\",\"valueRequired\":true,\"valueName\":\"search_term_string\"}}],\"inLanguage\":\"fr-FR\"},{\"@type\":\"Organization\",\"@id\":\"https:\\\/\\\/alja.ch\\\/fr\\\/#organization\",\"name\":\"ALJA Nouveau AG\",\"url\":\"https:\\\/\\\/alja.ch\\\/fr\\\/\",\"logo\":{\"@type\":\"ImageObject\",\"inLanguage\":\"fr-FR\",\"@id\":\"https:\\\/\\\/alja.ch\\\/fr\\\/#\\\/schema\\\/logo\\\/image\\\/\",\"url\":\"https:\\\/\\\/alja.ch\\\/wp-content\\\/uploads\\\/kg-logo-alja.png\",\"contentUrl\":\"https:\\\/\\\/alja.ch\\\/wp-content\\\/uploads\\\/kg-logo-alja.png\",\"width\":1000,\"height\":1000,\"caption\":\"ALJA Nouveau AG\"},\"image\":{\"@id\":\"https:\\\/\\\/alja.ch\\\/fr\\\/#\\\/schema\\\/logo\\\/image\\\/\"},\"sameAs\":[\"https:\\\/\\\/www.facebook.com\\\/aljastoffe\\\/\",\"https:\\\/\\\/www.instagram.com\\\/alja_stoffe_mercerie\\\/\",\"https:\\\/\\\/www.youtube.com\\\/channel\\\/UCf6430U9yN-o6rk-Nw4TDqA\"]}]}<\/script>\n<!-- \/ Yoast SEO plugin. -->","yoast_head_json":{"title":"Noble chambr\u00e9 \u00e0 rayures m\u00e9lang\u00e9es &#8212; Alja.ch","description":"Acheter le tissu Chambr\u00e9 Melange : M\u00e9lange noble de lin et de coton avec des rayures teint\u00e9es dans la masse. L\u00e9ger 160 g\/m\u00b2 respirant & certifi\u00e9 Oeko-Tex.","robots":{"index":"index","follow":"follow","max-snippet":"max-snippet:-1","max-image-preview":"max-image-preview:large","max-video-preview":"max-video-preview:-1"},"canonical":"https:\/\/alja.ch\/fr\/produit\/noble-chambre-a-rayures-melangees\/","og_locale":"fr_FR","og_type":"article","og_title":"Noble chambr\u00e9 \u00e0 rayures m\u00e9lang\u00e9es &#8212; Alja.ch","og_description":"Acheter le tissu Chambr\u00e9 Melange : M\u00e9lange noble de lin et de coton avec des rayures teint\u00e9es dans la masse. L\u00e9ger 160 g\/m\u00b2 respirant & certifi\u00e9 Oeko-Tex.","og_url":"https:\/\/alja.ch\/fr\/produit\/noble-chambre-a-rayures-melangees\/","og_site_name":"Alja.ch","article_publisher":"https:\/\/www.facebook.com\/aljastoffe\/","article_modified_time":"2026-03-18T13:23:51+00:00","og_image":[{"width":620,"height":620,"url":"https:\/\/alja.ch\/wp-content\/uploads\/2026\/03\/27525.webp","type":"image\/webp"}],"twitter_card":"summary_large_image","twitter_misc":{"Dur\u00e9e de lecture estim\u00e9e":"2 minutes"},"schema":{"@context":"https:\/\/schema.org","@graph":[{"@type":"WebPage","@id":"https:\/\/alja.ch\/fr\/produit\/noble-chambre-a-rayures-melangees\/","url":"https:\/\/alja.ch\/fr\/produit\/noble-chambre-a-rayures-melangees\/","name":"Noble chambr\u00e9 \u00e0 rayures m\u00e9lang\u00e9es &#8212; Alja.ch","isPartOf":{"@id":"https:\/\/alja.ch\/fr\/#website"},"primaryImageOfPage":{"@id":"https:\/\/alja.ch\/fr\/produit\/noble-chambre-a-rayures-melangees\/#primaryimage"},"image":{"@id":"https:\/\/alja.ch\/fr\/produit\/noble-chambre-a-rayures-melangees\/#primaryimage"},"thumbnailUrl":"https:\/\/alja.ch\/wp-content\/uploads\/2026\/03\/27525.webp","datePublished":"2026-03-18T13:22:12+00:00","dateModified":"2026-03-18T13:23:51+00:00","description":"Acheter le tissu Chambr\u00e9 Melange : M\u00e9lange noble de lin et de coton avec des rayures teint\u00e9es dans la masse. L\u00e9ger 160 g\/m\u00b2 respirant & certifi\u00e9 Oeko-Tex.","breadcrumb":{"@id":"https:\/\/alja.ch\/fr\/produit\/noble-chambre-a-rayures-melangees\/#breadcrumb"},"inLanguage":"fr-FR","potentialAction":[{"@type":"ReadAction","target":["https:\/\/alja.ch\/fr\/produit\/noble-chambre-a-rayures-melangees\/"]}]},{"@type":"ImageObject","inLanguage":"fr-FR","@id":"https:\/\/alja.ch\/fr\/produit\/noble-chambre-a-rayures-melangees\/#primaryimage","url":"https:\/\/alja.ch\/wp-content\/uploads\/2026\/03\/27525.webp","contentUrl":"https:\/\/alja.ch\/wp-content\/uploads\/2026\/03\/27525.webp","width":620,"height":620},{"@type":"BreadcrumbList","@id":"https:\/\/alja.ch\/fr\/produit\/noble-chambre-a-rayures-melangees\/#breadcrumb","itemListElement":[{"@type":"ListItem","position":1,"name":"Startseite","item":"https:\/\/alja.ch\/fr\/"},{"@type":"ListItem","position":2,"name":"Boutique","item":"https:\/\/alja.ch\/fr\/boutique\/"},{"@type":"ListItem","position":3,"name":"Noble chambr\u00e9 \u00e0 rayures m\u00e9lang\u00e9es"}]},{"@type":"WebSite","@id":"https:\/\/alja.ch\/fr\/#website","url":"https:\/\/alja.ch\/fr\/","name":"Alja.ch","description":"Stoffe &amp; Mercerie online einkaufen!","publisher":{"@id":"https:\/\/alja.ch\/fr\/#organization"},"potentialAction":[{"@type":"SearchAction","target":{"@type":"EntryPoint","urlTemplate":"https:\/\/alja.ch\/fr\/?s={search_term_string}"},"query-input":{"@type":"PropertyValueSpecification","valueRequired":true,"valueName":"search_term_string"}}],"inLanguage":"fr-FR"},{"@type":"Organization","@id":"https:\/\/alja.ch\/fr\/#organization","name":"ALJA Nouveau AG","url":"https:\/\/alja.ch\/fr\/","logo":{"@type":"ImageObject","inLanguage":"fr-FR","@id":"https:\/\/alja.ch\/fr\/#\/schema\/logo\/image\/","url":"https:\/\/alja.ch\/wp-content\/uploads\/kg-logo-alja.png","contentUrl":"https:\/\/alja.ch\/wp-content\/uploads\/kg-logo-alja.png","width":1000,"height":1000,"caption":"ALJA Nouveau AG"},"image":{"@id":"https:\/\/alja.ch\/fr\/#\/schema\/logo\/image\/"},"sameAs":["https:\/\/www.facebook.com\/aljastoffe\/","https:\/\/www.instagram.com\/alja_stoffe_mercerie\/","https:\/\/www.youtube.com\/channel\/UCf6430U9yN-o6rk-Nw4TDqA"]}]}},"_links":{"self":[{"href":"https:\/\/alja.ch\/fr\/wp-json\/wp\/v2\/product\/51259","targetHints":{"allow":["GET"]}}],"collection":[{"href":"https:\/\/alja.ch\/fr\/wp-json\/wp\/v2\/product"}],"about":[{"href":"https:\/\/alja.ch\/fr\/wp-json\/wp\/v2\/types\/product"}],"replies":[{"embeddable":true,"href":"https:\/\/alja.ch\/fr\/wp-json\/wp\/v2\/comments?post=51259"}],"wp:featuredmedia":[{"embeddable":true,"href":"https:\/\/alja.ch\/fr\/wp-json\/wp\/v2\/media\/51268"}],"wp:attachment":[{"href":"https:\/\/alja.ch\/fr\/wp-json\/wp\/v2\/media?parent=51259"}],"wp:term":[{"taxonomy":"product_brand","embeddable":true,"href":"https:\/\/alja.ch\/fr\/wp-json\/wp\/v2\/product_brand?post=51259"},{"taxonomy":"product_cat","embeddable":true,"href":"https:\/\/alja.ch\/fr\/wp-json\/wp\/v2\/product_cat?post=51259"},{"taxonomy":"product_tag","embeddable":true,"href":"https:\/\/alja.ch\/fr\/wp-json\/wp\/v2\/product_tag?post=51259"}],"curies":[{"name":"wp","href":"https:\/\/api.w.org\/{rel}","templated":true}]}}