{"id":51201,"date":"2026-03-18T10:40:06","date_gmt":"2026-03-18T09:40:06","guid":{"rendered":"https:\/\/alja.ch\/produkt\/maillot-de-bain-upf50-2\/"},"modified":"2026-05-04T12:51:48","modified_gmt":"2026-05-04T10:51:48","slug":"maillot-de-bain-pasteque","status":"publish","type":"product","link":"https:\/\/alja.ch\/fr\/produit\/maillot-de-bain-pasteque\/","title":{"rendered":"Maillot de bain Past\u00e8que"},"content":{"rendered":"<p data-path-to-node=\"6\"><b data-path-to-node=\"6\" data-index-in-node=\"0\">La fra\u00eecheur de l&rsquo;\u00e9t\u00e9 en pack double : le p\u00e9trole cool rencontre les past\u00e8ques sucr\u00e9es !<\/b> Notre jersey de maillot de bain au design \u00a0\u00bbPast\u00e8que p\u00e9trole\u00a0\u00bb est le must absolu pour la prochaine saison de baignade. La couleur tendance profonde du p\u00e9trole constitue la sc\u00e8ne parfaite pour les motifs lumineux des past\u00e8ques et donne aux maillots de bain classiques pour enfants un twist moderne et styl\u00e9.<\/p>\n<p data-path-to-node=\"7\"><b data-path-to-node=\"7\" data-index-in-node=\"0\">Durable &amp; s\u00fbr :<\/b> ce tissu n&rsquo;est pas seulement beau, il contribue aussi \u00e0 la protection de l&rsquo;environnement. Fabriqu\u00e9 \u00e0 partir de <b data-path-to-node=\"7\" data-index-in-node=\"122\">82 % de polyester recycl\u00e9<\/b>, il constitue un choix conscient pour tous ceux qui attachent de l&rsquo;importance aux textiles \u00e9cologiques sans faire de compromis sur les performances.<\/p>\n<ul>\n<li data-path-to-node=\"8,0,0\"><b data-path-to-node=\"8,0,0\" data-index-in-node=\"0\">S\u00e9curit\u00e9 gr\u00e2ce \u00e0 l&rsquo;UPF 50+ :<\/b> prot\u00e9gez la peau de vos proches de mani\u00e8re fiable contre le soleil. La protection UV int\u00e9gr\u00e9e bloque plus de 98 % des rayons nocifs - id\u00e9al pour les rashguards, les maillots de bain et les chapeaux de soleil.<\/li>\n<li data-path-to-node=\"8,1,0\"><b data-path-to-node=\"8,1,0\" data-index-in-node=\"0\">Flexibilit\u00e9 maximale :<\/b> gr\u00e2ce \u00e0 <b data-path-to-node=\"8,1,0\" data-index-in-node=\"28\">18 % d&rsquo;\u00e9lasthanne<\/b> et au tricotage de haute qualit\u00e9, le tissu dispose d&rsquo;un excellent stretch 4 directions. Il s&rsquo;adapte parfaitement \u00e0 chaque mouvement et conserve sa forme m\u00eame apr\u00e8s des heures pass\u00e9es dans l&rsquo;eau.<\/li>\n<li data-path-to-node=\"8,2,0\"><b data-path-to-node=\"8,2,0\" data-index-in-node=\"0\">Durable &amp; fonctionnel :<\/b> le mat\u00e9riau r\u00e9siste au chlore et \u00e0 l&rsquo;eau sal\u00e9e, s\u00e8che en un clin d&rsquo;\u0153il et est merveilleusement lisse et souple au contact de la peau.<\/li>\n<li data-path-to-node=\"8,3,0\"><b data-path-to-node=\"8,3,0\" data-index-in-node=\"0\">Qualit\u00e9 certifi\u00e9e :<\/b> certifi\u00e9 selon le <b data-path-to-node=\"8,3,0\" data-index-in-node=\"29\">Global Recycled Standard <\/b> et <b data-path-to-node=\"8,3,0\" data-index-in-node=\"64\">l&rsquo;Oeko-Tex Standard 100<\/b> - pour se sentir en s\u00e9curit\u00e9 quand on le porte.<\/li>\n<\/ul>\n<p data-path-to-node=\"9\"><b data-path-to-node=\"9\" data-index-in-node=\"0\">Domaines d&rsquo;application :<\/b> Ce jersey imprim\u00e9 fonctionnel convient parfaitement pour :<\/p>\n<ul>\n<li data-path-to-node=\"10,0,0\"><b data-path-to-node=\"10,0,0\" data-index-in-node=\"0\">Maillots de bain pour enfants :<\/b> shorts de bain cools, t-shirts UV et combinaisons de natation pour tout le corps.<\/li>\n<li data-path-to-node=\"10,1,0\"><b data-path-to-node=\"10,1,0\" data-index-in-node=\"0\">Tenues sportives :<\/b> bikinis et maillots de bain avec un imprim\u00e9 tendance.<\/li>\n<li data-path-to-node=\"10,2,0\"><b data-path-to-node=\"10,2,0\" data-index-in-node=\"0\">Mix &amp; Match :<\/b> combinez parfaitement ce motif avec nos tissus unis en p\u00e9trole, noir ou rouge vif.<\/li>\n<\/ul>\n","protected":false},"excerpt":{"rendered":"<p>Maillot de bain durable 200 g\/m2<sup>en <\/sup> <b data-path-to-node=\"13\" data-index-in-node=\"52\">polyester recycl\u00e9<\/b> au design cool \u00a0\u00bbWatermelons Petrol\u00a0\u00bb. <b data-path-to-node=\"13\" data-index-in-node=\"127\">Protection UV<\/b> certifi\u00e9e <b data-path-to-node=\"13\" data-index-in-node=\"127\">UPF 50+<\/b>, extr\u00eamement \u00e9lastique et \u00e0 s\u00e9chage rapide. L&rsquo;alliance id\u00e9ale d&rsquo;un design moderne, d&rsquo;une s\u00e9curit\u00e9 maximale et d&rsquo;une conscience \u00e9cologique pour votre prochaine collection de maillots de bain.<\/p>\n","protected":false},"featured_media":51205,"comment_status":"closed","ping_status":"closed","template":"","meta":{"_acf_changed":false},"product_brand":[],"product_cat":[431,6487,153],"product_tag":[2455,5510,2339,509,5583],"class_list":{"0":"post-51201","1":"product","2":"type-product","3":"status-publish","4":"has-post-thumbnail","6":"product_cat-jersey-fr","7":"product_cat-tissu-pour-maillots-de-bain","8":"product_cat-tissus","9":"product_tag-fruits","10":"product_tag-maillot-de-bain","11":"product_tag-petrole","12":"product_tag-polyester-fr","13":"product_tag-polyester-recycle","14":"product_shipping_class-colis-standard","16":"first","17":"instock","18":"shipping-taxable","19":"purchasable","20":"product-type-simple"},"acf":[],"yoast_head":"<!-- This site is optimized with the Yoast SEO plugin v27.5 - https:\/\/yoast.com\/product\/yoast-seo-wordpress\/ -->\n<title>Maillot de bain Past\u00e8que &#8212; Tissus pour maillots de bain \u00e0 Alja.ch !<\/title>\n<meta name=\"description\" content=\"Acheter le maillot de bain durable: Protection UV UPF 50+, 82 % de mat\u00e9riaux recycl\u00e9s. Pour les maillots de bain cools pour enfants &amp; les t-shirts UV.\" \/>\n<meta name=\"robots\" content=\"index, follow, max-snippet:-1, max-image-preview:large, max-video-preview:-1\" \/>\n<link rel=\"canonical\" href=\"https:\/\/alja.ch\/fr\/produit\/maillot-de-bain-pasteque\/\" \/>\n<meta property=\"og:locale\" content=\"fr_FR\" \/>\n<meta property=\"og:type\" content=\"article\" \/>\n<meta property=\"og:title\" content=\"Maillot de bain Past\u00e8que &#8212; Tissus pour maillots de bain \u00e0 Alja.ch !\" \/>\n<meta property=\"og:description\" content=\"Acheter le maillot de bain durable: Protection UV UPF 50+, 82 % de mat\u00e9riaux recycl\u00e9s. Pour les maillots de bain cools pour enfants &amp; les t-shirts UV.\" \/>\n<meta property=\"og:url\" content=\"https:\/\/alja.ch\/fr\/produit\/maillot-de-bain-pasteque\/\" \/>\n<meta property=\"og:site_name\" content=\"Alja.ch\" \/>\n<meta property=\"article:publisher\" content=\"https:\/\/www.facebook.com\/aljastoffe\/\" \/>\n<meta property=\"article:modified_time\" content=\"2026-05-04T10:51:48+00:00\" \/>\n<meta property=\"og:image\" content=\"https:\/\/alja.ch\/wp-content\/uploads\/2026\/03\/275395.webp\" \/>\n\t<meta property=\"og:image:width\" content=\"620\" \/>\n\t<meta property=\"og:image:height\" content=\"620\" \/>\n\t<meta property=\"og:image:type\" content=\"image\/webp\" \/>\n<meta name=\"twitter:card\" content=\"summary_large_image\" \/>\n<meta name=\"twitter:label1\" content=\"Dur\u00e9e de lecture estim\u00e9e\" \/>\n\t<meta name=\"twitter:data1\" content=\"2 minutes\" \/>\n<script type=\"application\/ld+json\" class=\"yoast-schema-graph\">{\"@context\":\"https:\\\/\\\/schema.org\",\"@graph\":[{\"@type\":\"WebPage\",\"@id\":\"https:\\\/\\\/alja.ch\\\/fr\\\/produit\\\/maillot-de-bain-pasteque\\\/\",\"url\":\"https:\\\/\\\/alja.ch\\\/fr\\\/produit\\\/maillot-de-bain-pasteque\\\/\",\"name\":\"Maillot de bain Past\u00e8que &#8212; Tissus pour maillots de bain \u00e0 Alja.ch !\",\"isPartOf\":{\"@id\":\"https:\\\/\\\/alja.ch\\\/fr\\\/#website\"},\"primaryImageOfPage\":{\"@id\":\"https:\\\/\\\/alja.ch\\\/fr\\\/produit\\\/maillot-de-bain-pasteque\\\/#primaryimage\"},\"image\":{\"@id\":\"https:\\\/\\\/alja.ch\\\/fr\\\/produit\\\/maillot-de-bain-pasteque\\\/#primaryimage\"},\"thumbnailUrl\":\"https:\\\/\\\/alja.ch\\\/wp-content\\\/uploads\\\/2026\\\/03\\\/275395.webp\",\"datePublished\":\"2026-03-18T09:40:06+00:00\",\"dateModified\":\"2026-05-04T10:51:48+00:00\",\"description\":\"Acheter le maillot de bain durable: Protection UV UPF 50+, 82 % de mat\u00e9riaux recycl\u00e9s. Pour les maillots de bain cools pour enfants & les t-shirts UV.\",\"breadcrumb\":{\"@id\":\"https:\\\/\\\/alja.ch\\\/fr\\\/produit\\\/maillot-de-bain-pasteque\\\/#breadcrumb\"},\"inLanguage\":\"fr-FR\",\"potentialAction\":[{\"@type\":\"ReadAction\",\"target\":[\"https:\\\/\\\/alja.ch\\\/fr\\\/produit\\\/maillot-de-bain-pasteque\\\/\"]}]},{\"@type\":\"ImageObject\",\"inLanguage\":\"fr-FR\",\"@id\":\"https:\\\/\\\/alja.ch\\\/fr\\\/produit\\\/maillot-de-bain-pasteque\\\/#primaryimage\",\"url\":\"https:\\\/\\\/alja.ch\\\/wp-content\\\/uploads\\\/2026\\\/03\\\/275395.webp\",\"contentUrl\":\"https:\\\/\\\/alja.ch\\\/wp-content\\\/uploads\\\/2026\\\/03\\\/275395.webp\",\"width\":620,\"height\":620},{\"@type\":\"BreadcrumbList\",\"@id\":\"https:\\\/\\\/alja.ch\\\/fr\\\/produit\\\/maillot-de-bain-pasteque\\\/#breadcrumb\",\"itemListElement\":[{\"@type\":\"ListItem\",\"position\":1,\"name\":\"Startseite\",\"item\":\"https:\\\/\\\/alja.ch\\\/fr\\\/\"},{\"@type\":\"ListItem\",\"position\":2,\"name\":\"Boutique\",\"item\":\"https:\\\/\\\/alja.ch\\\/fr\\\/boutique\\\/\"},{\"@type\":\"ListItem\",\"position\":3,\"name\":\"Maillot de bain Past\u00e8que\"}]},{\"@type\":\"WebSite\",\"@id\":\"https:\\\/\\\/alja.ch\\\/fr\\\/#website\",\"url\":\"https:\\\/\\\/alja.ch\\\/fr\\\/\",\"name\":\"Alja.ch\",\"description\":\"Stoffe &amp; Mercerie online einkaufen!\",\"publisher\":{\"@id\":\"https:\\\/\\\/alja.ch\\\/fr\\\/#organization\"},\"potentialAction\":[{\"@type\":\"SearchAction\",\"target\":{\"@type\":\"EntryPoint\",\"urlTemplate\":\"https:\\\/\\\/alja.ch\\\/fr\\\/?s={search_term_string}\"},\"query-input\":{\"@type\":\"PropertyValueSpecification\",\"valueRequired\":true,\"valueName\":\"search_term_string\"}}],\"inLanguage\":\"fr-FR\"},{\"@type\":\"Organization\",\"@id\":\"https:\\\/\\\/alja.ch\\\/fr\\\/#organization\",\"name\":\"ALJA Nouveau AG\",\"url\":\"https:\\\/\\\/alja.ch\\\/fr\\\/\",\"logo\":{\"@type\":\"ImageObject\",\"inLanguage\":\"fr-FR\",\"@id\":\"https:\\\/\\\/alja.ch\\\/fr\\\/#\\\/schema\\\/logo\\\/image\\\/\",\"url\":\"https:\\\/\\\/alja.ch\\\/wp-content\\\/uploads\\\/kg-logo-alja.png\",\"contentUrl\":\"https:\\\/\\\/alja.ch\\\/wp-content\\\/uploads\\\/kg-logo-alja.png\",\"width\":1000,\"height\":1000,\"caption\":\"ALJA Nouveau AG\"},\"image\":{\"@id\":\"https:\\\/\\\/alja.ch\\\/fr\\\/#\\\/schema\\\/logo\\\/image\\\/\"},\"sameAs\":[\"https:\\\/\\\/www.facebook.com\\\/aljastoffe\\\/\",\"https:\\\/\\\/www.instagram.com\\\/alja_stoffe_mercerie\\\/\",\"https:\\\/\\\/www.youtube.com\\\/channel\\\/UCf6430U9yN-o6rk-Nw4TDqA\"]}]}<\/script>\n<!-- \/ Yoast SEO plugin. -->","yoast_head_json":{"title":"Maillot de bain Past\u00e8que &#8212; Tissus pour maillots de bain \u00e0 Alja.ch !","description":"Acheter le maillot de bain durable: Protection UV UPF 50+, 82 % de mat\u00e9riaux recycl\u00e9s. Pour les maillots de bain cools pour enfants & les t-shirts UV.","robots":{"index":"index","follow":"follow","max-snippet":"max-snippet:-1","max-image-preview":"max-image-preview:large","max-video-preview":"max-video-preview:-1"},"canonical":"https:\/\/alja.ch\/fr\/produit\/maillot-de-bain-pasteque\/","og_locale":"fr_FR","og_type":"article","og_title":"Maillot de bain Past\u00e8que &#8212; Tissus pour maillots de bain \u00e0 Alja.ch !","og_description":"Acheter le maillot de bain durable: Protection UV UPF 50+, 82 % de mat\u00e9riaux recycl\u00e9s. Pour les maillots de bain cools pour enfants & les t-shirts UV.","og_url":"https:\/\/alja.ch\/fr\/produit\/maillot-de-bain-pasteque\/","og_site_name":"Alja.ch","article_publisher":"https:\/\/www.facebook.com\/aljastoffe\/","article_modified_time":"2026-05-04T10:51:48+00:00","og_image":[{"width":620,"height":620,"url":"https:\/\/alja.ch\/wp-content\/uploads\/2026\/03\/275395.webp","type":"image\/webp"}],"twitter_card":"summary_large_image","twitter_misc":{"Dur\u00e9e de lecture estim\u00e9e":"2 minutes"},"schema":{"@context":"https:\/\/schema.org","@graph":[{"@type":"WebPage","@id":"https:\/\/alja.ch\/fr\/produit\/maillot-de-bain-pasteque\/","url":"https:\/\/alja.ch\/fr\/produit\/maillot-de-bain-pasteque\/","name":"Maillot de bain Past\u00e8que &#8212; Tissus pour maillots de bain \u00e0 Alja.ch !","isPartOf":{"@id":"https:\/\/alja.ch\/fr\/#website"},"primaryImageOfPage":{"@id":"https:\/\/alja.ch\/fr\/produit\/maillot-de-bain-pasteque\/#primaryimage"},"image":{"@id":"https:\/\/alja.ch\/fr\/produit\/maillot-de-bain-pasteque\/#primaryimage"},"thumbnailUrl":"https:\/\/alja.ch\/wp-content\/uploads\/2026\/03\/275395.webp","datePublished":"2026-03-18T09:40:06+00:00","dateModified":"2026-05-04T10:51:48+00:00","description":"Acheter le maillot de bain durable: Protection UV UPF 50+, 82 % de mat\u00e9riaux recycl\u00e9s. Pour les maillots de bain cools pour enfants & les t-shirts UV.","breadcrumb":{"@id":"https:\/\/alja.ch\/fr\/produit\/maillot-de-bain-pasteque\/#breadcrumb"},"inLanguage":"fr-FR","potentialAction":[{"@type":"ReadAction","target":["https:\/\/alja.ch\/fr\/produit\/maillot-de-bain-pasteque\/"]}]},{"@type":"ImageObject","inLanguage":"fr-FR","@id":"https:\/\/alja.ch\/fr\/produit\/maillot-de-bain-pasteque\/#primaryimage","url":"https:\/\/alja.ch\/wp-content\/uploads\/2026\/03\/275395.webp","contentUrl":"https:\/\/alja.ch\/wp-content\/uploads\/2026\/03\/275395.webp","width":620,"height":620},{"@type":"BreadcrumbList","@id":"https:\/\/alja.ch\/fr\/produit\/maillot-de-bain-pasteque\/#breadcrumb","itemListElement":[{"@type":"ListItem","position":1,"name":"Startseite","item":"https:\/\/alja.ch\/fr\/"},{"@type":"ListItem","position":2,"name":"Boutique","item":"https:\/\/alja.ch\/fr\/boutique\/"},{"@type":"ListItem","position":3,"name":"Maillot de bain Past\u00e8que"}]},{"@type":"WebSite","@id":"https:\/\/alja.ch\/fr\/#website","url":"https:\/\/alja.ch\/fr\/","name":"Alja.ch","description":"Stoffe &amp; Mercerie online einkaufen!","publisher":{"@id":"https:\/\/alja.ch\/fr\/#organization"},"potentialAction":[{"@type":"SearchAction","target":{"@type":"EntryPoint","urlTemplate":"https:\/\/alja.ch\/fr\/?s={search_term_string}"},"query-input":{"@type":"PropertyValueSpecification","valueRequired":true,"valueName":"search_term_string"}}],"inLanguage":"fr-FR"},{"@type":"Organization","@id":"https:\/\/alja.ch\/fr\/#organization","name":"ALJA Nouveau AG","url":"https:\/\/alja.ch\/fr\/","logo":{"@type":"ImageObject","inLanguage":"fr-FR","@id":"https:\/\/alja.ch\/fr\/#\/schema\/logo\/image\/","url":"https:\/\/alja.ch\/wp-content\/uploads\/kg-logo-alja.png","contentUrl":"https:\/\/alja.ch\/wp-content\/uploads\/kg-logo-alja.png","width":1000,"height":1000,"caption":"ALJA Nouveau AG"},"image":{"@id":"https:\/\/alja.ch\/fr\/#\/schema\/logo\/image\/"},"sameAs":["https:\/\/www.facebook.com\/aljastoffe\/","https:\/\/www.instagram.com\/alja_stoffe_mercerie\/","https:\/\/www.youtube.com\/channel\/UCf6430U9yN-o6rk-Nw4TDqA"]}]}},"_links":{"self":[{"href":"https:\/\/alja.ch\/fr\/wp-json\/wp\/v2\/product\/51201","targetHints":{"allow":["GET"]}}],"collection":[{"href":"https:\/\/alja.ch\/fr\/wp-json\/wp\/v2\/product"}],"about":[{"href":"https:\/\/alja.ch\/fr\/wp-json\/wp\/v2\/types\/product"}],"replies":[{"embeddable":true,"href":"https:\/\/alja.ch\/fr\/wp-json\/wp\/v2\/comments?post=51201"}],"wp:featuredmedia":[{"embeddable":true,"href":"https:\/\/alja.ch\/fr\/wp-json\/wp\/v2\/media\/51205"}],"wp:attachment":[{"href":"https:\/\/alja.ch\/fr\/wp-json\/wp\/v2\/media?parent=51201"}],"wp:term":[{"taxonomy":"product_brand","embeddable":true,"href":"https:\/\/alja.ch\/fr\/wp-json\/wp\/v2\/product_brand?post=51201"},{"taxonomy":"product_cat","embeddable":true,"href":"https:\/\/alja.ch\/fr\/wp-json\/wp\/v2\/product_cat?post=51201"},{"taxonomy":"product_tag","embeddable":true,"href":"https:\/\/alja.ch\/fr\/wp-json\/wp\/v2\/product_tag?post=51201"}],"curies":[{"name":"wp","href":"https:\/\/api.w.org\/{rel}","templated":true}]}}