{"id":51123,"date":"2026-03-17T16:25:53","date_gmt":"2026-03-17T15:25:53","guid":{"rendered":"https:\/\/alja.ch\/produkt\/enjoy-imprime-coton-blue-stripes\/"},"modified":"2026-03-17T16:29:22","modified_gmt":"2026-03-17T15:29:22","slug":"enjoy-blue-stripes","status":"publish","type":"product","link":"https:\/\/alja.ch\/fr\/produit\/enjoy-blue-stripes\/","title":{"rendered":"ENJOY Imprim\u00e9 coton Blue Stripes"},"content":{"rendered":"<p data-path-to-node=\"3\">Apportez une touche intemporelle et maritime \u00e0 votre garde-robe pour la saison <b data-path-to-node=\"3\" data-index-in-node=\"72\">printemps\/\u00e9t\u00e9 2026<\/b>! Notre imprim\u00e9 en coton \u00a0\u00bbBlue Stripes\u00a0\u00bb de la <b data-path-to-node=\"3\" data-index-in-node=\"149\">collection<\/b> exclusive <b data-path-to-node=\"3\" data-index-in-node=\"149\">ENJOY<\/b> r\u00e9interpr\u00e8te le look classique des rayures. Les fines lignes bleues sur fond clair semblent avoir \u00e9t\u00e9 dessin\u00e9es \u00e0 la main et conf\u00e8rent \u00e0 vos projets de couture une \u00e9l\u00e9gance moderne et d\u00e9contract\u00e9e.<\/p>\n<p data-path-to-node=\"4\">Fabriqu\u00e9 en <b data-path-to-node=\"4\" data-index-in-node=\"14\">100 % pur coton<\/b>, ce tissu ne p\u00e8se que <b data-path-to-node=\"4\" data-index-in-node=\"81\">75 g\/m\u00b2<\/b> et est donc tr\u00e8s l\u00e9ger. Il est particuli\u00e8rement respirant, doux au toucher et offre un confort d\u00e9licieusement a\u00e9r\u00e9 - parfait pour les journ\u00e9es chaudes o\u00f9 vous souhaitez miser sur des mati\u00e8res naturelles. Avec une largeur de <b data-path-to-node=\"4\" data-index-in-node=\"308\">135 cm<\/b>, il offre la base id\u00e9ale pour des designs fluides.<\/p>\n<p data-path-to-node=\"5\">Que ce soit pour des blouses-chemises classiques, des pantalons d&rsquo;\u00e9t\u00e9 larges ou des robes de plage maritimes, \u00a0\u00bbBlue Stripes\u00a0\u00bb est un v\u00e9ritable talent de combinaison qui allie style et confort. La qualit\u00e9 sup\u00e9rieure garantit que vos pi\u00e8ces pr\u00e9f\u00e9r\u00e9es cousues par vos soins conservent leur forme et leur fra\u00eecheur m\u00eame apr\u00e8s de nombreuses journ\u00e9es d&rsquo;\u00e9t\u00e9.<\/p>\n<p data-path-to-node=\"6\">Misez sur le classicisme moderne et profitez de la l\u00e9g\u00e8ret\u00e9 estivale de la collection ENJOY !<\/p>\n","protected":false},"excerpt":{"rendered":"<p data-path-to-node=\"9\">Le chic maritime pour FS 2026 : Notre imprim\u00e9 en coton \u00a0\u00bbBlue Stripes\u00a0\u00bb de la collection ENJOY. 100 % coton, super l\u00e9ger (75 g\/m\u00b2) et 135 cm de large. Un tissu moderne et respirant, id\u00e9al pour la mode f\u00e9minine intemporelle comme les chemisiers, les robes et les pantalons d&rsquo;\u00e9t\u00e9 l\u00e9gers.<\/p>\n","protected":false},"featured_media":50495,"comment_status":"closed","ping_status":"closed","template":"","meta":{"_acf_changed":false},"product_brand":[],"product_cat":[160,5515,162,153,881],"product_tag":[1949,424,440,5521,2948,5531,465,1077,3229,1321,3140],"class_list":{"0":"post-51123","1":"product","2":"type-product","3":"status-publish","4":"has-post-thumbnail","6":"product_cat-mode-printemps-ete","7":"product_cat-collection-enjoy","8":"product_cat-mode","9":"product_cat-tissus","10":"product_cat-tissus-printemps-ete","11":"product_tag-100-coton-fr","12":"product_tag-bleu-fr-2","13":"product_tag-coton","14":"product_tag-enjoy","15":"product_tag-hosenstoff-fr","16":"product_tag-plage-de-sorbet","17":"product_tag-rayer","18":"product_tag-rose-fr","19":"product_tag-tissu-pour-chemisiers","20":"product_tag-tissu-pour-vetements-fr","21":"product_tag-tissu-pour-vetements-fr-2","22":"product_shipping_class-colis-standard","24":"first","25":"instock","26":"shipping-taxable","27":"purchasable","28":"product-type-simple"},"acf":[],"yoast_head":"<!-- This site is optimized with the Yoast SEO plugin v27.5 - https:\/\/yoast.com\/product\/yoast-seo-wordpress\/ -->\n<title>ENJOY Imprim\u00e9 coton Blue Stripes &#8212; Blockprint acheter chez Alja.ch !<\/title>\n<meta name=\"description\" content=\"Tissu mode a\u00e9r\u00e9 (75g\/m2) en 100% coton. Largeur 135cm. Parfait pour les robes et blouses d&#039;\u00e9t\u00e9 maritimes. D\u00e9couvrez maintenant le classique moderne !\" \/>\n<meta name=\"robots\" content=\"index, follow, max-snippet:-1, max-image-preview:large, max-video-preview:-1\" \/>\n<link rel=\"canonical\" href=\"https:\/\/alja.ch\/fr\/produit\/enjoy-blue-stripes\/\" \/>\n<meta property=\"og:locale\" content=\"fr_FR\" \/>\n<meta property=\"og:type\" content=\"article\" \/>\n<meta property=\"og:title\" content=\"ENJOY Imprim\u00e9 coton Blue Stripes &#8212; Blockprint acheter chez Alja.ch !\" \/>\n<meta property=\"og:description\" content=\"Tissu mode a\u00e9r\u00e9 (75g\/m2) en 100% coton. Largeur 135cm. Parfait pour les robes et blouses d&#039;\u00e9t\u00e9 maritimes. D\u00e9couvrez maintenant le classique moderne !\" \/>\n<meta property=\"og:url\" content=\"https:\/\/alja.ch\/fr\/produit\/enjoy-blue-stripes\/\" \/>\n<meta property=\"og:site_name\" content=\"Alja.ch\" \/>\n<meta property=\"article:publisher\" content=\"https:\/\/www.facebook.com\/aljastoffe\/\" \/>\n<meta property=\"article:modified_time\" content=\"2026-03-17T15:29:22+00:00\" \/>\n<meta property=\"og:image\" content=\"https:\/\/alja.ch\/wp-content\/uploads\/2026\/03\/P16013-820_5-scaled.jpg\" \/>\n\t<meta property=\"og:image:width\" content=\"2560\" \/>\n\t<meta property=\"og:image:height\" content=\"2560\" \/>\n\t<meta property=\"og:image:type\" content=\"image\/jpeg\" \/>\n<meta name=\"twitter:card\" content=\"summary_large_image\" \/>\n<meta name=\"twitter:label1\" content=\"Dur\u00e9e de lecture estim\u00e9e\" \/>\n\t<meta name=\"twitter:data1\" content=\"2 minutes\" \/>\n<script type=\"application\/ld+json\" class=\"yoast-schema-graph\">{\"@context\":\"https:\\\/\\\/schema.org\",\"@graph\":[{\"@type\":\"WebPage\",\"@id\":\"https:\\\/\\\/alja.ch\\\/fr\\\/produit\\\/enjoy-blue-stripes\\\/\",\"url\":\"https:\\\/\\\/alja.ch\\\/fr\\\/produit\\\/enjoy-blue-stripes\\\/\",\"name\":\"ENJOY Imprim\u00e9 coton Blue Stripes &#8212; Blockprint acheter chez Alja.ch !\",\"isPartOf\":{\"@id\":\"https:\\\/\\\/alja.ch\\\/fr\\\/#website\"},\"primaryImageOfPage\":{\"@id\":\"https:\\\/\\\/alja.ch\\\/fr\\\/produit\\\/enjoy-blue-stripes\\\/#primaryimage\"},\"image\":{\"@id\":\"https:\\\/\\\/alja.ch\\\/fr\\\/produit\\\/enjoy-blue-stripes\\\/#primaryimage\"},\"thumbnailUrl\":\"https:\\\/\\\/alja.ch\\\/wp-content\\\/uploads\\\/2026\\\/03\\\/P16013-820_5-scaled.jpg\",\"datePublished\":\"2026-03-17T15:25:53+00:00\",\"dateModified\":\"2026-03-17T15:29:22+00:00\",\"description\":\"Tissu mode a\u00e9r\u00e9 (75g\\\/m2) en 100% coton. Largeur 135cm. Parfait pour les robes et blouses d'\u00e9t\u00e9 maritimes. D\u00e9couvrez maintenant le classique moderne !\",\"breadcrumb\":{\"@id\":\"https:\\\/\\\/alja.ch\\\/fr\\\/produit\\\/enjoy-blue-stripes\\\/#breadcrumb\"},\"inLanguage\":\"fr-FR\",\"potentialAction\":[{\"@type\":\"ReadAction\",\"target\":[\"https:\\\/\\\/alja.ch\\\/fr\\\/produit\\\/enjoy-blue-stripes\\\/\"]}]},{\"@type\":\"ImageObject\",\"inLanguage\":\"fr-FR\",\"@id\":\"https:\\\/\\\/alja.ch\\\/fr\\\/produit\\\/enjoy-blue-stripes\\\/#primaryimage\",\"url\":\"https:\\\/\\\/alja.ch\\\/wp-content\\\/uploads\\\/2026\\\/03\\\/P16013-820_5-scaled.jpg\",\"contentUrl\":\"https:\\\/\\\/alja.ch\\\/wp-content\\\/uploads\\\/2026\\\/03\\\/P16013-820_5-scaled.jpg\",\"width\":2560,\"height\":2560},{\"@type\":\"BreadcrumbList\",\"@id\":\"https:\\\/\\\/alja.ch\\\/fr\\\/produit\\\/enjoy-blue-stripes\\\/#breadcrumb\",\"itemListElement\":[{\"@type\":\"ListItem\",\"position\":1,\"name\":\"Startseite\",\"item\":\"https:\\\/\\\/alja.ch\\\/fr\\\/\"},{\"@type\":\"ListItem\",\"position\":2,\"name\":\"Boutique\",\"item\":\"https:\\\/\\\/alja.ch\\\/fr\\\/boutique\\\/\"},{\"@type\":\"ListItem\",\"position\":3,\"name\":\"ENJOY Imprim\u00e9 coton Blue Stripes\"}]},{\"@type\":\"WebSite\",\"@id\":\"https:\\\/\\\/alja.ch\\\/fr\\\/#website\",\"url\":\"https:\\\/\\\/alja.ch\\\/fr\\\/\",\"name\":\"Alja.ch\",\"description\":\"Stoffe &amp; Mercerie online einkaufen!\",\"publisher\":{\"@id\":\"https:\\\/\\\/alja.ch\\\/fr\\\/#organization\"},\"potentialAction\":[{\"@type\":\"SearchAction\",\"target\":{\"@type\":\"EntryPoint\",\"urlTemplate\":\"https:\\\/\\\/alja.ch\\\/fr\\\/?s={search_term_string}\"},\"query-input\":{\"@type\":\"PropertyValueSpecification\",\"valueRequired\":true,\"valueName\":\"search_term_string\"}}],\"inLanguage\":\"fr-FR\"},{\"@type\":\"Organization\",\"@id\":\"https:\\\/\\\/alja.ch\\\/fr\\\/#organization\",\"name\":\"ALJA Nouveau AG\",\"url\":\"https:\\\/\\\/alja.ch\\\/fr\\\/\",\"logo\":{\"@type\":\"ImageObject\",\"inLanguage\":\"fr-FR\",\"@id\":\"https:\\\/\\\/alja.ch\\\/fr\\\/#\\\/schema\\\/logo\\\/image\\\/\",\"url\":\"https:\\\/\\\/alja.ch\\\/wp-content\\\/uploads\\\/kg-logo-alja.png\",\"contentUrl\":\"https:\\\/\\\/alja.ch\\\/wp-content\\\/uploads\\\/kg-logo-alja.png\",\"width\":1000,\"height\":1000,\"caption\":\"ALJA Nouveau AG\"},\"image\":{\"@id\":\"https:\\\/\\\/alja.ch\\\/fr\\\/#\\\/schema\\\/logo\\\/image\\\/\"},\"sameAs\":[\"https:\\\/\\\/www.facebook.com\\\/aljastoffe\\\/\",\"https:\\\/\\\/www.instagram.com\\\/alja_stoffe_mercerie\\\/\",\"https:\\\/\\\/www.youtube.com\\\/channel\\\/UCf6430U9yN-o6rk-Nw4TDqA\"]}]}<\/script>\n<!-- \/ Yoast SEO plugin. -->","yoast_head_json":{"title":"ENJOY Imprim\u00e9 coton Blue Stripes &#8212; Blockprint acheter chez Alja.ch !","description":"Tissu mode a\u00e9r\u00e9 (75g\/m2) en 100% coton. Largeur 135cm. Parfait pour les robes et blouses d'\u00e9t\u00e9 maritimes. D\u00e9couvrez maintenant le classique moderne !","robots":{"index":"index","follow":"follow","max-snippet":"max-snippet:-1","max-image-preview":"max-image-preview:large","max-video-preview":"max-video-preview:-1"},"canonical":"https:\/\/alja.ch\/fr\/produit\/enjoy-blue-stripes\/","og_locale":"fr_FR","og_type":"article","og_title":"ENJOY Imprim\u00e9 coton Blue Stripes &#8212; Blockprint acheter chez Alja.ch !","og_description":"Tissu mode a\u00e9r\u00e9 (75g\/m2) en 100% coton. Largeur 135cm. Parfait pour les robes et blouses d'\u00e9t\u00e9 maritimes. D\u00e9couvrez maintenant le classique moderne !","og_url":"https:\/\/alja.ch\/fr\/produit\/enjoy-blue-stripes\/","og_site_name":"Alja.ch","article_publisher":"https:\/\/www.facebook.com\/aljastoffe\/","article_modified_time":"2026-03-17T15:29:22+00:00","og_image":[{"width":2560,"height":2560,"url":"https:\/\/alja.ch\/wp-content\/uploads\/2026\/03\/P16013-820_5-scaled.jpg","type":"image\/jpeg"}],"twitter_card":"summary_large_image","twitter_misc":{"Dur\u00e9e de lecture estim\u00e9e":"2 minutes"},"schema":{"@context":"https:\/\/schema.org","@graph":[{"@type":"WebPage","@id":"https:\/\/alja.ch\/fr\/produit\/enjoy-blue-stripes\/","url":"https:\/\/alja.ch\/fr\/produit\/enjoy-blue-stripes\/","name":"ENJOY Imprim\u00e9 coton Blue Stripes &#8212; Blockprint acheter chez Alja.ch !","isPartOf":{"@id":"https:\/\/alja.ch\/fr\/#website"},"primaryImageOfPage":{"@id":"https:\/\/alja.ch\/fr\/produit\/enjoy-blue-stripes\/#primaryimage"},"image":{"@id":"https:\/\/alja.ch\/fr\/produit\/enjoy-blue-stripes\/#primaryimage"},"thumbnailUrl":"https:\/\/alja.ch\/wp-content\/uploads\/2026\/03\/P16013-820_5-scaled.jpg","datePublished":"2026-03-17T15:25:53+00:00","dateModified":"2026-03-17T15:29:22+00:00","description":"Tissu mode a\u00e9r\u00e9 (75g\/m2) en 100% coton. Largeur 135cm. Parfait pour les robes et blouses d'\u00e9t\u00e9 maritimes. D\u00e9couvrez maintenant le classique moderne !","breadcrumb":{"@id":"https:\/\/alja.ch\/fr\/produit\/enjoy-blue-stripes\/#breadcrumb"},"inLanguage":"fr-FR","potentialAction":[{"@type":"ReadAction","target":["https:\/\/alja.ch\/fr\/produit\/enjoy-blue-stripes\/"]}]},{"@type":"ImageObject","inLanguage":"fr-FR","@id":"https:\/\/alja.ch\/fr\/produit\/enjoy-blue-stripes\/#primaryimage","url":"https:\/\/alja.ch\/wp-content\/uploads\/2026\/03\/P16013-820_5-scaled.jpg","contentUrl":"https:\/\/alja.ch\/wp-content\/uploads\/2026\/03\/P16013-820_5-scaled.jpg","width":2560,"height":2560},{"@type":"BreadcrumbList","@id":"https:\/\/alja.ch\/fr\/produit\/enjoy-blue-stripes\/#breadcrumb","itemListElement":[{"@type":"ListItem","position":1,"name":"Startseite","item":"https:\/\/alja.ch\/fr\/"},{"@type":"ListItem","position":2,"name":"Boutique","item":"https:\/\/alja.ch\/fr\/boutique\/"},{"@type":"ListItem","position":3,"name":"ENJOY Imprim\u00e9 coton Blue Stripes"}]},{"@type":"WebSite","@id":"https:\/\/alja.ch\/fr\/#website","url":"https:\/\/alja.ch\/fr\/","name":"Alja.ch","description":"Stoffe &amp; Mercerie online einkaufen!","publisher":{"@id":"https:\/\/alja.ch\/fr\/#organization"},"potentialAction":[{"@type":"SearchAction","target":{"@type":"EntryPoint","urlTemplate":"https:\/\/alja.ch\/fr\/?s={search_term_string}"},"query-input":{"@type":"PropertyValueSpecification","valueRequired":true,"valueName":"search_term_string"}}],"inLanguage":"fr-FR"},{"@type":"Organization","@id":"https:\/\/alja.ch\/fr\/#organization","name":"ALJA Nouveau AG","url":"https:\/\/alja.ch\/fr\/","logo":{"@type":"ImageObject","inLanguage":"fr-FR","@id":"https:\/\/alja.ch\/fr\/#\/schema\/logo\/image\/","url":"https:\/\/alja.ch\/wp-content\/uploads\/kg-logo-alja.png","contentUrl":"https:\/\/alja.ch\/wp-content\/uploads\/kg-logo-alja.png","width":1000,"height":1000,"caption":"ALJA Nouveau AG"},"image":{"@id":"https:\/\/alja.ch\/fr\/#\/schema\/logo\/image\/"},"sameAs":["https:\/\/www.facebook.com\/aljastoffe\/","https:\/\/www.instagram.com\/alja_stoffe_mercerie\/","https:\/\/www.youtube.com\/channel\/UCf6430U9yN-o6rk-Nw4TDqA"]}]}},"_links":{"self":[{"href":"https:\/\/alja.ch\/fr\/wp-json\/wp\/v2\/product\/51123","targetHints":{"allow":["GET"]}}],"collection":[{"href":"https:\/\/alja.ch\/fr\/wp-json\/wp\/v2\/product"}],"about":[{"href":"https:\/\/alja.ch\/fr\/wp-json\/wp\/v2\/types\/product"}],"replies":[{"embeddable":true,"href":"https:\/\/alja.ch\/fr\/wp-json\/wp\/v2\/comments?post=51123"}],"wp:featuredmedia":[{"embeddable":true,"href":"https:\/\/alja.ch\/fr\/wp-json\/wp\/v2\/media\/50495"}],"wp:attachment":[{"href":"https:\/\/alja.ch\/fr\/wp-json\/wp\/v2\/media?parent=51123"}],"wp:term":[{"taxonomy":"product_brand","embeddable":true,"href":"https:\/\/alja.ch\/fr\/wp-json\/wp\/v2\/product_brand?post=51123"},{"taxonomy":"product_cat","embeddable":true,"href":"https:\/\/alja.ch\/fr\/wp-json\/wp\/v2\/product_cat?post=51123"},{"taxonomy":"product_tag","embeddable":true,"href":"https:\/\/alja.ch\/fr\/wp-json\/wp\/v2\/product_tag?post=51123"}],"curies":[{"name":"wp","href":"https:\/\/api.w.org\/{rel}","templated":true}]}}