{"id":50783,"date":"2026-03-16T13:09:05","date_gmt":"2026-03-16T12:09:05","guid":{"rendered":"https:\/\/alja.ch\/produkt\/tissu-en-coton-sancho-pancho\/"},"modified":"2026-03-16T13:09:21","modified_gmt":"2026-03-16T12:09:21","slug":"tissu-en-coton-sancho-pancho","status":"publish","type":"product","link":"https:\/\/alja.ch\/fr\/produit\/tissu-en-coton-sancho-pancho\/","title":{"rendered":"Tissu en coton \/ Sancho Pancho"},"content":{"rendered":"<p data-path-to-node=\"6\"><b data-path-to-node=\"6\" data-index-in-node=\"0\">Une tradition vivante pour vos projets cr\u00e9atifs !<\/b> Le tissu de base <b data-path-to-node=\"6\" data-index-in-node=\"62\">Sancho Pancho<\/b> apporte imm\u00e9diatement de la bonne humeur dans votre atelier gr\u00e2ce \u00e0 ses combinaisons de couleurs puissantes et son design classique \u00e0 rayures. Fabriqu\u00e9 en <b data-path-to-node=\"6\" data-index-in-node=\"208\">100 % pur coton<\/b>, ce tissu s\u00e9duit par son toucher franc et agr\u00e9able au toucher et par sa structure tiss\u00e9e authentique qui rappelle les textiles traditionnels d&rsquo;Am\u00e9rique du Sud. <\/p>\n<p data-path-to-node=\"7\"><b data-path-to-node=\"7\" data-index-in-node=\"0\">Trois mondes de couleurs - des possibilit\u00e9s infinies :<\/b> Qu&rsquo;il s&rsquo;agisse d&rsquo;un multicolore ardent avec des nuances de rouge et d&rsquo;orange, de nuances naturelles dans un vert vif ou de rayures fra\u00eeches et maritimes en bleu et turquoise : dans ce tissu, les couleurs ne sont pas simplement imprim\u00e9es, mais directement tiss\u00e9es gr\u00e2ce \u00e0 l&rsquo;utilisation de fils de diff\u00e9rentes couleurs. Cela rend le tissu particuli\u00e8rement durable, inalt\u00e9rable et r\u00e9versible. <\/p>\n<p data-path-to-node=\"8\"><b data-path-to-node=\"8\" data-index-in-node=\"0\">Naturel &amp; r\u00e9sistant :<\/b> avec une <b data-path-to-node=\"8\" data-index-in-node=\"46\">largeur<\/b> confortable <b data-path-to-node=\"8\" data-index-in-node=\"46\">de 150 cm<\/b>, \u00a0\u00bbSancho Pancho\u00a0\u00bb offre une grande marge de man\u0153uvre pour les grands patrons. En tant que tissu pur coton, il est respirant, facile d&rsquo;entretien et agr\u00e9able sur la peau, tout en disposant de la stabilit\u00e9 n\u00e9cessaire d&rsquo;un tissu de base de haute qualit\u00e9. <\/p>\n<p data-path-to-node=\"9\"><b data-path-to-node=\"9\" data-index-in-node=\"0\">Domaines d&rsquo;application :<\/b> Ce v\u00eatement ray\u00e9 polyvalent est le choix parfait pour :<\/p>\n<ul data-path-to-node=\"10\">\n<li>\n<p data-path-to-node=\"10,0,0\"><b data-path-to-node=\"10,0,0\" data-index-in-node=\"0\">Int\u00e9rieur &amp; d\u00e9co :<\/b> cr\u00e9ez des housses de coussin r\u00e9sistantes, des chemins de table rustiques, des rideaux opaques ou des couvre-si\u00e8ges color\u00e9s.<\/p>\n<\/li>\n<li>\n<p data-path-to-node=\"10,1,0\"><b data-path-to-node=\"10,1,0\" data-index-in-node=\"0\">Accessoires :<\/b> id\u00e9al pour les sacs robustes, les sacs \u00e0 dos, les shoppers color\u00e9s ou les sacs de plage qui doivent r\u00e9sister \u00e0 l&rsquo;usure.<\/p>\n<\/li>\n<li>\n<p data-path-to-node=\"10,2,0\"><b data-path-to-node=\"10,2,0\" data-index-in-node=\"0\">La mode qui tient debout :<\/b> parfait pour les gilets ethniques, les vestes l\u00e9g\u00e8res, les tabliers ou les \u00e9l\u00e9ments de costumes traditionnels.<\/p>\n<\/li>\n<li>\n<p data-path-to-node=\"10,3,0\"><b data-path-to-node=\"10,3,0\" data-index-in-node=\"0\">Jardin &amp; Loisirs :<\/b> Cr\u00e9ez des couvertures de pique-nique individuelles ou des toiles pour les espaces ext\u00e9rieurs prot\u00e9g\u00e9s.<\/p>\n<\/li>\n<\/ul>\n","protected":false},"excerpt":{"rendered":"<p>Tissu en coton color\u00e9 \u00a0\u00bbSancho Pancho\u00a0\u00bb en trois superbes variantes de couleurs. 100% coton, largeur 150 cm et particuli\u00e8rement r\u00e9sistant gr\u00e2ce \u00e0 son aspect tiss\u00e9 \u00e0 rayures. Un tissu de base polyvalent pour la d\u00e9coration, le linge de maison, les sacs et les v\u00eatements rustiques au look ethnique.  <\/p>\n","protected":false},"featured_media":50790,"comment_status":"closed","ping_status":"closed","template":"","meta":{"_acf_changed":false},"product_brand":[],"product_cat":[158,162,153],"product_tag":[1949,5480,5479,5473,5472],"class_list":{"0":"post-50783","1":"product","2":"type-product","3":"status-publish","4":"has-post-thumbnail","6":"product_cat-deco-bricolage","7":"product_cat-mode","8":"product_cat-tissus","9":"product_tag-100-coton-fr","10":"product_tag-look-ethnique","11":"product_tag-sancho-pancho","12":"product_tag-tissu-2","13":"product_tag-tissu-a-rayures","14":"product_shipping_class-colis-standard","16":"first","17":"instock","18":"shipping-taxable","19":"purchasable","20":"product-type-variable"},"acf":[],"yoast_head":"<!-- This site is optimized with the Yoast SEO plugin v27.4 - https:\/\/yoast.com\/product\/yoast-seo-wordpress\/ -->\n<title>Tissu en coton \/ Sancho Pancho &#8212; Alja.ch<\/title>\n<meta name=\"description\" content=\"Acheter tissu de coton &quot;Sancho Pancho&quot; : 100% coton, 150 cm de large. Tissu robuste avec des rayures ethniques color\u00e9es pour coussins, sacs &amp; d\u00e9coration.\" \/>\n<meta name=\"robots\" content=\"index, follow, max-snippet:-1, max-image-preview:large, max-video-preview:-1\" \/>\n<link rel=\"canonical\" href=\"https:\/\/alja.ch\/fr\/produit\/tissu-en-coton-sancho-pancho\/\" \/>\n<meta property=\"og:locale\" content=\"fr_FR\" \/>\n<meta property=\"og:type\" content=\"article\" \/>\n<meta property=\"og:title\" content=\"Tissu en coton \/ Sancho Pancho &#8212; Alja.ch\" \/>\n<meta property=\"og:description\" content=\"Acheter tissu de coton &quot;Sancho Pancho&quot; : 100% coton, 150 cm de large. Tissu robuste avec des rayures ethniques color\u00e9es pour coussins, sacs &amp; d\u00e9coration.\" \/>\n<meta property=\"og:url\" content=\"https:\/\/alja.ch\/fr\/produit\/tissu-en-coton-sancho-pancho\/\" \/>\n<meta property=\"og:site_name\" content=\"Alja.ch\" \/>\n<meta property=\"article:publisher\" content=\"https:\/\/www.facebook.com\/aljastoffe\/\" \/>\n<meta property=\"article:modified_time\" content=\"2026-03-16T12:09:21+00:00\" \/>\n<meta property=\"og:image\" content=\"https:\/\/alja.ch\/wp-content\/uploads\/2026\/03\/10920-3514-1591.jpg\" \/>\n\t<meta property=\"og:image:width\" content=\"1752\" \/>\n\t<meta property=\"og:image:height\" content=\"1752\" \/>\n\t<meta property=\"og:image:type\" content=\"image\/jpeg\" \/>\n<meta name=\"twitter:card\" content=\"summary_large_image\" \/>\n<meta name=\"twitter:label1\" content=\"Dur\u00e9e de lecture estim\u00e9e\" \/>\n\t<meta name=\"twitter:data1\" content=\"2 minutes\" \/>\n<script type=\"application\/ld+json\" class=\"yoast-schema-graph\">{\"@context\":\"https:\\\/\\\/schema.org\",\"@graph\":[{\"@type\":\"WebPage\",\"@id\":\"https:\\\/\\\/alja.ch\\\/fr\\\/produit\\\/tissu-en-coton-sancho-pancho\\\/\",\"url\":\"https:\\\/\\\/alja.ch\\\/fr\\\/produit\\\/tissu-en-coton-sancho-pancho\\\/\",\"name\":\"Tissu en coton \\\/ Sancho Pancho &#8212; Alja.ch\",\"isPartOf\":{\"@id\":\"https:\\\/\\\/alja.ch\\\/fr\\\/#website\"},\"primaryImageOfPage\":{\"@id\":\"https:\\\/\\\/alja.ch\\\/fr\\\/produit\\\/tissu-en-coton-sancho-pancho\\\/#primaryimage\"},\"image\":{\"@id\":\"https:\\\/\\\/alja.ch\\\/fr\\\/produit\\\/tissu-en-coton-sancho-pancho\\\/#primaryimage\"},\"thumbnailUrl\":\"https:\\\/\\\/alja.ch\\\/wp-content\\\/uploads\\\/2026\\\/03\\\/10920-3514-1591.jpg\",\"datePublished\":\"2026-03-16T12:09:05+00:00\",\"dateModified\":\"2026-03-16T12:09:21+00:00\",\"description\":\"Acheter tissu de coton \\\"Sancho Pancho\\\" : 100% coton, 150 cm de large. Tissu robuste avec des rayures ethniques color\u00e9es pour coussins, sacs & d\u00e9coration.\",\"breadcrumb\":{\"@id\":\"https:\\\/\\\/alja.ch\\\/fr\\\/produit\\\/tissu-en-coton-sancho-pancho\\\/#breadcrumb\"},\"inLanguage\":\"fr-FR\",\"potentialAction\":[{\"@type\":\"ReadAction\",\"target\":[\"https:\\\/\\\/alja.ch\\\/fr\\\/produit\\\/tissu-en-coton-sancho-pancho\\\/\"]}]},{\"@type\":\"ImageObject\",\"inLanguage\":\"fr-FR\",\"@id\":\"https:\\\/\\\/alja.ch\\\/fr\\\/produit\\\/tissu-en-coton-sancho-pancho\\\/#primaryimage\",\"url\":\"https:\\\/\\\/alja.ch\\\/wp-content\\\/uploads\\\/2026\\\/03\\\/10920-3514-1591.jpg\",\"contentUrl\":\"https:\\\/\\\/alja.ch\\\/wp-content\\\/uploads\\\/2026\\\/03\\\/10920-3514-1591.jpg\",\"width\":1752,\"height\":1752},{\"@type\":\"BreadcrumbList\",\"@id\":\"https:\\\/\\\/alja.ch\\\/fr\\\/produit\\\/tissu-en-coton-sancho-pancho\\\/#breadcrumb\",\"itemListElement\":[{\"@type\":\"ListItem\",\"position\":1,\"name\":\"Startseite\",\"item\":\"https:\\\/\\\/alja.ch\\\/fr\\\/\"},{\"@type\":\"ListItem\",\"position\":2,\"name\":\"Boutique\",\"item\":\"https:\\\/\\\/alja.ch\\\/fr\\\/boutique\\\/\"},{\"@type\":\"ListItem\",\"position\":3,\"name\":\"Tissu en coton \\\/ Sancho Pancho\"}]},{\"@type\":\"WebSite\",\"@id\":\"https:\\\/\\\/alja.ch\\\/fr\\\/#website\",\"url\":\"https:\\\/\\\/alja.ch\\\/fr\\\/\",\"name\":\"Alja.ch\",\"description\":\"Stoffe &amp; Mercerie online einkaufen!\",\"publisher\":{\"@id\":\"https:\\\/\\\/alja.ch\\\/fr\\\/#organization\"},\"potentialAction\":[{\"@type\":\"SearchAction\",\"target\":{\"@type\":\"EntryPoint\",\"urlTemplate\":\"https:\\\/\\\/alja.ch\\\/fr\\\/?s={search_term_string}\"},\"query-input\":{\"@type\":\"PropertyValueSpecification\",\"valueRequired\":true,\"valueName\":\"search_term_string\"}}],\"inLanguage\":\"fr-FR\"},{\"@type\":\"Organization\",\"@id\":\"https:\\\/\\\/alja.ch\\\/fr\\\/#organization\",\"name\":\"ALJA Nouveau AG\",\"url\":\"https:\\\/\\\/alja.ch\\\/fr\\\/\",\"logo\":{\"@type\":\"ImageObject\",\"inLanguage\":\"fr-FR\",\"@id\":\"https:\\\/\\\/alja.ch\\\/fr\\\/#\\\/schema\\\/logo\\\/image\\\/\",\"url\":\"https:\\\/\\\/alja.ch\\\/wp-content\\\/uploads\\\/kg-logo-alja.png\",\"contentUrl\":\"https:\\\/\\\/alja.ch\\\/wp-content\\\/uploads\\\/kg-logo-alja.png\",\"width\":1000,\"height\":1000,\"caption\":\"ALJA Nouveau AG\"},\"image\":{\"@id\":\"https:\\\/\\\/alja.ch\\\/fr\\\/#\\\/schema\\\/logo\\\/image\\\/\"},\"sameAs\":[\"https:\\\/\\\/www.facebook.com\\\/aljastoffe\\\/\",\"https:\\\/\\\/www.instagram.com\\\/alja_stoffe_mercerie\\\/\",\"https:\\\/\\\/www.youtube.com\\\/channel\\\/UCf6430U9yN-o6rk-Nw4TDqA\"]}]}<\/script>\n<!-- \/ Yoast SEO plugin. -->","yoast_head_json":{"title":"Tissu en coton \/ Sancho Pancho &#8212; Alja.ch","description":"Acheter tissu de coton \"Sancho Pancho\" : 100% coton, 150 cm de large. Tissu robuste avec des rayures ethniques color\u00e9es pour coussins, sacs & d\u00e9coration.","robots":{"index":"index","follow":"follow","max-snippet":"max-snippet:-1","max-image-preview":"max-image-preview:large","max-video-preview":"max-video-preview:-1"},"canonical":"https:\/\/alja.ch\/fr\/produit\/tissu-en-coton-sancho-pancho\/","og_locale":"fr_FR","og_type":"article","og_title":"Tissu en coton \/ Sancho Pancho &#8212; Alja.ch","og_description":"Acheter tissu de coton \"Sancho Pancho\" : 100% coton, 150 cm de large. Tissu robuste avec des rayures ethniques color\u00e9es pour coussins, sacs & d\u00e9coration.","og_url":"https:\/\/alja.ch\/fr\/produit\/tissu-en-coton-sancho-pancho\/","og_site_name":"Alja.ch","article_publisher":"https:\/\/www.facebook.com\/aljastoffe\/","article_modified_time":"2026-03-16T12:09:21+00:00","og_image":[{"width":1752,"height":1752,"url":"https:\/\/alja.ch\/wp-content\/uploads\/2026\/03\/10920-3514-1591.jpg","type":"image\/jpeg"}],"twitter_card":"summary_large_image","twitter_misc":{"Dur\u00e9e de lecture estim\u00e9e":"2 minutes"},"schema":{"@context":"https:\/\/schema.org","@graph":[{"@type":"WebPage","@id":"https:\/\/alja.ch\/fr\/produit\/tissu-en-coton-sancho-pancho\/","url":"https:\/\/alja.ch\/fr\/produit\/tissu-en-coton-sancho-pancho\/","name":"Tissu en coton \/ Sancho Pancho &#8212; Alja.ch","isPartOf":{"@id":"https:\/\/alja.ch\/fr\/#website"},"primaryImageOfPage":{"@id":"https:\/\/alja.ch\/fr\/produit\/tissu-en-coton-sancho-pancho\/#primaryimage"},"image":{"@id":"https:\/\/alja.ch\/fr\/produit\/tissu-en-coton-sancho-pancho\/#primaryimage"},"thumbnailUrl":"https:\/\/alja.ch\/wp-content\/uploads\/2026\/03\/10920-3514-1591.jpg","datePublished":"2026-03-16T12:09:05+00:00","dateModified":"2026-03-16T12:09:21+00:00","description":"Acheter tissu de coton \"Sancho Pancho\" : 100% coton, 150 cm de large. Tissu robuste avec des rayures ethniques color\u00e9es pour coussins, sacs & d\u00e9coration.","breadcrumb":{"@id":"https:\/\/alja.ch\/fr\/produit\/tissu-en-coton-sancho-pancho\/#breadcrumb"},"inLanguage":"fr-FR","potentialAction":[{"@type":"ReadAction","target":["https:\/\/alja.ch\/fr\/produit\/tissu-en-coton-sancho-pancho\/"]}]},{"@type":"ImageObject","inLanguage":"fr-FR","@id":"https:\/\/alja.ch\/fr\/produit\/tissu-en-coton-sancho-pancho\/#primaryimage","url":"https:\/\/alja.ch\/wp-content\/uploads\/2026\/03\/10920-3514-1591.jpg","contentUrl":"https:\/\/alja.ch\/wp-content\/uploads\/2026\/03\/10920-3514-1591.jpg","width":1752,"height":1752},{"@type":"BreadcrumbList","@id":"https:\/\/alja.ch\/fr\/produit\/tissu-en-coton-sancho-pancho\/#breadcrumb","itemListElement":[{"@type":"ListItem","position":1,"name":"Startseite","item":"https:\/\/alja.ch\/fr\/"},{"@type":"ListItem","position":2,"name":"Boutique","item":"https:\/\/alja.ch\/fr\/boutique\/"},{"@type":"ListItem","position":3,"name":"Tissu en coton \/ Sancho Pancho"}]},{"@type":"WebSite","@id":"https:\/\/alja.ch\/fr\/#website","url":"https:\/\/alja.ch\/fr\/","name":"Alja.ch","description":"Stoffe &amp; Mercerie online einkaufen!","publisher":{"@id":"https:\/\/alja.ch\/fr\/#organization"},"potentialAction":[{"@type":"SearchAction","target":{"@type":"EntryPoint","urlTemplate":"https:\/\/alja.ch\/fr\/?s={search_term_string}"},"query-input":{"@type":"PropertyValueSpecification","valueRequired":true,"valueName":"search_term_string"}}],"inLanguage":"fr-FR"},{"@type":"Organization","@id":"https:\/\/alja.ch\/fr\/#organization","name":"ALJA Nouveau AG","url":"https:\/\/alja.ch\/fr\/","logo":{"@type":"ImageObject","inLanguage":"fr-FR","@id":"https:\/\/alja.ch\/fr\/#\/schema\/logo\/image\/","url":"https:\/\/alja.ch\/wp-content\/uploads\/kg-logo-alja.png","contentUrl":"https:\/\/alja.ch\/wp-content\/uploads\/kg-logo-alja.png","width":1000,"height":1000,"caption":"ALJA Nouveau AG"},"image":{"@id":"https:\/\/alja.ch\/fr\/#\/schema\/logo\/image\/"},"sameAs":["https:\/\/www.facebook.com\/aljastoffe\/","https:\/\/www.instagram.com\/alja_stoffe_mercerie\/","https:\/\/www.youtube.com\/channel\/UCf6430U9yN-o6rk-Nw4TDqA"]}]}},"_links":{"self":[{"href":"https:\/\/alja.ch\/fr\/wp-json\/wp\/v2\/product\/50783","targetHints":{"allow":["GET"]}}],"collection":[{"href":"https:\/\/alja.ch\/fr\/wp-json\/wp\/v2\/product"}],"about":[{"href":"https:\/\/alja.ch\/fr\/wp-json\/wp\/v2\/types\/product"}],"replies":[{"embeddable":true,"href":"https:\/\/alja.ch\/fr\/wp-json\/wp\/v2\/comments?post=50783"}],"wp:featuredmedia":[{"embeddable":true,"href":"https:\/\/alja.ch\/fr\/wp-json\/wp\/v2\/media\/50790"}],"wp:attachment":[{"href":"https:\/\/alja.ch\/fr\/wp-json\/wp\/v2\/media?parent=50783"}],"wp:term":[{"taxonomy":"product_brand","embeddable":true,"href":"https:\/\/alja.ch\/fr\/wp-json\/wp\/v2\/product_brand?post=50783"},{"taxonomy":"product_cat","embeddable":true,"href":"https:\/\/alja.ch\/fr\/wp-json\/wp\/v2\/product_cat?post=50783"},{"taxonomy":"product_tag","embeddable":true,"href":"https:\/\/alja.ch\/fr\/wp-json\/wp\/v2\/product_tag?post=50783"}],"curies":[{"name":"wp","href":"https:\/\/api.w.org\/{rel}","templated":true}]}}