{"id":50156,"date":"2026-03-04T15:01:52","date_gmt":"2026-03-04T14:01:52","guid":{"rendered":"https:\/\/alja.ch\/produkt\/bamboo-jersey-uni-marine-bleu-clair-bleu-jean\/"},"modified":"2026-03-04T15:04:35","modified_gmt":"2026-03-04T14:04:35","slug":"bamboo-jersey-uni-marine-bleu-clair-bleu-jean","status":"publish","type":"product","link":"https:\/\/alja.ch\/fr\/produit\/bamboo-jersey-uni-marine-bleu-clair-bleu-jean\/","title":{"rendered":"Bamboo Jersey uni - Marine, Bleu clair &amp; Bleu jean"},"content":{"rendered":"<p data-path-to-node=\"6\">Faites l&rsquo;exp\u00e9rience d&rsquo;un confort incomparable sur votre peau ! Notre <b data-path-to-node=\"6\" data-index-in-node=\"67\">jersey bambou<\/b> est le choix parfait pour tous ceux qui aiment les mati\u00e8res naturelles et un maximum de confort. Le m\u00e9lange unique de viscose de bambou, de coton et d&rsquo;\u00e9lasthanne rend ce tissu exceptionnellement doux, soyeux au toucher et extr\u00eamement souple.  <\/p>\n<p data-path-to-node=\"7\"><b data-path-to-node=\"7\" data-index-in-node=\"0\">Pourquoi le jersey de bambou ?<\/b><\/p>\n<ul data-path-to-node=\"8\">\n<li>\n<p data-path-to-node=\"8,0,0\"><b data-path-to-node=\"8,0,0\" data-index-in-node=\"0\">Fra\u00eecheur naturelle :<\/b> les fibres de bambou sont naturellement respirantes et r\u00e9gulent l&rsquo;humidit\u00e9, ce qui permet au tissu de rester agr\u00e9ablement frais en \u00e9t\u00e9 et chaud en hiver notamment.<\/p>\n<\/li>\n<li>\n<p data-path-to-node=\"8,1,0\"><b data-path-to-node=\"8,1,0\" data-index-in-node=\"0\">Une tenue parfaite :<\/b> gr\u00e2ce \u00e0 la pr\u00e9sence de <b data-path-to-node=\"8,1,0\" data-index-in-node=\"37\">4% d&rsquo;\u00e9lasthanne<\/b>, le jersey est merveilleusement \u00e9lastique (stretch), ne se d\u00e9tend pas et offre une totale libert\u00e9 de mouvement.<\/p>\n<\/li>\n<li>\n<p data-path-to-node=\"8,2,0\"><b data-path-to-node=\"8,2,0\" data-index-in-node=\"0\">Doux pour la peau :<\/b> la structure lisse des fibres est id\u00e9ale pour les peaux sensibles, les personnes allergiques ainsi que pour la peau d\u00e9licate des b\u00e9b\u00e9s et des enfants.<\/p>\n<\/li>\n<\/ul>\n<p data-path-to-node=\"9\"><b data-path-to-node=\"9\" data-index-in-node=\"0\">Univers de couleurs bleu :<\/b> choisissez parmi trois nuances intemporelles : le <b data-path-to-node=\"9\" data-index-in-node=\"76\">bleu marine<\/b> classique et profond, le <b data-path-to-node=\"9\" data-index-in-node=\"96\">bleu clair<\/b> frais ou le <b data-path-to-node=\"9\" data-index-in-node=\"122\">bleu jean<\/b> d\u00e9contract\u00e9. Avec une largeur de <b data-path-to-node=\"9\" data-index-in-node=\"154\">150 cm<\/b> et un poids de <b data-path-to-node=\"9\" data-index-in-node=\"183\">200 g\/m\u00b2<\/b>, le tissu a la tenue parfaite pour des v\u00eatements de longue dur\u00e9e. <\/p>\n<p data-path-to-node=\"10\"><b data-path-to-node=\"10\" data-index-in-node=\"0\">Domaines d&rsquo;application :<\/b> Ce jersey est un vrai talent polyvalent pour toute la famille :<\/p>\n<ul data-path-to-node=\"11\">\n<li>\n<p data-path-to-node=\"11,0,0\"><b data-path-to-node=\"11,0,0\" data-index-in-node=\"0\">V\u00eatements :<\/b> T-shirts, manches longues, sous-v\u00eatements, leggings et tenues de loisirs confortables.<\/p>\n<\/li>\n<li>\n<p data-path-to-node=\"11,1,0\"><b data-path-to-node=\"11,1,0\" data-index-in-node=\"0\">B\u00e9b\u00e9 &amp; enfant :<\/b> bodys, grenouill\u00e8res, culottes bouffantes et bonnets.<\/p>\n<\/li>\n<li>\n<p data-path-to-node=\"11,2,0\"><b data-path-to-node=\"11,2,0\" data-index-in-node=\"0\">Mode de sommeil :<\/b> pyjamas et chemises de nuit particuli\u00e8rement doux, qui assurent un climat de sommeil optimal.<\/p>\n<\/li>\n<\/ul>\n","protected":false},"excerpt":{"rendered":"<p><b data-path-to-node=\"14\" data-index-in-node=\"18\">Jersey de bambou<\/b> d&rsquo;une douceur luxueuse en trois nuances de bleu. Durable, respirant et tr\u00e8s \u00e9lastique gr\u00e2ce \u00e0 4% d&rsquo;\u00e9lasthanne. Le choix id\u00e9al pour les basiques de qualit\u00e9, les v\u00eatements pour enfants et les sous-v\u00eatements. Largeur : 150 cm, poids : 200 g\/m\u00b2.   <\/p>\n","protected":false},"featured_media":50160,"comment_status":"closed","ping_status":"closed","template":"","meta":{"_acf_changed":false},"product_brand":[],"product_cat":[1159,153,251],"product_tag":[5320],"class_list":{"0":"post-50156","1":"product","2":"type-product","3":"status-publish","4":"has-post-thumbnail","6":"product_cat-baumwolljersey-fr","7":"product_cat-tissus","8":"product_cat-tissus-uni-basic","9":"product_tag-tissu-en-viscose-de-bambou","10":"product_shipping_class-colis-standard","12":"first","13":"instock","14":"shipping-taxable","15":"purchasable","16":"product-type-variable"},"acf":[],"yoast_head":"<!-- This site is optimized with the Yoast SEO plugin v27.3 - https:\/\/yoast.com\/product\/yoast-seo-wordpress\/ -->\n<title>Bamboo Jersey uni - Marine, Bleu clair &amp; Bleu jean &#8212; Alja.ch<\/title>\n<meta name=\"description\" content=\"Acheter du jersey bambou uni dans les tons bleus : Durable, doux comme de la soie &amp; \u00e9lastique (200g\/m\u00b2). Id\u00e9al pour les t-shirts &amp; les v\u00eatements de b\u00e9b\u00e9. D\u00e9couvrez-le maintenant en ligne chez alja.ch !\" \/>\n<meta name=\"robots\" content=\"index, follow, max-snippet:-1, max-image-preview:large, max-video-preview:-1\" \/>\n<link rel=\"canonical\" href=\"https:\/\/alja.ch\/fr\/produit\/bamboo-jersey-uni-marine-bleu-clair-bleu-jean\/\" \/>\n<meta property=\"og:locale\" content=\"fr_FR\" \/>\n<meta property=\"og:type\" content=\"article\" \/>\n<meta property=\"og:title\" content=\"Bamboo Jersey uni - Marine, Bleu clair &amp; Bleu jean &#8212; Alja.ch\" \/>\n<meta property=\"og:description\" content=\"Acheter du jersey bambou uni dans les tons bleus : Durable, doux comme de la soie &amp; \u00e9lastique (200g\/m\u00b2). Id\u00e9al pour les t-shirts &amp; les v\u00eatements de b\u00e9b\u00e9. D\u00e9couvrez-le maintenant en ligne chez alja.ch !\" \/>\n<meta property=\"og:url\" content=\"https:\/\/alja.ch\/fr\/produit\/bamboo-jersey-uni-marine-bleu-clair-bleu-jean\/\" \/>\n<meta property=\"og:site_name\" content=\"Alja.ch\" \/>\n<meta property=\"article:publisher\" content=\"https:\/\/www.facebook.com\/aljastoffe\/\" \/>\n<meta property=\"article:modified_time\" content=\"2026-03-04T14:04:35+00:00\" \/>\n<meta property=\"og:image\" content=\"https:\/\/alja.ch\/wp-content\/uploads\/2026\/03\/15163.jpg\" \/>\n\t<meta property=\"og:image:width\" content=\"620\" \/>\n\t<meta property=\"og:image:height\" content=\"620\" \/>\n\t<meta property=\"og:image:type\" content=\"image\/jpeg\" \/>\n<meta name=\"twitter:card\" content=\"summary_large_image\" \/>\n<meta name=\"twitter:label1\" content=\"Dur\u00e9e de lecture estim\u00e9e\" \/>\n\t<meta name=\"twitter:data1\" content=\"1 minute\" \/>\n<script type=\"application\/ld+json\" class=\"yoast-schema-graph\">{\"@context\":\"https:\\\/\\\/schema.org\",\"@graph\":[{\"@type\":\"WebPage\",\"@id\":\"https:\\\/\\\/alja.ch\\\/fr\\\/produit\\\/bamboo-jersey-uni-marine-bleu-clair-bleu-jean\\\/\",\"url\":\"https:\\\/\\\/alja.ch\\\/fr\\\/produit\\\/bamboo-jersey-uni-marine-bleu-clair-bleu-jean\\\/\",\"name\":\"Bamboo Jersey uni - Marine, Bleu clair &amp; Bleu jean &#8212; Alja.ch\",\"isPartOf\":{\"@id\":\"https:\\\/\\\/alja.ch\\\/fr\\\/#website\"},\"primaryImageOfPage\":{\"@id\":\"https:\\\/\\\/alja.ch\\\/fr\\\/produit\\\/bamboo-jersey-uni-marine-bleu-clair-bleu-jean\\\/#primaryimage\"},\"image\":{\"@id\":\"https:\\\/\\\/alja.ch\\\/fr\\\/produit\\\/bamboo-jersey-uni-marine-bleu-clair-bleu-jean\\\/#primaryimage\"},\"thumbnailUrl\":\"https:\\\/\\\/alja.ch\\\/wp-content\\\/uploads\\\/2026\\\/03\\\/15163.jpg\",\"datePublished\":\"2026-03-04T14:01:52+00:00\",\"dateModified\":\"2026-03-04T14:04:35+00:00\",\"description\":\"Acheter du jersey bambou uni dans les tons bleus : Durable, doux comme de la soie & \u00e9lastique (200g\\\/m\u00b2). Id\u00e9al pour les t-shirts & les v\u00eatements de b\u00e9b\u00e9. D\u00e9couvrez-le maintenant en ligne chez alja.ch !\",\"breadcrumb\":{\"@id\":\"https:\\\/\\\/alja.ch\\\/fr\\\/produit\\\/bamboo-jersey-uni-marine-bleu-clair-bleu-jean\\\/#breadcrumb\"},\"inLanguage\":\"fr-FR\",\"potentialAction\":[{\"@type\":\"ReadAction\",\"target\":[\"https:\\\/\\\/alja.ch\\\/fr\\\/produit\\\/bamboo-jersey-uni-marine-bleu-clair-bleu-jean\\\/\"]}]},{\"@type\":\"ImageObject\",\"inLanguage\":\"fr-FR\",\"@id\":\"https:\\\/\\\/alja.ch\\\/fr\\\/produit\\\/bamboo-jersey-uni-marine-bleu-clair-bleu-jean\\\/#primaryimage\",\"url\":\"https:\\\/\\\/alja.ch\\\/wp-content\\\/uploads\\\/2026\\\/03\\\/15163.jpg\",\"contentUrl\":\"https:\\\/\\\/alja.ch\\\/wp-content\\\/uploads\\\/2026\\\/03\\\/15163.jpg\",\"width\":620,\"height\":620},{\"@type\":\"BreadcrumbList\",\"@id\":\"https:\\\/\\\/alja.ch\\\/fr\\\/produit\\\/bamboo-jersey-uni-marine-bleu-clair-bleu-jean\\\/#breadcrumb\",\"itemListElement\":[{\"@type\":\"ListItem\",\"position\":1,\"name\":\"Startseite\",\"item\":\"https:\\\/\\\/alja.ch\\\/fr\\\/\"},{\"@type\":\"ListItem\",\"position\":2,\"name\":\"Boutique\",\"item\":\"https:\\\/\\\/alja.ch\\\/fr\\\/boutique\\\/\"},{\"@type\":\"ListItem\",\"position\":3,\"name\":\"Bamboo Jersey uni - Marine, Bleu clair &amp; Bleu jean\"}]},{\"@type\":\"WebSite\",\"@id\":\"https:\\\/\\\/alja.ch\\\/fr\\\/#website\",\"url\":\"https:\\\/\\\/alja.ch\\\/fr\\\/\",\"name\":\"Alja.ch\",\"description\":\"Stoffe &amp; Mercerie online einkaufen!\",\"publisher\":{\"@id\":\"https:\\\/\\\/alja.ch\\\/fr\\\/#organization\"},\"potentialAction\":[{\"@type\":\"SearchAction\",\"target\":{\"@type\":\"EntryPoint\",\"urlTemplate\":\"https:\\\/\\\/alja.ch\\\/fr\\\/?s={search_term_string}\"},\"query-input\":{\"@type\":\"PropertyValueSpecification\",\"valueRequired\":true,\"valueName\":\"search_term_string\"}}],\"inLanguage\":\"fr-FR\"},{\"@type\":\"Organization\",\"@id\":\"https:\\\/\\\/alja.ch\\\/fr\\\/#organization\",\"name\":\"ALJA Nouveau AG\",\"url\":\"https:\\\/\\\/alja.ch\\\/fr\\\/\",\"logo\":{\"@type\":\"ImageObject\",\"inLanguage\":\"fr-FR\",\"@id\":\"https:\\\/\\\/alja.ch\\\/fr\\\/#\\\/schema\\\/logo\\\/image\\\/\",\"url\":\"https:\\\/\\\/alja.ch\\\/wp-content\\\/uploads\\\/kg-logo-alja.png\",\"contentUrl\":\"https:\\\/\\\/alja.ch\\\/wp-content\\\/uploads\\\/kg-logo-alja.png\",\"width\":1000,\"height\":1000,\"caption\":\"ALJA Nouveau AG\"},\"image\":{\"@id\":\"https:\\\/\\\/alja.ch\\\/fr\\\/#\\\/schema\\\/logo\\\/image\\\/\"},\"sameAs\":[\"https:\\\/\\\/www.facebook.com\\\/aljastoffe\\\/\",\"https:\\\/\\\/www.instagram.com\\\/alja_stoffe_mercerie\\\/\",\"https:\\\/\\\/www.youtube.com\\\/channel\\\/UCf6430U9yN-o6rk-Nw4TDqA\"]}]}<\/script>\n<!-- \/ Yoast SEO plugin. -->","yoast_head_json":{"title":"Bamboo Jersey uni - Marine, Bleu clair &amp; Bleu jean &#8212; Alja.ch","description":"Acheter du jersey bambou uni dans les tons bleus : Durable, doux comme de la soie & \u00e9lastique (200g\/m\u00b2). Id\u00e9al pour les t-shirts & les v\u00eatements de b\u00e9b\u00e9. D\u00e9couvrez-le maintenant en ligne chez alja.ch !","robots":{"index":"index","follow":"follow","max-snippet":"max-snippet:-1","max-image-preview":"max-image-preview:large","max-video-preview":"max-video-preview:-1"},"canonical":"https:\/\/alja.ch\/fr\/produit\/bamboo-jersey-uni-marine-bleu-clair-bleu-jean\/","og_locale":"fr_FR","og_type":"article","og_title":"Bamboo Jersey uni - Marine, Bleu clair &amp; Bleu jean &#8212; Alja.ch","og_description":"Acheter du jersey bambou uni dans les tons bleus : Durable, doux comme de la soie & \u00e9lastique (200g\/m\u00b2). Id\u00e9al pour les t-shirts & les v\u00eatements de b\u00e9b\u00e9. D\u00e9couvrez-le maintenant en ligne chez alja.ch !","og_url":"https:\/\/alja.ch\/fr\/produit\/bamboo-jersey-uni-marine-bleu-clair-bleu-jean\/","og_site_name":"Alja.ch","article_publisher":"https:\/\/www.facebook.com\/aljastoffe\/","article_modified_time":"2026-03-04T14:04:35+00:00","og_image":[{"width":620,"height":620,"url":"https:\/\/alja.ch\/wp-content\/uploads\/2026\/03\/15163.jpg","type":"image\/jpeg"}],"twitter_card":"summary_large_image","twitter_misc":{"Dur\u00e9e de lecture estim\u00e9e":"1 minute"},"schema":{"@context":"https:\/\/schema.org","@graph":[{"@type":"WebPage","@id":"https:\/\/alja.ch\/fr\/produit\/bamboo-jersey-uni-marine-bleu-clair-bleu-jean\/","url":"https:\/\/alja.ch\/fr\/produit\/bamboo-jersey-uni-marine-bleu-clair-bleu-jean\/","name":"Bamboo Jersey uni - Marine, Bleu clair &amp; Bleu jean &#8212; Alja.ch","isPartOf":{"@id":"https:\/\/alja.ch\/fr\/#website"},"primaryImageOfPage":{"@id":"https:\/\/alja.ch\/fr\/produit\/bamboo-jersey-uni-marine-bleu-clair-bleu-jean\/#primaryimage"},"image":{"@id":"https:\/\/alja.ch\/fr\/produit\/bamboo-jersey-uni-marine-bleu-clair-bleu-jean\/#primaryimage"},"thumbnailUrl":"https:\/\/alja.ch\/wp-content\/uploads\/2026\/03\/15163.jpg","datePublished":"2026-03-04T14:01:52+00:00","dateModified":"2026-03-04T14:04:35+00:00","description":"Acheter du jersey bambou uni dans les tons bleus : Durable, doux comme de la soie & \u00e9lastique (200g\/m\u00b2). Id\u00e9al pour les t-shirts & les v\u00eatements de b\u00e9b\u00e9. D\u00e9couvrez-le maintenant en ligne chez alja.ch !","breadcrumb":{"@id":"https:\/\/alja.ch\/fr\/produit\/bamboo-jersey-uni-marine-bleu-clair-bleu-jean\/#breadcrumb"},"inLanguage":"fr-FR","potentialAction":[{"@type":"ReadAction","target":["https:\/\/alja.ch\/fr\/produit\/bamboo-jersey-uni-marine-bleu-clair-bleu-jean\/"]}]},{"@type":"ImageObject","inLanguage":"fr-FR","@id":"https:\/\/alja.ch\/fr\/produit\/bamboo-jersey-uni-marine-bleu-clair-bleu-jean\/#primaryimage","url":"https:\/\/alja.ch\/wp-content\/uploads\/2026\/03\/15163.jpg","contentUrl":"https:\/\/alja.ch\/wp-content\/uploads\/2026\/03\/15163.jpg","width":620,"height":620},{"@type":"BreadcrumbList","@id":"https:\/\/alja.ch\/fr\/produit\/bamboo-jersey-uni-marine-bleu-clair-bleu-jean\/#breadcrumb","itemListElement":[{"@type":"ListItem","position":1,"name":"Startseite","item":"https:\/\/alja.ch\/fr\/"},{"@type":"ListItem","position":2,"name":"Boutique","item":"https:\/\/alja.ch\/fr\/boutique\/"},{"@type":"ListItem","position":3,"name":"Bamboo Jersey uni - Marine, Bleu clair &amp; Bleu jean"}]},{"@type":"WebSite","@id":"https:\/\/alja.ch\/fr\/#website","url":"https:\/\/alja.ch\/fr\/","name":"Alja.ch","description":"Stoffe &amp; Mercerie online einkaufen!","publisher":{"@id":"https:\/\/alja.ch\/fr\/#organization"},"potentialAction":[{"@type":"SearchAction","target":{"@type":"EntryPoint","urlTemplate":"https:\/\/alja.ch\/fr\/?s={search_term_string}"},"query-input":{"@type":"PropertyValueSpecification","valueRequired":true,"valueName":"search_term_string"}}],"inLanguage":"fr-FR"},{"@type":"Organization","@id":"https:\/\/alja.ch\/fr\/#organization","name":"ALJA Nouveau AG","url":"https:\/\/alja.ch\/fr\/","logo":{"@type":"ImageObject","inLanguage":"fr-FR","@id":"https:\/\/alja.ch\/fr\/#\/schema\/logo\/image\/","url":"https:\/\/alja.ch\/wp-content\/uploads\/kg-logo-alja.png","contentUrl":"https:\/\/alja.ch\/wp-content\/uploads\/kg-logo-alja.png","width":1000,"height":1000,"caption":"ALJA Nouveau AG"},"image":{"@id":"https:\/\/alja.ch\/fr\/#\/schema\/logo\/image\/"},"sameAs":["https:\/\/www.facebook.com\/aljastoffe\/","https:\/\/www.instagram.com\/alja_stoffe_mercerie\/","https:\/\/www.youtube.com\/channel\/UCf6430U9yN-o6rk-Nw4TDqA"]}]}},"_links":{"self":[{"href":"https:\/\/alja.ch\/fr\/wp-json\/wp\/v2\/product\/50156","targetHints":{"allow":["GET"]}}],"collection":[{"href":"https:\/\/alja.ch\/fr\/wp-json\/wp\/v2\/product"}],"about":[{"href":"https:\/\/alja.ch\/fr\/wp-json\/wp\/v2\/types\/product"}],"replies":[{"embeddable":true,"href":"https:\/\/alja.ch\/fr\/wp-json\/wp\/v2\/comments?post=50156"}],"wp:featuredmedia":[{"embeddable":true,"href":"https:\/\/alja.ch\/fr\/wp-json\/wp\/v2\/media\/50160"}],"wp:attachment":[{"href":"https:\/\/alja.ch\/fr\/wp-json\/wp\/v2\/media?parent=50156"}],"wp:term":[{"taxonomy":"product_brand","embeddable":true,"href":"https:\/\/alja.ch\/fr\/wp-json\/wp\/v2\/product_brand?post=50156"},{"taxonomy":"product_cat","embeddable":true,"href":"https:\/\/alja.ch\/fr\/wp-json\/wp\/v2\/product_cat?post=50156"},{"taxonomy":"product_tag","embeddable":true,"href":"https:\/\/alja.ch\/fr\/wp-json\/wp\/v2\/product_tag?post=50156"}],"curies":[{"name":"wp","href":"https:\/\/api.w.org\/{rel}","templated":true}]}}