{"id":49961,"date":"2026-03-02T15:22:24","date_gmt":"2026-03-02T14:22:24","guid":{"rendered":"https:\/\/alja.ch\/produkt\/enjoy-cotton-print-cognac-abstract\/"},"modified":"2026-03-19T12:50:31","modified_gmt":"2026-03-19T11:50:31","slug":"enjoy-cognac-abstract","status":"publish","type":"product","link":"https:\/\/alja.ch\/fr\/produit\/enjoy-cognac-abstract\/","title":{"rendered":"ENJOY Cotton Print Cognac abstract"},"content":{"rendered":"<p data-path-to-node=\"6\">Faites des d\u00e9clarations de mode avec des tons chauds de terre ! L&rsquo;<b data-path-to-node=\"6\" data-index-in-node=\"57\">imprim\u00e9 ENJOY Cotton<\/b> dans la couleur <b data-path-to-node=\"6\" data-index-in-node=\"89\">Cognac Abstract<\/b> provient de la collection actuelle &lsquo;Fashion Spring Summer 2026&rsquo; et s\u00e9duit par son design artistique et abstrait. Le motif allie une esth\u00e9tique moderne \u00e0 une touche de charme r\u00e9tro.<\/p>\n<p data-path-to-node=\"7\"><b data-path-to-node=\"7\" data-index-in-node=\"0\">La l\u00e9g\u00e8ret\u00e9 rencontre la fibre naturelle :<\/b> ce <b data-path-to-node=\"7\" data-index-in-node=\"55\">voile de<\/b> qualit\u00e9 sup\u00e9rieure <b data-path-to-node=\"7\" data-index-in-node=\"55\">(tiss\u00e9 \/ Rotary Print)<\/b> est compos\u00e9 \u00e0 <b data-path-to-node=\"7\" data-index-in-node=\"96\">100% de coton<\/b>. Gr\u00e2ce \u00e0 son tissage fin et \u00e0 son poids de seulement <b data-path-to-node=\"7\" data-index-in-node=\"179\">75 g\/m\u00b2<\/b>, ce tissu est tr\u00e8s fin, respirant et offre un tomb\u00e9 particuli\u00e8rement doux et fluide. Il est agr\u00e9ablement l\u00e9ger sur la peau et est donc le compagnon id\u00e9al des journ\u00e9es chaudes.<\/p>\n<p data-path-to-node=\"8\"><b data-path-to-node=\"8\" data-index-in-node=\"0\">Design &amp; style :<\/b> la couleur cognac assure une \u00e9l\u00e9gance intemporelle, tandis que le motif abstrait conf\u00e8re au tissu une dynamique individuelle. Avec une largeur minimale de <b data-path-to-node=\"8\" data-index-in-node=\"167\">135 cm<\/b>, cet imprim\u00e9 offre suffisamment de marge de man\u0153uvre pour des projets de mode vari\u00e9s et cr\u00e9atifs.<\/p>\n<p data-path-to-node=\"9\"><b data-path-to-node=\"9\" data-index-in-node=\"0\">Domaines d&rsquo;application :<\/b> Gr\u00e2ce \u00e0 sa structure a\u00e9r\u00e9e, ce voile de coton est parfait pour la saison du printemps et de l&rsquo;\u00e9t\u00e9. Il est le choix id\u00e9al pour :<\/p>\n<ul data-path-to-node=\"10\">\n<li>\n<p data-path-to-node=\"10,0,0\"><b data-path-to-node=\"10,0,0\" data-index-in-node=\"0\">V\u00eatements :<\/b> Blouses au tomb\u00e9 souple, robes d&rsquo;\u00e9t\u00e9, pantalons ou jupes l\u00e9gers.<\/p>\n<\/li>\n<li>\n<p data-path-to-node=\"10,1,0\"><b data-path-to-node=\"10,1,0\" data-index-in-node=\"0\">Accessoires :<\/b> foulards styl\u00e9s, bandanas ou loops d&rsquo;\u00e9t\u00e9 l\u00e9gers.<\/p>\n<\/li>\n<li>\n<p data-path-to-node=\"10,2,0\"><b data-path-to-node=\"10,2,0\" data-index-in-node=\"0\">La maison :<\/b> Des rideaux d\u00e9licats ou des accessoires d\u00e9coratifs au look ethnique ou r\u00e9tro moderne.<\/p>\n<\/li>\n<\/ul>\n","protected":false},"excerpt":{"rendered":"<p>Voile de coton l\u00e9ger (100% CO) de la collection SS 26. Design abstrait dans un cognac chaud. Respirant, tombant en douceur et ne pesant que 75 g\/m\u00b2. Id\u00e9al pour les chemisiers, robes et accessoires d&rsquo;\u00e9t\u00e9. Largeur : min. 135 cm.<\/p>\n","protected":false},"featured_media":49965,"comment_status":"closed","ping_status":"closed","template":"","meta":{"_acf_changed":false},"product_brand":[],"product_cat":[160,162,153,881],"product_tag":[1949,5519,440,5521,321,3229,1321,3140],"class_list":{"0":"post-49961","1":"product","2":"type-product","3":"status-publish","4":"has-post-thumbnail","6":"product_cat-mode-printemps-ete","7":"product_cat-mode","8":"product_cat-tissus","9":"product_cat-tissus-printemps-ete","10":"product_tag-100-coton-fr","11":"product_tag-cote-de-cuivre","12":"product_tag-coton","13":"product_tag-enjoy","14":"product_tag-marron","15":"product_tag-tissu-pour-chemisiers","16":"product_tag-tissu-pour-vetements-fr","17":"product_tag-tissu-pour-vetements-fr-2","18":"product_shipping_class-colis-standard","20":"first","21":"instock","22":"shipping-taxable","23":"purchasable","24":"product-type-simple"},"acf":[],"yoast_head":"<!-- This site is optimized with the Yoast SEO plugin v27.3 - https:\/\/yoast.com\/product\/yoast-seo-wordpress\/ -->\n<title>Acheter ENJOY Cotton Print Cognac abstract &#8212; Blockprint chez Alja.ch !<\/title>\n<meta name=\"description\" content=\"Acheter ENJOY Cotton Print Cognac Abstract en ligne. Pour robes d&#039;\u00e9t\u00e9 &amp; chemisiers. 100% coton. D\u00e9couvrir maintenant chez alja.ch !\" \/>\n<meta name=\"robots\" content=\"index, follow, max-snippet:-1, max-image-preview:large, max-video-preview:-1\" \/>\n<link rel=\"canonical\" href=\"https:\/\/alja.ch\/fr\/produit\/enjoy-cognac-abstract\/\" \/>\n<meta property=\"og:locale\" content=\"fr_FR\" \/>\n<meta property=\"og:type\" content=\"article\" \/>\n<meta property=\"og:title\" content=\"Acheter ENJOY Cotton Print Cognac abstract &#8212; Blockprint chez Alja.ch !\" \/>\n<meta property=\"og:description\" content=\"Acheter ENJOY Cotton Print Cognac Abstract en ligne. Pour robes d&#039;\u00e9t\u00e9 &amp; chemisiers. 100% coton. D\u00e9couvrir maintenant chez alja.ch !\" \/>\n<meta property=\"og:url\" content=\"https:\/\/alja.ch\/fr\/produit\/enjoy-cognac-abstract\/\" \/>\n<meta property=\"og:site_name\" content=\"Alja.ch\" \/>\n<meta property=\"article:publisher\" content=\"https:\/\/www.facebook.com\/aljastoffe\/\" \/>\n<meta property=\"article:modified_time\" content=\"2026-03-19T11:50:31+00:00\" \/>\n<meta property=\"og:image\" content=\"https:\/\/alja.ch\/wp-content\/uploads\/2026\/03\/27857.jpg\" \/>\n\t<meta property=\"og:image:width\" content=\"1338\" \/>\n\t<meta property=\"og:image:height\" content=\"790\" \/>\n\t<meta property=\"og:image:type\" content=\"image\/jpeg\" \/>\n<meta name=\"twitter:card\" content=\"summary_large_image\" \/>\n<meta name=\"twitter:label1\" content=\"Dur\u00e9e de lecture estim\u00e9e\" \/>\n\t<meta name=\"twitter:data1\" content=\"2 minutes\" \/>\n<script type=\"application\/ld+json\" class=\"yoast-schema-graph\">{\"@context\":\"https:\\\/\\\/schema.org\",\"@graph\":[{\"@type\":\"WebPage\",\"@id\":\"https:\\\/\\\/alja.ch\\\/fr\\\/produit\\\/enjoy-cognac-abstract\\\/\",\"url\":\"https:\\\/\\\/alja.ch\\\/fr\\\/produit\\\/enjoy-cognac-abstract\\\/\",\"name\":\"Acheter ENJOY Cotton Print Cognac abstract &#8212; Blockprint chez Alja.ch !\",\"isPartOf\":{\"@id\":\"https:\\\/\\\/alja.ch\\\/fr\\\/#website\"},\"primaryImageOfPage\":{\"@id\":\"https:\\\/\\\/alja.ch\\\/fr\\\/produit\\\/enjoy-cognac-abstract\\\/#primaryimage\"},\"image\":{\"@id\":\"https:\\\/\\\/alja.ch\\\/fr\\\/produit\\\/enjoy-cognac-abstract\\\/#primaryimage\"},\"thumbnailUrl\":\"https:\\\/\\\/alja.ch\\\/wp-content\\\/uploads\\\/2026\\\/03\\\/27857.jpg\",\"datePublished\":\"2026-03-02T14:22:24+00:00\",\"dateModified\":\"2026-03-19T11:50:31+00:00\",\"description\":\"Acheter ENJOY Cotton Print Cognac Abstract en ligne. Pour robes d'\u00e9t\u00e9 & chemisiers. 100% coton. D\u00e9couvrir maintenant chez alja.ch !\",\"breadcrumb\":{\"@id\":\"https:\\\/\\\/alja.ch\\\/fr\\\/produit\\\/enjoy-cognac-abstract\\\/#breadcrumb\"},\"inLanguage\":\"fr-FR\",\"potentialAction\":[{\"@type\":\"ReadAction\",\"target\":[\"https:\\\/\\\/alja.ch\\\/fr\\\/produit\\\/enjoy-cognac-abstract\\\/\"]}]},{\"@type\":\"ImageObject\",\"inLanguage\":\"fr-FR\",\"@id\":\"https:\\\/\\\/alja.ch\\\/fr\\\/produit\\\/enjoy-cognac-abstract\\\/#primaryimage\",\"url\":\"https:\\\/\\\/alja.ch\\\/wp-content\\\/uploads\\\/2026\\\/03\\\/27857.jpg\",\"contentUrl\":\"https:\\\/\\\/alja.ch\\\/wp-content\\\/uploads\\\/2026\\\/03\\\/27857.jpg\",\"width\":1338,\"height\":790},{\"@type\":\"BreadcrumbList\",\"@id\":\"https:\\\/\\\/alja.ch\\\/fr\\\/produit\\\/enjoy-cognac-abstract\\\/#breadcrumb\",\"itemListElement\":[{\"@type\":\"ListItem\",\"position\":1,\"name\":\"Startseite\",\"item\":\"https:\\\/\\\/alja.ch\\\/fr\\\/\"},{\"@type\":\"ListItem\",\"position\":2,\"name\":\"Boutique\",\"item\":\"https:\\\/\\\/alja.ch\\\/fr\\\/boutique\\\/\"},{\"@type\":\"ListItem\",\"position\":3,\"name\":\"ENJOY Cotton Print Cognac abstract\"}]},{\"@type\":\"WebSite\",\"@id\":\"https:\\\/\\\/alja.ch\\\/fr\\\/#website\",\"url\":\"https:\\\/\\\/alja.ch\\\/fr\\\/\",\"name\":\"Alja.ch\",\"description\":\"Stoffe &amp; Mercerie online einkaufen!\",\"publisher\":{\"@id\":\"https:\\\/\\\/alja.ch\\\/fr\\\/#organization\"},\"potentialAction\":[{\"@type\":\"SearchAction\",\"target\":{\"@type\":\"EntryPoint\",\"urlTemplate\":\"https:\\\/\\\/alja.ch\\\/fr\\\/?s={search_term_string}\"},\"query-input\":{\"@type\":\"PropertyValueSpecification\",\"valueRequired\":true,\"valueName\":\"search_term_string\"}}],\"inLanguage\":\"fr-FR\"},{\"@type\":\"Organization\",\"@id\":\"https:\\\/\\\/alja.ch\\\/fr\\\/#organization\",\"name\":\"ALJA Nouveau AG\",\"url\":\"https:\\\/\\\/alja.ch\\\/fr\\\/\",\"logo\":{\"@type\":\"ImageObject\",\"inLanguage\":\"fr-FR\",\"@id\":\"https:\\\/\\\/alja.ch\\\/fr\\\/#\\\/schema\\\/logo\\\/image\\\/\",\"url\":\"https:\\\/\\\/alja.ch\\\/wp-content\\\/uploads\\\/kg-logo-alja.png\",\"contentUrl\":\"https:\\\/\\\/alja.ch\\\/wp-content\\\/uploads\\\/kg-logo-alja.png\",\"width\":1000,\"height\":1000,\"caption\":\"ALJA Nouveau AG\"},\"image\":{\"@id\":\"https:\\\/\\\/alja.ch\\\/fr\\\/#\\\/schema\\\/logo\\\/image\\\/\"},\"sameAs\":[\"https:\\\/\\\/www.facebook.com\\\/aljastoffe\\\/\",\"https:\\\/\\\/www.instagram.com\\\/alja_stoffe_mercerie\\\/\",\"https:\\\/\\\/www.youtube.com\\\/channel\\\/UCf6430U9yN-o6rk-Nw4TDqA\"]}]}<\/script>\n<!-- \/ Yoast SEO plugin. -->","yoast_head_json":{"title":"Acheter ENJOY Cotton Print Cognac abstract &#8212; Blockprint chez Alja.ch !","description":"Acheter ENJOY Cotton Print Cognac Abstract en ligne. Pour robes d'\u00e9t\u00e9 & chemisiers. 100% coton. D\u00e9couvrir maintenant chez alja.ch !","robots":{"index":"index","follow":"follow","max-snippet":"max-snippet:-1","max-image-preview":"max-image-preview:large","max-video-preview":"max-video-preview:-1"},"canonical":"https:\/\/alja.ch\/fr\/produit\/enjoy-cognac-abstract\/","og_locale":"fr_FR","og_type":"article","og_title":"Acheter ENJOY Cotton Print Cognac abstract &#8212; Blockprint chez Alja.ch !","og_description":"Acheter ENJOY Cotton Print Cognac Abstract en ligne. Pour robes d'\u00e9t\u00e9 & chemisiers. 100% coton. D\u00e9couvrir maintenant chez alja.ch !","og_url":"https:\/\/alja.ch\/fr\/produit\/enjoy-cognac-abstract\/","og_site_name":"Alja.ch","article_publisher":"https:\/\/www.facebook.com\/aljastoffe\/","article_modified_time":"2026-03-19T11:50:31+00:00","og_image":[{"width":1338,"height":790,"url":"https:\/\/alja.ch\/wp-content\/uploads\/2026\/03\/27857.jpg","type":"image\/jpeg"}],"twitter_card":"summary_large_image","twitter_misc":{"Dur\u00e9e de lecture estim\u00e9e":"2 minutes"},"schema":{"@context":"https:\/\/schema.org","@graph":[{"@type":"WebPage","@id":"https:\/\/alja.ch\/fr\/produit\/enjoy-cognac-abstract\/","url":"https:\/\/alja.ch\/fr\/produit\/enjoy-cognac-abstract\/","name":"Acheter ENJOY Cotton Print Cognac abstract &#8212; Blockprint chez Alja.ch !","isPartOf":{"@id":"https:\/\/alja.ch\/fr\/#website"},"primaryImageOfPage":{"@id":"https:\/\/alja.ch\/fr\/produit\/enjoy-cognac-abstract\/#primaryimage"},"image":{"@id":"https:\/\/alja.ch\/fr\/produit\/enjoy-cognac-abstract\/#primaryimage"},"thumbnailUrl":"https:\/\/alja.ch\/wp-content\/uploads\/2026\/03\/27857.jpg","datePublished":"2026-03-02T14:22:24+00:00","dateModified":"2026-03-19T11:50:31+00:00","description":"Acheter ENJOY Cotton Print Cognac Abstract en ligne. Pour robes d'\u00e9t\u00e9 & chemisiers. 100% coton. D\u00e9couvrir maintenant chez alja.ch !","breadcrumb":{"@id":"https:\/\/alja.ch\/fr\/produit\/enjoy-cognac-abstract\/#breadcrumb"},"inLanguage":"fr-FR","potentialAction":[{"@type":"ReadAction","target":["https:\/\/alja.ch\/fr\/produit\/enjoy-cognac-abstract\/"]}]},{"@type":"ImageObject","inLanguage":"fr-FR","@id":"https:\/\/alja.ch\/fr\/produit\/enjoy-cognac-abstract\/#primaryimage","url":"https:\/\/alja.ch\/wp-content\/uploads\/2026\/03\/27857.jpg","contentUrl":"https:\/\/alja.ch\/wp-content\/uploads\/2026\/03\/27857.jpg","width":1338,"height":790},{"@type":"BreadcrumbList","@id":"https:\/\/alja.ch\/fr\/produit\/enjoy-cognac-abstract\/#breadcrumb","itemListElement":[{"@type":"ListItem","position":1,"name":"Startseite","item":"https:\/\/alja.ch\/fr\/"},{"@type":"ListItem","position":2,"name":"Boutique","item":"https:\/\/alja.ch\/fr\/boutique\/"},{"@type":"ListItem","position":3,"name":"ENJOY Cotton Print Cognac abstract"}]},{"@type":"WebSite","@id":"https:\/\/alja.ch\/fr\/#website","url":"https:\/\/alja.ch\/fr\/","name":"Alja.ch","description":"Stoffe &amp; Mercerie online einkaufen!","publisher":{"@id":"https:\/\/alja.ch\/fr\/#organization"},"potentialAction":[{"@type":"SearchAction","target":{"@type":"EntryPoint","urlTemplate":"https:\/\/alja.ch\/fr\/?s={search_term_string}"},"query-input":{"@type":"PropertyValueSpecification","valueRequired":true,"valueName":"search_term_string"}}],"inLanguage":"fr-FR"},{"@type":"Organization","@id":"https:\/\/alja.ch\/fr\/#organization","name":"ALJA Nouveau AG","url":"https:\/\/alja.ch\/fr\/","logo":{"@type":"ImageObject","inLanguage":"fr-FR","@id":"https:\/\/alja.ch\/fr\/#\/schema\/logo\/image\/","url":"https:\/\/alja.ch\/wp-content\/uploads\/kg-logo-alja.png","contentUrl":"https:\/\/alja.ch\/wp-content\/uploads\/kg-logo-alja.png","width":1000,"height":1000,"caption":"ALJA Nouveau AG"},"image":{"@id":"https:\/\/alja.ch\/fr\/#\/schema\/logo\/image\/"},"sameAs":["https:\/\/www.facebook.com\/aljastoffe\/","https:\/\/www.instagram.com\/alja_stoffe_mercerie\/","https:\/\/www.youtube.com\/channel\/UCf6430U9yN-o6rk-Nw4TDqA"]}]}},"_links":{"self":[{"href":"https:\/\/alja.ch\/fr\/wp-json\/wp\/v2\/product\/49961","targetHints":{"allow":["GET"]}}],"collection":[{"href":"https:\/\/alja.ch\/fr\/wp-json\/wp\/v2\/product"}],"about":[{"href":"https:\/\/alja.ch\/fr\/wp-json\/wp\/v2\/types\/product"}],"replies":[{"embeddable":true,"href":"https:\/\/alja.ch\/fr\/wp-json\/wp\/v2\/comments?post=49961"}],"wp:featuredmedia":[{"embeddable":true,"href":"https:\/\/alja.ch\/fr\/wp-json\/wp\/v2\/media\/49965"}],"wp:attachment":[{"href":"https:\/\/alja.ch\/fr\/wp-json\/wp\/v2\/media?parent=49961"}],"wp:term":[{"taxonomy":"product_brand","embeddable":true,"href":"https:\/\/alja.ch\/fr\/wp-json\/wp\/v2\/product_brand?post=49961"},{"taxonomy":"product_cat","embeddable":true,"href":"https:\/\/alja.ch\/fr\/wp-json\/wp\/v2\/product_cat?post=49961"},{"taxonomy":"product_tag","embeddable":true,"href":"https:\/\/alja.ch\/fr\/wp-json\/wp\/v2\/product_tag?post=49961"}],"curies":[{"name":"wp","href":"https:\/\/api.w.org\/{rel}","templated":true}]}}