{"id":49949,"date":"2026-03-02T14:45:21","date_gmt":"2026-03-02T13:45:21","guid":{"rendered":"https:\/\/alja.ch\/produkt\/enjoy-cotton-print-yelolow\/"},"modified":"2026-03-19T13:01:47","modified_gmt":"2026-03-19T12:01:47","slug":"enjoy-jaune","status":"publish","type":"product","link":"https:\/\/alja.ch\/fr\/produit\/enjoy-jaune\/","title":{"rendered":"ENJOY Cotton Print Jaune"},"content":{"rendered":"<p data-path-to-node=\"6\">Mettez du soleil dans votre garde-robe ! Le <b data-path-to-node=\"6\" data-index-in-node=\"46\">ENJOY Cotton Print Yellow<\/b> est un voile de coton l\u00e9ger comme une plume qui s\u00e9duit par sa couleur lumineuse et un m\u00e9lange de motifs captivant. Le design combine des \u00e9l\u00e9ments floraux avec des influences r\u00e9tro et des accents ethniques - parfait pour tous ceux qui aiment l&rsquo;originalit\u00e9.<\/p>\n<p data-path-to-node=\"7\"><b data-path-to-node=\"7\" data-index-in-node=\"0\">A\u00e9rien, l\u00e9ger et naturel :<\/b> ce tissage de qualit\u00e9 sup\u00e9rieure <b data-path-to-node=\"7\" data-index-in-node=\"62\">100% coton<\/b> est non seulement particuli\u00e8rement doux pour la peau et respirant, mais il offre \u00e9galement un toucher d\u00e9licat et un magnifique tomb\u00e9 fluide gr\u00e2ce \u00e0 son tissage voile fin. Avec un poids plume de seulement <b data-path-to-node=\"7\" data-index-in-node=\"270\">75 g\/m\u00b2<\/b>, ce tissu est le premier choix pour les chaudes journ\u00e9es d&rsquo;\u00e9t\u00e9, car il est \u00e0 peine perceptible sur la peau.<\/p>\n<p data-path-to-node=\"8\"><b data-path-to-node=\"8\" data-index-in-node=\"0\">M\u00e9lange polyvalent de motifs :<\/b> qu&rsquo;il s&rsquo;agisse de fleurs d\u00e9licates, d&#8217;emprunts r\u00e9tro discrets ou de rayures ethniques, le design jaune est \u00e0 la fois frais et moderne. Avec une largeur minimale de <b data-path-to-node=\"8\" data-index-in-node=\"169\">135 cm<\/b>, le textile offre suffisamment d&rsquo;espace pour des motifs de coupe vari\u00e9s.<\/p>\n<p data-path-to-node=\"9\"><b data-path-to-node=\"9\" data-index-in-node=\"0\">Domaines d&rsquo;application :<\/b> Gr\u00e2ce \u00e0 sa l\u00e9g\u00e8re transparence, ce voile convient parfaitement aux chemisiers a\u00e9riens, aux jupes amples et aux robes d&rsquo;\u00e9t\u00e9 flottantes. Cet imprim\u00e9 est \u00e9galement un atout absolu pour les v\u00eatements d&rsquo;enfants, les accessoires d\u00e9licats comme les foulards ou les accessoires d&rsquo;int\u00e9rieur estivaux.<\/p>\n","protected":false},"excerpt":{"rendered":"<p>Voile de coton d\u00e9licat (100% CO) dans un jaune ensoleill\u00e9. Avec un m\u00e9lange de fleurs r\u00e9tro, de rayures ethniques et de motifs naturels. Extra l\u00e9ger (75 g\/m\u00b2) et respirant - id\u00e9al pour les chemisiers, robes et accessoires d&rsquo;\u00e9t\u00e9. Largeur : 135 cm.<\/p>\n","protected":false},"featured_media":49953,"comment_status":"closed","ping_status":"closed","template":"","meta":{"_acf_changed":false},"product_brand":[],"product_cat":[160,5515,162,153,881],"product_tag":[1949,1167,440,5521,538,5531,3229,1321,3140],"class_list":{"0":"post-49949","1":"product","2":"type-product","3":"status-publish","4":"has-post-thumbnail","6":"product_cat-mode-printemps-ete","7":"product_cat-collection-enjoy","8":"product_cat-mode","9":"product_cat-tissus","10":"product_cat-tissus-printemps-ete","11":"product_tag-100-coton-fr","12":"product_tag-colore","13":"product_tag-coton","14":"product_tag-enjoy","15":"product_tag-modele","16":"product_tag-plage-de-sorbet","17":"product_tag-tissu-pour-chemisiers","18":"product_tag-tissu-pour-vetements-fr","19":"product_tag-tissu-pour-vetements-fr-2","20":"product_shipping_class-colis-standard","22":"first","23":"instock","24":"shipping-taxable","25":"purchasable","26":"product-type-simple"},"acf":[],"yoast_head":"<!-- This site is optimized with the Yoast SEO plugin v27.4 - https:\/\/yoast.com\/product\/yoast-seo-wordpress\/ -->\n<title>ENJOY Cotton Print Jaune &#8212; D\u00e9couvrir l&#039;empreinte du bloc \u00e0 Alja.ch !<\/title>\n<meta name=\"description\" content=\"Voile de coton (100% CO) avec un m\u00e9lange de fleurs , de rayures ethniques et de motifs naturels, 75 g\/m\u00b2,id\u00e9al pour les chemisiers, robes et accessoires.\" \/>\n<meta name=\"robots\" content=\"index, follow, max-snippet:-1, max-image-preview:large, max-video-preview:-1\" \/>\n<link rel=\"canonical\" href=\"https:\/\/alja.ch\/fr\/produit\/enjoy-jaune\/\" \/>\n<meta property=\"og:locale\" content=\"fr_FR\" \/>\n<meta property=\"og:type\" content=\"article\" \/>\n<meta property=\"og:title\" content=\"ENJOY Cotton Print Jaune &#8212; D\u00e9couvrir l&#039;empreinte du bloc \u00e0 Alja.ch !\" \/>\n<meta property=\"og:description\" content=\"Voile de coton (100% CO) avec un m\u00e9lange de fleurs , de rayures ethniques et de motifs naturels, 75 g\/m\u00b2,id\u00e9al pour les chemisiers, robes et accessoires.\" \/>\n<meta property=\"og:url\" content=\"https:\/\/alja.ch\/fr\/produit\/enjoy-jaune\/\" \/>\n<meta property=\"og:site_name\" content=\"Alja.ch\" \/>\n<meta property=\"article:publisher\" content=\"https:\/\/www.facebook.com\/aljastoffe\/\" \/>\n<meta property=\"article:modified_time\" content=\"2026-03-19T12:01:47+00:00\" \/>\n<meta property=\"og:image\" content=\"https:\/\/alja.ch\/wp-content\/uploads\/2026\/03\/278563-scaled.jpg\" \/>\n\t<meta property=\"og:image:width\" content=\"2560\" \/>\n\t<meta property=\"og:image:height\" content=\"2560\" \/>\n\t<meta property=\"og:image:type\" content=\"image\/jpeg\" \/>\n<meta name=\"twitter:card\" content=\"summary_large_image\" \/>\n<meta name=\"twitter:label1\" content=\"Dur\u00e9e de lecture estim\u00e9e\" \/>\n\t<meta name=\"twitter:data1\" content=\"2 minutes\" \/>\n<script type=\"application\/ld+json\" class=\"yoast-schema-graph\">{\"@context\":\"https:\\\/\\\/schema.org\",\"@graph\":[{\"@type\":\"WebPage\",\"@id\":\"https:\\\/\\\/alja.ch\\\/fr\\\/produit\\\/enjoy-jaune\\\/\",\"url\":\"https:\\\/\\\/alja.ch\\\/fr\\\/produit\\\/enjoy-jaune\\\/\",\"name\":\"ENJOY Cotton Print Jaune &#8212; D\u00e9couvrir l'empreinte du bloc \u00e0 Alja.ch !\",\"isPartOf\":{\"@id\":\"https:\\\/\\\/alja.ch\\\/fr\\\/#website\"},\"primaryImageOfPage\":{\"@id\":\"https:\\\/\\\/alja.ch\\\/fr\\\/produit\\\/enjoy-jaune\\\/#primaryimage\"},\"image\":{\"@id\":\"https:\\\/\\\/alja.ch\\\/fr\\\/produit\\\/enjoy-jaune\\\/#primaryimage\"},\"thumbnailUrl\":\"https:\\\/\\\/alja.ch\\\/wp-content\\\/uploads\\\/2026\\\/03\\\/278563-scaled.jpg\",\"datePublished\":\"2026-03-02T13:45:21+00:00\",\"dateModified\":\"2026-03-19T12:01:47+00:00\",\"description\":\"Voile de coton (100% CO) avec un m\u00e9lange de fleurs , de rayures ethniques et de motifs naturels, 75 g\\\/m\u00b2,id\u00e9al pour les chemisiers, robes et accessoires.\",\"breadcrumb\":{\"@id\":\"https:\\\/\\\/alja.ch\\\/fr\\\/produit\\\/enjoy-jaune\\\/#breadcrumb\"},\"inLanguage\":\"fr-FR\",\"potentialAction\":[{\"@type\":\"ReadAction\",\"target\":[\"https:\\\/\\\/alja.ch\\\/fr\\\/produit\\\/enjoy-jaune\\\/\"]}]},{\"@type\":\"ImageObject\",\"inLanguage\":\"fr-FR\",\"@id\":\"https:\\\/\\\/alja.ch\\\/fr\\\/produit\\\/enjoy-jaune\\\/#primaryimage\",\"url\":\"https:\\\/\\\/alja.ch\\\/wp-content\\\/uploads\\\/2026\\\/03\\\/278563-scaled.jpg\",\"contentUrl\":\"https:\\\/\\\/alja.ch\\\/wp-content\\\/uploads\\\/2026\\\/03\\\/278563-scaled.jpg\",\"width\":2560,\"height\":2560},{\"@type\":\"BreadcrumbList\",\"@id\":\"https:\\\/\\\/alja.ch\\\/fr\\\/produit\\\/enjoy-jaune\\\/#breadcrumb\",\"itemListElement\":[{\"@type\":\"ListItem\",\"position\":1,\"name\":\"Startseite\",\"item\":\"https:\\\/\\\/alja.ch\\\/fr\\\/\"},{\"@type\":\"ListItem\",\"position\":2,\"name\":\"Boutique\",\"item\":\"https:\\\/\\\/alja.ch\\\/fr\\\/boutique\\\/\"},{\"@type\":\"ListItem\",\"position\":3,\"name\":\"ENJOY Cotton Print Jaune\"}]},{\"@type\":\"WebSite\",\"@id\":\"https:\\\/\\\/alja.ch\\\/fr\\\/#website\",\"url\":\"https:\\\/\\\/alja.ch\\\/fr\\\/\",\"name\":\"Alja.ch\",\"description\":\"Stoffe &amp; Mercerie online einkaufen!\",\"publisher\":{\"@id\":\"https:\\\/\\\/alja.ch\\\/fr\\\/#organization\"},\"potentialAction\":[{\"@type\":\"SearchAction\",\"target\":{\"@type\":\"EntryPoint\",\"urlTemplate\":\"https:\\\/\\\/alja.ch\\\/fr\\\/?s={search_term_string}\"},\"query-input\":{\"@type\":\"PropertyValueSpecification\",\"valueRequired\":true,\"valueName\":\"search_term_string\"}}],\"inLanguage\":\"fr-FR\"},{\"@type\":\"Organization\",\"@id\":\"https:\\\/\\\/alja.ch\\\/fr\\\/#organization\",\"name\":\"ALJA Nouveau AG\",\"url\":\"https:\\\/\\\/alja.ch\\\/fr\\\/\",\"logo\":{\"@type\":\"ImageObject\",\"inLanguage\":\"fr-FR\",\"@id\":\"https:\\\/\\\/alja.ch\\\/fr\\\/#\\\/schema\\\/logo\\\/image\\\/\",\"url\":\"https:\\\/\\\/alja.ch\\\/wp-content\\\/uploads\\\/kg-logo-alja.png\",\"contentUrl\":\"https:\\\/\\\/alja.ch\\\/wp-content\\\/uploads\\\/kg-logo-alja.png\",\"width\":1000,\"height\":1000,\"caption\":\"ALJA Nouveau AG\"},\"image\":{\"@id\":\"https:\\\/\\\/alja.ch\\\/fr\\\/#\\\/schema\\\/logo\\\/image\\\/\"},\"sameAs\":[\"https:\\\/\\\/www.facebook.com\\\/aljastoffe\\\/\",\"https:\\\/\\\/www.instagram.com\\\/alja_stoffe_mercerie\\\/\",\"https:\\\/\\\/www.youtube.com\\\/channel\\\/UCf6430U9yN-o6rk-Nw4TDqA\"]}]}<\/script>\n<!-- \/ Yoast SEO plugin. -->","yoast_head_json":{"title":"ENJOY Cotton Print Jaune &#8212; D\u00e9couvrir l'empreinte du bloc \u00e0 Alja.ch !","description":"Voile de coton (100% CO) avec un m\u00e9lange de fleurs , de rayures ethniques et de motifs naturels, 75 g\/m\u00b2,id\u00e9al pour les chemisiers, robes et accessoires.","robots":{"index":"index","follow":"follow","max-snippet":"max-snippet:-1","max-image-preview":"max-image-preview:large","max-video-preview":"max-video-preview:-1"},"canonical":"https:\/\/alja.ch\/fr\/produit\/enjoy-jaune\/","og_locale":"fr_FR","og_type":"article","og_title":"ENJOY Cotton Print Jaune &#8212; D\u00e9couvrir l'empreinte du bloc \u00e0 Alja.ch !","og_description":"Voile de coton (100% CO) avec un m\u00e9lange de fleurs , de rayures ethniques et de motifs naturels, 75 g\/m\u00b2,id\u00e9al pour les chemisiers, robes et accessoires.","og_url":"https:\/\/alja.ch\/fr\/produit\/enjoy-jaune\/","og_site_name":"Alja.ch","article_publisher":"https:\/\/www.facebook.com\/aljastoffe\/","article_modified_time":"2026-03-19T12:01:47+00:00","og_image":[{"width":2560,"height":2560,"url":"https:\/\/alja.ch\/wp-content\/uploads\/2026\/03\/278563-scaled.jpg","type":"image\/jpeg"}],"twitter_card":"summary_large_image","twitter_misc":{"Dur\u00e9e de lecture estim\u00e9e":"2 minutes"},"schema":{"@context":"https:\/\/schema.org","@graph":[{"@type":"WebPage","@id":"https:\/\/alja.ch\/fr\/produit\/enjoy-jaune\/","url":"https:\/\/alja.ch\/fr\/produit\/enjoy-jaune\/","name":"ENJOY Cotton Print Jaune &#8212; D\u00e9couvrir l'empreinte du bloc \u00e0 Alja.ch !","isPartOf":{"@id":"https:\/\/alja.ch\/fr\/#website"},"primaryImageOfPage":{"@id":"https:\/\/alja.ch\/fr\/produit\/enjoy-jaune\/#primaryimage"},"image":{"@id":"https:\/\/alja.ch\/fr\/produit\/enjoy-jaune\/#primaryimage"},"thumbnailUrl":"https:\/\/alja.ch\/wp-content\/uploads\/2026\/03\/278563-scaled.jpg","datePublished":"2026-03-02T13:45:21+00:00","dateModified":"2026-03-19T12:01:47+00:00","description":"Voile de coton (100% CO) avec un m\u00e9lange de fleurs , de rayures ethniques et de motifs naturels, 75 g\/m\u00b2,id\u00e9al pour les chemisiers, robes et accessoires.","breadcrumb":{"@id":"https:\/\/alja.ch\/fr\/produit\/enjoy-jaune\/#breadcrumb"},"inLanguage":"fr-FR","potentialAction":[{"@type":"ReadAction","target":["https:\/\/alja.ch\/fr\/produit\/enjoy-jaune\/"]}]},{"@type":"ImageObject","inLanguage":"fr-FR","@id":"https:\/\/alja.ch\/fr\/produit\/enjoy-jaune\/#primaryimage","url":"https:\/\/alja.ch\/wp-content\/uploads\/2026\/03\/278563-scaled.jpg","contentUrl":"https:\/\/alja.ch\/wp-content\/uploads\/2026\/03\/278563-scaled.jpg","width":2560,"height":2560},{"@type":"BreadcrumbList","@id":"https:\/\/alja.ch\/fr\/produit\/enjoy-jaune\/#breadcrumb","itemListElement":[{"@type":"ListItem","position":1,"name":"Startseite","item":"https:\/\/alja.ch\/fr\/"},{"@type":"ListItem","position":2,"name":"Boutique","item":"https:\/\/alja.ch\/fr\/boutique\/"},{"@type":"ListItem","position":3,"name":"ENJOY Cotton Print Jaune"}]},{"@type":"WebSite","@id":"https:\/\/alja.ch\/fr\/#website","url":"https:\/\/alja.ch\/fr\/","name":"Alja.ch","description":"Stoffe &amp; Mercerie online einkaufen!","publisher":{"@id":"https:\/\/alja.ch\/fr\/#organization"},"potentialAction":[{"@type":"SearchAction","target":{"@type":"EntryPoint","urlTemplate":"https:\/\/alja.ch\/fr\/?s={search_term_string}"},"query-input":{"@type":"PropertyValueSpecification","valueRequired":true,"valueName":"search_term_string"}}],"inLanguage":"fr-FR"},{"@type":"Organization","@id":"https:\/\/alja.ch\/fr\/#organization","name":"ALJA Nouveau AG","url":"https:\/\/alja.ch\/fr\/","logo":{"@type":"ImageObject","inLanguage":"fr-FR","@id":"https:\/\/alja.ch\/fr\/#\/schema\/logo\/image\/","url":"https:\/\/alja.ch\/wp-content\/uploads\/kg-logo-alja.png","contentUrl":"https:\/\/alja.ch\/wp-content\/uploads\/kg-logo-alja.png","width":1000,"height":1000,"caption":"ALJA Nouveau AG"},"image":{"@id":"https:\/\/alja.ch\/fr\/#\/schema\/logo\/image\/"},"sameAs":["https:\/\/www.facebook.com\/aljastoffe\/","https:\/\/www.instagram.com\/alja_stoffe_mercerie\/","https:\/\/www.youtube.com\/channel\/UCf6430U9yN-o6rk-Nw4TDqA"]}]}},"_links":{"self":[{"href":"https:\/\/alja.ch\/fr\/wp-json\/wp\/v2\/product\/49949","targetHints":{"allow":["GET"]}}],"collection":[{"href":"https:\/\/alja.ch\/fr\/wp-json\/wp\/v2\/product"}],"about":[{"href":"https:\/\/alja.ch\/fr\/wp-json\/wp\/v2\/types\/product"}],"replies":[{"embeddable":true,"href":"https:\/\/alja.ch\/fr\/wp-json\/wp\/v2\/comments?post=49949"}],"wp:featuredmedia":[{"embeddable":true,"href":"https:\/\/alja.ch\/fr\/wp-json\/wp\/v2\/media\/49953"}],"wp:attachment":[{"href":"https:\/\/alja.ch\/fr\/wp-json\/wp\/v2\/media?parent=49949"}],"wp:term":[{"taxonomy":"product_brand","embeddable":true,"href":"https:\/\/alja.ch\/fr\/wp-json\/wp\/v2\/product_brand?post=49949"},{"taxonomy":"product_cat","embeddable":true,"href":"https:\/\/alja.ch\/fr\/wp-json\/wp\/v2\/product_cat?post=49949"},{"taxonomy":"product_tag","embeddable":true,"href":"https:\/\/alja.ch\/fr\/wp-json\/wp\/v2\/product_tag?post=49949"}],"curies":[{"name":"wp","href":"https:\/\/api.w.org\/{rel}","templated":true}]}}