{"id":49739,"date":"2026-02-25T15:58:37","date_gmt":"2026-02-25T14:58:37","guid":{"rendered":"https:\/\/alja.ch\/produkt\/patrons-burda-leggins\/"},"modified":"2026-02-25T15:58:47","modified_gmt":"2026-02-25T14:58:47","slug":"patrons-burda-leggins","status":"publish","type":"product","link":"https:\/\/alja.ch\/fr\/produit\/patrons-burda-leggins\/","title":{"rendered":"Patrons Burda, leggins"},"content":{"rendered":"<p data-path-to-node=\"6\">Des coups de c\u0153ur pour toutes les occasions ! Le <b data-path-to-node=\"6\" data-index-in-node=\"43\">patron Burda Kids 9195<\/b> propose deux hauts merveilleusement a\u00e9r\u00e9s qui allient style et libert\u00e9 de mouvement absolue. Qu&rsquo;il s&rsquo;agisse d&rsquo;une d\u00e9claration color\u00e9e ou d&rsquo;un look classique \u00e0 pois, ces patrons sont con\u00e7us pour \u00eatre enfil\u00e9s rapidement et rester confortables tout au long de la journ\u00e9e.  <\/p>\n<p data-path-to-node=\"7\"><b data-path-to-node=\"7\" data-index-in-node=\"0\">Deux styles pour se sentir bien :<\/b><\/p>\n<ul data-path-to-node=\"8\">\n<li>\n<p data-path-to-node=\"8,0,0\"><b data-path-to-node=\"8,0,0\" data-index-in-node=\"0\">La tunique fronc\u00e9e :<\/b> ce mod\u00e8le est un v\u00e9ritable talent polyvalent. Les poignets \u00e9lastiques et les fines fronces donnent \u00e0 la tunique une forme ludique, tout en restant d\u00e9licieusement simple. Dans des couleurs vives, elle devient une it-pi\u00e8ce absolue qui se porte aussi bien en \u00e9t\u00e9 que (avec un t-shirt en dessous) pendant les saisons plus fra\u00eeches.  <\/p>\n<\/li>\n<li>\n<p data-path-to-node=\"8,1,0\"><b data-path-to-node=\"8,1,0\" data-index-in-node=\"0\">La charmante petite robe \u00e0 suspendre :<\/b> Une petite robe ou un long top qui convainc par sa coupe bien pens\u00e9e. Avec un d\u00e9collet\u00e9 en V moderne, des manches non coup\u00e9es et une couture empire classique, il flatte toutes les silhouettes. En particulier dans le grand imprim\u00e9 \u00e0 pois, ce mod\u00e8le est \u00e0 la fois intemporel et joyeux.  <\/p>\n<\/li>\n<\/ul>\n<p data-path-to-node=\"9\"><b data-path-to-node=\"9\" data-index-in-node=\"0\">D\u00e9tails du produit :<\/b><\/p>\n<ul data-path-to-node=\"10\">\n<li>\n<p data-path-to-node=\"10,0,0\"><b data-path-to-node=\"10,0,0\" data-index-in-node=\"0\">Style :<\/b> ludique, confortable et se combine de multiples fa\u00e7ons avec des leggings ou des jeans.<\/p>\n<\/li>\n<li>\n<p data-path-to-node=\"10,1,0\"><b data-path-to-node=\"10,1,0\" data-index-in-node=\"0\">Tissu conseill\u00e9 :<\/b> tissus tiss\u00e9s l\u00e9gers comme la batiste de coton, la popeline ou la mousseline douce. Ces mati\u00e8res sont respirantes et assurent un tomb\u00e9 parfait des fronces. <\/p>\n<\/li>\n<li>\n<p data-path-to-node=\"10,2,0\"><b data-path-to-node=\"10,2,0\" data-index-in-node=\"0\">Tailles de confection :<\/b> 104 \u00e0 146.<\/p>\n<\/li>\n<\/ul>\n<p data-path-to-node=\"11\">Un ensemble indispensable pour les petites fashionistas, qui interpr\u00e8te de mani\u00e8re enfantine et moderne des d\u00e9tails artisanaux comme la couture empire.<\/p>\n","protected":false},"excerpt":{"rendered":"<p>Styles polyvalents pour enfants : <b data-path-to-node=\"14\" data-index-in-node=\"26\">patron Burda Kids 9195<\/b>. Contient une tunique avec des poignets \u00e9lastiques ainsi qu&rsquo;une petite culotte courte avec col en V et couture empire. Id\u00e9al pour la mousseline et la batiste dans les tailles 104-146. Disponible d\u00e8s maintenant !   <\/p>\n","protected":false},"featured_media":49743,"comment_status":"closed","ping_status":"closed","template":"","meta":{"_acf_changed":false},"product_brand":[],"product_cat":[776,711,804],"product_tag":[],"class_list":{"0":"post-49739","1":"product","2":"type-product","3":"status-publish","4":"has-post-thumbnail","6":"product_cat-enfants-fr","7":"product_cat-patron-fr","8":"product_cat-shirts-tops-fr","9":"product_shipping_class-bon-dachat-et-patron","11":"first","12":"instock","13":"shipping-taxable","14":"purchasable","15":"product-type-simple"},"acf":[],"yoast_head":"<!-- This site is optimized with the Yoast SEO plugin v27.4 - https:\/\/yoast.com\/product\/yoast-seo-wordpress\/ -->\n<title>Patrons Burda, leggins &#8212; Alja.ch<\/title>\n<meta name=\"description\" content=\"Acheter le patron Burda Kids 9195 sur alja.ch. Coudre une tunique avec des fronces &amp; un petit cintre avec une couture empire pour les enfants. Tailles 104-146. Commandez maintenant en ligne !\" \/>\n<meta name=\"robots\" content=\"index, follow, max-snippet:-1, max-image-preview:large, max-video-preview:-1\" \/>\n<link rel=\"canonical\" href=\"https:\/\/alja.ch\/fr\/produit\/patrons-burda-leggins\/\" \/>\n<meta property=\"og:locale\" content=\"fr_FR\" \/>\n<meta property=\"og:type\" content=\"article\" \/>\n<meta property=\"og:title\" content=\"Patrons Burda, leggins &#8212; Alja.ch\" \/>\n<meta property=\"og:description\" content=\"Acheter le patron Burda Kids 9195 sur alja.ch. Coudre une tunique avec des fronces &amp; un petit cintre avec une couture empire pour les enfants. Tailles 104-146. Commandez maintenant en ligne !\" \/>\n<meta property=\"og:url\" content=\"https:\/\/alja.ch\/fr\/produit\/patrons-burda-leggins\/\" \/>\n<meta property=\"og:site_name\" content=\"Alja.ch\" \/>\n<meta property=\"article:publisher\" content=\"https:\/\/www.facebook.com\/aljastoffe\/\" \/>\n<meta property=\"article:modified_time\" content=\"2026-02-25T14:58:47+00:00\" \/>\n<meta property=\"og:image\" content=\"https:\/\/alja.ch\/wp-content\/uploads\/2026\/02\/9195_SB_EU.jpg\" \/>\n\t<meta property=\"og:image:width\" content=\"1465\" \/>\n\t<meta property=\"og:image:height\" content=\"2244\" \/>\n\t<meta property=\"og:image:type\" content=\"image\/jpeg\" \/>\n<meta name=\"twitter:card\" content=\"summary_large_image\" \/>\n<meta name=\"twitter:label1\" content=\"Dur\u00e9e de lecture estim\u00e9e\" \/>\n\t<meta name=\"twitter:data1\" content=\"1 minute\" \/>\n<script type=\"application\/ld+json\" class=\"yoast-schema-graph\">{\"@context\":\"https:\\\/\\\/schema.org\",\"@graph\":[{\"@type\":\"WebPage\",\"@id\":\"https:\\\/\\\/alja.ch\\\/fr\\\/produit\\\/patrons-burda-leggins\\\/\",\"url\":\"https:\\\/\\\/alja.ch\\\/fr\\\/produit\\\/patrons-burda-leggins\\\/\",\"name\":\"Patrons Burda, leggins &#8212; Alja.ch\",\"isPartOf\":{\"@id\":\"https:\\\/\\\/alja.ch\\\/fr\\\/#website\"},\"primaryImageOfPage\":{\"@id\":\"https:\\\/\\\/alja.ch\\\/fr\\\/produit\\\/patrons-burda-leggins\\\/#primaryimage\"},\"image\":{\"@id\":\"https:\\\/\\\/alja.ch\\\/fr\\\/produit\\\/patrons-burda-leggins\\\/#primaryimage\"},\"thumbnailUrl\":\"https:\\\/\\\/alja.ch\\\/wp-content\\\/uploads\\\/2026\\\/02\\\/9195_SB_EU.jpg\",\"datePublished\":\"2026-02-25T14:58:37+00:00\",\"dateModified\":\"2026-02-25T14:58:47+00:00\",\"description\":\"Acheter le patron Burda Kids 9195 sur alja.ch. Coudre une tunique avec des fronces & un petit cintre avec une couture empire pour les enfants. Tailles 104-146. Commandez maintenant en ligne !\",\"breadcrumb\":{\"@id\":\"https:\\\/\\\/alja.ch\\\/fr\\\/produit\\\/patrons-burda-leggins\\\/#breadcrumb\"},\"inLanguage\":\"fr-FR\",\"potentialAction\":[{\"@type\":\"ReadAction\",\"target\":[\"https:\\\/\\\/alja.ch\\\/fr\\\/produit\\\/patrons-burda-leggins\\\/\"]}]},{\"@type\":\"ImageObject\",\"inLanguage\":\"fr-FR\",\"@id\":\"https:\\\/\\\/alja.ch\\\/fr\\\/produit\\\/patrons-burda-leggins\\\/#primaryimage\",\"url\":\"https:\\\/\\\/alja.ch\\\/wp-content\\\/uploads\\\/2026\\\/02\\\/9195_SB_EU.jpg\",\"contentUrl\":\"https:\\\/\\\/alja.ch\\\/wp-content\\\/uploads\\\/2026\\\/02\\\/9195_SB_EU.jpg\",\"width\":1465,\"height\":2244},{\"@type\":\"BreadcrumbList\",\"@id\":\"https:\\\/\\\/alja.ch\\\/fr\\\/produit\\\/patrons-burda-leggins\\\/#breadcrumb\",\"itemListElement\":[{\"@type\":\"ListItem\",\"position\":1,\"name\":\"Startseite\",\"item\":\"https:\\\/\\\/alja.ch\\\/fr\\\/\"},{\"@type\":\"ListItem\",\"position\":2,\"name\":\"Boutique\",\"item\":\"https:\\\/\\\/alja.ch\\\/fr\\\/boutique\\\/\"},{\"@type\":\"ListItem\",\"position\":3,\"name\":\"Patrons Burda, leggins\"}]},{\"@type\":\"WebSite\",\"@id\":\"https:\\\/\\\/alja.ch\\\/fr\\\/#website\",\"url\":\"https:\\\/\\\/alja.ch\\\/fr\\\/\",\"name\":\"Alja.ch\",\"description\":\"Stoffe &amp; Mercerie online einkaufen!\",\"publisher\":{\"@id\":\"https:\\\/\\\/alja.ch\\\/fr\\\/#organization\"},\"potentialAction\":[{\"@type\":\"SearchAction\",\"target\":{\"@type\":\"EntryPoint\",\"urlTemplate\":\"https:\\\/\\\/alja.ch\\\/fr\\\/?s={search_term_string}\"},\"query-input\":{\"@type\":\"PropertyValueSpecification\",\"valueRequired\":true,\"valueName\":\"search_term_string\"}}],\"inLanguage\":\"fr-FR\"},{\"@type\":\"Organization\",\"@id\":\"https:\\\/\\\/alja.ch\\\/fr\\\/#organization\",\"name\":\"ALJA Nouveau AG\",\"url\":\"https:\\\/\\\/alja.ch\\\/fr\\\/\",\"logo\":{\"@type\":\"ImageObject\",\"inLanguage\":\"fr-FR\",\"@id\":\"https:\\\/\\\/alja.ch\\\/fr\\\/#\\\/schema\\\/logo\\\/image\\\/\",\"url\":\"https:\\\/\\\/alja.ch\\\/wp-content\\\/uploads\\\/kg-logo-alja.png\",\"contentUrl\":\"https:\\\/\\\/alja.ch\\\/wp-content\\\/uploads\\\/kg-logo-alja.png\",\"width\":1000,\"height\":1000,\"caption\":\"ALJA Nouveau AG\"},\"image\":{\"@id\":\"https:\\\/\\\/alja.ch\\\/fr\\\/#\\\/schema\\\/logo\\\/image\\\/\"},\"sameAs\":[\"https:\\\/\\\/www.facebook.com\\\/aljastoffe\\\/\",\"https:\\\/\\\/www.instagram.com\\\/alja_stoffe_mercerie\\\/\",\"https:\\\/\\\/www.youtube.com\\\/channel\\\/UCf6430U9yN-o6rk-Nw4TDqA\"]}]}<\/script>\n<!-- \/ Yoast SEO plugin. -->","yoast_head_json":{"title":"Patrons Burda, leggins &#8212; Alja.ch","description":"Acheter le patron Burda Kids 9195 sur alja.ch. Coudre une tunique avec des fronces & un petit cintre avec une couture empire pour les enfants. Tailles 104-146. Commandez maintenant en ligne !","robots":{"index":"index","follow":"follow","max-snippet":"max-snippet:-1","max-image-preview":"max-image-preview:large","max-video-preview":"max-video-preview:-1"},"canonical":"https:\/\/alja.ch\/fr\/produit\/patrons-burda-leggins\/","og_locale":"fr_FR","og_type":"article","og_title":"Patrons Burda, leggins &#8212; Alja.ch","og_description":"Acheter le patron Burda Kids 9195 sur alja.ch. Coudre une tunique avec des fronces & un petit cintre avec une couture empire pour les enfants. Tailles 104-146. Commandez maintenant en ligne !","og_url":"https:\/\/alja.ch\/fr\/produit\/patrons-burda-leggins\/","og_site_name":"Alja.ch","article_publisher":"https:\/\/www.facebook.com\/aljastoffe\/","article_modified_time":"2026-02-25T14:58:47+00:00","og_image":[{"width":1465,"height":2244,"url":"https:\/\/alja.ch\/wp-content\/uploads\/2026\/02\/9195_SB_EU.jpg","type":"image\/jpeg"}],"twitter_card":"summary_large_image","twitter_misc":{"Dur\u00e9e de lecture estim\u00e9e":"1 minute"},"schema":{"@context":"https:\/\/schema.org","@graph":[{"@type":"WebPage","@id":"https:\/\/alja.ch\/fr\/produit\/patrons-burda-leggins\/","url":"https:\/\/alja.ch\/fr\/produit\/patrons-burda-leggins\/","name":"Patrons Burda, leggins &#8212; Alja.ch","isPartOf":{"@id":"https:\/\/alja.ch\/fr\/#website"},"primaryImageOfPage":{"@id":"https:\/\/alja.ch\/fr\/produit\/patrons-burda-leggins\/#primaryimage"},"image":{"@id":"https:\/\/alja.ch\/fr\/produit\/patrons-burda-leggins\/#primaryimage"},"thumbnailUrl":"https:\/\/alja.ch\/wp-content\/uploads\/2026\/02\/9195_SB_EU.jpg","datePublished":"2026-02-25T14:58:37+00:00","dateModified":"2026-02-25T14:58:47+00:00","description":"Acheter le patron Burda Kids 9195 sur alja.ch. Coudre une tunique avec des fronces & un petit cintre avec une couture empire pour les enfants. Tailles 104-146. Commandez maintenant en ligne !","breadcrumb":{"@id":"https:\/\/alja.ch\/fr\/produit\/patrons-burda-leggins\/#breadcrumb"},"inLanguage":"fr-FR","potentialAction":[{"@type":"ReadAction","target":["https:\/\/alja.ch\/fr\/produit\/patrons-burda-leggins\/"]}]},{"@type":"ImageObject","inLanguage":"fr-FR","@id":"https:\/\/alja.ch\/fr\/produit\/patrons-burda-leggins\/#primaryimage","url":"https:\/\/alja.ch\/wp-content\/uploads\/2026\/02\/9195_SB_EU.jpg","contentUrl":"https:\/\/alja.ch\/wp-content\/uploads\/2026\/02\/9195_SB_EU.jpg","width":1465,"height":2244},{"@type":"BreadcrumbList","@id":"https:\/\/alja.ch\/fr\/produit\/patrons-burda-leggins\/#breadcrumb","itemListElement":[{"@type":"ListItem","position":1,"name":"Startseite","item":"https:\/\/alja.ch\/fr\/"},{"@type":"ListItem","position":2,"name":"Boutique","item":"https:\/\/alja.ch\/fr\/boutique\/"},{"@type":"ListItem","position":3,"name":"Patrons Burda, leggins"}]},{"@type":"WebSite","@id":"https:\/\/alja.ch\/fr\/#website","url":"https:\/\/alja.ch\/fr\/","name":"Alja.ch","description":"Stoffe &amp; Mercerie online einkaufen!","publisher":{"@id":"https:\/\/alja.ch\/fr\/#organization"},"potentialAction":[{"@type":"SearchAction","target":{"@type":"EntryPoint","urlTemplate":"https:\/\/alja.ch\/fr\/?s={search_term_string}"},"query-input":{"@type":"PropertyValueSpecification","valueRequired":true,"valueName":"search_term_string"}}],"inLanguage":"fr-FR"},{"@type":"Organization","@id":"https:\/\/alja.ch\/fr\/#organization","name":"ALJA Nouveau AG","url":"https:\/\/alja.ch\/fr\/","logo":{"@type":"ImageObject","inLanguage":"fr-FR","@id":"https:\/\/alja.ch\/fr\/#\/schema\/logo\/image\/","url":"https:\/\/alja.ch\/wp-content\/uploads\/kg-logo-alja.png","contentUrl":"https:\/\/alja.ch\/wp-content\/uploads\/kg-logo-alja.png","width":1000,"height":1000,"caption":"ALJA Nouveau AG"},"image":{"@id":"https:\/\/alja.ch\/fr\/#\/schema\/logo\/image\/"},"sameAs":["https:\/\/www.facebook.com\/aljastoffe\/","https:\/\/www.instagram.com\/alja_stoffe_mercerie\/","https:\/\/www.youtube.com\/channel\/UCf6430U9yN-o6rk-Nw4TDqA"]}]}},"_links":{"self":[{"href":"https:\/\/alja.ch\/fr\/wp-json\/wp\/v2\/product\/49739","targetHints":{"allow":["GET"]}}],"collection":[{"href":"https:\/\/alja.ch\/fr\/wp-json\/wp\/v2\/product"}],"about":[{"href":"https:\/\/alja.ch\/fr\/wp-json\/wp\/v2\/types\/product"}],"replies":[{"embeddable":true,"href":"https:\/\/alja.ch\/fr\/wp-json\/wp\/v2\/comments?post=49739"}],"wp:featuredmedia":[{"embeddable":true,"href":"https:\/\/alja.ch\/fr\/wp-json\/wp\/v2\/media\/49743"}],"wp:attachment":[{"href":"https:\/\/alja.ch\/fr\/wp-json\/wp\/v2\/media?parent=49739"}],"wp:term":[{"taxonomy":"product_brand","embeddable":true,"href":"https:\/\/alja.ch\/fr\/wp-json\/wp\/v2\/product_brand?post=49739"},{"taxonomy":"product_cat","embeddable":true,"href":"https:\/\/alja.ch\/fr\/wp-json\/wp\/v2\/product_cat?post=49739"},{"taxonomy":"product_tag","embeddable":true,"href":"https:\/\/alja.ch\/fr\/wp-json\/wp\/v2\/product_tag?post=49739"}],"curies":[{"name":"wp","href":"https:\/\/api.w.org\/{rel}","templated":true}]}}