{"id":49727,"date":"2026-02-25T15:46:09","date_gmt":"2026-02-25T14:46:09","guid":{"rendered":"https:\/\/alja.ch\/produkt\/patrons-burda-jupe-4\/"},"modified":"2026-02-25T15:46:26","modified_gmt":"2026-02-25T14:46:26","slug":"patrons-burda-jupe-4","status":"publish","type":"product","link":"https:\/\/alja.ch\/fr\/produit\/patrons-burda-jupe-4\/","title":{"rendered":"Patrons Burda, jupe"},"content":{"rendered":"<p data-path-to-node=\"6\">Envelopper, nouer, se sentir bien ! Le <b data-path-to-node=\"6\" data-index-in-node=\"34\">patron Burda Kids 9194<\/b> apporte le charme intemporel de la jupe portefeuille dans la chambre d&rsquo;enfant. Ces jupes ne sont pas seulement faciles \u00e0 coudre, elles sont aussi tr\u00e8s confortables gr\u00e2ce \u00e0 leur largeur r\u00e9glable et grandissent un peu avec vous.  <\/p>\n<p data-path-to-node=\"7\"><b data-path-to-node=\"7\" data-index-in-node=\"0\">Deux styles pour des aventures ensoleill\u00e9es :<\/b><\/p>\n<ul data-path-to-node=\"8\">\n<li>\n<p data-path-to-node=\"8,0,0\"><b data-path-to-node=\"8,0,0\" data-index-in-node=\"0\">Le classique floral :<\/b> une jupe ludique qui convainc par sa libert\u00e9 de mouvement. Elle est le compagnon id\u00e9al pour les pique-niques ou pour s&rsquo;\u00e9battre dans le jardin. La particularit\u00e9 de ce mod\u00e8le : Ce look existe aussi en taille adulte - parfait pour le <b data-path-to-node=\"8,0,0\" data-index-in-node=\"248\">look<\/b> en vogue <b data-path-to-node=\"8,0,0\" data-index-in-node=\"248\">de maman et enfant<\/b>!  <\/p>\n<\/li>\n<li>\n<p data-path-to-node=\"8,1,0\"><b data-path-to-node=\"8,1,0\" data-index-in-node=\"0\">La version romantique :<\/b> cette jupe mise sur des d\u00e9tails subtils. Un ourlet l\u00e9g\u00e8rement ruch\u00e9 assure un volume oscillant \u00e0 chaque pas, tandis qu&rsquo;un joli n\u0153ud \u00e0 la taille compl\u00e8te le look estival. Le m\u00e9lange parfait entre la gr\u00e2ce enfantine et l&rsquo;\u00e9l\u00e9gance d\u00e9contract\u00e9e.  <\/p>\n<\/li>\n<\/ul>\n<p data-path-to-node=\"9\"><b data-path-to-node=\"9\" data-index-in-node=\"0\">D\u00e9tails du produit :<\/b><\/p>\n<ul data-path-to-node=\"10\">\n<li>\n<p data-path-to-node=\"10,0,0\"><b data-path-to-node=\"10,0,0\" data-index-in-node=\"0\">Style :<\/b> F\u00e9minin, a\u00e9r\u00e9 et extr\u00eamement polyvalent - \u00e0 porter avec des T-shirts, des tops ou des chemisiers de f\u00eate.<\/p>\n<\/li>\n<li>\n<p data-path-to-node=\"10,1,0\"><b data-path-to-node=\"10,1,0\" data-index-in-node=\"0\">Tissu conseill\u00e9 :<\/b> tissus l\u00e9gers pour jupes comme la mousseline douce, la batiste fine ou la popeline de coton classique. Ces tissus sont respirants et favorisent le tomb\u00e9 fluide de la jupe portefeuille. <\/p>\n<\/li>\n<li>\n<p data-path-to-node=\"10,2,0\"><b data-path-to-node=\"10,2,0\" data-index-in-node=\"0\">Tailles de confection :<\/b> 104 \u00e0 146.<\/p>\n<\/li>\n<\/ul>\n<p data-path-to-node=\"11\">Un v\u00e9ritable coup de c\u0153ur pour la saison chaude, qui ne doit manquer dans aucune garde-robe estivale et qui brille par sa facilit\u00e9 d&rsquo;utilisation.<\/p>\n","protected":false},"excerpt":{"rendered":"<p>Tendance estivale jupe portefeuille : <b data-path-to-node=\"14\" data-index-in-node=\"26\">patron Burda Kids 9194<\/b>. Choisissez entre une variante florale (\u00e9galement disponible pour les femmes !) ou le mod\u00e8le avec ourlet \u00e0 volants et n\u0153ud. Id\u00e9al pour la mousseline et la batiste dans les tailles 104-146. Disponible d\u00e8s maintenant !   <\/p>\n","protected":false},"featured_media":49731,"comment_status":"closed","ping_status":"closed","template":"","meta":{"_acf_changed":false},"product_brand":[],"product_cat":[776,783,711],"product_tag":[5140],"class_list":{"0":"post-49727","1":"product","2":"type-product","3":"status-publish","4":"has-post-thumbnail","6":"product_cat-enfants-fr","7":"product_cat-jupes-fr","8":"product_cat-patron-fr","9":"product_tag-look-de-couple-maman-enfant-diy","10":"product_shipping_class-bon-dachat-et-patron","12":"first","13":"instock","14":"shipping-taxable","15":"purchasable","16":"product-type-simple"},"acf":[],"yoast_head":"<!-- This site is optimized with the Yoast SEO plugin v27.3 - https:\/\/yoast.com\/product\/yoast-seo-wordpress\/ -->\n<title>Patrons Burda, jupe &#8212; Alja.ch<\/title>\n<meta name=\"description\" content=\"Acheter le patron Burda Kids 9194 sur alja.ch. Coudre de jolies jupes portefeuille pour enfants - avec des volants ou des n\u0153uds. Commandez maintenant !\" \/>\n<meta name=\"robots\" content=\"index, follow, max-snippet:-1, max-image-preview:large, max-video-preview:-1\" \/>\n<link rel=\"canonical\" href=\"https:\/\/alja.ch\/fr\/produit\/patrons-burda-jupe-4\/\" \/>\n<meta property=\"og:locale\" content=\"fr_FR\" \/>\n<meta property=\"og:type\" content=\"article\" \/>\n<meta property=\"og:title\" content=\"Patrons Burda, jupe &#8212; Alja.ch\" \/>\n<meta property=\"og:description\" content=\"Acheter le patron Burda Kids 9194 sur alja.ch. Coudre de jolies jupes portefeuille pour enfants - avec des volants ou des n\u0153uds. Commandez maintenant !\" \/>\n<meta property=\"og:url\" content=\"https:\/\/alja.ch\/fr\/produit\/patrons-burda-jupe-4\/\" \/>\n<meta property=\"og:site_name\" content=\"Alja.ch\" \/>\n<meta property=\"article:publisher\" content=\"https:\/\/www.facebook.com\/aljastoffe\/\" \/>\n<meta property=\"article:modified_time\" content=\"2026-02-25T14:46:26+00:00\" \/>\n<meta property=\"og:image\" content=\"https:\/\/alja.ch\/wp-content\/uploads\/2026\/02\/9194_SB_EU.jpg\" \/>\n\t<meta property=\"og:image:width\" content=\"1465\" \/>\n\t<meta property=\"og:image:height\" content=\"2244\" \/>\n\t<meta property=\"og:image:type\" content=\"image\/jpeg\" \/>\n<meta name=\"twitter:card\" content=\"summary_large_image\" \/>\n<meta name=\"twitter:label1\" content=\"Dur\u00e9e de lecture estim\u00e9e\" \/>\n\t<meta name=\"twitter:data1\" content=\"1 minute\" \/>\n<script type=\"application\/ld+json\" class=\"yoast-schema-graph\">{\"@context\":\"https:\\\/\\\/schema.org\",\"@graph\":[{\"@type\":\"WebPage\",\"@id\":\"https:\\\/\\\/alja.ch\\\/fr\\\/produit\\\/patrons-burda-jupe-4\\\/\",\"url\":\"https:\\\/\\\/alja.ch\\\/fr\\\/produit\\\/patrons-burda-jupe-4\\\/\",\"name\":\"Patrons Burda, jupe &#8212; Alja.ch\",\"isPartOf\":{\"@id\":\"https:\\\/\\\/alja.ch\\\/fr\\\/#website\"},\"primaryImageOfPage\":{\"@id\":\"https:\\\/\\\/alja.ch\\\/fr\\\/produit\\\/patrons-burda-jupe-4\\\/#primaryimage\"},\"image\":{\"@id\":\"https:\\\/\\\/alja.ch\\\/fr\\\/produit\\\/patrons-burda-jupe-4\\\/#primaryimage\"},\"thumbnailUrl\":\"https:\\\/\\\/alja.ch\\\/wp-content\\\/uploads\\\/2026\\\/02\\\/9194_SB_EU.jpg\",\"datePublished\":\"2026-02-25T14:46:09+00:00\",\"dateModified\":\"2026-02-25T14:46:26+00:00\",\"description\":\"Acheter le patron Burda Kids 9194 sur alja.ch. Coudre de jolies jupes portefeuille pour enfants - avec des volants ou des n\u0153uds. Commandez maintenant !\",\"breadcrumb\":{\"@id\":\"https:\\\/\\\/alja.ch\\\/fr\\\/produit\\\/patrons-burda-jupe-4\\\/#breadcrumb\"},\"inLanguage\":\"fr-FR\",\"potentialAction\":[{\"@type\":\"ReadAction\",\"target\":[\"https:\\\/\\\/alja.ch\\\/fr\\\/produit\\\/patrons-burda-jupe-4\\\/\"]}]},{\"@type\":\"ImageObject\",\"inLanguage\":\"fr-FR\",\"@id\":\"https:\\\/\\\/alja.ch\\\/fr\\\/produit\\\/patrons-burda-jupe-4\\\/#primaryimage\",\"url\":\"https:\\\/\\\/alja.ch\\\/wp-content\\\/uploads\\\/2026\\\/02\\\/9194_SB_EU.jpg\",\"contentUrl\":\"https:\\\/\\\/alja.ch\\\/wp-content\\\/uploads\\\/2026\\\/02\\\/9194_SB_EU.jpg\",\"width\":1465,\"height\":2244},{\"@type\":\"BreadcrumbList\",\"@id\":\"https:\\\/\\\/alja.ch\\\/fr\\\/produit\\\/patrons-burda-jupe-4\\\/#breadcrumb\",\"itemListElement\":[{\"@type\":\"ListItem\",\"position\":1,\"name\":\"Startseite\",\"item\":\"https:\\\/\\\/alja.ch\\\/fr\\\/\"},{\"@type\":\"ListItem\",\"position\":2,\"name\":\"Boutique\",\"item\":\"https:\\\/\\\/alja.ch\\\/fr\\\/boutique\\\/\"},{\"@type\":\"ListItem\",\"position\":3,\"name\":\"Patrons Burda, jupe\"}]},{\"@type\":\"WebSite\",\"@id\":\"https:\\\/\\\/alja.ch\\\/fr\\\/#website\",\"url\":\"https:\\\/\\\/alja.ch\\\/fr\\\/\",\"name\":\"Alja.ch\",\"description\":\"Stoffe &amp; Mercerie online einkaufen!\",\"publisher\":{\"@id\":\"https:\\\/\\\/alja.ch\\\/fr\\\/#organization\"},\"potentialAction\":[{\"@type\":\"SearchAction\",\"target\":{\"@type\":\"EntryPoint\",\"urlTemplate\":\"https:\\\/\\\/alja.ch\\\/fr\\\/?s={search_term_string}\"},\"query-input\":{\"@type\":\"PropertyValueSpecification\",\"valueRequired\":true,\"valueName\":\"search_term_string\"}}],\"inLanguage\":\"fr-FR\"},{\"@type\":\"Organization\",\"@id\":\"https:\\\/\\\/alja.ch\\\/fr\\\/#organization\",\"name\":\"ALJA Nouveau AG\",\"url\":\"https:\\\/\\\/alja.ch\\\/fr\\\/\",\"logo\":{\"@type\":\"ImageObject\",\"inLanguage\":\"fr-FR\",\"@id\":\"https:\\\/\\\/alja.ch\\\/fr\\\/#\\\/schema\\\/logo\\\/image\\\/\",\"url\":\"https:\\\/\\\/alja.ch\\\/wp-content\\\/uploads\\\/kg-logo-alja.png\",\"contentUrl\":\"https:\\\/\\\/alja.ch\\\/wp-content\\\/uploads\\\/kg-logo-alja.png\",\"width\":1000,\"height\":1000,\"caption\":\"ALJA Nouveau AG\"},\"image\":{\"@id\":\"https:\\\/\\\/alja.ch\\\/fr\\\/#\\\/schema\\\/logo\\\/image\\\/\"},\"sameAs\":[\"https:\\\/\\\/www.facebook.com\\\/aljastoffe\\\/\",\"https:\\\/\\\/www.instagram.com\\\/alja_stoffe_mercerie\\\/\",\"https:\\\/\\\/www.youtube.com\\\/channel\\\/UCf6430U9yN-o6rk-Nw4TDqA\"]}]}<\/script>\n<!-- \/ Yoast SEO plugin. -->","yoast_head_json":{"title":"Patrons Burda, jupe &#8212; Alja.ch","description":"Acheter le patron Burda Kids 9194 sur alja.ch. Coudre de jolies jupes portefeuille pour enfants - avec des volants ou des n\u0153uds. Commandez maintenant !","robots":{"index":"index","follow":"follow","max-snippet":"max-snippet:-1","max-image-preview":"max-image-preview:large","max-video-preview":"max-video-preview:-1"},"canonical":"https:\/\/alja.ch\/fr\/produit\/patrons-burda-jupe-4\/","og_locale":"fr_FR","og_type":"article","og_title":"Patrons Burda, jupe &#8212; Alja.ch","og_description":"Acheter le patron Burda Kids 9194 sur alja.ch. Coudre de jolies jupes portefeuille pour enfants - avec des volants ou des n\u0153uds. Commandez maintenant !","og_url":"https:\/\/alja.ch\/fr\/produit\/patrons-burda-jupe-4\/","og_site_name":"Alja.ch","article_publisher":"https:\/\/www.facebook.com\/aljastoffe\/","article_modified_time":"2026-02-25T14:46:26+00:00","og_image":[{"width":1465,"height":2244,"url":"https:\/\/alja.ch\/wp-content\/uploads\/2026\/02\/9194_SB_EU.jpg","type":"image\/jpeg"}],"twitter_card":"summary_large_image","twitter_misc":{"Dur\u00e9e de lecture estim\u00e9e":"1 minute"},"schema":{"@context":"https:\/\/schema.org","@graph":[{"@type":"WebPage","@id":"https:\/\/alja.ch\/fr\/produit\/patrons-burda-jupe-4\/","url":"https:\/\/alja.ch\/fr\/produit\/patrons-burda-jupe-4\/","name":"Patrons Burda, jupe &#8212; Alja.ch","isPartOf":{"@id":"https:\/\/alja.ch\/fr\/#website"},"primaryImageOfPage":{"@id":"https:\/\/alja.ch\/fr\/produit\/patrons-burda-jupe-4\/#primaryimage"},"image":{"@id":"https:\/\/alja.ch\/fr\/produit\/patrons-burda-jupe-4\/#primaryimage"},"thumbnailUrl":"https:\/\/alja.ch\/wp-content\/uploads\/2026\/02\/9194_SB_EU.jpg","datePublished":"2026-02-25T14:46:09+00:00","dateModified":"2026-02-25T14:46:26+00:00","description":"Acheter le patron Burda Kids 9194 sur alja.ch. Coudre de jolies jupes portefeuille pour enfants - avec des volants ou des n\u0153uds. Commandez maintenant !","breadcrumb":{"@id":"https:\/\/alja.ch\/fr\/produit\/patrons-burda-jupe-4\/#breadcrumb"},"inLanguage":"fr-FR","potentialAction":[{"@type":"ReadAction","target":["https:\/\/alja.ch\/fr\/produit\/patrons-burda-jupe-4\/"]}]},{"@type":"ImageObject","inLanguage":"fr-FR","@id":"https:\/\/alja.ch\/fr\/produit\/patrons-burda-jupe-4\/#primaryimage","url":"https:\/\/alja.ch\/wp-content\/uploads\/2026\/02\/9194_SB_EU.jpg","contentUrl":"https:\/\/alja.ch\/wp-content\/uploads\/2026\/02\/9194_SB_EU.jpg","width":1465,"height":2244},{"@type":"BreadcrumbList","@id":"https:\/\/alja.ch\/fr\/produit\/patrons-burda-jupe-4\/#breadcrumb","itemListElement":[{"@type":"ListItem","position":1,"name":"Startseite","item":"https:\/\/alja.ch\/fr\/"},{"@type":"ListItem","position":2,"name":"Boutique","item":"https:\/\/alja.ch\/fr\/boutique\/"},{"@type":"ListItem","position":3,"name":"Patrons Burda, jupe"}]},{"@type":"WebSite","@id":"https:\/\/alja.ch\/fr\/#website","url":"https:\/\/alja.ch\/fr\/","name":"Alja.ch","description":"Stoffe &amp; Mercerie online einkaufen!","publisher":{"@id":"https:\/\/alja.ch\/fr\/#organization"},"potentialAction":[{"@type":"SearchAction","target":{"@type":"EntryPoint","urlTemplate":"https:\/\/alja.ch\/fr\/?s={search_term_string}"},"query-input":{"@type":"PropertyValueSpecification","valueRequired":true,"valueName":"search_term_string"}}],"inLanguage":"fr-FR"},{"@type":"Organization","@id":"https:\/\/alja.ch\/fr\/#organization","name":"ALJA Nouveau AG","url":"https:\/\/alja.ch\/fr\/","logo":{"@type":"ImageObject","inLanguage":"fr-FR","@id":"https:\/\/alja.ch\/fr\/#\/schema\/logo\/image\/","url":"https:\/\/alja.ch\/wp-content\/uploads\/kg-logo-alja.png","contentUrl":"https:\/\/alja.ch\/wp-content\/uploads\/kg-logo-alja.png","width":1000,"height":1000,"caption":"ALJA Nouveau AG"},"image":{"@id":"https:\/\/alja.ch\/fr\/#\/schema\/logo\/image\/"},"sameAs":["https:\/\/www.facebook.com\/aljastoffe\/","https:\/\/www.instagram.com\/alja_stoffe_mercerie\/","https:\/\/www.youtube.com\/channel\/UCf6430U9yN-o6rk-Nw4TDqA"]}]}},"_links":{"self":[{"href":"https:\/\/alja.ch\/fr\/wp-json\/wp\/v2\/product\/49727","targetHints":{"allow":["GET"]}}],"collection":[{"href":"https:\/\/alja.ch\/fr\/wp-json\/wp\/v2\/product"}],"about":[{"href":"https:\/\/alja.ch\/fr\/wp-json\/wp\/v2\/types\/product"}],"replies":[{"embeddable":true,"href":"https:\/\/alja.ch\/fr\/wp-json\/wp\/v2\/comments?post=49727"}],"wp:featuredmedia":[{"embeddable":true,"href":"https:\/\/alja.ch\/fr\/wp-json\/wp\/v2\/media\/49731"}],"wp:attachment":[{"href":"https:\/\/alja.ch\/fr\/wp-json\/wp\/v2\/media?parent=49727"}],"wp:term":[{"taxonomy":"product_brand","embeddable":true,"href":"https:\/\/alja.ch\/fr\/wp-json\/wp\/v2\/product_brand?post=49727"},{"taxonomy":"product_cat","embeddable":true,"href":"https:\/\/alja.ch\/fr\/wp-json\/wp\/v2\/product_cat?post=49727"},{"taxonomy":"product_tag","embeddable":true,"href":"https:\/\/alja.ch\/fr\/wp-json\/wp\/v2\/product_tag?post=49727"}],"curies":[{"name":"wp","href":"https:\/\/api.w.org\/{rel}","templated":true}]}}