{"id":49699,"date":"2026-02-25T15:23:55","date_gmt":"2026-02-25T14:23:55","guid":{"rendered":"https:\/\/alja.ch\/produkt\/patrons-burda-blouse-pantalon-2\/"},"modified":"2026-02-25T15:25:04","modified_gmt":"2026-02-25T14:25:04","slug":"patrons-burda-blouse-pantalon-2","status":"publish","type":"product","link":"https:\/\/alja.ch\/fr\/produit\/patrons-burda-blouse-pantalon-2\/","title":{"rendered":"Patrons Burda, blouse &amp; pantalon"},"content":{"rendered":"<p data-path-to-node=\"6\">Pr\u00eat pour les petites et grandes aventures ! Le <b data-path-to-node=\"6\" data-index-in-node=\"44\">patron Burda Kids 9191<\/b> est le choix parfait pour les parents qui attachent de l&rsquo;importance \u00e0 des coupes confortables et \u00e0 un design enchanteur. Ce mini-set combine une tunique a\u00e9r\u00e9e avec un pantalon d\u00e9contract\u00e9 et est ainsi le compagnon id\u00e9al pour tous les jours - de la visite d&rsquo;un groupe de b\u00e9b\u00e9s \u00e0 la f\u00eate de famille.  <\/p>\n<p data-path-to-node=\"7\"><b data-path-to-node=\"7\" data-index-in-node=\"0\">Les d\u00e9tails de l&rsquo;ensemble :<\/b><\/p>\n<ul data-path-to-node=\"8\">\n<li>\n<p data-path-to-node=\"8,0,0\"><b data-path-to-node=\"8,0,0\" data-index-in-node=\"0\">La charmante tunique :<\/b> gr\u00e2ce \u00e0 sa coupe d\u00e9contract\u00e9e, le haut offre une grande libert\u00e9 de mouvement. Le design est agr\u00e9ment\u00e9 de jolies touches comme un fin ruban de dentelle et un n\u0153ud d\u00e9coratif. Que ce soit avec un motif p\u00e9tunia ou dans de douces couleurs unies, la tunique respire la l\u00e9g\u00e8ret\u00e9 estivale.  <\/p>\n<\/li>\n<li>\n<p data-path-to-node=\"8,1,0\"><b data-path-to-node=\"8,1,0\" data-index-in-node=\"0\">Le pantalon confortable :<\/b> ce pantalon est fait pour se d\u00e9fouler ! Il convainc par sa jambe large et un \u00e9lastique pratique qui fait de l&rsquo;enfilage et du retrait un jeu d&rsquo;enfant. Une petite poche \u00e0 l&rsquo;arri\u00e8re sert d&rsquo;accroche-regard mignon et offre de la place pour les petits tr\u00e9sors.  <\/p>\n<\/li>\n<\/ul>\n<p data-path-to-node=\"9\"><b data-path-to-node=\"9\" data-index-in-node=\"0\">D\u00e9tails du produit :<\/b><\/p>\n<ul data-path-to-node=\"10\">\n<li>\n<p data-path-to-node=\"10,0,0\"><b data-path-to-node=\"10,0,0\" data-index-in-node=\"0\">Style :<\/b> ludique, fonctionnel et absolument adapt\u00e9 aux enfants.<\/p>\n<\/li>\n<li>\n<p data-path-to-node=\"10,1,0\"><b data-path-to-node=\"10,1,0\" data-index-in-node=\"0\">Tissu conseill\u00e9 :<\/b> tissus l\u00e9gers pour chemisiers comme la batiste de coton, la popeline ou le lin d\u00e9licat. Ces mati\u00e8res sont respirantes et assurent un climat agr\u00e9able sur la peau. <\/p>\n<\/li>\n<li>\n<p data-path-to-node=\"10,2,0\"><b data-path-to-node=\"10,2,0\" data-index-in-node=\"0\">Tailles de confection :<\/b> 56 \u00e0 98 - convient aux b\u00e9b\u00e9s et aux jeunes enfants.<\/p>\n<\/li>\n<\/ul>\n<p data-path-to-node=\"11\">Un ensemble qui prouve que le style et le plaisir de jouer vont parfaitement ensemble - pour des enfants heureux et des fans de couture fiers.<\/p>\n<p>&nbsp;<\/p>\n","protected":false},"excerpt":{"rendered":"<p>Mini set adorable pour b\u00e9b\u00e9s et jeunes enfants : <b data-path-to-node=\"14\" data-index-in-node=\"49\">patron Burda Kids 9191<\/b>. Contient une tunique ample avec des d\u00e9tails en dentelle et un pantalon d\u00e9contract\u00e9 avec une jambe large et un \u00e9lastique. Id\u00e9al pour les tissus l\u00e9gers en coton dans les tailles 56-98.  <\/p>\n","protected":false},"featured_media":49701,"comment_status":"closed","ping_status":"closed","template":"","meta":{"_acf_changed":false},"product_brand":[],"product_cat":[777,776],"product_tag":[5105],"class_list":{"0":"post-49699","1":"product","2":"type-product","3":"status-publish","4":"has-post-thumbnail","6":"product_cat-combinaisons-fr","7":"product_cat-enfants-fr","8":"product_tag-couture-dune-tunique-pour-bebe","9":"product_shipping_class-bon-dachat-et-patron","11":"first","12":"instock","13":"shipping-taxable","14":"purchasable","15":"product-type-simple"},"acf":[],"yoast_head":"<!-- This site is optimized with the Yoast SEO plugin v27.4 - https:\/\/yoast.com\/product\/yoast-seo-wordpress\/ -->\n<title>Patrons Burda, blouse &amp; pantalon &#8212; Alja.ch<\/title>\n<meta name=\"description\" content=\"Acheter le patron Burda Kids 9191 sur alja.ch. Couture d&#039;un ensemble tunique et pantalon large pour b\u00e9b\u00e9s et jeunes enfants. Commandez maintenant en ligne !\" \/>\n<meta name=\"robots\" content=\"index, follow, max-snippet:-1, max-image-preview:large, max-video-preview:-1\" \/>\n<link rel=\"canonical\" href=\"https:\/\/alja.ch\/fr\/produit\/patrons-burda-blouse-pantalon-2\/\" \/>\n<meta property=\"og:locale\" content=\"fr_FR\" \/>\n<meta property=\"og:type\" content=\"article\" \/>\n<meta property=\"og:title\" content=\"Patrons Burda, blouse &amp; pantalon &#8212; Alja.ch\" \/>\n<meta property=\"og:description\" content=\"Acheter le patron Burda Kids 9191 sur alja.ch. Couture d&#039;un ensemble tunique et pantalon large pour b\u00e9b\u00e9s et jeunes enfants. Commandez maintenant en ligne !\" \/>\n<meta property=\"og:url\" content=\"https:\/\/alja.ch\/fr\/produit\/patrons-burda-blouse-pantalon-2\/\" \/>\n<meta property=\"og:site_name\" content=\"Alja.ch\" \/>\n<meta property=\"article:publisher\" content=\"https:\/\/www.facebook.com\/aljastoffe\/\" \/>\n<meta property=\"article:modified_time\" content=\"2026-02-25T14:25:04+00:00\" \/>\n<meta property=\"og:image\" content=\"https:\/\/alja.ch\/wp-content\/uploads\/2026\/02\/9191_SB_EU.jpg\" \/>\n\t<meta property=\"og:image:width\" content=\"1465\" \/>\n\t<meta property=\"og:image:height\" content=\"2244\" \/>\n\t<meta property=\"og:image:type\" content=\"image\/jpeg\" \/>\n<meta name=\"twitter:card\" content=\"summary_large_image\" \/>\n<meta name=\"twitter:label1\" content=\"Dur\u00e9e de lecture estim\u00e9e\" \/>\n\t<meta name=\"twitter:data1\" content=\"1 minute\" \/>\n<script type=\"application\/ld+json\" class=\"yoast-schema-graph\">{\"@context\":\"https:\\\/\\\/schema.org\",\"@graph\":[{\"@type\":\"WebPage\",\"@id\":\"https:\\\/\\\/alja.ch\\\/fr\\\/produit\\\/patrons-burda-blouse-pantalon-2\\\/\",\"url\":\"https:\\\/\\\/alja.ch\\\/fr\\\/produit\\\/patrons-burda-blouse-pantalon-2\\\/\",\"name\":\"Patrons Burda, blouse &amp; pantalon &#8212; Alja.ch\",\"isPartOf\":{\"@id\":\"https:\\\/\\\/alja.ch\\\/fr\\\/#website\"},\"primaryImageOfPage\":{\"@id\":\"https:\\\/\\\/alja.ch\\\/fr\\\/produit\\\/patrons-burda-blouse-pantalon-2\\\/#primaryimage\"},\"image\":{\"@id\":\"https:\\\/\\\/alja.ch\\\/fr\\\/produit\\\/patrons-burda-blouse-pantalon-2\\\/#primaryimage\"},\"thumbnailUrl\":\"https:\\\/\\\/alja.ch\\\/wp-content\\\/uploads\\\/2026\\\/02\\\/9191_SB_EU.jpg\",\"datePublished\":\"2026-02-25T14:23:55+00:00\",\"dateModified\":\"2026-02-25T14:25:04+00:00\",\"description\":\"Acheter le patron Burda Kids 9191 sur alja.ch. Couture d'un ensemble tunique et pantalon large pour b\u00e9b\u00e9s et jeunes enfants. Commandez maintenant en ligne !\",\"breadcrumb\":{\"@id\":\"https:\\\/\\\/alja.ch\\\/fr\\\/produit\\\/patrons-burda-blouse-pantalon-2\\\/#breadcrumb\"},\"inLanguage\":\"fr-FR\",\"potentialAction\":[{\"@type\":\"ReadAction\",\"target\":[\"https:\\\/\\\/alja.ch\\\/fr\\\/produit\\\/patrons-burda-blouse-pantalon-2\\\/\"]}]},{\"@type\":\"ImageObject\",\"inLanguage\":\"fr-FR\",\"@id\":\"https:\\\/\\\/alja.ch\\\/fr\\\/produit\\\/patrons-burda-blouse-pantalon-2\\\/#primaryimage\",\"url\":\"https:\\\/\\\/alja.ch\\\/wp-content\\\/uploads\\\/2026\\\/02\\\/9191_SB_EU.jpg\",\"contentUrl\":\"https:\\\/\\\/alja.ch\\\/wp-content\\\/uploads\\\/2026\\\/02\\\/9191_SB_EU.jpg\",\"width\":1465,\"height\":2244},{\"@type\":\"BreadcrumbList\",\"@id\":\"https:\\\/\\\/alja.ch\\\/fr\\\/produit\\\/patrons-burda-blouse-pantalon-2\\\/#breadcrumb\",\"itemListElement\":[{\"@type\":\"ListItem\",\"position\":1,\"name\":\"Startseite\",\"item\":\"https:\\\/\\\/alja.ch\\\/fr\\\/\"},{\"@type\":\"ListItem\",\"position\":2,\"name\":\"Boutique\",\"item\":\"https:\\\/\\\/alja.ch\\\/fr\\\/boutique\\\/\"},{\"@type\":\"ListItem\",\"position\":3,\"name\":\"Patrons Burda, blouse &amp; pantalon\"}]},{\"@type\":\"WebSite\",\"@id\":\"https:\\\/\\\/alja.ch\\\/fr\\\/#website\",\"url\":\"https:\\\/\\\/alja.ch\\\/fr\\\/\",\"name\":\"Alja.ch\",\"description\":\"Stoffe &amp; Mercerie online einkaufen!\",\"publisher\":{\"@id\":\"https:\\\/\\\/alja.ch\\\/fr\\\/#organization\"},\"potentialAction\":[{\"@type\":\"SearchAction\",\"target\":{\"@type\":\"EntryPoint\",\"urlTemplate\":\"https:\\\/\\\/alja.ch\\\/fr\\\/?s={search_term_string}\"},\"query-input\":{\"@type\":\"PropertyValueSpecification\",\"valueRequired\":true,\"valueName\":\"search_term_string\"}}],\"inLanguage\":\"fr-FR\"},{\"@type\":\"Organization\",\"@id\":\"https:\\\/\\\/alja.ch\\\/fr\\\/#organization\",\"name\":\"ALJA Nouveau AG\",\"url\":\"https:\\\/\\\/alja.ch\\\/fr\\\/\",\"logo\":{\"@type\":\"ImageObject\",\"inLanguage\":\"fr-FR\",\"@id\":\"https:\\\/\\\/alja.ch\\\/fr\\\/#\\\/schema\\\/logo\\\/image\\\/\",\"url\":\"https:\\\/\\\/alja.ch\\\/wp-content\\\/uploads\\\/kg-logo-alja.png\",\"contentUrl\":\"https:\\\/\\\/alja.ch\\\/wp-content\\\/uploads\\\/kg-logo-alja.png\",\"width\":1000,\"height\":1000,\"caption\":\"ALJA Nouveau AG\"},\"image\":{\"@id\":\"https:\\\/\\\/alja.ch\\\/fr\\\/#\\\/schema\\\/logo\\\/image\\\/\"},\"sameAs\":[\"https:\\\/\\\/www.facebook.com\\\/aljastoffe\\\/\",\"https:\\\/\\\/www.instagram.com\\\/alja_stoffe_mercerie\\\/\",\"https:\\\/\\\/www.youtube.com\\\/channel\\\/UCf6430U9yN-o6rk-Nw4TDqA\"]}]}<\/script>\n<!-- \/ Yoast SEO plugin. -->","yoast_head_json":{"title":"Patrons Burda, blouse &amp; pantalon &#8212; Alja.ch","description":"Acheter le patron Burda Kids 9191 sur alja.ch. Couture d'un ensemble tunique et pantalon large pour b\u00e9b\u00e9s et jeunes enfants. Commandez maintenant en ligne !","robots":{"index":"index","follow":"follow","max-snippet":"max-snippet:-1","max-image-preview":"max-image-preview:large","max-video-preview":"max-video-preview:-1"},"canonical":"https:\/\/alja.ch\/fr\/produit\/patrons-burda-blouse-pantalon-2\/","og_locale":"fr_FR","og_type":"article","og_title":"Patrons Burda, blouse &amp; pantalon &#8212; Alja.ch","og_description":"Acheter le patron Burda Kids 9191 sur alja.ch. Couture d'un ensemble tunique et pantalon large pour b\u00e9b\u00e9s et jeunes enfants. Commandez maintenant en ligne !","og_url":"https:\/\/alja.ch\/fr\/produit\/patrons-burda-blouse-pantalon-2\/","og_site_name":"Alja.ch","article_publisher":"https:\/\/www.facebook.com\/aljastoffe\/","article_modified_time":"2026-02-25T14:25:04+00:00","og_image":[{"width":1465,"height":2244,"url":"https:\/\/alja.ch\/wp-content\/uploads\/2026\/02\/9191_SB_EU.jpg","type":"image\/jpeg"}],"twitter_card":"summary_large_image","twitter_misc":{"Dur\u00e9e de lecture estim\u00e9e":"1 minute"},"schema":{"@context":"https:\/\/schema.org","@graph":[{"@type":"WebPage","@id":"https:\/\/alja.ch\/fr\/produit\/patrons-burda-blouse-pantalon-2\/","url":"https:\/\/alja.ch\/fr\/produit\/patrons-burda-blouse-pantalon-2\/","name":"Patrons Burda, blouse &amp; pantalon &#8212; Alja.ch","isPartOf":{"@id":"https:\/\/alja.ch\/fr\/#website"},"primaryImageOfPage":{"@id":"https:\/\/alja.ch\/fr\/produit\/patrons-burda-blouse-pantalon-2\/#primaryimage"},"image":{"@id":"https:\/\/alja.ch\/fr\/produit\/patrons-burda-blouse-pantalon-2\/#primaryimage"},"thumbnailUrl":"https:\/\/alja.ch\/wp-content\/uploads\/2026\/02\/9191_SB_EU.jpg","datePublished":"2026-02-25T14:23:55+00:00","dateModified":"2026-02-25T14:25:04+00:00","description":"Acheter le patron Burda Kids 9191 sur alja.ch. Couture d'un ensemble tunique et pantalon large pour b\u00e9b\u00e9s et jeunes enfants. Commandez maintenant en ligne !","breadcrumb":{"@id":"https:\/\/alja.ch\/fr\/produit\/patrons-burda-blouse-pantalon-2\/#breadcrumb"},"inLanguage":"fr-FR","potentialAction":[{"@type":"ReadAction","target":["https:\/\/alja.ch\/fr\/produit\/patrons-burda-blouse-pantalon-2\/"]}]},{"@type":"ImageObject","inLanguage":"fr-FR","@id":"https:\/\/alja.ch\/fr\/produit\/patrons-burda-blouse-pantalon-2\/#primaryimage","url":"https:\/\/alja.ch\/wp-content\/uploads\/2026\/02\/9191_SB_EU.jpg","contentUrl":"https:\/\/alja.ch\/wp-content\/uploads\/2026\/02\/9191_SB_EU.jpg","width":1465,"height":2244},{"@type":"BreadcrumbList","@id":"https:\/\/alja.ch\/fr\/produit\/patrons-burda-blouse-pantalon-2\/#breadcrumb","itemListElement":[{"@type":"ListItem","position":1,"name":"Startseite","item":"https:\/\/alja.ch\/fr\/"},{"@type":"ListItem","position":2,"name":"Boutique","item":"https:\/\/alja.ch\/fr\/boutique\/"},{"@type":"ListItem","position":3,"name":"Patrons Burda, blouse &amp; pantalon"}]},{"@type":"WebSite","@id":"https:\/\/alja.ch\/fr\/#website","url":"https:\/\/alja.ch\/fr\/","name":"Alja.ch","description":"Stoffe &amp; Mercerie online einkaufen!","publisher":{"@id":"https:\/\/alja.ch\/fr\/#organization"},"potentialAction":[{"@type":"SearchAction","target":{"@type":"EntryPoint","urlTemplate":"https:\/\/alja.ch\/fr\/?s={search_term_string}"},"query-input":{"@type":"PropertyValueSpecification","valueRequired":true,"valueName":"search_term_string"}}],"inLanguage":"fr-FR"},{"@type":"Organization","@id":"https:\/\/alja.ch\/fr\/#organization","name":"ALJA Nouveau AG","url":"https:\/\/alja.ch\/fr\/","logo":{"@type":"ImageObject","inLanguage":"fr-FR","@id":"https:\/\/alja.ch\/fr\/#\/schema\/logo\/image\/","url":"https:\/\/alja.ch\/wp-content\/uploads\/kg-logo-alja.png","contentUrl":"https:\/\/alja.ch\/wp-content\/uploads\/kg-logo-alja.png","width":1000,"height":1000,"caption":"ALJA Nouveau AG"},"image":{"@id":"https:\/\/alja.ch\/fr\/#\/schema\/logo\/image\/"},"sameAs":["https:\/\/www.facebook.com\/aljastoffe\/","https:\/\/www.instagram.com\/alja_stoffe_mercerie\/","https:\/\/www.youtube.com\/channel\/UCf6430U9yN-o6rk-Nw4TDqA"]}]}},"_links":{"self":[{"href":"https:\/\/alja.ch\/fr\/wp-json\/wp\/v2\/product\/49699","targetHints":{"allow":["GET"]}}],"collection":[{"href":"https:\/\/alja.ch\/fr\/wp-json\/wp\/v2\/product"}],"about":[{"href":"https:\/\/alja.ch\/fr\/wp-json\/wp\/v2\/types\/product"}],"replies":[{"embeddable":true,"href":"https:\/\/alja.ch\/fr\/wp-json\/wp\/v2\/comments?post=49699"}],"wp:featuredmedia":[{"embeddable":true,"href":"https:\/\/alja.ch\/fr\/wp-json\/wp\/v2\/media\/49701"}],"wp:attachment":[{"href":"https:\/\/alja.ch\/fr\/wp-json\/wp\/v2\/media?parent=49699"}],"wp:term":[{"taxonomy":"product_brand","embeddable":true,"href":"https:\/\/alja.ch\/fr\/wp-json\/wp\/v2\/product_brand?post=49699"},{"taxonomy":"product_cat","embeddable":true,"href":"https:\/\/alja.ch\/fr\/wp-json\/wp\/v2\/product_cat?post=49699"},{"taxonomy":"product_tag","embeddable":true,"href":"https:\/\/alja.ch\/fr\/wp-json\/wp\/v2\/product_tag?post=49699"}],"curies":[{"name":"wp","href":"https:\/\/api.w.org\/{rel}","templated":true}]}}