{"id":49502,"date":"2026-02-25T11:48:09","date_gmt":"2026-02-25T10:48:09","guid":{"rendered":"https:\/\/alja.ch\/produkt\/patrons-burda-robe-5\/"},"modified":"2026-02-25T12:00:48","modified_gmt":"2026-02-25T11:00:48","slug":"patrons-burda-robe-5","status":"publish","type":"product","link":"https:\/\/alja.ch\/fr\/produit\/patrons-burda-robe-5\/","title":{"rendered":"Patrons Burda, robe"},"content":{"rendered":"<p data-path-to-node=\"6\">Place aux silhouettes f\u00e9minines ! Le <b data-path-to-node=\"6\" data-index-in-node=\"42\">patron Burda 5668.5<\/b> pr\u00e9sente deux robes qui ne pourraient pas \u00eatre plus oppos\u00e9es et pourtant plus harmonieuses. Ici, la nostalgie ludique rencontre l&rsquo;\u00e9l\u00e9gance froide et moderne - parfait pour toutes celles qui veulent faire des d\u00e9clarations avec leur garde-robe.  <\/p>\n<p data-path-to-node=\"7\"><b data-path-to-node=\"7\" data-index-in-node=\"0\">Deux styles avec un v\u00e9ritable effet \u00a0\u00bbwow\u00a0\u00bb :<\/b><\/p>\n<ul data-path-to-node=\"8\">\n<li>\n<p data-path-to-node=\"8,0,0\"><b data-path-to-node=\"8,0,0\" data-index-in-node=\"0\">Mod\u00e8le 1 (Vibes r\u00e9tro romantiques) :<\/b> Cette robe d\u00e9gage un charme pur avec ses manches bouffantes marqu\u00e9es et son \u00e9l\u00e9gante encolure carr\u00e9e. Un n\u0153ud f\u00e9minin vient compl\u00e9ter le look. Particuli\u00e8rement pratique : l&rsquo;ourlet peut \u00eatre facilement rallong\u00e9 si tu pr\u00e9f\u00e8res une longueur plus mod\u00e9r\u00e9e.  <\/p>\n<\/li>\n<li>\n<p data-path-to-node=\"8,1,0\"><b data-path-to-node=\"8,1,0\" data-index-in-node=\"0\">Mod\u00e8le 2 (le twist Prada) :<\/b> Un hommage aux ann\u00e9es 50, mais interpr\u00e9t\u00e9 de mani\u00e8re radicalement moderne. L&rsquo;utilisation d&rsquo;un tissu fonctionnel sportif et d&rsquo;une large ceinture \u00e0 boucle m\u00e9tallique conf\u00e8re \u00e0 la partie jupe classiquement large un look architectural et contemporain. <\/p>\n<\/li>\n<\/ul>\n<p data-path-to-node=\"9\"><b data-path-to-node=\"9\" data-index-in-node=\"0\">D\u00e9tails du produit :<\/b><\/p>\n<ul data-path-to-node=\"10\">\n<li>\n<p data-path-to-node=\"10,0,0\"><b data-path-to-node=\"10,0,0\" data-index-in-node=\"0\">Polyvalence :<\/b> un patron qui montre \u00e0 quel point le choix du tissu influence le caract\u00e8re d&rsquo;une robe.<\/p>\n<\/li>\n<li>\n<p data-path-to-node=\"10,1,0\">Tissu <b data-path-to-node=\"10,1,0\" data-index-in-node=\"0\">conseill\u00e9 :<\/b> tissus pour v\u00eatements avec un peu de tenue, comme la popeline, le taffetas, le piqu\u00e9 ou - pour un look moderne - des tissus techniques fonctionnels.<\/p>\n<\/li>\n<li>\n<p data-path-to-node=\"10,2,0\"><b data-path-to-node=\"10,2,0\" data-index-in-node=\"0\">Coupe :<\/b> tailles de confection 36 \u00e0 48.<\/p>\n<\/li>\n<\/ul>\n<p data-path-to-node=\"11\">Que ce soit pour une garden-party estivale au look r\u00e9tro ou pour une tenue de ville avant-gardiste, ce duo est la base parfaite pour tes projets de couture cr\u00e9atifs.<\/p>\n","protected":false},"excerpt":{"rendered":"<p>L&rsquo;\u00e9l\u00e9gance f\u00e9minine dans deux mondes : <b data-path-to-node=\"14\" data-index-in-node=\"34\">Patron Burda 5668.5<\/b>. Choisis entre des manches bouffantes romantiques avec une encolure carr\u00e9e ou le classique moderne des ann\u00e9es 50 avec une jupe ample et une ceinture. Id\u00e9al pour les tissus qui tiennent debout dans les tailles 36-48. Disponible d\u00e8s maintenant !   <\/p>\n","protected":false},"featured_media":49504,"comment_status":"closed","ping_status":"closed","template":"","meta":{"_acf_changed":false},"product_brand":[],"product_cat":[795,711,810],"product_tag":[4970],"class_list":{"0":"post-49502","1":"product","2":"type-product","3":"status-publish","4":"has-post-thumbnail","6":"product_cat-femmes-fr","7":"product_cat-patron-fr","8":"product_cat-robes-2-fr","9":"product_tag-look-retro-diy","10":"product_shipping_class-bon-dachat-et-patron","12":"first","13":"instock","14":"shipping-taxable","15":"purchasable","16":"product-type-simple"},"acf":[],"yoast_head":"<!-- This site is optimized with the Yoast SEO plugin v27.4 - https:\/\/yoast.com\/product\/yoast-seo-wordpress\/ -->\n<title>Patrons Burda, robe &#8212; Alja.ch<\/title>\n<meta name=\"description\" content=\"Acheter le patron Burda 5663 sur alja.ch. Robe r\u00e9tro \u00e0 manches bouffantes ou look 50s avec un twist moderne. Tailles 36-48. Commandez maintenant !\" \/>\n<meta name=\"robots\" content=\"index, follow, max-snippet:-1, max-image-preview:large, max-video-preview:-1\" \/>\n<link rel=\"canonical\" href=\"https:\/\/alja.ch\/fr\/produit\/patrons-burda-robe-5\/\" \/>\n<meta property=\"og:locale\" content=\"fr_FR\" \/>\n<meta property=\"og:type\" content=\"article\" \/>\n<meta property=\"og:title\" content=\"Patrons Burda, robe &#8212; Alja.ch\" \/>\n<meta property=\"og:description\" content=\"Acheter le patron Burda 5663 sur alja.ch. Robe r\u00e9tro \u00e0 manches bouffantes ou look 50s avec un twist moderne. Tailles 36-48. Commandez maintenant !\" \/>\n<meta property=\"og:url\" content=\"https:\/\/alja.ch\/fr\/produit\/patrons-burda-robe-5\/\" \/>\n<meta property=\"og:site_name\" content=\"Alja.ch\" \/>\n<meta property=\"article:publisher\" content=\"https:\/\/www.facebook.com\/aljastoffe\/\" \/>\n<meta property=\"article:modified_time\" content=\"2026-02-25T11:00:48+00:00\" \/>\n<meta property=\"og:image\" content=\"https:\/\/alja.ch\/wp-content\/uploads\/2026\/02\/5668_SB_EU.jpg\" \/>\n\t<meta property=\"og:image:width\" content=\"1465\" \/>\n\t<meta property=\"og:image:height\" content=\"2244\" \/>\n\t<meta property=\"og:image:type\" content=\"image\/jpeg\" \/>\n<meta name=\"twitter:card\" content=\"summary_large_image\" \/>\n<meta name=\"twitter:label1\" content=\"Dur\u00e9e de lecture estim\u00e9e\" \/>\n\t<meta name=\"twitter:data1\" content=\"1 minute\" \/>\n<script type=\"application\/ld+json\" class=\"yoast-schema-graph\">{\"@context\":\"https:\\\/\\\/schema.org\",\"@graph\":[{\"@type\":\"WebPage\",\"@id\":\"https:\\\/\\\/alja.ch\\\/fr\\\/produit\\\/patrons-burda-robe-5\\\/\",\"url\":\"https:\\\/\\\/alja.ch\\\/fr\\\/produit\\\/patrons-burda-robe-5\\\/\",\"name\":\"Patrons Burda, robe &#8212; Alja.ch\",\"isPartOf\":{\"@id\":\"https:\\\/\\\/alja.ch\\\/fr\\\/#website\"},\"primaryImageOfPage\":{\"@id\":\"https:\\\/\\\/alja.ch\\\/fr\\\/produit\\\/patrons-burda-robe-5\\\/#primaryimage\"},\"image\":{\"@id\":\"https:\\\/\\\/alja.ch\\\/fr\\\/produit\\\/patrons-burda-robe-5\\\/#primaryimage\"},\"thumbnailUrl\":\"https:\\\/\\\/alja.ch\\\/wp-content\\\/uploads\\\/2026\\\/02\\\/5668_SB_EU.jpg\",\"datePublished\":\"2026-02-25T10:48:09+00:00\",\"dateModified\":\"2026-02-25T11:00:48+00:00\",\"description\":\"Acheter le patron Burda 5663 sur alja.ch. Robe r\u00e9tro \u00e0 manches bouffantes ou look 50s avec un twist moderne. Tailles 36-48. Commandez maintenant !\",\"breadcrumb\":{\"@id\":\"https:\\\/\\\/alja.ch\\\/fr\\\/produit\\\/patrons-burda-robe-5\\\/#breadcrumb\"},\"inLanguage\":\"fr-FR\",\"potentialAction\":[{\"@type\":\"ReadAction\",\"target\":[\"https:\\\/\\\/alja.ch\\\/fr\\\/produit\\\/patrons-burda-robe-5\\\/\"]}]},{\"@type\":\"ImageObject\",\"inLanguage\":\"fr-FR\",\"@id\":\"https:\\\/\\\/alja.ch\\\/fr\\\/produit\\\/patrons-burda-robe-5\\\/#primaryimage\",\"url\":\"https:\\\/\\\/alja.ch\\\/wp-content\\\/uploads\\\/2026\\\/02\\\/5668_SB_EU.jpg\",\"contentUrl\":\"https:\\\/\\\/alja.ch\\\/wp-content\\\/uploads\\\/2026\\\/02\\\/5668_SB_EU.jpg\",\"width\":1465,\"height\":2244},{\"@type\":\"BreadcrumbList\",\"@id\":\"https:\\\/\\\/alja.ch\\\/fr\\\/produit\\\/patrons-burda-robe-5\\\/#breadcrumb\",\"itemListElement\":[{\"@type\":\"ListItem\",\"position\":1,\"name\":\"Startseite\",\"item\":\"https:\\\/\\\/alja.ch\\\/fr\\\/\"},{\"@type\":\"ListItem\",\"position\":2,\"name\":\"Boutique\",\"item\":\"https:\\\/\\\/alja.ch\\\/fr\\\/boutique\\\/\"},{\"@type\":\"ListItem\",\"position\":3,\"name\":\"Patrons Burda, robe\"}]},{\"@type\":\"WebSite\",\"@id\":\"https:\\\/\\\/alja.ch\\\/fr\\\/#website\",\"url\":\"https:\\\/\\\/alja.ch\\\/fr\\\/\",\"name\":\"Alja.ch\",\"description\":\"Stoffe &amp; Mercerie online einkaufen!\",\"publisher\":{\"@id\":\"https:\\\/\\\/alja.ch\\\/fr\\\/#organization\"},\"potentialAction\":[{\"@type\":\"SearchAction\",\"target\":{\"@type\":\"EntryPoint\",\"urlTemplate\":\"https:\\\/\\\/alja.ch\\\/fr\\\/?s={search_term_string}\"},\"query-input\":{\"@type\":\"PropertyValueSpecification\",\"valueRequired\":true,\"valueName\":\"search_term_string\"}}],\"inLanguage\":\"fr-FR\"},{\"@type\":\"Organization\",\"@id\":\"https:\\\/\\\/alja.ch\\\/fr\\\/#organization\",\"name\":\"ALJA Nouveau AG\",\"url\":\"https:\\\/\\\/alja.ch\\\/fr\\\/\",\"logo\":{\"@type\":\"ImageObject\",\"inLanguage\":\"fr-FR\",\"@id\":\"https:\\\/\\\/alja.ch\\\/fr\\\/#\\\/schema\\\/logo\\\/image\\\/\",\"url\":\"https:\\\/\\\/alja.ch\\\/wp-content\\\/uploads\\\/kg-logo-alja.png\",\"contentUrl\":\"https:\\\/\\\/alja.ch\\\/wp-content\\\/uploads\\\/kg-logo-alja.png\",\"width\":1000,\"height\":1000,\"caption\":\"ALJA Nouveau AG\"},\"image\":{\"@id\":\"https:\\\/\\\/alja.ch\\\/fr\\\/#\\\/schema\\\/logo\\\/image\\\/\"},\"sameAs\":[\"https:\\\/\\\/www.facebook.com\\\/aljastoffe\\\/\",\"https:\\\/\\\/www.instagram.com\\\/alja_stoffe_mercerie\\\/\",\"https:\\\/\\\/www.youtube.com\\\/channel\\\/UCf6430U9yN-o6rk-Nw4TDqA\"]}]}<\/script>\n<!-- \/ Yoast SEO plugin. -->","yoast_head_json":{"title":"Patrons Burda, robe &#8212; Alja.ch","description":"Acheter le patron Burda 5663 sur alja.ch. Robe r\u00e9tro \u00e0 manches bouffantes ou look 50s avec un twist moderne. Tailles 36-48. Commandez maintenant !","robots":{"index":"index","follow":"follow","max-snippet":"max-snippet:-1","max-image-preview":"max-image-preview:large","max-video-preview":"max-video-preview:-1"},"canonical":"https:\/\/alja.ch\/fr\/produit\/patrons-burda-robe-5\/","og_locale":"fr_FR","og_type":"article","og_title":"Patrons Burda, robe &#8212; Alja.ch","og_description":"Acheter le patron Burda 5663 sur alja.ch. Robe r\u00e9tro \u00e0 manches bouffantes ou look 50s avec un twist moderne. Tailles 36-48. Commandez maintenant !","og_url":"https:\/\/alja.ch\/fr\/produit\/patrons-burda-robe-5\/","og_site_name":"Alja.ch","article_publisher":"https:\/\/www.facebook.com\/aljastoffe\/","article_modified_time":"2026-02-25T11:00:48+00:00","og_image":[{"width":1465,"height":2244,"url":"https:\/\/alja.ch\/wp-content\/uploads\/2026\/02\/5668_SB_EU.jpg","type":"image\/jpeg"}],"twitter_card":"summary_large_image","twitter_misc":{"Dur\u00e9e de lecture estim\u00e9e":"1 minute"},"schema":{"@context":"https:\/\/schema.org","@graph":[{"@type":"WebPage","@id":"https:\/\/alja.ch\/fr\/produit\/patrons-burda-robe-5\/","url":"https:\/\/alja.ch\/fr\/produit\/patrons-burda-robe-5\/","name":"Patrons Burda, robe &#8212; Alja.ch","isPartOf":{"@id":"https:\/\/alja.ch\/fr\/#website"},"primaryImageOfPage":{"@id":"https:\/\/alja.ch\/fr\/produit\/patrons-burda-robe-5\/#primaryimage"},"image":{"@id":"https:\/\/alja.ch\/fr\/produit\/patrons-burda-robe-5\/#primaryimage"},"thumbnailUrl":"https:\/\/alja.ch\/wp-content\/uploads\/2026\/02\/5668_SB_EU.jpg","datePublished":"2026-02-25T10:48:09+00:00","dateModified":"2026-02-25T11:00:48+00:00","description":"Acheter le patron Burda 5663 sur alja.ch. Robe r\u00e9tro \u00e0 manches bouffantes ou look 50s avec un twist moderne. Tailles 36-48. Commandez maintenant !","breadcrumb":{"@id":"https:\/\/alja.ch\/fr\/produit\/patrons-burda-robe-5\/#breadcrumb"},"inLanguage":"fr-FR","potentialAction":[{"@type":"ReadAction","target":["https:\/\/alja.ch\/fr\/produit\/patrons-burda-robe-5\/"]}]},{"@type":"ImageObject","inLanguage":"fr-FR","@id":"https:\/\/alja.ch\/fr\/produit\/patrons-burda-robe-5\/#primaryimage","url":"https:\/\/alja.ch\/wp-content\/uploads\/2026\/02\/5668_SB_EU.jpg","contentUrl":"https:\/\/alja.ch\/wp-content\/uploads\/2026\/02\/5668_SB_EU.jpg","width":1465,"height":2244},{"@type":"BreadcrumbList","@id":"https:\/\/alja.ch\/fr\/produit\/patrons-burda-robe-5\/#breadcrumb","itemListElement":[{"@type":"ListItem","position":1,"name":"Startseite","item":"https:\/\/alja.ch\/fr\/"},{"@type":"ListItem","position":2,"name":"Boutique","item":"https:\/\/alja.ch\/fr\/boutique\/"},{"@type":"ListItem","position":3,"name":"Patrons Burda, robe"}]},{"@type":"WebSite","@id":"https:\/\/alja.ch\/fr\/#website","url":"https:\/\/alja.ch\/fr\/","name":"Alja.ch","description":"Stoffe &amp; Mercerie online einkaufen!","publisher":{"@id":"https:\/\/alja.ch\/fr\/#organization"},"potentialAction":[{"@type":"SearchAction","target":{"@type":"EntryPoint","urlTemplate":"https:\/\/alja.ch\/fr\/?s={search_term_string}"},"query-input":{"@type":"PropertyValueSpecification","valueRequired":true,"valueName":"search_term_string"}}],"inLanguage":"fr-FR"},{"@type":"Organization","@id":"https:\/\/alja.ch\/fr\/#organization","name":"ALJA Nouveau AG","url":"https:\/\/alja.ch\/fr\/","logo":{"@type":"ImageObject","inLanguage":"fr-FR","@id":"https:\/\/alja.ch\/fr\/#\/schema\/logo\/image\/","url":"https:\/\/alja.ch\/wp-content\/uploads\/kg-logo-alja.png","contentUrl":"https:\/\/alja.ch\/wp-content\/uploads\/kg-logo-alja.png","width":1000,"height":1000,"caption":"ALJA Nouveau AG"},"image":{"@id":"https:\/\/alja.ch\/fr\/#\/schema\/logo\/image\/"},"sameAs":["https:\/\/www.facebook.com\/aljastoffe\/","https:\/\/www.instagram.com\/alja_stoffe_mercerie\/","https:\/\/www.youtube.com\/channel\/UCf6430U9yN-o6rk-Nw4TDqA"]}]}},"_links":{"self":[{"href":"https:\/\/alja.ch\/fr\/wp-json\/wp\/v2\/product\/49502","targetHints":{"allow":["GET"]}}],"collection":[{"href":"https:\/\/alja.ch\/fr\/wp-json\/wp\/v2\/product"}],"about":[{"href":"https:\/\/alja.ch\/fr\/wp-json\/wp\/v2\/types\/product"}],"replies":[{"embeddable":true,"href":"https:\/\/alja.ch\/fr\/wp-json\/wp\/v2\/comments?post=49502"}],"wp:featuredmedia":[{"embeddable":true,"href":"https:\/\/alja.ch\/fr\/wp-json\/wp\/v2\/media\/49504"}],"wp:attachment":[{"href":"https:\/\/alja.ch\/fr\/wp-json\/wp\/v2\/media?parent=49502"}],"wp:term":[{"taxonomy":"product_brand","embeddable":true,"href":"https:\/\/alja.ch\/fr\/wp-json\/wp\/v2\/product_brand?post=49502"},{"taxonomy":"product_cat","embeddable":true,"href":"https:\/\/alja.ch\/fr\/wp-json\/wp\/v2\/product_cat?post=49502"},{"taxonomy":"product_tag","embeddable":true,"href":"https:\/\/alja.ch\/fr\/wp-json\/wp\/v2\/product_tag?post=49502"}],"curies":[{"name":"wp","href":"https:\/\/api.w.org\/{rel}","templated":true}]}}