{"id":49401,"date":"2026-02-25T10:45:52","date_gmt":"2026-02-25T09:45:52","guid":{"rendered":"https:\/\/alja.ch\/produkt\/patrons-burda-jupe-2\/"},"modified":"2026-02-25T10:46:03","modified_gmt":"2026-02-25T09:46:03","slug":"patrons-burda-jupe-2","status":"publish","type":"product","link":"https:\/\/alja.ch\/fr\/produit\/patrons-burda-jupe-2\/","title":{"rendered":"Patrons Burda, jupe"},"content":{"rendered":"<p data-path-to-node=\"6\">Mettez votre taille en sc\u00e8ne ! Le <b data-path-to-node=\"6\" data-index-in-node=\"38\">patron Burda 5653<\/b> propose deux interpr\u00e9tations innovantes de la jupe pliss\u00e9e classique. Ces mod\u00e8les allient une coupe architecturale et un confort pratique pour un look au caract\u00e8re v\u00e9ritablement statement.  <\/p>\n<p data-path-to-node=\"7\"><b data-path-to-node=\"7\" data-index-in-node=\"0\">Deux designs avec une touche particuli\u00e8re :<\/b><\/p>\n<ul data-path-to-node=\"8\">\n<li>\n<p data-path-to-node=\"8,0,0\"><b data-path-to-node=\"8,0,0\" data-index-in-node=\"0\">Mod\u00e8le 1 (look plis d&rsquo;aisance) :<\/b> Une jupe qui souligne la silhouette et qui se distingue par de profonds plis d&rsquo;aisance et une taille haute marqu\u00e9e. Les rubans de cuir int\u00e9gr\u00e9s ressemblent \u00e0 de fines ceintures et conf\u00e8rent \u00e0 la jupe une dose suppl\u00e9mentaire de coolitude. <\/p>\n<\/li>\n<li>\n<p data-path-to-node=\"8,1,0\"><b data-path-to-node=\"8,1,0\" data-index-in-node=\"0\">Mod\u00e8le 2 (style portefeuille) :<\/b> Cette jupe combine l&rsquo;esth\u00e9tique d&rsquo;une jupe portefeuille avec la s\u00e9curit\u00e9 d&rsquo;une coupe ferm\u00e9e - gr\u00e2ce \u00e0 un pli profond astucieux, rien ne s&rsquo;ouvre. L&rsquo;\u00e9lastique \u00e0 l&rsquo;arri\u00e8re assure une coupe parfaite et un confort tout au long de la journ\u00e9e. <\/p>\n<\/li>\n<\/ul>\n<p data-path-to-node=\"9\"><b data-path-to-node=\"9\" data-index-in-node=\"0\">D\u00e9tails du produit :<\/b><\/p>\n<ul data-path-to-node=\"10\">\n<li>\n<p data-path-to-node=\"10,0,0\"><b data-path-to-node=\"10,0,0\" data-index-in-node=\"0\">Tissu conseill\u00e9 :<\/b> Id\u00e9al pour les tissus de jupes avec un peu de tenue, comme la gabardine, le denim l\u00e9ger, la toile ou les tissus m\u00e9lang\u00e9s.<\/p>\n<\/li>\n<li>\n<p data-path-to-node=\"10,1,0\"><b data-path-to-node=\"10,1,0\" data-index-in-node=\"0\">Particularit\u00e9 :<\/b> solutions de fermeture raffin\u00e9es et \u00e9l\u00e9ments de liaison d\u00e9coratifs.<\/p>\n<\/li>\n<li>\n<p data-path-to-node=\"10,2,0\"><b data-path-to-node=\"10,2,0\" data-index-in-node=\"0\">Coupe :<\/b> tailles de confection 36 \u00e0 48.<\/p>\n<\/li>\n<\/ul>\n<p data-path-to-node=\"11\">Qu&rsquo;elles soient associ\u00e9es \u00e0 un simple pull \u00e0 col roul\u00e9 ou \u00e0 un chemisier \u00e9l\u00e9gant, ces jupes sont la base parfaite pour des tenues sophistiqu\u00e9es.<\/p>\n","protected":false},"excerpt":{"rendered":"<p>Des styles de jupes raffin\u00e9s : <b data-path-to-node=\"14\" data-index-in-node=\"26\">le patron Burda 5653<\/b> pour des jupes pliss\u00e9es qui ont du punch. Choisis entre le mod\u00e8le \u00e0 plis creux et rubans de cuir ou l&rsquo;aspect cache-c\u0153ur s\u00fbr avec une taille \u00e9lastique confortable. Id\u00e9al pour les tissus qui tiennent debout, disponible imm\u00e9diatement dans les tailles 36-48 !  <\/p>\n","protected":false},"featured_media":49403,"comment_status":"closed","ping_status":"closed","template":"","meta":{"_acf_changed":false},"product_brand":[],"product_cat":[795,806,711],"product_tag":[4890,4891],"class_list":{"0":"post-49401","1":"product","2":"type-product","3":"status-publish","4":"has-post-thumbnail","6":"product_cat-femmes-fr","7":"product_cat-jupes-2-fr","8":"product_cat-patron-fr","9":"product_tag-couture-dune-jupe-plissee","10":"product_tag-jupe-portefeuille-optique","11":"product_shipping_class-bon-dachat-et-patron","13":"first","14":"instock","15":"shipping-taxable","16":"purchasable","17":"product-type-simple"},"acf":[],"yoast_head":"<!-- This site is optimized with the Yoast SEO plugin v27.5 - https:\/\/yoast.com\/product\/yoast-seo-wordpress\/ -->\n<title>Patrons Burda, jupe &#8212; Alja.ch<\/title>\n<meta name=\"description\" content=\"Acheter le patron Burda 5653 pour jupes pour femmes chez alja.ch. Jupe pliss\u00e9e avec plis creux ou aspect cache-c\u0153ur. Tailles 36-48. Commandez maintenant !\" \/>\n<meta name=\"robots\" content=\"index, follow, max-snippet:-1, max-image-preview:large, max-video-preview:-1\" \/>\n<link rel=\"canonical\" href=\"https:\/\/alja.ch\/fr\/produit\/patrons-burda-jupe-2\/\" \/>\n<meta property=\"og:locale\" content=\"fr_FR\" \/>\n<meta property=\"og:type\" content=\"article\" \/>\n<meta property=\"og:title\" content=\"Patrons Burda, jupe &#8212; Alja.ch\" \/>\n<meta property=\"og:description\" content=\"Acheter le patron Burda 5653 pour jupes pour femmes chez alja.ch. Jupe pliss\u00e9e avec plis creux ou aspect cache-c\u0153ur. Tailles 36-48. Commandez maintenant !\" \/>\n<meta property=\"og:url\" content=\"https:\/\/alja.ch\/fr\/produit\/patrons-burda-jupe-2\/\" \/>\n<meta property=\"og:site_name\" content=\"Alja.ch\" \/>\n<meta property=\"article:publisher\" content=\"https:\/\/www.facebook.com\/aljastoffe\/\" \/>\n<meta property=\"article:modified_time\" content=\"2026-02-25T09:46:03+00:00\" \/>\n<meta property=\"og:image\" content=\"https:\/\/alja.ch\/wp-content\/uploads\/2026\/02\/5653_SB_EU.jpg\" \/>\n\t<meta property=\"og:image:width\" content=\"1465\" \/>\n\t<meta property=\"og:image:height\" content=\"2244\" \/>\n\t<meta property=\"og:image:type\" content=\"image\/jpeg\" \/>\n<meta name=\"twitter:card\" content=\"summary_large_image\" \/>\n<meta name=\"twitter:label1\" content=\"Dur\u00e9e de lecture estim\u00e9e\" \/>\n\t<meta name=\"twitter:data1\" content=\"1 minute\" \/>\n<script type=\"application\/ld+json\" class=\"yoast-schema-graph\">{\"@context\":\"https:\\\/\\\/schema.org\",\"@graph\":[{\"@type\":\"WebPage\",\"@id\":\"https:\\\/\\\/alja.ch\\\/fr\\\/produit\\\/patrons-burda-jupe-2\\\/\",\"url\":\"https:\\\/\\\/alja.ch\\\/fr\\\/produit\\\/patrons-burda-jupe-2\\\/\",\"name\":\"Patrons Burda, jupe &#8212; Alja.ch\",\"isPartOf\":{\"@id\":\"https:\\\/\\\/alja.ch\\\/fr\\\/#website\"},\"primaryImageOfPage\":{\"@id\":\"https:\\\/\\\/alja.ch\\\/fr\\\/produit\\\/patrons-burda-jupe-2\\\/#primaryimage\"},\"image\":{\"@id\":\"https:\\\/\\\/alja.ch\\\/fr\\\/produit\\\/patrons-burda-jupe-2\\\/#primaryimage\"},\"thumbnailUrl\":\"https:\\\/\\\/alja.ch\\\/wp-content\\\/uploads\\\/2026\\\/02\\\/5653_SB_EU.jpg\",\"datePublished\":\"2026-02-25T09:45:52+00:00\",\"dateModified\":\"2026-02-25T09:46:03+00:00\",\"description\":\"Acheter le patron Burda 5653 pour jupes pour femmes chez alja.ch. Jupe pliss\u00e9e avec plis creux ou aspect cache-c\u0153ur. Tailles 36-48. Commandez maintenant !\",\"breadcrumb\":{\"@id\":\"https:\\\/\\\/alja.ch\\\/fr\\\/produit\\\/patrons-burda-jupe-2\\\/#breadcrumb\"},\"inLanguage\":\"fr-FR\",\"potentialAction\":[{\"@type\":\"ReadAction\",\"target\":[\"https:\\\/\\\/alja.ch\\\/fr\\\/produit\\\/patrons-burda-jupe-2\\\/\"]}]},{\"@type\":\"ImageObject\",\"inLanguage\":\"fr-FR\",\"@id\":\"https:\\\/\\\/alja.ch\\\/fr\\\/produit\\\/patrons-burda-jupe-2\\\/#primaryimage\",\"url\":\"https:\\\/\\\/alja.ch\\\/wp-content\\\/uploads\\\/2026\\\/02\\\/5653_SB_EU.jpg\",\"contentUrl\":\"https:\\\/\\\/alja.ch\\\/wp-content\\\/uploads\\\/2026\\\/02\\\/5653_SB_EU.jpg\",\"width\":1465,\"height\":2244},{\"@type\":\"BreadcrumbList\",\"@id\":\"https:\\\/\\\/alja.ch\\\/fr\\\/produit\\\/patrons-burda-jupe-2\\\/#breadcrumb\",\"itemListElement\":[{\"@type\":\"ListItem\",\"position\":1,\"name\":\"Startseite\",\"item\":\"https:\\\/\\\/alja.ch\\\/fr\\\/\"},{\"@type\":\"ListItem\",\"position\":2,\"name\":\"Boutique\",\"item\":\"https:\\\/\\\/alja.ch\\\/fr\\\/boutique\\\/\"},{\"@type\":\"ListItem\",\"position\":3,\"name\":\"Patrons Burda, jupe\"}]},{\"@type\":\"WebSite\",\"@id\":\"https:\\\/\\\/alja.ch\\\/fr\\\/#website\",\"url\":\"https:\\\/\\\/alja.ch\\\/fr\\\/\",\"name\":\"Alja.ch\",\"description\":\"Stoffe &amp; Mercerie online einkaufen!\",\"publisher\":{\"@id\":\"https:\\\/\\\/alja.ch\\\/fr\\\/#organization\"},\"potentialAction\":[{\"@type\":\"SearchAction\",\"target\":{\"@type\":\"EntryPoint\",\"urlTemplate\":\"https:\\\/\\\/alja.ch\\\/fr\\\/?s={search_term_string}\"},\"query-input\":{\"@type\":\"PropertyValueSpecification\",\"valueRequired\":true,\"valueName\":\"search_term_string\"}}],\"inLanguage\":\"fr-FR\"},{\"@type\":\"Organization\",\"@id\":\"https:\\\/\\\/alja.ch\\\/fr\\\/#organization\",\"name\":\"ALJA Nouveau AG\",\"url\":\"https:\\\/\\\/alja.ch\\\/fr\\\/\",\"logo\":{\"@type\":\"ImageObject\",\"inLanguage\":\"fr-FR\",\"@id\":\"https:\\\/\\\/alja.ch\\\/fr\\\/#\\\/schema\\\/logo\\\/image\\\/\",\"url\":\"https:\\\/\\\/alja.ch\\\/wp-content\\\/uploads\\\/kg-logo-alja.png\",\"contentUrl\":\"https:\\\/\\\/alja.ch\\\/wp-content\\\/uploads\\\/kg-logo-alja.png\",\"width\":1000,\"height\":1000,\"caption\":\"ALJA Nouveau AG\"},\"image\":{\"@id\":\"https:\\\/\\\/alja.ch\\\/fr\\\/#\\\/schema\\\/logo\\\/image\\\/\"},\"sameAs\":[\"https:\\\/\\\/www.facebook.com\\\/aljastoffe\\\/\",\"https:\\\/\\\/www.instagram.com\\\/alja_stoffe_mercerie\\\/\",\"https:\\\/\\\/www.youtube.com\\\/channel\\\/UCf6430U9yN-o6rk-Nw4TDqA\"]}]}<\/script>\n<!-- \/ Yoast SEO plugin. -->","yoast_head_json":{"title":"Patrons Burda, jupe &#8212; Alja.ch","description":"Acheter le patron Burda 5653 pour jupes pour femmes chez alja.ch. Jupe pliss\u00e9e avec plis creux ou aspect cache-c\u0153ur. Tailles 36-48. Commandez maintenant !","robots":{"index":"index","follow":"follow","max-snippet":"max-snippet:-1","max-image-preview":"max-image-preview:large","max-video-preview":"max-video-preview:-1"},"canonical":"https:\/\/alja.ch\/fr\/produit\/patrons-burda-jupe-2\/","og_locale":"fr_FR","og_type":"article","og_title":"Patrons Burda, jupe &#8212; Alja.ch","og_description":"Acheter le patron Burda 5653 pour jupes pour femmes chez alja.ch. Jupe pliss\u00e9e avec plis creux ou aspect cache-c\u0153ur. Tailles 36-48. Commandez maintenant !","og_url":"https:\/\/alja.ch\/fr\/produit\/patrons-burda-jupe-2\/","og_site_name":"Alja.ch","article_publisher":"https:\/\/www.facebook.com\/aljastoffe\/","article_modified_time":"2026-02-25T09:46:03+00:00","og_image":[{"width":1465,"height":2244,"url":"https:\/\/alja.ch\/wp-content\/uploads\/2026\/02\/5653_SB_EU.jpg","type":"image\/jpeg"}],"twitter_card":"summary_large_image","twitter_misc":{"Dur\u00e9e de lecture estim\u00e9e":"1 minute"},"schema":{"@context":"https:\/\/schema.org","@graph":[{"@type":"WebPage","@id":"https:\/\/alja.ch\/fr\/produit\/patrons-burda-jupe-2\/","url":"https:\/\/alja.ch\/fr\/produit\/patrons-burda-jupe-2\/","name":"Patrons Burda, jupe &#8212; Alja.ch","isPartOf":{"@id":"https:\/\/alja.ch\/fr\/#website"},"primaryImageOfPage":{"@id":"https:\/\/alja.ch\/fr\/produit\/patrons-burda-jupe-2\/#primaryimage"},"image":{"@id":"https:\/\/alja.ch\/fr\/produit\/patrons-burda-jupe-2\/#primaryimage"},"thumbnailUrl":"https:\/\/alja.ch\/wp-content\/uploads\/2026\/02\/5653_SB_EU.jpg","datePublished":"2026-02-25T09:45:52+00:00","dateModified":"2026-02-25T09:46:03+00:00","description":"Acheter le patron Burda 5653 pour jupes pour femmes chez alja.ch. Jupe pliss\u00e9e avec plis creux ou aspect cache-c\u0153ur. Tailles 36-48. Commandez maintenant !","breadcrumb":{"@id":"https:\/\/alja.ch\/fr\/produit\/patrons-burda-jupe-2\/#breadcrumb"},"inLanguage":"fr-FR","potentialAction":[{"@type":"ReadAction","target":["https:\/\/alja.ch\/fr\/produit\/patrons-burda-jupe-2\/"]}]},{"@type":"ImageObject","inLanguage":"fr-FR","@id":"https:\/\/alja.ch\/fr\/produit\/patrons-burda-jupe-2\/#primaryimage","url":"https:\/\/alja.ch\/wp-content\/uploads\/2026\/02\/5653_SB_EU.jpg","contentUrl":"https:\/\/alja.ch\/wp-content\/uploads\/2026\/02\/5653_SB_EU.jpg","width":1465,"height":2244},{"@type":"BreadcrumbList","@id":"https:\/\/alja.ch\/fr\/produit\/patrons-burda-jupe-2\/#breadcrumb","itemListElement":[{"@type":"ListItem","position":1,"name":"Startseite","item":"https:\/\/alja.ch\/fr\/"},{"@type":"ListItem","position":2,"name":"Boutique","item":"https:\/\/alja.ch\/fr\/boutique\/"},{"@type":"ListItem","position":3,"name":"Patrons Burda, jupe"}]},{"@type":"WebSite","@id":"https:\/\/alja.ch\/fr\/#website","url":"https:\/\/alja.ch\/fr\/","name":"Alja.ch","description":"Stoffe &amp; Mercerie online einkaufen!","publisher":{"@id":"https:\/\/alja.ch\/fr\/#organization"},"potentialAction":[{"@type":"SearchAction","target":{"@type":"EntryPoint","urlTemplate":"https:\/\/alja.ch\/fr\/?s={search_term_string}"},"query-input":{"@type":"PropertyValueSpecification","valueRequired":true,"valueName":"search_term_string"}}],"inLanguage":"fr-FR"},{"@type":"Organization","@id":"https:\/\/alja.ch\/fr\/#organization","name":"ALJA Nouveau AG","url":"https:\/\/alja.ch\/fr\/","logo":{"@type":"ImageObject","inLanguage":"fr-FR","@id":"https:\/\/alja.ch\/fr\/#\/schema\/logo\/image\/","url":"https:\/\/alja.ch\/wp-content\/uploads\/kg-logo-alja.png","contentUrl":"https:\/\/alja.ch\/wp-content\/uploads\/kg-logo-alja.png","width":1000,"height":1000,"caption":"ALJA Nouveau AG"},"image":{"@id":"https:\/\/alja.ch\/fr\/#\/schema\/logo\/image\/"},"sameAs":["https:\/\/www.facebook.com\/aljastoffe\/","https:\/\/www.instagram.com\/alja_stoffe_mercerie\/","https:\/\/www.youtube.com\/channel\/UCf6430U9yN-o6rk-Nw4TDqA"]}]}},"_links":{"self":[{"href":"https:\/\/alja.ch\/fr\/wp-json\/wp\/v2\/product\/49401","targetHints":{"allow":["GET"]}}],"collection":[{"href":"https:\/\/alja.ch\/fr\/wp-json\/wp\/v2\/product"}],"about":[{"href":"https:\/\/alja.ch\/fr\/wp-json\/wp\/v2\/types\/product"}],"replies":[{"embeddable":true,"href":"https:\/\/alja.ch\/fr\/wp-json\/wp\/v2\/comments?post=49401"}],"wp:featuredmedia":[{"embeddable":true,"href":"https:\/\/alja.ch\/fr\/wp-json\/wp\/v2\/media\/49403"}],"wp:attachment":[{"href":"https:\/\/alja.ch\/fr\/wp-json\/wp\/v2\/media?parent=49401"}],"wp:term":[{"taxonomy":"product_brand","embeddable":true,"href":"https:\/\/alja.ch\/fr\/wp-json\/wp\/v2\/product_brand?post=49401"},{"taxonomy":"product_cat","embeddable":true,"href":"https:\/\/alja.ch\/fr\/wp-json\/wp\/v2\/product_cat?post=49401"},{"taxonomy":"product_tag","embeddable":true,"href":"https:\/\/alja.ch\/fr\/wp-json\/wp\/v2\/product_tag?post=49401"}],"curies":[{"name":"wp","href":"https:\/\/api.w.org\/{rel}","templated":true}]}}