{"id":48140,"date":"2026-02-09T12:11:26","date_gmt":"2026-02-09T11:11:26","guid":{"rendered":"https:\/\/alja.ch\/produkt\/veste-softshell-jacky-pour-enfants-et-adolescents\/"},"modified":"2026-02-09T12:12:01","modified_gmt":"2026-02-09T11:12:01","slug":"veste-softshell-jacky-pour-enfants-et-adolescents","status":"publish","type":"product","link":"https:\/\/alja.ch\/fr\/produit\/veste-softshell-jacky-pour-enfants-et-adolescents\/","title":{"rendered":"Veste softshell Jacky pour enfants et adolescents"},"content":{"rendered":"<p><em>Veste tous temps pour enfants et adolescents en softshell<\/em><\/p>\n<p><em>Tailles : 140 \u00e0 176<\/em><\/p>\n<p><em>Avec instructions vid\u00e9o sur YouTube<\/em><\/p>\n<p><strong> <\/strong>  \u00a0\u00bbJacky\u00a0\u00bb est une veste softshell confortable pour les enfants et les adolescents, parfaitement adapt\u00e9e \u00e0 toutes les conditions m\u00e9t\u00e9orologiques. En plus de la protection contre la pluie et le vent, les bandes passepoil\u00e9es r\u00e9fl\u00e9chissantes offrent plus de s\u00e9curit\u00e9 pendant la saison sombre. De plus, l&rsquo;ourlet arrondi dans le dos constitue une bonne protection contre le froid. Parmi les points forts de la veste, on trouve notamment les grandes poches \u00e0 fermeture \u00e9clair, le col montant et la capuche d\u00e9tachable, qui peut \u00eatre laiss\u00e9e \u00e0 la maison si n\u00e9cessaire.   <\/p>\n<p>Toutes les \u00e9tapes de la couture de la veste softshell sont pr\u00e9sent\u00e9es dans le guide vid\u00e9o YouTube disponible gratuitement.<\/p>\n<p>La feuille de patrons contient les pi\u00e8ces du patron de la taille 140 \u00e0 176, ainsi qu&rsquo;un livret avec des tableaux de mesures, des plans de coupe et des conseils pour ajuster les tailles. <\/p>\n<p><strong>Tissu conseill\u00e9 :<\/strong><\/p>\n<p>pour le tissu ext\u00e9rieur, le softshell est id\u00e9al et pour le tissu de doublure (pour les poches), un tissu de coton tiss\u00e9, par exemple, est id\u00e9al<\/p>\n","protected":false},"excerpt":{"rendered":"<p><em>Veste tous temps pour enfants et adolescents en softshell, <\/em><em>Tailles : 140 \u00e0 176<\/em><\/p>\n","protected":false},"featured_media":48143,"comment_status":"closed","ping_status":"closed","template":"","meta":{"_acf_changed":false},"product_brand":[],"product_cat":[776,711,788],"product_tag":[1733,2833,2940,4514],"class_list":{"0":"post-48140","1":"product","2":"type-product","3":"status-publish","4":"has-post-thumbnail","6":"product_cat-enfants-fr","7":"product_cat-patron-fr","8":"product_cat-vestes-fr","9":"product_tag-patron","10":"product_tag-patron-moyen-pour-couturieres-experimentees","11":"product_tag-patron-pour-enfants-140-176","12":"product_tag-pattydoo","13":"product_shipping_class-bon-dachat-et-patron","15":"first","16":"instock","17":"shipping-taxable","18":"purchasable","19":"product-type-simple"},"acf":[],"yoast_head":"<!-- This site is optimized with the Yoast SEO plugin v27.4 - https:\/\/yoast.com\/product\/yoast-seo-wordpress\/ -->\n<title>Veste softshell Jacky pour enfants et adolescents &#8212; acheter le patron sur Alja.ch !<\/title>\n<meta name=\"description\" content=\"Patron Pattydoo pour veste softshell en taille 140-176, avec instructions et guide de couture en vid\u00e9o. D\u00e9couvrez maintenant les patrons Teenie !\" \/>\n<meta name=\"robots\" content=\"index, follow, max-snippet:-1, max-image-preview:large, max-video-preview:-1\" \/>\n<link rel=\"canonical\" href=\"https:\/\/alja.ch\/fr\/produit\/veste-softshell-jacky-pour-enfants-et-adolescents\/\" \/>\n<meta property=\"og:locale\" content=\"fr_FR\" \/>\n<meta property=\"og:type\" content=\"article\" \/>\n<meta property=\"og:title\" content=\"Veste softshell Jacky pour enfants et adolescents &#8212; acheter le patron sur Alja.ch !\" \/>\n<meta property=\"og:description\" content=\"Patron Pattydoo pour veste softshell en taille 140-176, avec instructions et guide de couture en vid\u00e9o. D\u00e9couvrez maintenant les patrons Teenie !\" \/>\n<meta property=\"og:url\" content=\"https:\/\/alja.ch\/fr\/produit\/veste-softshell-jacky-pour-enfants-et-adolescents\/\" \/>\n<meta property=\"og:site_name\" content=\"Alja.ch\" \/>\n<meta property=\"article:publisher\" content=\"https:\/\/www.facebook.com\/aljastoffe\/\" \/>\n<meta property=\"article:modified_time\" content=\"2026-02-09T11:12:01+00:00\" \/>\n<meta property=\"og:image\" content=\"https:\/\/alja.ch\/wp-content\/uploads\/2026\/02\/Teens_Softshelljacke_Jacky.jpg\" \/>\n\t<meta property=\"og:image:width\" content=\"800\" \/>\n\t<meta property=\"og:image:height\" content=\"600\" \/>\n\t<meta property=\"og:image:type\" content=\"image\/jpeg\" \/>\n<meta name=\"twitter:card\" content=\"summary_large_image\" \/>\n<meta name=\"twitter:label1\" content=\"Dur\u00e9e de lecture estim\u00e9e\" \/>\n\t<meta name=\"twitter:data1\" content=\"1 minute\" \/>\n<script type=\"application\/ld+json\" class=\"yoast-schema-graph\">{\"@context\":\"https:\\\/\\\/schema.org\",\"@graph\":[{\"@type\":\"WebPage\",\"@id\":\"https:\\\/\\\/alja.ch\\\/fr\\\/produit\\\/veste-softshell-jacky-pour-enfants-et-adolescents\\\/\",\"url\":\"https:\\\/\\\/alja.ch\\\/fr\\\/produit\\\/veste-softshell-jacky-pour-enfants-et-adolescents\\\/\",\"name\":\"Veste softshell Jacky pour enfants et adolescents &#8212; acheter le patron sur Alja.ch !\",\"isPartOf\":{\"@id\":\"https:\\\/\\\/alja.ch\\\/fr\\\/#website\"},\"primaryImageOfPage\":{\"@id\":\"https:\\\/\\\/alja.ch\\\/fr\\\/produit\\\/veste-softshell-jacky-pour-enfants-et-adolescents\\\/#primaryimage\"},\"image\":{\"@id\":\"https:\\\/\\\/alja.ch\\\/fr\\\/produit\\\/veste-softshell-jacky-pour-enfants-et-adolescents\\\/#primaryimage\"},\"thumbnailUrl\":\"https:\\\/\\\/alja.ch\\\/wp-content\\\/uploads\\\/2026\\\/02\\\/Teens_Softshelljacke_Jacky.jpg\",\"datePublished\":\"2026-02-09T11:11:26+00:00\",\"dateModified\":\"2026-02-09T11:12:01+00:00\",\"description\":\"Patron Pattydoo pour veste softshell en taille 140-176, avec instructions et guide de couture en vid\u00e9o. D\u00e9couvrez maintenant les patrons Teenie !\",\"breadcrumb\":{\"@id\":\"https:\\\/\\\/alja.ch\\\/fr\\\/produit\\\/veste-softshell-jacky-pour-enfants-et-adolescents\\\/#breadcrumb\"},\"inLanguage\":\"fr-FR\",\"potentialAction\":[{\"@type\":\"ReadAction\",\"target\":[\"https:\\\/\\\/alja.ch\\\/fr\\\/produit\\\/veste-softshell-jacky-pour-enfants-et-adolescents\\\/\"]}]},{\"@type\":\"ImageObject\",\"inLanguage\":\"fr-FR\",\"@id\":\"https:\\\/\\\/alja.ch\\\/fr\\\/produit\\\/veste-softshell-jacky-pour-enfants-et-adolescents\\\/#primaryimage\",\"url\":\"https:\\\/\\\/alja.ch\\\/wp-content\\\/uploads\\\/2026\\\/02\\\/Teens_Softshelljacke_Jacky.jpg\",\"contentUrl\":\"https:\\\/\\\/alja.ch\\\/wp-content\\\/uploads\\\/2026\\\/02\\\/Teens_Softshelljacke_Jacky.jpg\",\"width\":800,\"height\":600},{\"@type\":\"BreadcrumbList\",\"@id\":\"https:\\\/\\\/alja.ch\\\/fr\\\/produit\\\/veste-softshell-jacky-pour-enfants-et-adolescents\\\/#breadcrumb\",\"itemListElement\":[{\"@type\":\"ListItem\",\"position\":1,\"name\":\"Startseite\",\"item\":\"https:\\\/\\\/alja.ch\\\/fr\\\/\"},{\"@type\":\"ListItem\",\"position\":2,\"name\":\"Boutique\",\"item\":\"https:\\\/\\\/alja.ch\\\/fr\\\/boutique\\\/\"},{\"@type\":\"ListItem\",\"position\":3,\"name\":\"Veste softshell Jacky pour enfants et adolescents\"}]},{\"@type\":\"WebSite\",\"@id\":\"https:\\\/\\\/alja.ch\\\/fr\\\/#website\",\"url\":\"https:\\\/\\\/alja.ch\\\/fr\\\/\",\"name\":\"Alja.ch\",\"description\":\"Stoffe &amp; Mercerie online einkaufen!\",\"publisher\":{\"@id\":\"https:\\\/\\\/alja.ch\\\/fr\\\/#organization\"},\"potentialAction\":[{\"@type\":\"SearchAction\",\"target\":{\"@type\":\"EntryPoint\",\"urlTemplate\":\"https:\\\/\\\/alja.ch\\\/fr\\\/?s={search_term_string}\"},\"query-input\":{\"@type\":\"PropertyValueSpecification\",\"valueRequired\":true,\"valueName\":\"search_term_string\"}}],\"inLanguage\":\"fr-FR\"},{\"@type\":\"Organization\",\"@id\":\"https:\\\/\\\/alja.ch\\\/fr\\\/#organization\",\"name\":\"ALJA Nouveau AG\",\"url\":\"https:\\\/\\\/alja.ch\\\/fr\\\/\",\"logo\":{\"@type\":\"ImageObject\",\"inLanguage\":\"fr-FR\",\"@id\":\"https:\\\/\\\/alja.ch\\\/fr\\\/#\\\/schema\\\/logo\\\/image\\\/\",\"url\":\"https:\\\/\\\/alja.ch\\\/wp-content\\\/uploads\\\/kg-logo-alja.png\",\"contentUrl\":\"https:\\\/\\\/alja.ch\\\/wp-content\\\/uploads\\\/kg-logo-alja.png\",\"width\":1000,\"height\":1000,\"caption\":\"ALJA Nouveau AG\"},\"image\":{\"@id\":\"https:\\\/\\\/alja.ch\\\/fr\\\/#\\\/schema\\\/logo\\\/image\\\/\"},\"sameAs\":[\"https:\\\/\\\/www.facebook.com\\\/aljastoffe\\\/\",\"https:\\\/\\\/www.instagram.com\\\/alja_stoffe_mercerie\\\/\",\"https:\\\/\\\/www.youtube.com\\\/channel\\\/UCf6430U9yN-o6rk-Nw4TDqA\"]}]}<\/script>\n<!-- \/ Yoast SEO plugin. -->","yoast_head_json":{"title":"Veste softshell Jacky pour enfants et adolescents &#8212; acheter le patron sur Alja.ch !","description":"Patron Pattydoo pour veste softshell en taille 140-176, avec instructions et guide de couture en vid\u00e9o. D\u00e9couvrez maintenant les patrons Teenie !","robots":{"index":"index","follow":"follow","max-snippet":"max-snippet:-1","max-image-preview":"max-image-preview:large","max-video-preview":"max-video-preview:-1"},"canonical":"https:\/\/alja.ch\/fr\/produit\/veste-softshell-jacky-pour-enfants-et-adolescents\/","og_locale":"fr_FR","og_type":"article","og_title":"Veste softshell Jacky pour enfants et adolescents &#8212; acheter le patron sur Alja.ch !","og_description":"Patron Pattydoo pour veste softshell en taille 140-176, avec instructions et guide de couture en vid\u00e9o. D\u00e9couvrez maintenant les patrons Teenie !","og_url":"https:\/\/alja.ch\/fr\/produit\/veste-softshell-jacky-pour-enfants-et-adolescents\/","og_site_name":"Alja.ch","article_publisher":"https:\/\/www.facebook.com\/aljastoffe\/","article_modified_time":"2026-02-09T11:12:01+00:00","og_image":[{"width":800,"height":600,"url":"https:\/\/alja.ch\/wp-content\/uploads\/2026\/02\/Teens_Softshelljacke_Jacky.jpg","type":"image\/jpeg"}],"twitter_card":"summary_large_image","twitter_misc":{"Dur\u00e9e de lecture estim\u00e9e":"1 minute"},"schema":{"@context":"https:\/\/schema.org","@graph":[{"@type":"WebPage","@id":"https:\/\/alja.ch\/fr\/produit\/veste-softshell-jacky-pour-enfants-et-adolescents\/","url":"https:\/\/alja.ch\/fr\/produit\/veste-softshell-jacky-pour-enfants-et-adolescents\/","name":"Veste softshell Jacky pour enfants et adolescents &#8212; acheter le patron sur Alja.ch !","isPartOf":{"@id":"https:\/\/alja.ch\/fr\/#website"},"primaryImageOfPage":{"@id":"https:\/\/alja.ch\/fr\/produit\/veste-softshell-jacky-pour-enfants-et-adolescents\/#primaryimage"},"image":{"@id":"https:\/\/alja.ch\/fr\/produit\/veste-softshell-jacky-pour-enfants-et-adolescents\/#primaryimage"},"thumbnailUrl":"https:\/\/alja.ch\/wp-content\/uploads\/2026\/02\/Teens_Softshelljacke_Jacky.jpg","datePublished":"2026-02-09T11:11:26+00:00","dateModified":"2026-02-09T11:12:01+00:00","description":"Patron Pattydoo pour veste softshell en taille 140-176, avec instructions et guide de couture en vid\u00e9o. D\u00e9couvrez maintenant les patrons Teenie !","breadcrumb":{"@id":"https:\/\/alja.ch\/fr\/produit\/veste-softshell-jacky-pour-enfants-et-adolescents\/#breadcrumb"},"inLanguage":"fr-FR","potentialAction":[{"@type":"ReadAction","target":["https:\/\/alja.ch\/fr\/produit\/veste-softshell-jacky-pour-enfants-et-adolescents\/"]}]},{"@type":"ImageObject","inLanguage":"fr-FR","@id":"https:\/\/alja.ch\/fr\/produit\/veste-softshell-jacky-pour-enfants-et-adolescents\/#primaryimage","url":"https:\/\/alja.ch\/wp-content\/uploads\/2026\/02\/Teens_Softshelljacke_Jacky.jpg","contentUrl":"https:\/\/alja.ch\/wp-content\/uploads\/2026\/02\/Teens_Softshelljacke_Jacky.jpg","width":800,"height":600},{"@type":"BreadcrumbList","@id":"https:\/\/alja.ch\/fr\/produit\/veste-softshell-jacky-pour-enfants-et-adolescents\/#breadcrumb","itemListElement":[{"@type":"ListItem","position":1,"name":"Startseite","item":"https:\/\/alja.ch\/fr\/"},{"@type":"ListItem","position":2,"name":"Boutique","item":"https:\/\/alja.ch\/fr\/boutique\/"},{"@type":"ListItem","position":3,"name":"Veste softshell Jacky pour enfants et adolescents"}]},{"@type":"WebSite","@id":"https:\/\/alja.ch\/fr\/#website","url":"https:\/\/alja.ch\/fr\/","name":"Alja.ch","description":"Stoffe &amp; Mercerie online einkaufen!","publisher":{"@id":"https:\/\/alja.ch\/fr\/#organization"},"potentialAction":[{"@type":"SearchAction","target":{"@type":"EntryPoint","urlTemplate":"https:\/\/alja.ch\/fr\/?s={search_term_string}"},"query-input":{"@type":"PropertyValueSpecification","valueRequired":true,"valueName":"search_term_string"}}],"inLanguage":"fr-FR"},{"@type":"Organization","@id":"https:\/\/alja.ch\/fr\/#organization","name":"ALJA Nouveau AG","url":"https:\/\/alja.ch\/fr\/","logo":{"@type":"ImageObject","inLanguage":"fr-FR","@id":"https:\/\/alja.ch\/fr\/#\/schema\/logo\/image\/","url":"https:\/\/alja.ch\/wp-content\/uploads\/kg-logo-alja.png","contentUrl":"https:\/\/alja.ch\/wp-content\/uploads\/kg-logo-alja.png","width":1000,"height":1000,"caption":"ALJA Nouveau AG"},"image":{"@id":"https:\/\/alja.ch\/fr\/#\/schema\/logo\/image\/"},"sameAs":["https:\/\/www.facebook.com\/aljastoffe\/","https:\/\/www.instagram.com\/alja_stoffe_mercerie\/","https:\/\/www.youtube.com\/channel\/UCf6430U9yN-o6rk-Nw4TDqA"]}]}},"_links":{"self":[{"href":"https:\/\/alja.ch\/fr\/wp-json\/wp\/v2\/product\/48140","targetHints":{"allow":["GET"]}}],"collection":[{"href":"https:\/\/alja.ch\/fr\/wp-json\/wp\/v2\/product"}],"about":[{"href":"https:\/\/alja.ch\/fr\/wp-json\/wp\/v2\/types\/product"}],"replies":[{"embeddable":true,"href":"https:\/\/alja.ch\/fr\/wp-json\/wp\/v2\/comments?post=48140"}],"wp:featuredmedia":[{"embeddable":true,"href":"https:\/\/alja.ch\/fr\/wp-json\/wp\/v2\/media\/48143"}],"wp:attachment":[{"href":"https:\/\/alja.ch\/fr\/wp-json\/wp\/v2\/media?parent=48140"}],"wp:term":[{"taxonomy":"product_brand","embeddable":true,"href":"https:\/\/alja.ch\/fr\/wp-json\/wp\/v2\/product_brand?post=48140"},{"taxonomy":"product_cat","embeddable":true,"href":"https:\/\/alja.ch\/fr\/wp-json\/wp\/v2\/product_cat?post=48140"},{"taxonomy":"product_tag","embeddable":true,"href":"https:\/\/alja.ch\/fr\/wp-json\/wp\/v2\/product_tag?post=48140"}],"curies":[{"name":"wp","href":"https:\/\/api.w.org\/{rel}","templated":true}]}}