{"id":47695,"date":"2026-02-02T14:22:39","date_gmt":"2026-02-02T13:22:39","guid":{"rendered":"https:\/\/alja.ch\/produkt\/sprout-cotton-bounded-coeurs\/"},"modified":"2026-02-12T09:13:40","modified_gmt":"2026-02-12T08:13:40","slug":"cotton-bounded-coeurs","status":"publish","type":"product","link":"https:\/\/alja.ch\/fr\/produit\/cotton-bounded-coeurs\/","title":{"rendered":"Cotton Bounded Hearts"},"content":{"rendered":"<p data-path-to-node=\"6\">Donnez \u00e0 vos projets de couture une dose suppl\u00e9mentaire d&rsquo;amour avec notre <b data-path-to-node=\"6\" data-index-in-node=\"70\">Cotton Bounded Hearts<\/b>. Cette \u00e9toffe particuli\u00e8re d&rsquo;un <b data-path-to-node=\"6\" data-index-in-node=\"132\">blanc laineux<\/b> noble s\u00e9duit par ses deux couches reli\u00e9es entre elles (bounded), qui lui conf\u00e8rent un toucher agr\u00e9able et une l\u00e9g\u00e8re stabilit\u00e9.<\/p>\n<p data-path-to-node=\"7\"><b data-path-to-node=\"7\" data-index-in-node=\"0\">Le design :<\/b> des c\u0153urs discrets int\u00e9gr\u00e9s font de ce tissu un classique intemporel. Le motif n&rsquo;est pas simplement imprim\u00e9, mais la technique \u00a0\u00bbbounded\u00a0\u00bb lui donne un aspect particuli\u00e8rement valorisant et discr\u00e8tement plastique.<\/p>\n<p data-path-to-node=\"8\"><b data-path-to-node=\"8\" data-index-in-node=\"0\">Caract\u00e9ristiques de qualit\u00e9 :<\/b><\/p>\n<ul data-path-to-node=\"9\">\n<li>\n<p data-path-to-node=\"9,0,0\"><b data-path-to-node=\"9,0,0\" data-index-in-node=\"0\">Mat\u00e9riau :<\/b> le m\u00e9lange de 75% de coton et de 25% de polyester allie le naturel du coton \u00e0 la stabilit\u00e9 dimensionnelle et \u00e0 la facilit\u00e9 d&rsquo;entretien des fibres synth\u00e9tiques.<\/p>\n<\/li>\n<li>\n<p data-path-to-node=\"9,1,0\"><b data-path-to-node=\"9,1,0\" data-index-in-node=\"0\">Stabilit\u00e9 :<\/b> avec <b data-path-to-node=\"9,1,0\" data-index-in-node=\"16\">260 g\/m\u00b2<\/b>, le tissu est robuste et opaque, mais ne poss\u00e8de <b data-path-to-node=\"9,1,0\" data-index-in-node=\"77\">pas de stretch<\/b> (non \u00e9lastique). Cela le rend particuli\u00e8rement facile \u00e0 travailler, car il ne glisse pas sous la machine.<\/p>\n<\/li>\n<li>\n<p data-path-to-node=\"9,2,0\"><b data-path-to-node=\"9,2,0\" data-index-in-node=\"0\">Extra large :<\/b> avec une largeur confortable de <b data-path-to-node=\"9,2,0\" data-index-in-node=\"48\">160 cm<\/b>, il convient parfaitement aux projets de grande envergure comme les plafonds ou les rideaux.<\/p>\n<\/li>\n<li>\n<p data-path-to-node=\"9,3,0\"><b data-path-to-node=\"9,3,0\" data-index-in-node=\"0\">Toucher :<\/b> il est compact et stable au toucher, tout en conservant la douceur du coton.<\/p>\n<\/li>\n<\/ul>\n<p data-path-to-node=\"10\">Un tissu id\u00e9al pour tous ceux qui attachent de l&rsquo;importance \u00e0 la structure et \u00e0 un design romantique mais simple.<\/p>\n<p data-path-to-node=\"11\"><b data-path-to-node=\"11\" data-index-in-node=\"0\">Id\u00e9es d&rsquo;application :<\/b> Vestes d&rsquo;enfants structur\u00e9es, housses de coussins d\u00e9coratives, ustensiles, couvertures l\u00e9g\u00e8res pour marcher \u00e0 quatre pattes, chemins de table ou accessoires solides pour b\u00e9b\u00e9s.<\/p>\n","protected":false},"excerpt":{"rendered":"<p data-path-to-node=\"14\"><b data-path-to-node=\"14\" data-index-in-node=\"14\">Cotton Bounded<\/b> de qualit\u00e9 sup\u00e9rieure <b data-path-to-node=\"14\" data-index-in-node=\"14\">(75% CO, 25% PL)<\/b> en blanc laine avec des <b data-path-to-node=\"14\" data-index-in-node=\"78\">c\u0153urs<\/b> discrets. Ce tissu solide (260 g\/m\u00b2, pas de stretch) est particuli\u00e8rement polyvalent gr\u00e2ce \u00e0 sa largeur de 160 cm. Il est id\u00e9al pour les v\u00eatements structur\u00e9s pour enfants, les d\u00e9corations durables et le linge de maison avec un c\u0153ur.<\/p>\n","protected":false},"featured_media":47704,"comment_status":"closed","ping_status":"closed","template":"","meta":{"_acf_changed":false},"product_brand":[],"product_cat":[253,153,1956,881],"product_tag":[440,384,509,386],"class_list":{"0":"post-47695","1":"product","2":"type-product","3":"status-publish","4":"has-post-thumbnail","6":"product_cat-enfants","7":"product_cat-tissus","8":"product_cat-tissus-printemps-et-ete-pour-enfants","9":"product_cat-tissus-printemps-ete","10":"product_tag-coton","11":"product_tag-enfants-fr","12":"product_tag-polyester-fr","13":"product_tag-tissu-pour-enfants-fr","14":"product_shipping_class-colis-standard","16":"first","17":"instock","18":"shipping-taxable","19":"purchasable","20":"product-type-simple"},"acf":[],"yoast_head":"<!-- This site is optimized with the Yoast SEO plugin v27.4 - https:\/\/yoast.com\/product\/yoast-seo-wordpress\/ -->\n<title>Cotton Bounded Hearts &#8212; d\u00e9couvrir les tissus pour enfants chez Alja.ch !<\/title>\n<meta name=\"description\" content=\"Acheter Cotton Bounded Hearts. Largeur 160 cm, 260 g\/m\u00b2. M\u00e9lange de coton stable avec motif de c\u0153ur sans stretch. Pour d\u00e9corations et v\u00eatements d&#039;enfants.\" \/>\n<meta name=\"robots\" content=\"index, follow, max-snippet:-1, max-image-preview:large, max-video-preview:-1\" \/>\n<link rel=\"canonical\" href=\"https:\/\/alja.ch\/fr\/produit\/cotton-bounded-coeurs\/\" \/>\n<meta property=\"og:locale\" content=\"fr_FR\" \/>\n<meta property=\"og:type\" content=\"article\" \/>\n<meta property=\"og:title\" content=\"Cotton Bounded Hearts &#8212; d\u00e9couvrir les tissus pour enfants chez Alja.ch !\" \/>\n<meta property=\"og:description\" content=\"Acheter Cotton Bounded Hearts. Largeur 160 cm, 260 g\/m\u00b2. M\u00e9lange de coton stable avec motif de c\u0153ur sans stretch. Pour d\u00e9corations et v\u00eatements d&#039;enfants.\" \/>\n<meta property=\"og:url\" content=\"https:\/\/alja.ch\/fr\/produit\/cotton-bounded-coeurs\/\" \/>\n<meta property=\"og:site_name\" content=\"Alja.ch\" \/>\n<meta property=\"article:publisher\" content=\"https:\/\/www.facebook.com\/aljastoffe\/\" \/>\n<meta property=\"article:modified_time\" content=\"2026-02-12T08:13:40+00:00\" \/>\n<meta property=\"og:image\" content=\"https:\/\/alja.ch\/wp-content\/uploads\/2026\/02\/27328-1-scaled.jpg\" \/>\n\t<meta property=\"og:image:width\" content=\"2560\" \/>\n\t<meta property=\"og:image:height\" content=\"2560\" \/>\n\t<meta property=\"og:image:type\" content=\"image\/jpeg\" \/>\n<meta name=\"twitter:card\" content=\"summary_large_image\" \/>\n<meta name=\"twitter:label1\" content=\"Dur\u00e9e de lecture estim\u00e9e\" \/>\n\t<meta name=\"twitter:data1\" content=\"2 minutes\" \/>\n<script type=\"application\/ld+json\" class=\"yoast-schema-graph\">{\"@context\":\"https:\\\/\\\/schema.org\",\"@graph\":[{\"@type\":\"WebPage\",\"@id\":\"https:\\\/\\\/alja.ch\\\/fr\\\/produit\\\/cotton-bounded-coeurs\\\/\",\"url\":\"https:\\\/\\\/alja.ch\\\/fr\\\/produit\\\/cotton-bounded-coeurs\\\/\",\"name\":\"Cotton Bounded Hearts &#8212; d\u00e9couvrir les tissus pour enfants chez Alja.ch !\",\"isPartOf\":{\"@id\":\"https:\\\/\\\/alja.ch\\\/fr\\\/#website\"},\"primaryImageOfPage\":{\"@id\":\"https:\\\/\\\/alja.ch\\\/fr\\\/produit\\\/cotton-bounded-coeurs\\\/#primaryimage\"},\"image\":{\"@id\":\"https:\\\/\\\/alja.ch\\\/fr\\\/produit\\\/cotton-bounded-coeurs\\\/#primaryimage\"},\"thumbnailUrl\":\"https:\\\/\\\/alja.ch\\\/wp-content\\\/uploads\\\/2026\\\/02\\\/27328-1-scaled.jpg\",\"datePublished\":\"2026-02-02T13:22:39+00:00\",\"dateModified\":\"2026-02-12T08:13:40+00:00\",\"description\":\"Acheter Cotton Bounded Hearts. Largeur 160 cm, 260 g\\\/m\u00b2. M\u00e9lange de coton stable avec motif de c\u0153ur sans stretch. Pour d\u00e9corations et v\u00eatements d'enfants.\",\"breadcrumb\":{\"@id\":\"https:\\\/\\\/alja.ch\\\/fr\\\/produit\\\/cotton-bounded-coeurs\\\/#breadcrumb\"},\"inLanguage\":\"fr-FR\",\"potentialAction\":[{\"@type\":\"ReadAction\",\"target\":[\"https:\\\/\\\/alja.ch\\\/fr\\\/produit\\\/cotton-bounded-coeurs\\\/\"]}]},{\"@type\":\"ImageObject\",\"inLanguage\":\"fr-FR\",\"@id\":\"https:\\\/\\\/alja.ch\\\/fr\\\/produit\\\/cotton-bounded-coeurs\\\/#primaryimage\",\"url\":\"https:\\\/\\\/alja.ch\\\/wp-content\\\/uploads\\\/2026\\\/02\\\/27328-1-scaled.jpg\",\"contentUrl\":\"https:\\\/\\\/alja.ch\\\/wp-content\\\/uploads\\\/2026\\\/02\\\/27328-1-scaled.jpg\",\"width\":2560,\"height\":2560},{\"@type\":\"BreadcrumbList\",\"@id\":\"https:\\\/\\\/alja.ch\\\/fr\\\/produit\\\/cotton-bounded-coeurs\\\/#breadcrumb\",\"itemListElement\":[{\"@type\":\"ListItem\",\"position\":1,\"name\":\"Startseite\",\"item\":\"https:\\\/\\\/alja.ch\\\/fr\\\/\"},{\"@type\":\"ListItem\",\"position\":2,\"name\":\"Boutique\",\"item\":\"https:\\\/\\\/alja.ch\\\/fr\\\/boutique\\\/\"},{\"@type\":\"ListItem\",\"position\":3,\"name\":\"Cotton Bounded Hearts\"}]},{\"@type\":\"WebSite\",\"@id\":\"https:\\\/\\\/alja.ch\\\/fr\\\/#website\",\"url\":\"https:\\\/\\\/alja.ch\\\/fr\\\/\",\"name\":\"Alja.ch\",\"description\":\"Stoffe &amp; Mercerie online einkaufen!\",\"publisher\":{\"@id\":\"https:\\\/\\\/alja.ch\\\/fr\\\/#organization\"},\"potentialAction\":[{\"@type\":\"SearchAction\",\"target\":{\"@type\":\"EntryPoint\",\"urlTemplate\":\"https:\\\/\\\/alja.ch\\\/fr\\\/?s={search_term_string}\"},\"query-input\":{\"@type\":\"PropertyValueSpecification\",\"valueRequired\":true,\"valueName\":\"search_term_string\"}}],\"inLanguage\":\"fr-FR\"},{\"@type\":\"Organization\",\"@id\":\"https:\\\/\\\/alja.ch\\\/fr\\\/#organization\",\"name\":\"ALJA Nouveau AG\",\"url\":\"https:\\\/\\\/alja.ch\\\/fr\\\/\",\"logo\":{\"@type\":\"ImageObject\",\"inLanguage\":\"fr-FR\",\"@id\":\"https:\\\/\\\/alja.ch\\\/fr\\\/#\\\/schema\\\/logo\\\/image\\\/\",\"url\":\"https:\\\/\\\/alja.ch\\\/wp-content\\\/uploads\\\/kg-logo-alja.png\",\"contentUrl\":\"https:\\\/\\\/alja.ch\\\/wp-content\\\/uploads\\\/kg-logo-alja.png\",\"width\":1000,\"height\":1000,\"caption\":\"ALJA Nouveau AG\"},\"image\":{\"@id\":\"https:\\\/\\\/alja.ch\\\/fr\\\/#\\\/schema\\\/logo\\\/image\\\/\"},\"sameAs\":[\"https:\\\/\\\/www.facebook.com\\\/aljastoffe\\\/\",\"https:\\\/\\\/www.instagram.com\\\/alja_stoffe_mercerie\\\/\",\"https:\\\/\\\/www.youtube.com\\\/channel\\\/UCf6430U9yN-o6rk-Nw4TDqA\"]}]}<\/script>\n<!-- \/ Yoast SEO plugin. -->","yoast_head_json":{"title":"Cotton Bounded Hearts &#8212; d\u00e9couvrir les tissus pour enfants chez Alja.ch !","description":"Acheter Cotton Bounded Hearts. Largeur 160 cm, 260 g\/m\u00b2. M\u00e9lange de coton stable avec motif de c\u0153ur sans stretch. Pour d\u00e9corations et v\u00eatements d'enfants.","robots":{"index":"index","follow":"follow","max-snippet":"max-snippet:-1","max-image-preview":"max-image-preview:large","max-video-preview":"max-video-preview:-1"},"canonical":"https:\/\/alja.ch\/fr\/produit\/cotton-bounded-coeurs\/","og_locale":"fr_FR","og_type":"article","og_title":"Cotton Bounded Hearts &#8212; d\u00e9couvrir les tissus pour enfants chez Alja.ch !","og_description":"Acheter Cotton Bounded Hearts. Largeur 160 cm, 260 g\/m\u00b2. M\u00e9lange de coton stable avec motif de c\u0153ur sans stretch. Pour d\u00e9corations et v\u00eatements d'enfants.","og_url":"https:\/\/alja.ch\/fr\/produit\/cotton-bounded-coeurs\/","og_site_name":"Alja.ch","article_publisher":"https:\/\/www.facebook.com\/aljastoffe\/","article_modified_time":"2026-02-12T08:13:40+00:00","og_image":[{"width":2560,"height":2560,"url":"https:\/\/alja.ch\/wp-content\/uploads\/2026\/02\/27328-1-scaled.jpg","type":"image\/jpeg"}],"twitter_card":"summary_large_image","twitter_misc":{"Dur\u00e9e de lecture estim\u00e9e":"2 minutes"},"schema":{"@context":"https:\/\/schema.org","@graph":[{"@type":"WebPage","@id":"https:\/\/alja.ch\/fr\/produit\/cotton-bounded-coeurs\/","url":"https:\/\/alja.ch\/fr\/produit\/cotton-bounded-coeurs\/","name":"Cotton Bounded Hearts &#8212; d\u00e9couvrir les tissus pour enfants chez Alja.ch !","isPartOf":{"@id":"https:\/\/alja.ch\/fr\/#website"},"primaryImageOfPage":{"@id":"https:\/\/alja.ch\/fr\/produit\/cotton-bounded-coeurs\/#primaryimage"},"image":{"@id":"https:\/\/alja.ch\/fr\/produit\/cotton-bounded-coeurs\/#primaryimage"},"thumbnailUrl":"https:\/\/alja.ch\/wp-content\/uploads\/2026\/02\/27328-1-scaled.jpg","datePublished":"2026-02-02T13:22:39+00:00","dateModified":"2026-02-12T08:13:40+00:00","description":"Acheter Cotton Bounded Hearts. Largeur 160 cm, 260 g\/m\u00b2. M\u00e9lange de coton stable avec motif de c\u0153ur sans stretch. Pour d\u00e9corations et v\u00eatements d'enfants.","breadcrumb":{"@id":"https:\/\/alja.ch\/fr\/produit\/cotton-bounded-coeurs\/#breadcrumb"},"inLanguage":"fr-FR","potentialAction":[{"@type":"ReadAction","target":["https:\/\/alja.ch\/fr\/produit\/cotton-bounded-coeurs\/"]}]},{"@type":"ImageObject","inLanguage":"fr-FR","@id":"https:\/\/alja.ch\/fr\/produit\/cotton-bounded-coeurs\/#primaryimage","url":"https:\/\/alja.ch\/wp-content\/uploads\/2026\/02\/27328-1-scaled.jpg","contentUrl":"https:\/\/alja.ch\/wp-content\/uploads\/2026\/02\/27328-1-scaled.jpg","width":2560,"height":2560},{"@type":"BreadcrumbList","@id":"https:\/\/alja.ch\/fr\/produit\/cotton-bounded-coeurs\/#breadcrumb","itemListElement":[{"@type":"ListItem","position":1,"name":"Startseite","item":"https:\/\/alja.ch\/fr\/"},{"@type":"ListItem","position":2,"name":"Boutique","item":"https:\/\/alja.ch\/fr\/boutique\/"},{"@type":"ListItem","position":3,"name":"Cotton Bounded Hearts"}]},{"@type":"WebSite","@id":"https:\/\/alja.ch\/fr\/#website","url":"https:\/\/alja.ch\/fr\/","name":"Alja.ch","description":"Stoffe &amp; Mercerie online einkaufen!","publisher":{"@id":"https:\/\/alja.ch\/fr\/#organization"},"potentialAction":[{"@type":"SearchAction","target":{"@type":"EntryPoint","urlTemplate":"https:\/\/alja.ch\/fr\/?s={search_term_string}"},"query-input":{"@type":"PropertyValueSpecification","valueRequired":true,"valueName":"search_term_string"}}],"inLanguage":"fr-FR"},{"@type":"Organization","@id":"https:\/\/alja.ch\/fr\/#organization","name":"ALJA Nouveau AG","url":"https:\/\/alja.ch\/fr\/","logo":{"@type":"ImageObject","inLanguage":"fr-FR","@id":"https:\/\/alja.ch\/fr\/#\/schema\/logo\/image\/","url":"https:\/\/alja.ch\/wp-content\/uploads\/kg-logo-alja.png","contentUrl":"https:\/\/alja.ch\/wp-content\/uploads\/kg-logo-alja.png","width":1000,"height":1000,"caption":"ALJA Nouveau AG"},"image":{"@id":"https:\/\/alja.ch\/fr\/#\/schema\/logo\/image\/"},"sameAs":["https:\/\/www.facebook.com\/aljastoffe\/","https:\/\/www.instagram.com\/alja_stoffe_mercerie\/","https:\/\/www.youtube.com\/channel\/UCf6430U9yN-o6rk-Nw4TDqA"]}]}},"_links":{"self":[{"href":"https:\/\/alja.ch\/fr\/wp-json\/wp\/v2\/product\/47695","targetHints":{"allow":["GET"]}}],"collection":[{"href":"https:\/\/alja.ch\/fr\/wp-json\/wp\/v2\/product"}],"about":[{"href":"https:\/\/alja.ch\/fr\/wp-json\/wp\/v2\/types\/product"}],"replies":[{"embeddable":true,"href":"https:\/\/alja.ch\/fr\/wp-json\/wp\/v2\/comments?post=47695"}],"wp:featuredmedia":[{"embeddable":true,"href":"https:\/\/alja.ch\/fr\/wp-json\/wp\/v2\/media\/47704"}],"wp:attachment":[{"href":"https:\/\/alja.ch\/fr\/wp-json\/wp\/v2\/media?parent=47695"}],"wp:term":[{"taxonomy":"product_brand","embeddable":true,"href":"https:\/\/alja.ch\/fr\/wp-json\/wp\/v2\/product_brand?post=47695"},{"taxonomy":"product_cat","embeddable":true,"href":"https:\/\/alja.ch\/fr\/wp-json\/wp\/v2\/product_cat?post=47695"},{"taxonomy":"product_tag","embeddable":true,"href":"https:\/\/alja.ch\/fr\/wp-json\/wp\/v2\/product_tag?post=47695"}],"curies":[{"name":"wp","href":"https:\/\/api.w.org\/{rel}","templated":true}]}}