{"id":46459,"date":"2026-01-19T14:35:44","date_gmt":"2026-01-19T13:35:44","guid":{"rendered":"https:\/\/alja.ch\/produkt\/popeline-de-coton-tuepfli-petit\/"},"modified":"2026-03-09T14:35:39","modified_gmt":"2026-03-09T13:35:39","slug":"popeline-de-coton-petite-points","status":"publish","type":"product","link":"https:\/\/alja.ch\/fr\/produit\/popeline-de-coton-petite-points\/","title":{"rendered":"Petite points popeline de coton"},"content":{"rendered":"<p data-path-to-node=\"6\">Donnez de l&rsquo;\u00e9lan \u00e0 vos projets de couture avec notre charmant classique : la <b data-path-to-node=\"6\" data-index-in-node=\"79\">popeline de coton points petite<\/b>. Les petits points fins sont un motif intemporel qui ne se d\u00e9mode jamais et qui se combine merveilleusement bien. <\/p>\n<p data-path-to-node=\"7\">Aper\u00e7u des caract\u00e9ristiques de qualit\u00e9 :<\/p>\n<ul data-path-to-node=\"8\">\n<li>\n<p data-path-to-node=\"8,0,0\"><b data-path-to-node=\"8,0,0\" data-index-in-node=\"0\">Mati\u00e8re :<\/b> 100% pur coton assure une qualit\u00e9 respirante, agr\u00e9able pour la peau et un toucher naturel.<\/p>\n<\/li>\n<li>\n<p data-path-to-node=\"8,1,0\"><b data-path-to-node=\"8,1,0\" data-index-in-node=\"0\">Diversit\u00e9 des couleurs :<\/b> disponible dans un large choix allant du <b data-path-to-node=\"8,1,0\" data-index-in-node=\"66\">noir<\/b> et <b data-path-to-node=\"8,1,0\" data-index-in-node=\"78\">du rouge<\/b> classiques aux tons terre modernes comme <b data-path-to-node=\"8,1,0\" data-index-in-node=\"107\">le sable<\/b> et <b data-path-to-node=\"8,1,0\" data-index-in-node=\"116\">le taupe<\/b>, en passant par le <b data-path-to-node=\"8,1,0\" data-index-in-node=\"140\">p\u00e9trole<\/b> profond, <b data-path-to-node=\"8,1,0\" data-index-in-node=\"148\">l&rsquo;indigo<\/b> et le <b data-path-to-node=\"8,1,0\" data-index-in-node=\"171\">pourpre<\/b> vif.<\/p>\n<\/li>\n<li>\n<p data-path-to-node=\"8,2,0\"><b data-path-to-node=\"8,2,0\" data-index-in-node=\"0\">Structure :<\/b> Le tissage fin de la popeline conf\u00e8re au tissu une surface lisse et une tenue l\u00e9g\u00e8re mais stable.<\/p>\n<\/li>\n<li>\n<p data-path-to-node=\"8,3,0\"><b data-path-to-node=\"8,3,0\" data-index-in-node=\"0\">Format :<\/b> avec une largeur g\u00e9n\u00e9reuse de <b data-path-to-node=\"8,3,0\" data-index-in-node=\"42\">150 cm<\/b>, le tissu offre une utilisation optimale pour vos patrons.<\/p>\n<\/li>\n<\/ul>\n<p data-path-to-node=\"9\">Que ce soit en tant que tissu principal ou en tant que d\u00e9tail affectueux pour les doublures et les garnitures, le petit motif \u00e0 pois met l&rsquo;accent partout.<\/p>\n<p data-path-to-node=\"10\"><b data-path-to-node=\"10\" data-index-in-node=\"0\">Id\u00e9es d&rsquo;application :<\/b> Chemises d&rsquo;\u00e9t\u00e9 l\u00e9g\u00e8res, chemises, v\u00eatements pour enfants, accessoires, housses de coussin ou comme doublure de sac color\u00e9e.<\/p>\n","protected":false},"excerpt":{"rendered":"<p><b data-path-to-node=\"13\" data-index-in-node=\"11\">Popeline de coton<\/b> intemporelle <b data-path-to-node=\"13\" data-index-in-node=\"11\">(100% CO)<\/b> en 150 cm de large avec un petit <b data-path-to-node=\"13\" data-index-in-node=\"76\">imprim\u00e9<\/b> fin <b data-path-to-node=\"13\" data-index-in-node=\"76\">\u00e0 pois<\/b>. Disponible dans de nombreuses couleurs comme le noir, le sable, le rouge ou le p\u00e9trole. Un tissu lisse polyvalent pour la mode, les articles pour enfants et le linge de maison.  <\/p>\n","protected":false},"featured_media":46465,"comment_status":"closed","ping_status":"closed","template":"","meta":{"_acf_changed":false},"product_brand":[],"product_cat":[153],"product_tag":[1949,424,1024,440,321,416,2339,311,1417,545,318,1213],"class_list":{"0":"post-46459","1":"product","2":"type-product","3":"status-publish","4":"has-post-thumbnail","6":"product_cat-tissus","7":"product_tag-100-coton-fr","8":"product_tag-bleu-fr-2","9":"product_tag-bleu-moyen","10":"product_tag-coton","11":"product_tag-marron","12":"product_tag-noir","13":"product_tag-petrole","14":"product_tag-points","15":"product_tag-popeline-fr","16":"product_tag-rouge","17":"product_tag-sable","18":"product_tag-violet-fr","19":"product_shipping_class-colis-standard","21":"first","22":"instock","23":"shipping-taxable","24":"purchasable","25":"product-type-variable","26":"has-default-attributes"},"acf":[],"yoast_head":"<!-- This site is optimized with the Yoast SEO plugin v27.5 - https:\/\/yoast.com\/product\/yoast-seo-wordpress\/ -->\n<title>Petite points popeline de coton %%page% &#8212; D\u00e9couvrir les tissus standard chez Alja.ch !<\/title>\n<meta name=\"description\" content=\"Acheter maintenant le tissu de coton Popeline points petit. 100% coton, 150 cm de large. Motif \u00e0 pois classique en noir, rouge, p\u00e9trole, etc.\" \/>\n<meta name=\"robots\" content=\"index, follow, max-snippet:-1, max-image-preview:large, max-video-preview:-1\" \/>\n<link rel=\"canonical\" href=\"https:\/\/alja.ch\/fr\/produit\/popeline-de-coton-petite-points\/\" \/>\n<meta property=\"og:locale\" content=\"fr_FR\" \/>\n<meta property=\"og:type\" content=\"article\" \/>\n<meta property=\"og:title\" content=\"Petite points popeline de coton %%page% &#8212; D\u00e9couvrir les tissus standard chez Alja.ch !\" \/>\n<meta property=\"og:description\" content=\"Acheter maintenant le tissu de coton Popeline points petit. 100% coton, 150 cm de large. Motif \u00e0 pois classique en noir, rouge, p\u00e9trole, etc.\" \/>\n<meta property=\"og:url\" content=\"https:\/\/alja.ch\/fr\/produit\/popeline-de-coton-petite-points\/\" \/>\n<meta property=\"og:site_name\" content=\"Alja.ch\" \/>\n<meta property=\"article:publisher\" content=\"https:\/\/www.facebook.com\/aljastoffe\/\" \/>\n<meta property=\"article:modified_time\" content=\"2026-03-09T13:35:39+00:00\" \/>\n<meta property=\"og:image\" content=\"https:\/\/alja.ch\/wp-content\/uploads\/2026\/01\/04948.022_image1.jpg\" \/>\n\t<meta property=\"og:image:width\" content=\"1000\" \/>\n\t<meta property=\"og:image:height\" content=\"1000\" \/>\n\t<meta property=\"og:image:type\" content=\"image\/jpeg\" \/>\n<meta name=\"twitter:card\" content=\"summary_large_image\" \/>\n<meta name=\"twitter:label1\" content=\"Dur\u00e9e de lecture estim\u00e9e\" \/>\n\t<meta name=\"twitter:data1\" content=\"2 minutes\" \/>\n<script type=\"application\/ld+json\" class=\"yoast-schema-graph\">{\"@context\":\"https:\\\/\\\/schema.org\",\"@graph\":[{\"@type\":\"WebPage\",\"@id\":\"https:\\\/\\\/alja.ch\\\/fr\\\/produit\\\/popeline-de-coton-petite-points\\\/\",\"url\":\"https:\\\/\\\/alja.ch\\\/fr\\\/produit\\\/popeline-de-coton-petite-points\\\/\",\"name\":\"Petite points popeline de coton %%page% &#8212; D\u00e9couvrir les tissus standard chez Alja.ch !\",\"isPartOf\":{\"@id\":\"https:\\\/\\\/alja.ch\\\/fr\\\/#website\"},\"primaryImageOfPage\":{\"@id\":\"https:\\\/\\\/alja.ch\\\/fr\\\/produit\\\/popeline-de-coton-petite-points\\\/#primaryimage\"},\"image\":{\"@id\":\"https:\\\/\\\/alja.ch\\\/fr\\\/produit\\\/popeline-de-coton-petite-points\\\/#primaryimage\"},\"thumbnailUrl\":\"https:\\\/\\\/alja.ch\\\/wp-content\\\/uploads\\\/2026\\\/01\\\/04948.022_image1.jpg\",\"datePublished\":\"2026-01-19T13:35:44+00:00\",\"dateModified\":\"2026-03-09T13:35:39+00:00\",\"description\":\"Acheter maintenant le tissu de coton Popeline points petit. 100% coton, 150 cm de large. Motif \u00e0 pois classique en noir, rouge, p\u00e9trole, etc.\",\"breadcrumb\":{\"@id\":\"https:\\\/\\\/alja.ch\\\/fr\\\/produit\\\/popeline-de-coton-petite-points\\\/#breadcrumb\"},\"inLanguage\":\"fr-FR\",\"potentialAction\":[{\"@type\":\"ReadAction\",\"target\":[\"https:\\\/\\\/alja.ch\\\/fr\\\/produit\\\/popeline-de-coton-petite-points\\\/\"]}]},{\"@type\":\"ImageObject\",\"inLanguage\":\"fr-FR\",\"@id\":\"https:\\\/\\\/alja.ch\\\/fr\\\/produit\\\/popeline-de-coton-petite-points\\\/#primaryimage\",\"url\":\"https:\\\/\\\/alja.ch\\\/wp-content\\\/uploads\\\/2026\\\/01\\\/04948.022_image1.jpg\",\"contentUrl\":\"https:\\\/\\\/alja.ch\\\/wp-content\\\/uploads\\\/2026\\\/01\\\/04948.022_image1.jpg\",\"width\":1000,\"height\":1000},{\"@type\":\"BreadcrumbList\",\"@id\":\"https:\\\/\\\/alja.ch\\\/fr\\\/produit\\\/popeline-de-coton-petite-points\\\/#breadcrumb\",\"itemListElement\":[{\"@type\":\"ListItem\",\"position\":1,\"name\":\"Startseite\",\"item\":\"https:\\\/\\\/alja.ch\\\/fr\\\/\"},{\"@type\":\"ListItem\",\"position\":2,\"name\":\"Boutique\",\"item\":\"https:\\\/\\\/alja.ch\\\/fr\\\/boutique\\\/\"},{\"@type\":\"ListItem\",\"position\":3,\"name\":\"Petite points popeline de coton\"}]},{\"@type\":\"WebSite\",\"@id\":\"https:\\\/\\\/alja.ch\\\/fr\\\/#website\",\"url\":\"https:\\\/\\\/alja.ch\\\/fr\\\/\",\"name\":\"Alja.ch\",\"description\":\"Stoffe &amp; Mercerie online einkaufen!\",\"publisher\":{\"@id\":\"https:\\\/\\\/alja.ch\\\/fr\\\/#organization\"},\"potentialAction\":[{\"@type\":\"SearchAction\",\"target\":{\"@type\":\"EntryPoint\",\"urlTemplate\":\"https:\\\/\\\/alja.ch\\\/fr\\\/?s={search_term_string}\"},\"query-input\":{\"@type\":\"PropertyValueSpecification\",\"valueRequired\":true,\"valueName\":\"search_term_string\"}}],\"inLanguage\":\"fr-FR\"},{\"@type\":\"Organization\",\"@id\":\"https:\\\/\\\/alja.ch\\\/fr\\\/#organization\",\"name\":\"ALJA Nouveau AG\",\"url\":\"https:\\\/\\\/alja.ch\\\/fr\\\/\",\"logo\":{\"@type\":\"ImageObject\",\"inLanguage\":\"fr-FR\",\"@id\":\"https:\\\/\\\/alja.ch\\\/fr\\\/#\\\/schema\\\/logo\\\/image\\\/\",\"url\":\"https:\\\/\\\/alja.ch\\\/wp-content\\\/uploads\\\/kg-logo-alja.png\",\"contentUrl\":\"https:\\\/\\\/alja.ch\\\/wp-content\\\/uploads\\\/kg-logo-alja.png\",\"width\":1000,\"height\":1000,\"caption\":\"ALJA Nouveau AG\"},\"image\":{\"@id\":\"https:\\\/\\\/alja.ch\\\/fr\\\/#\\\/schema\\\/logo\\\/image\\\/\"},\"sameAs\":[\"https:\\\/\\\/www.facebook.com\\\/aljastoffe\\\/\",\"https:\\\/\\\/www.instagram.com\\\/alja_stoffe_mercerie\\\/\",\"https:\\\/\\\/www.youtube.com\\\/channel\\\/UCf6430U9yN-o6rk-Nw4TDqA\"]}]}<\/script>\n<!-- \/ Yoast SEO plugin. -->","yoast_head_json":{"title":"Petite points popeline de coton %%page% &#8212; D\u00e9couvrir les tissus standard chez Alja.ch !","description":"Acheter maintenant le tissu de coton Popeline points petit. 100% coton, 150 cm de large. Motif \u00e0 pois classique en noir, rouge, p\u00e9trole, etc.","robots":{"index":"index","follow":"follow","max-snippet":"max-snippet:-1","max-image-preview":"max-image-preview:large","max-video-preview":"max-video-preview:-1"},"canonical":"https:\/\/alja.ch\/fr\/produit\/popeline-de-coton-petite-points\/","og_locale":"fr_FR","og_type":"article","og_title":"Petite points popeline de coton %%page% &#8212; D\u00e9couvrir les tissus standard chez Alja.ch !","og_description":"Acheter maintenant le tissu de coton Popeline points petit. 100% coton, 150 cm de large. Motif \u00e0 pois classique en noir, rouge, p\u00e9trole, etc.","og_url":"https:\/\/alja.ch\/fr\/produit\/popeline-de-coton-petite-points\/","og_site_name":"Alja.ch","article_publisher":"https:\/\/www.facebook.com\/aljastoffe\/","article_modified_time":"2026-03-09T13:35:39+00:00","og_image":[{"width":1000,"height":1000,"url":"https:\/\/alja.ch\/wp-content\/uploads\/2026\/01\/04948.022_image1.jpg","type":"image\/jpeg"}],"twitter_card":"summary_large_image","twitter_misc":{"Dur\u00e9e de lecture estim\u00e9e":"2 minutes"},"schema":{"@context":"https:\/\/schema.org","@graph":[{"@type":"WebPage","@id":"https:\/\/alja.ch\/fr\/produit\/popeline-de-coton-petite-points\/","url":"https:\/\/alja.ch\/fr\/produit\/popeline-de-coton-petite-points\/","name":"Petite points popeline de coton %%page% &#8212; D\u00e9couvrir les tissus standard chez Alja.ch !","isPartOf":{"@id":"https:\/\/alja.ch\/fr\/#website"},"primaryImageOfPage":{"@id":"https:\/\/alja.ch\/fr\/produit\/popeline-de-coton-petite-points\/#primaryimage"},"image":{"@id":"https:\/\/alja.ch\/fr\/produit\/popeline-de-coton-petite-points\/#primaryimage"},"thumbnailUrl":"https:\/\/alja.ch\/wp-content\/uploads\/2026\/01\/04948.022_image1.jpg","datePublished":"2026-01-19T13:35:44+00:00","dateModified":"2026-03-09T13:35:39+00:00","description":"Acheter maintenant le tissu de coton Popeline points petit. 100% coton, 150 cm de large. Motif \u00e0 pois classique en noir, rouge, p\u00e9trole, etc.","breadcrumb":{"@id":"https:\/\/alja.ch\/fr\/produit\/popeline-de-coton-petite-points\/#breadcrumb"},"inLanguage":"fr-FR","potentialAction":[{"@type":"ReadAction","target":["https:\/\/alja.ch\/fr\/produit\/popeline-de-coton-petite-points\/"]}]},{"@type":"ImageObject","inLanguage":"fr-FR","@id":"https:\/\/alja.ch\/fr\/produit\/popeline-de-coton-petite-points\/#primaryimage","url":"https:\/\/alja.ch\/wp-content\/uploads\/2026\/01\/04948.022_image1.jpg","contentUrl":"https:\/\/alja.ch\/wp-content\/uploads\/2026\/01\/04948.022_image1.jpg","width":1000,"height":1000},{"@type":"BreadcrumbList","@id":"https:\/\/alja.ch\/fr\/produit\/popeline-de-coton-petite-points\/#breadcrumb","itemListElement":[{"@type":"ListItem","position":1,"name":"Startseite","item":"https:\/\/alja.ch\/fr\/"},{"@type":"ListItem","position":2,"name":"Boutique","item":"https:\/\/alja.ch\/fr\/boutique\/"},{"@type":"ListItem","position":3,"name":"Petite points popeline de coton"}]},{"@type":"WebSite","@id":"https:\/\/alja.ch\/fr\/#website","url":"https:\/\/alja.ch\/fr\/","name":"Alja.ch","description":"Stoffe &amp; Mercerie online einkaufen!","publisher":{"@id":"https:\/\/alja.ch\/fr\/#organization"},"potentialAction":[{"@type":"SearchAction","target":{"@type":"EntryPoint","urlTemplate":"https:\/\/alja.ch\/fr\/?s={search_term_string}"},"query-input":{"@type":"PropertyValueSpecification","valueRequired":true,"valueName":"search_term_string"}}],"inLanguage":"fr-FR"},{"@type":"Organization","@id":"https:\/\/alja.ch\/fr\/#organization","name":"ALJA Nouveau AG","url":"https:\/\/alja.ch\/fr\/","logo":{"@type":"ImageObject","inLanguage":"fr-FR","@id":"https:\/\/alja.ch\/fr\/#\/schema\/logo\/image\/","url":"https:\/\/alja.ch\/wp-content\/uploads\/kg-logo-alja.png","contentUrl":"https:\/\/alja.ch\/wp-content\/uploads\/kg-logo-alja.png","width":1000,"height":1000,"caption":"ALJA Nouveau AG"},"image":{"@id":"https:\/\/alja.ch\/fr\/#\/schema\/logo\/image\/"},"sameAs":["https:\/\/www.facebook.com\/aljastoffe\/","https:\/\/www.instagram.com\/alja_stoffe_mercerie\/","https:\/\/www.youtube.com\/channel\/UCf6430U9yN-o6rk-Nw4TDqA"]}]}},"_links":{"self":[{"href":"https:\/\/alja.ch\/fr\/wp-json\/wp\/v2\/product\/46459","targetHints":{"allow":["GET"]}}],"collection":[{"href":"https:\/\/alja.ch\/fr\/wp-json\/wp\/v2\/product"}],"about":[{"href":"https:\/\/alja.ch\/fr\/wp-json\/wp\/v2\/types\/product"}],"replies":[{"embeddable":true,"href":"https:\/\/alja.ch\/fr\/wp-json\/wp\/v2\/comments?post=46459"}],"wp:featuredmedia":[{"embeddable":true,"href":"https:\/\/alja.ch\/fr\/wp-json\/wp\/v2\/media\/46465"}],"wp:attachment":[{"href":"https:\/\/alja.ch\/fr\/wp-json\/wp\/v2\/media?parent=46459"}],"wp:term":[{"taxonomy":"product_brand","embeddable":true,"href":"https:\/\/alja.ch\/fr\/wp-json\/wp\/v2\/product_brand?post=46459"},{"taxonomy":"product_cat","embeddable":true,"href":"https:\/\/alja.ch\/fr\/wp-json\/wp\/v2\/product_cat?post=46459"},{"taxonomy":"product_tag","embeddable":true,"href":"https:\/\/alja.ch\/fr\/wp-json\/wp\/v2\/product_tag?post=46459"}],"curies":[{"name":"wp","href":"https:\/\/api.w.org\/{rel}","templated":true}]}}