{"id":44562,"date":"2025-12-17T11:42:12","date_gmt":"2025-12-17T10:42:12","guid":{"rendered":"https:\/\/alja.ch\/produkt\/viscose-jersey-print-flowers-violet-noir\/"},"modified":"2026-01-09T08:19:43","modified_gmt":"2026-01-09T07:19:43","slug":"viscose-jersey-print-midnight-flowers","status":"publish","type":"product","link":"https:\/\/alja.ch\/fr\/produit\/viscose-jersey-print-midnight-flowers\/","title":{"rendered":"Viscose Jersey Print Midnight Flowers"},"content":{"rendered":"<p data-path-to-node=\"8\">Un imprim\u00e9 dramatique et \u00e9l\u00e9gant pour une mode fluide et f\u00e9minine : notre <b>jersey en viscose \u00a0\u00bbMidnight Flowers\u00a0\u00bb<\/b> s\u00e9duit par son magnifique motif floral \u00e0 grande \u00e9chelle dans un <b>violet\/lilas<\/b> profond. La repr\u00e9sentation graphique stylis\u00e9e associ\u00e9e au <b>fond noir profond<\/b> donne un look luxueux, presque sc\u00e9nique.<\/p>\n<p data-path-to-node=\"9\">L&rsquo;excellente composition de la mati\u00e8re, <b>95 % viscose et 5 % \u00e9lasthanne<\/b>, garantit un confort maximal et une silhouette flatteuse :<\/p>\n<p data-path-to-node=\"10,0,0\"><b>Un tomb\u00e9 fluide :<\/b> la viscose offre un toucher doux et frais et un <b>tomb\u00e9 \u00e9l\u00e9gant et fluide<\/b>, id\u00e9al pour la mode f\u00e9minine.<\/p>\n<p data-path-to-node=\"10,1,0\"><b>Respirant :<\/b> un confort agr\u00e9able, surtout par temps chaud.<\/p>\n<p data-path-to-node=\"10,2,0\"><b>Extensibilit\u00e9 optimale :<\/b> la teneur en \u00e9lasthanne (5 %) garantit que le tissu <b>conserve sa forme<\/b> et offre une coupe parfaite.<\/p>\n<p data-path-to-node=\"10,3,0\"><b>Largeur :<\/b> Avec <b>150 cm<\/b>, le tissu est id\u00e9al pour la d\u00e9coupe.<\/p>\n<p data-path-to-node=\"12,0,0\"><b>Mode de soir\u00e9e &amp; de f\u00eate :<\/b> des robes \u00e9l\u00e9gantes, des maxi-jupes ou des tuniques de f\u00eate qui s\u00e9duisent par leur d\u00e9claration florale.<\/p>\n<p data-path-to-node=\"12,1,0\"><b>Mode f\u00e9minine :<\/b> robes portefeuille, hauts amples ou pantalons au tomb\u00e9 souple.<\/p>\n<p data-path-to-node=\"13\">\n","protected":false},"excerpt":{"rendered":"<p><b>Jersey viscose \u00a0\u00bbMidnight Flowers\u00a0\u00bb :<\/b> Jersey fluide et extensible (95% viscose) avec un grand motif floral contrast\u00e9 en violet\/lilas sur noir. Largeur 150 cm.<\/p>\n","protected":false},"featured_media":44566,"comment_status":"closed","ping_status":"closed","template":"","meta":{"_acf_changed":false},"product_brand":[],"product_cat":[3232,431,162,2062,153],"product_tag":[484,385,416,3140,1321,1213,539],"class_list":{"0":"post-44562","1":"product","2":"type-product","3":"status-publish","4":"has-post-thumbnail","6":"product_cat-collection-automne-et-hiver","7":"product_cat-jersey-fr","8":"product_cat-mode","9":"product_cat-neue-herbst-winter-kollektion-fr","10":"product_cat-tissus","11":"product_tag-fleurs","12":"product_tag-jersey-fr","13":"product_tag-noir","14":"product_tag-tissu-pour-vetements-fr-2","15":"product_tag-tissu-pour-vetements-fr","16":"product_tag-violet-fr","17":"product_tag-viscose-fr-fr","18":"product_shipping_class-colis-standard","20":"first","21":"instock","22":"shipping-taxable","23":"purchasable","24":"product-type-simple"},"acf":[],"yoast_head":"<!-- This site is optimized with the Yoast SEO plugin v27.4 - https:\/\/yoast.com\/product\/yoast-seo-wordpress\/ -->\n<title>Viscose Jersey Print Midnight Flowers &#8212; D\u00e9couvrir tissus mode chez Alja.ch !<\/title>\n<meta name=\"description\" content=\"Achat de jersey de viscose (95% VI, 5% EA) avec un imprim\u00e9 floral dramatique en violet sur noir. Largeur de 150 cm. Fluide &amp; extensible pour les robes.\" \/>\n<meta name=\"robots\" content=\"index, follow, max-snippet:-1, max-image-preview:large, max-video-preview:-1\" \/>\n<link rel=\"canonical\" href=\"https:\/\/alja.ch\/fr\/produit\/viscose-jersey-print-midnight-flowers\/\" \/>\n<meta property=\"og:locale\" content=\"fr_FR\" \/>\n<meta property=\"og:type\" content=\"article\" \/>\n<meta property=\"og:title\" content=\"Viscose Jersey Print Midnight Flowers &#8212; D\u00e9couvrir tissus mode chez Alja.ch !\" \/>\n<meta property=\"og:description\" content=\"Achat de jersey de viscose (95% VI, 5% EA) avec un imprim\u00e9 floral dramatique en violet sur noir. Largeur de 150 cm. Fluide &amp; extensible pour les robes.\" \/>\n<meta property=\"og:url\" content=\"https:\/\/alja.ch\/fr\/produit\/viscose-jersey-print-midnight-flowers\/\" \/>\n<meta property=\"og:site_name\" content=\"Alja.ch\" \/>\n<meta property=\"article:publisher\" content=\"https:\/\/www.facebook.com\/aljastoffe\/\" \/>\n<meta property=\"article:modified_time\" content=\"2026-01-09T07:19:43+00:00\" \/>\n<meta property=\"og:image\" content=\"https:\/\/alja.ch\/wp-content\/uploads\/2025\/12\/27183-scaled.jpg\" \/>\n\t<meta property=\"og:image:width\" content=\"2560\" \/>\n\t<meta property=\"og:image:height\" content=\"2560\" \/>\n\t<meta property=\"og:image:type\" content=\"image\/jpeg\" \/>\n<meta name=\"twitter:card\" content=\"summary_large_image\" \/>\n<meta name=\"twitter:label1\" content=\"Dur\u00e9e de lecture estim\u00e9e\" \/>\n\t<meta name=\"twitter:data1\" content=\"2 minutes\" \/>\n<script type=\"application\/ld+json\" class=\"yoast-schema-graph\">{\"@context\":\"https:\\\/\\\/schema.org\",\"@graph\":[{\"@type\":\"WebPage\",\"@id\":\"https:\\\/\\\/alja.ch\\\/fr\\\/produit\\\/viscose-jersey-print-midnight-flowers\\\/\",\"url\":\"https:\\\/\\\/alja.ch\\\/fr\\\/produit\\\/viscose-jersey-print-midnight-flowers\\\/\",\"name\":\"Viscose Jersey Print Midnight Flowers &#8212; D\u00e9couvrir tissus mode chez Alja.ch !\",\"isPartOf\":{\"@id\":\"https:\\\/\\\/alja.ch\\\/fr\\\/#website\"},\"primaryImageOfPage\":{\"@id\":\"https:\\\/\\\/alja.ch\\\/fr\\\/produit\\\/viscose-jersey-print-midnight-flowers\\\/#primaryimage\"},\"image\":{\"@id\":\"https:\\\/\\\/alja.ch\\\/fr\\\/produit\\\/viscose-jersey-print-midnight-flowers\\\/#primaryimage\"},\"thumbnailUrl\":\"https:\\\/\\\/alja.ch\\\/wp-content\\\/uploads\\\/2025\\\/12\\\/27183-scaled.jpg\",\"datePublished\":\"2025-12-17T10:42:12+00:00\",\"dateModified\":\"2026-01-09T07:19:43+00:00\",\"description\":\"Achat de jersey de viscose (95% VI, 5% EA) avec un imprim\u00e9 floral dramatique en violet sur noir. Largeur de 150 cm. Fluide & extensible pour les robes.\",\"breadcrumb\":{\"@id\":\"https:\\\/\\\/alja.ch\\\/fr\\\/produit\\\/viscose-jersey-print-midnight-flowers\\\/#breadcrumb\"},\"inLanguage\":\"fr-FR\",\"potentialAction\":[{\"@type\":\"ReadAction\",\"target\":[\"https:\\\/\\\/alja.ch\\\/fr\\\/produit\\\/viscose-jersey-print-midnight-flowers\\\/\"]}]},{\"@type\":\"ImageObject\",\"inLanguage\":\"fr-FR\",\"@id\":\"https:\\\/\\\/alja.ch\\\/fr\\\/produit\\\/viscose-jersey-print-midnight-flowers\\\/#primaryimage\",\"url\":\"https:\\\/\\\/alja.ch\\\/wp-content\\\/uploads\\\/2025\\\/12\\\/27183-scaled.jpg\",\"contentUrl\":\"https:\\\/\\\/alja.ch\\\/wp-content\\\/uploads\\\/2025\\\/12\\\/27183-scaled.jpg\",\"width\":2560,\"height\":2560},{\"@type\":\"BreadcrumbList\",\"@id\":\"https:\\\/\\\/alja.ch\\\/fr\\\/produit\\\/viscose-jersey-print-midnight-flowers\\\/#breadcrumb\",\"itemListElement\":[{\"@type\":\"ListItem\",\"position\":1,\"name\":\"Startseite\",\"item\":\"https:\\\/\\\/alja.ch\\\/fr\\\/\"},{\"@type\":\"ListItem\",\"position\":2,\"name\":\"Boutique\",\"item\":\"https:\\\/\\\/alja.ch\\\/fr\\\/boutique\\\/\"},{\"@type\":\"ListItem\",\"position\":3,\"name\":\"Viscose Jersey Print Midnight Flowers\"}]},{\"@type\":\"WebSite\",\"@id\":\"https:\\\/\\\/alja.ch\\\/fr\\\/#website\",\"url\":\"https:\\\/\\\/alja.ch\\\/fr\\\/\",\"name\":\"Alja.ch\",\"description\":\"Stoffe &amp; Mercerie online einkaufen!\",\"publisher\":{\"@id\":\"https:\\\/\\\/alja.ch\\\/fr\\\/#organization\"},\"potentialAction\":[{\"@type\":\"SearchAction\",\"target\":{\"@type\":\"EntryPoint\",\"urlTemplate\":\"https:\\\/\\\/alja.ch\\\/fr\\\/?s={search_term_string}\"},\"query-input\":{\"@type\":\"PropertyValueSpecification\",\"valueRequired\":true,\"valueName\":\"search_term_string\"}}],\"inLanguage\":\"fr-FR\"},{\"@type\":\"Organization\",\"@id\":\"https:\\\/\\\/alja.ch\\\/fr\\\/#organization\",\"name\":\"ALJA Nouveau AG\",\"url\":\"https:\\\/\\\/alja.ch\\\/fr\\\/\",\"logo\":{\"@type\":\"ImageObject\",\"inLanguage\":\"fr-FR\",\"@id\":\"https:\\\/\\\/alja.ch\\\/fr\\\/#\\\/schema\\\/logo\\\/image\\\/\",\"url\":\"https:\\\/\\\/alja.ch\\\/wp-content\\\/uploads\\\/kg-logo-alja.png\",\"contentUrl\":\"https:\\\/\\\/alja.ch\\\/wp-content\\\/uploads\\\/kg-logo-alja.png\",\"width\":1000,\"height\":1000,\"caption\":\"ALJA Nouveau AG\"},\"image\":{\"@id\":\"https:\\\/\\\/alja.ch\\\/fr\\\/#\\\/schema\\\/logo\\\/image\\\/\"},\"sameAs\":[\"https:\\\/\\\/www.facebook.com\\\/aljastoffe\\\/\",\"https:\\\/\\\/www.instagram.com\\\/alja_stoffe_mercerie\\\/\",\"https:\\\/\\\/www.youtube.com\\\/channel\\\/UCf6430U9yN-o6rk-Nw4TDqA\"]}]}<\/script>\n<!-- \/ Yoast SEO plugin. -->","yoast_head_json":{"title":"Viscose Jersey Print Midnight Flowers &#8212; D\u00e9couvrir tissus mode chez Alja.ch !","description":"Achat de jersey de viscose (95% VI, 5% EA) avec un imprim\u00e9 floral dramatique en violet sur noir. Largeur de 150 cm. Fluide & extensible pour les robes.","robots":{"index":"index","follow":"follow","max-snippet":"max-snippet:-1","max-image-preview":"max-image-preview:large","max-video-preview":"max-video-preview:-1"},"canonical":"https:\/\/alja.ch\/fr\/produit\/viscose-jersey-print-midnight-flowers\/","og_locale":"fr_FR","og_type":"article","og_title":"Viscose Jersey Print Midnight Flowers &#8212; D\u00e9couvrir tissus mode chez Alja.ch !","og_description":"Achat de jersey de viscose (95% VI, 5% EA) avec un imprim\u00e9 floral dramatique en violet sur noir. Largeur de 150 cm. Fluide & extensible pour les robes.","og_url":"https:\/\/alja.ch\/fr\/produit\/viscose-jersey-print-midnight-flowers\/","og_site_name":"Alja.ch","article_publisher":"https:\/\/www.facebook.com\/aljastoffe\/","article_modified_time":"2026-01-09T07:19:43+00:00","og_image":[{"width":2560,"height":2560,"url":"https:\/\/alja.ch\/wp-content\/uploads\/2025\/12\/27183-scaled.jpg","type":"image\/jpeg"}],"twitter_card":"summary_large_image","twitter_misc":{"Dur\u00e9e de lecture estim\u00e9e":"2 minutes"},"schema":{"@context":"https:\/\/schema.org","@graph":[{"@type":"WebPage","@id":"https:\/\/alja.ch\/fr\/produit\/viscose-jersey-print-midnight-flowers\/","url":"https:\/\/alja.ch\/fr\/produit\/viscose-jersey-print-midnight-flowers\/","name":"Viscose Jersey Print Midnight Flowers &#8212; D\u00e9couvrir tissus mode chez Alja.ch !","isPartOf":{"@id":"https:\/\/alja.ch\/fr\/#website"},"primaryImageOfPage":{"@id":"https:\/\/alja.ch\/fr\/produit\/viscose-jersey-print-midnight-flowers\/#primaryimage"},"image":{"@id":"https:\/\/alja.ch\/fr\/produit\/viscose-jersey-print-midnight-flowers\/#primaryimage"},"thumbnailUrl":"https:\/\/alja.ch\/wp-content\/uploads\/2025\/12\/27183-scaled.jpg","datePublished":"2025-12-17T10:42:12+00:00","dateModified":"2026-01-09T07:19:43+00:00","description":"Achat de jersey de viscose (95% VI, 5% EA) avec un imprim\u00e9 floral dramatique en violet sur noir. Largeur de 150 cm. Fluide & extensible pour les robes.","breadcrumb":{"@id":"https:\/\/alja.ch\/fr\/produit\/viscose-jersey-print-midnight-flowers\/#breadcrumb"},"inLanguage":"fr-FR","potentialAction":[{"@type":"ReadAction","target":["https:\/\/alja.ch\/fr\/produit\/viscose-jersey-print-midnight-flowers\/"]}]},{"@type":"ImageObject","inLanguage":"fr-FR","@id":"https:\/\/alja.ch\/fr\/produit\/viscose-jersey-print-midnight-flowers\/#primaryimage","url":"https:\/\/alja.ch\/wp-content\/uploads\/2025\/12\/27183-scaled.jpg","contentUrl":"https:\/\/alja.ch\/wp-content\/uploads\/2025\/12\/27183-scaled.jpg","width":2560,"height":2560},{"@type":"BreadcrumbList","@id":"https:\/\/alja.ch\/fr\/produit\/viscose-jersey-print-midnight-flowers\/#breadcrumb","itemListElement":[{"@type":"ListItem","position":1,"name":"Startseite","item":"https:\/\/alja.ch\/fr\/"},{"@type":"ListItem","position":2,"name":"Boutique","item":"https:\/\/alja.ch\/fr\/boutique\/"},{"@type":"ListItem","position":3,"name":"Viscose Jersey Print Midnight Flowers"}]},{"@type":"WebSite","@id":"https:\/\/alja.ch\/fr\/#website","url":"https:\/\/alja.ch\/fr\/","name":"Alja.ch","description":"Stoffe &amp; Mercerie online einkaufen!","publisher":{"@id":"https:\/\/alja.ch\/fr\/#organization"},"potentialAction":[{"@type":"SearchAction","target":{"@type":"EntryPoint","urlTemplate":"https:\/\/alja.ch\/fr\/?s={search_term_string}"},"query-input":{"@type":"PropertyValueSpecification","valueRequired":true,"valueName":"search_term_string"}}],"inLanguage":"fr-FR"},{"@type":"Organization","@id":"https:\/\/alja.ch\/fr\/#organization","name":"ALJA Nouveau AG","url":"https:\/\/alja.ch\/fr\/","logo":{"@type":"ImageObject","inLanguage":"fr-FR","@id":"https:\/\/alja.ch\/fr\/#\/schema\/logo\/image\/","url":"https:\/\/alja.ch\/wp-content\/uploads\/kg-logo-alja.png","contentUrl":"https:\/\/alja.ch\/wp-content\/uploads\/kg-logo-alja.png","width":1000,"height":1000,"caption":"ALJA Nouveau AG"},"image":{"@id":"https:\/\/alja.ch\/fr\/#\/schema\/logo\/image\/"},"sameAs":["https:\/\/www.facebook.com\/aljastoffe\/","https:\/\/www.instagram.com\/alja_stoffe_mercerie\/","https:\/\/www.youtube.com\/channel\/UCf6430U9yN-o6rk-Nw4TDqA"]}]}},"_links":{"self":[{"href":"https:\/\/alja.ch\/fr\/wp-json\/wp\/v2\/product\/44562","targetHints":{"allow":["GET"]}}],"collection":[{"href":"https:\/\/alja.ch\/fr\/wp-json\/wp\/v2\/product"}],"about":[{"href":"https:\/\/alja.ch\/fr\/wp-json\/wp\/v2\/types\/product"}],"replies":[{"embeddable":true,"href":"https:\/\/alja.ch\/fr\/wp-json\/wp\/v2\/comments?post=44562"}],"wp:featuredmedia":[{"embeddable":true,"href":"https:\/\/alja.ch\/fr\/wp-json\/wp\/v2\/media\/44566"}],"wp:attachment":[{"href":"https:\/\/alja.ch\/fr\/wp-json\/wp\/v2\/media?parent=44562"}],"wp:term":[{"taxonomy":"product_brand","embeddable":true,"href":"https:\/\/alja.ch\/fr\/wp-json\/wp\/v2\/product_brand?post=44562"},{"taxonomy":"product_cat","embeddable":true,"href":"https:\/\/alja.ch\/fr\/wp-json\/wp\/v2\/product_cat?post=44562"},{"taxonomy":"product_tag","embeddable":true,"href":"https:\/\/alja.ch\/fr\/wp-json\/wp\/v2\/product_tag?post=44562"}],"curies":[{"name":"wp","href":"https:\/\/api.w.org\/{rel}","templated":true}]}}