{"id":42324,"date":"2025-10-15T11:15:34","date_gmt":"2025-10-15T09:15:34","guid":{"rendered":"https:\/\/alja.ch\/produkt\/pelote-a-epingles-magnetique\/"},"modified":"2026-01-06T10:24:58","modified_gmt":"2026-01-06T09:24:58","slug":"pelote-aimantee-a-epingles","status":"publish","type":"product","link":"https:\/\/alja.ch\/fr\/produit\/pelote-aimantee-a-epingles\/","title":{"rendered":"Pelote \u00e0 \u00e9pingles magn\u00e9tique"},"content":{"rendered":"<p>Le <b>coussin \u00e0 \u00e9pingles magn\u00e9tique de PRYM<\/b> est une aide indispensable \u00e0 chaque table de couture, qui assure ordre et s\u00e9curit\u00e9. Gr\u00e2ce \u00e0 son puissant aimant int\u00e9gr\u00e9, le coussin ne retient pas seulement les \u00e9pingles de mani\u00e8re fiable, mais les attire m\u00eame \u00e0 une petite distance - ainsi, les \u00e9pingles perdues appartiennent au pass\u00e9. <\/p>\n<p>Cet accessoire pratique est id\u00e9al pour ranger tes aiguilles rapidement et en toute s\u00e9curit\u00e9 afin qu&rsquo;elles soient toujours \u00e0 port\u00e9e de main. La forme l\u00e9g\u00e8rement en creux du coussin permet aux aiguilles de rester bien en place, m\u00eame en cas de mouvement. <\/p>\n","protected":false},"excerpt":{"rendered":"<p>Le <b>coussin \u00e0 \u00e9pingles magn\u00e9tique de PRYM<\/b> met de l&rsquo;ordre sur la table de couture. Le puissant aimant maintient les \u00e9pingles et les attire. Id\u00e9al pour un rangement s\u00fbr et rapide.  <\/p>\n","protected":false},"featured_media":42321,"comment_status":"closed","ping_status":"closed","template":"","meta":{"_acf_changed":false},"product_brand":[2944],"product_cat":[718,1260],"product_tag":[332,1651],"class_list":{"0":"post-42324","1":"product","2":"type-product","3":"status-publish","4":"has-post-thumbnail","6":"product_brand-prym","7":"product_cat-naehzubehoer-fr","8":"product_cat-mercerie-fr","9":"product_tag-mercerie-fr","10":"product_tag-projets-de-couture-fr","11":"product_shipping_class-colis-standard","13":"first","14":"instock","15":"shipping-taxable","16":"purchasable","17":"product-type-simple"},"acf":[],"yoast_head":"<!-- This site is optimized with the Yoast SEO plugin v27.5 - https:\/\/yoast.com\/product\/yoast-seo-wordpress\/ -->\n<title>PRYM Pelote \u00e0 \u00e9pingles magn\u00e9tique %%page% &#8212; Acheter maintenant des accessoires de couture chez Alja.ch !<\/title>\n<meta name=\"description\" content=\"Prym coussin \u00e0 \u00e9pingles magn\u00e9tique - Rangement magn\u00e9tique puissant pour \u00e9pingles. Fini les \u00e9pingles perdues ! Ach\u00e8te maintenant les accessoires de couture pratiques de PRYM.\" \/>\n<meta name=\"robots\" content=\"index, follow, max-snippet:-1, max-image-preview:large, max-video-preview:-1\" \/>\n<link rel=\"canonical\" href=\"https:\/\/alja.ch\/fr\/produit\/pelote-aimantee-a-epingles\/\" \/>\n<meta property=\"og:locale\" content=\"fr_FR\" \/>\n<meta property=\"og:type\" content=\"article\" \/>\n<meta property=\"og:title\" content=\"PRYM Pelote \u00e0 \u00e9pingles magn\u00e9tique %%page% &#8212; Acheter maintenant des accessoires de couture chez Alja.ch !\" \/>\n<meta property=\"og:description\" content=\"Prym coussin \u00e0 \u00e9pingles magn\u00e9tique - Rangement magn\u00e9tique puissant pour \u00e9pingles. Fini les \u00e9pingles perdues ! Ach\u00e8te maintenant les accessoires de couture pratiques de PRYM.\" \/>\n<meta property=\"og:url\" content=\"https:\/\/alja.ch\/fr\/produit\/pelote-aimantee-a-epingles\/\" \/>\n<meta property=\"og:site_name\" content=\"Alja.ch\" \/>\n<meta property=\"article:publisher\" content=\"https:\/\/www.facebook.com\/aljastoffe\/\" \/>\n<meta property=\"article:modified_time\" content=\"2026-01-06T09:24:58+00:00\" \/>\n<meta property=\"og:image\" content=\"https:\/\/alja.ch\/wp-content\/uploads\/2025\/10\/Magnet-Nadelkissen.jpg\" \/>\n\t<meta property=\"og:image:width\" content=\"566\" \/>\n\t<meta property=\"og:image:height\" content=\"990\" \/>\n\t<meta property=\"og:image:type\" content=\"image\/jpeg\" \/>\n<meta name=\"twitter:card\" content=\"summary_large_image\" \/>\n<meta name=\"twitter:label1\" content=\"Dur\u00e9e de lecture estim\u00e9e\" \/>\n\t<meta name=\"twitter:data1\" content=\"1 minute\" \/>\n<script type=\"application\/ld+json\" class=\"yoast-schema-graph\">{\"@context\":\"https:\\\/\\\/schema.org\",\"@graph\":[{\"@type\":\"WebPage\",\"@id\":\"https:\\\/\\\/alja.ch\\\/fr\\\/produit\\\/pelote-aimantee-a-epingles\\\/\",\"url\":\"https:\\\/\\\/alja.ch\\\/fr\\\/produit\\\/pelote-aimantee-a-epingles\\\/\",\"name\":\"PRYM Pelote \u00e0 \u00e9pingles magn\u00e9tique %%page% &#8212; Acheter maintenant des accessoires de couture chez Alja.ch !\",\"isPartOf\":{\"@id\":\"https:\\\/\\\/alja.ch\\\/fr\\\/#website\"},\"primaryImageOfPage\":{\"@id\":\"https:\\\/\\\/alja.ch\\\/fr\\\/produit\\\/pelote-aimantee-a-epingles\\\/#primaryimage\"},\"image\":{\"@id\":\"https:\\\/\\\/alja.ch\\\/fr\\\/produit\\\/pelote-aimantee-a-epingles\\\/#primaryimage\"},\"thumbnailUrl\":\"https:\\\/\\\/alja.ch\\\/wp-content\\\/uploads\\\/2025\\\/10\\\/Magnet-Nadelkissen.jpg\",\"datePublished\":\"2025-10-15T09:15:34+00:00\",\"dateModified\":\"2026-01-06T09:24:58+00:00\",\"description\":\"Prym coussin \u00e0 \u00e9pingles magn\u00e9tique - Rangement magn\u00e9tique puissant pour \u00e9pingles. Fini les \u00e9pingles perdues ! Ach\u00e8te maintenant les accessoires de couture pratiques de PRYM.\",\"breadcrumb\":{\"@id\":\"https:\\\/\\\/alja.ch\\\/fr\\\/produit\\\/pelote-aimantee-a-epingles\\\/#breadcrumb\"},\"inLanguage\":\"fr-FR\",\"potentialAction\":[{\"@type\":\"ReadAction\",\"target\":[\"https:\\\/\\\/alja.ch\\\/fr\\\/produit\\\/pelote-aimantee-a-epingles\\\/\"]}]},{\"@type\":\"ImageObject\",\"inLanguage\":\"fr-FR\",\"@id\":\"https:\\\/\\\/alja.ch\\\/fr\\\/produit\\\/pelote-aimantee-a-epingles\\\/#primaryimage\",\"url\":\"https:\\\/\\\/alja.ch\\\/wp-content\\\/uploads\\\/2025\\\/10\\\/Magnet-Nadelkissen.jpg\",\"contentUrl\":\"https:\\\/\\\/alja.ch\\\/wp-content\\\/uploads\\\/2025\\\/10\\\/Magnet-Nadelkissen.jpg\",\"width\":566,\"height\":990},{\"@type\":\"BreadcrumbList\",\"@id\":\"https:\\\/\\\/alja.ch\\\/fr\\\/produit\\\/pelote-aimantee-a-epingles\\\/#breadcrumb\",\"itemListElement\":[{\"@type\":\"ListItem\",\"position\":1,\"name\":\"Startseite\",\"item\":\"https:\\\/\\\/alja.ch\\\/fr\\\/\"},{\"@type\":\"ListItem\",\"position\":2,\"name\":\"Boutique\",\"item\":\"https:\\\/\\\/alja.ch\\\/fr\\\/boutique\\\/\"},{\"@type\":\"ListItem\",\"position\":3,\"name\":\"Pelote \u00e0 \u00e9pingles magn\u00e9tique\"}]},{\"@type\":\"WebSite\",\"@id\":\"https:\\\/\\\/alja.ch\\\/fr\\\/#website\",\"url\":\"https:\\\/\\\/alja.ch\\\/fr\\\/\",\"name\":\"Alja.ch\",\"description\":\"Stoffe &amp; Mercerie online einkaufen!\",\"publisher\":{\"@id\":\"https:\\\/\\\/alja.ch\\\/fr\\\/#organization\"},\"potentialAction\":[{\"@type\":\"SearchAction\",\"target\":{\"@type\":\"EntryPoint\",\"urlTemplate\":\"https:\\\/\\\/alja.ch\\\/fr\\\/?s={search_term_string}\"},\"query-input\":{\"@type\":\"PropertyValueSpecification\",\"valueRequired\":true,\"valueName\":\"search_term_string\"}}],\"inLanguage\":\"fr-FR\"},{\"@type\":\"Organization\",\"@id\":\"https:\\\/\\\/alja.ch\\\/fr\\\/#organization\",\"name\":\"ALJA Nouveau AG\",\"url\":\"https:\\\/\\\/alja.ch\\\/fr\\\/\",\"logo\":{\"@type\":\"ImageObject\",\"inLanguage\":\"fr-FR\",\"@id\":\"https:\\\/\\\/alja.ch\\\/fr\\\/#\\\/schema\\\/logo\\\/image\\\/\",\"url\":\"https:\\\/\\\/alja.ch\\\/wp-content\\\/uploads\\\/kg-logo-alja.png\",\"contentUrl\":\"https:\\\/\\\/alja.ch\\\/wp-content\\\/uploads\\\/kg-logo-alja.png\",\"width\":1000,\"height\":1000,\"caption\":\"ALJA Nouveau AG\"},\"image\":{\"@id\":\"https:\\\/\\\/alja.ch\\\/fr\\\/#\\\/schema\\\/logo\\\/image\\\/\"},\"sameAs\":[\"https:\\\/\\\/www.facebook.com\\\/aljastoffe\\\/\",\"https:\\\/\\\/www.instagram.com\\\/alja_stoffe_mercerie\\\/\",\"https:\\\/\\\/www.youtube.com\\\/channel\\\/UCf6430U9yN-o6rk-Nw4TDqA\"]}]}<\/script>\n<!-- \/ Yoast SEO plugin. -->","yoast_head_json":{"title":"PRYM Pelote \u00e0 \u00e9pingles magn\u00e9tique %%page% &#8212; Acheter maintenant des accessoires de couture chez Alja.ch !","description":"Prym coussin \u00e0 \u00e9pingles magn\u00e9tique - Rangement magn\u00e9tique puissant pour \u00e9pingles. Fini les \u00e9pingles perdues ! Ach\u00e8te maintenant les accessoires de couture pratiques de PRYM.","robots":{"index":"index","follow":"follow","max-snippet":"max-snippet:-1","max-image-preview":"max-image-preview:large","max-video-preview":"max-video-preview:-1"},"canonical":"https:\/\/alja.ch\/fr\/produit\/pelote-aimantee-a-epingles\/","og_locale":"fr_FR","og_type":"article","og_title":"PRYM Pelote \u00e0 \u00e9pingles magn\u00e9tique %%page% &#8212; Acheter maintenant des accessoires de couture chez Alja.ch !","og_description":"Prym coussin \u00e0 \u00e9pingles magn\u00e9tique - Rangement magn\u00e9tique puissant pour \u00e9pingles. Fini les \u00e9pingles perdues ! Ach\u00e8te maintenant les accessoires de couture pratiques de PRYM.","og_url":"https:\/\/alja.ch\/fr\/produit\/pelote-aimantee-a-epingles\/","og_site_name":"Alja.ch","article_publisher":"https:\/\/www.facebook.com\/aljastoffe\/","article_modified_time":"2026-01-06T09:24:58+00:00","og_image":[{"width":566,"height":990,"url":"https:\/\/alja.ch\/wp-content\/uploads\/2025\/10\/Magnet-Nadelkissen.jpg","type":"image\/jpeg"}],"twitter_card":"summary_large_image","twitter_misc":{"Dur\u00e9e de lecture estim\u00e9e":"1 minute"},"schema":{"@context":"https:\/\/schema.org","@graph":[{"@type":"WebPage","@id":"https:\/\/alja.ch\/fr\/produit\/pelote-aimantee-a-epingles\/","url":"https:\/\/alja.ch\/fr\/produit\/pelote-aimantee-a-epingles\/","name":"PRYM Pelote \u00e0 \u00e9pingles magn\u00e9tique %%page% &#8212; Acheter maintenant des accessoires de couture chez Alja.ch !","isPartOf":{"@id":"https:\/\/alja.ch\/fr\/#website"},"primaryImageOfPage":{"@id":"https:\/\/alja.ch\/fr\/produit\/pelote-aimantee-a-epingles\/#primaryimage"},"image":{"@id":"https:\/\/alja.ch\/fr\/produit\/pelote-aimantee-a-epingles\/#primaryimage"},"thumbnailUrl":"https:\/\/alja.ch\/wp-content\/uploads\/2025\/10\/Magnet-Nadelkissen.jpg","datePublished":"2025-10-15T09:15:34+00:00","dateModified":"2026-01-06T09:24:58+00:00","description":"Prym coussin \u00e0 \u00e9pingles magn\u00e9tique - Rangement magn\u00e9tique puissant pour \u00e9pingles. Fini les \u00e9pingles perdues ! Ach\u00e8te maintenant les accessoires de couture pratiques de PRYM.","breadcrumb":{"@id":"https:\/\/alja.ch\/fr\/produit\/pelote-aimantee-a-epingles\/#breadcrumb"},"inLanguage":"fr-FR","potentialAction":[{"@type":"ReadAction","target":["https:\/\/alja.ch\/fr\/produit\/pelote-aimantee-a-epingles\/"]}]},{"@type":"ImageObject","inLanguage":"fr-FR","@id":"https:\/\/alja.ch\/fr\/produit\/pelote-aimantee-a-epingles\/#primaryimage","url":"https:\/\/alja.ch\/wp-content\/uploads\/2025\/10\/Magnet-Nadelkissen.jpg","contentUrl":"https:\/\/alja.ch\/wp-content\/uploads\/2025\/10\/Magnet-Nadelkissen.jpg","width":566,"height":990},{"@type":"BreadcrumbList","@id":"https:\/\/alja.ch\/fr\/produit\/pelote-aimantee-a-epingles\/#breadcrumb","itemListElement":[{"@type":"ListItem","position":1,"name":"Startseite","item":"https:\/\/alja.ch\/fr\/"},{"@type":"ListItem","position":2,"name":"Boutique","item":"https:\/\/alja.ch\/fr\/boutique\/"},{"@type":"ListItem","position":3,"name":"Pelote \u00e0 \u00e9pingles magn\u00e9tique"}]},{"@type":"WebSite","@id":"https:\/\/alja.ch\/fr\/#website","url":"https:\/\/alja.ch\/fr\/","name":"Alja.ch","description":"Stoffe &amp; Mercerie online einkaufen!","publisher":{"@id":"https:\/\/alja.ch\/fr\/#organization"},"potentialAction":[{"@type":"SearchAction","target":{"@type":"EntryPoint","urlTemplate":"https:\/\/alja.ch\/fr\/?s={search_term_string}"},"query-input":{"@type":"PropertyValueSpecification","valueRequired":true,"valueName":"search_term_string"}}],"inLanguage":"fr-FR"},{"@type":"Organization","@id":"https:\/\/alja.ch\/fr\/#organization","name":"ALJA Nouveau AG","url":"https:\/\/alja.ch\/fr\/","logo":{"@type":"ImageObject","inLanguage":"fr-FR","@id":"https:\/\/alja.ch\/fr\/#\/schema\/logo\/image\/","url":"https:\/\/alja.ch\/wp-content\/uploads\/kg-logo-alja.png","contentUrl":"https:\/\/alja.ch\/wp-content\/uploads\/kg-logo-alja.png","width":1000,"height":1000,"caption":"ALJA Nouveau AG"},"image":{"@id":"https:\/\/alja.ch\/fr\/#\/schema\/logo\/image\/"},"sameAs":["https:\/\/www.facebook.com\/aljastoffe\/","https:\/\/www.instagram.com\/alja_stoffe_mercerie\/","https:\/\/www.youtube.com\/channel\/UCf6430U9yN-o6rk-Nw4TDqA"]}]}},"_links":{"self":[{"href":"https:\/\/alja.ch\/fr\/wp-json\/wp\/v2\/product\/42324","targetHints":{"allow":["GET"]}}],"collection":[{"href":"https:\/\/alja.ch\/fr\/wp-json\/wp\/v2\/product"}],"about":[{"href":"https:\/\/alja.ch\/fr\/wp-json\/wp\/v2\/types\/product"}],"replies":[{"embeddable":true,"href":"https:\/\/alja.ch\/fr\/wp-json\/wp\/v2\/comments?post=42324"}],"wp:featuredmedia":[{"embeddable":true,"href":"https:\/\/alja.ch\/fr\/wp-json\/wp\/v2\/media\/42321"}],"wp:attachment":[{"href":"https:\/\/alja.ch\/fr\/wp-json\/wp\/v2\/media?parent=42324"}],"wp:term":[{"taxonomy":"product_brand","embeddable":true,"href":"https:\/\/alja.ch\/fr\/wp-json\/wp\/v2\/product_brand?post=42324"},{"taxonomy":"product_cat","embeddable":true,"href":"https:\/\/alja.ch\/fr\/wp-json\/wp\/v2\/product_cat?post=42324"},{"taxonomy":"product_tag","embeddable":true,"href":"https:\/\/alja.ch\/fr\/wp-json\/wp\/v2\/product_tag?post=42324"}],"curies":[{"name":"wp","href":"https:\/\/api.w.org\/{rel}","templated":true}]}}