{"id":42274,"date":"2025-10-14T16:32:04","date_gmt":"2025-10-14T14:32:04","guid":{"rendered":"https:\/\/alja.ch\/produkt\/aiguille-de-machine-a-coudre-stretch-90\/"},"modified":"2025-10-14T16:34:09","modified_gmt":"2025-10-14T14:34:09","slug":"aiguille-de-machine-a-coudre-stretch-90","status":"publish","type":"product","link":"https:\/\/alja.ch\/fr\/produit\/aiguille-de-machine-a-coudre-stretch-90\/","title":{"rendered":"Aiguille de machine \u00e0 coudre Stretch 90"},"content":{"rendered":"<p>Avec les <b>aiguilles pour machine \u00e0 coudre Prym \u00a0\u00bbStretch\u00a0\u00bb (No. 90)<\/b>, tu r\u00e9ussis des coutures s\u00fbres et extensibles sur des tissus stretch plus \u00e9pais ou moins \u00e9lastiques. Ces aiguilles sont sp\u00e9cialement con\u00e7ues pour le travail de tissus \u00e0 mailles comme le jersey, les tissus sweat, le jersey viscose et d&rsquo;autres mat\u00e9riaux stretch.<\/p>\n<p>Le kit contient <b>cinq aiguilles de qualit\u00e9 sup\u00e9rieure<\/b> de calibre <b>NM 90<\/b>. Cette aiguille l\u00e9g\u00e8rement plus forte est id\u00e9ale pour :<\/p>\n<ul>\n<li><b>Tissus stretch de poids moyen \u00e0 \u00e9pais :<\/b> parfaits pour les hoodies, les sweat-shirts, les tricots plus \u00e9pais ou le jersey stable.<\/li>\n<li><b>Coutures \u00e9lastiques :<\/b> l&rsquo;aiguille minimise le risque de points manqu\u00e9s et garantit que la couture conserve l&rsquo;extensibilit\u00e9 du tissu.<\/li>\n<\/ul>\n<p><b>Caract\u00e9ristiques particuli\u00e8res :<\/b><\/p>\n<ul>\n<li><b>Pointe sph\u00e9rique moyenne (SUK) :<\/b> la pointe l\u00e9g\u00e8rement arrondie pousse les mailles du tissu sur le c\u00f4t\u00e9 au lieu de les percer. Cela prot\u00e8ge la structure des fibres et \u00e9vite les mailles.<\/li>\n<li><b>R\u00e9duit les points manqu\u00e9s :<\/b> sp\u00e9cialement adapt\u00e9e aux exigences des tissus \u00e9lastiques, elle garantit des r\u00e9sultats de couture propres.<\/li>\n<li><b>Qualit\u00e9 fiable :<\/b> Prym garantit la meilleure qualit\u00e9 pour les meilleurs r\u00e9sultats de couture sur ta machine \u00e0 coudre.<\/li>\n<\/ul>\n<p>Assure-toi des coutures durables et professionnelles sur tous tes projets en stretch plus \u00e9pais !<\/p>\n","protected":false},"excerpt":{"rendered":"<p>Aiguilles Prym pour machine \u00e0 coudre <b>Stretch (NM 90)<\/b>. Set de 5 aiguilles \u00e0 pointe sph\u00e9rique moyenne (SUK). Id\u00e9ales pour la couture sans d\u00e9faut de jersey \u00e9pais et de tissus sweat.<\/p>\n","protected":false},"featured_media":42271,"comment_status":"closed","ping_status":"closed","template":"","meta":{"_acf_changed":false},"product_brand":[2944],"product_cat":[718,1260],"product_tag":[332,1651],"class_list":{"0":"post-42274","1":"product","2":"type-product","3":"status-publish","4":"has-post-thumbnail","6":"product_brand-prym","7":"product_cat-naehzubehoer-fr","8":"product_cat-mercerie-fr","9":"product_tag-mercerie-fr","10":"product_tag-projets-de-couture-fr","11":"product_shipping_class-colis-standard","13":"first","14":"instock","15":"shipping-taxable","16":"purchasable","17":"product-type-simple"},"acf":[],"yoast_head":"<!-- This site is optimized with the Yoast SEO plugin v27.4 - https:\/\/yoast.com\/product\/yoast-seo-wordpress\/ -->\n<title>Aiguille de machine \u00e0 coudre Stretch 90 &#8212; accessoires de couture \u00e0 Alja.ch !<\/title>\n<meta name=\"description\" content=\"Acheter des aiguilles \u00e0 coudre Prym. Set de 5 aiguilles pour les tissus \u00e9pais en jersey &amp; sweat. \u00c9vite les points manqu\u00e9s et m\u00e9nage le tissu.\" \/>\n<meta name=\"robots\" content=\"index, follow, max-snippet:-1, max-image-preview:large, max-video-preview:-1\" \/>\n<link rel=\"canonical\" href=\"https:\/\/alja.ch\/fr\/produit\/aiguille-de-machine-a-coudre-stretch-90\/\" \/>\n<meta property=\"og:locale\" content=\"fr_FR\" \/>\n<meta property=\"og:type\" content=\"article\" \/>\n<meta property=\"og:title\" content=\"Aiguille de machine \u00e0 coudre Stretch 90 &#8212; accessoires de couture \u00e0 Alja.ch !\" \/>\n<meta property=\"og:description\" content=\"Acheter des aiguilles \u00e0 coudre Prym. Set de 5 aiguilles pour les tissus \u00e9pais en jersey &amp; sweat. \u00c9vite les points manqu\u00e9s et m\u00e9nage le tissu.\" \/>\n<meta property=\"og:url\" content=\"https:\/\/alja.ch\/fr\/produit\/aiguille-de-machine-a-coudre-stretch-90\/\" \/>\n<meta property=\"og:site_name\" content=\"Alja.ch\" \/>\n<meta property=\"article:publisher\" content=\"https:\/\/www.facebook.com\/aljastoffe\/\" \/>\n<meta property=\"article:modified_time\" content=\"2025-10-14T14:34:09+00:00\" \/>\n<meta property=\"og:image\" content=\"https:\/\/alja.ch\/wp-content\/uploads\/2025\/10\/Naehmaschinennadel-Stretch-90.jpg\" \/>\n\t<meta property=\"og:image:width\" content=\"572\" \/>\n\t<meta property=\"og:image:height\" content=\"900\" \/>\n\t<meta property=\"og:image:type\" content=\"image\/jpeg\" \/>\n<meta name=\"twitter:card\" content=\"summary_large_image\" \/>\n<meta name=\"twitter:label1\" content=\"Dur\u00e9e de lecture estim\u00e9e\" \/>\n\t<meta name=\"twitter:data1\" content=\"2 minutes\" \/>\n<script type=\"application\/ld+json\" class=\"yoast-schema-graph\">{\"@context\":\"https:\\\/\\\/schema.org\",\"@graph\":[{\"@type\":\"WebPage\",\"@id\":\"https:\\\/\\\/alja.ch\\\/fr\\\/produit\\\/aiguille-de-machine-a-coudre-stretch-90\\\/\",\"url\":\"https:\\\/\\\/alja.ch\\\/fr\\\/produit\\\/aiguille-de-machine-a-coudre-stretch-90\\\/\",\"name\":\"Aiguille de machine \u00e0 coudre Stretch 90 &#8212; accessoires de couture \u00e0 Alja.ch !\",\"isPartOf\":{\"@id\":\"https:\\\/\\\/alja.ch\\\/fr\\\/#website\"},\"primaryImageOfPage\":{\"@id\":\"https:\\\/\\\/alja.ch\\\/fr\\\/produit\\\/aiguille-de-machine-a-coudre-stretch-90\\\/#primaryimage\"},\"image\":{\"@id\":\"https:\\\/\\\/alja.ch\\\/fr\\\/produit\\\/aiguille-de-machine-a-coudre-stretch-90\\\/#primaryimage\"},\"thumbnailUrl\":\"https:\\\/\\\/alja.ch\\\/wp-content\\\/uploads\\\/2025\\\/10\\\/Naehmaschinennadel-Stretch-90.jpg\",\"datePublished\":\"2025-10-14T14:32:04+00:00\",\"dateModified\":\"2025-10-14T14:34:09+00:00\",\"description\":\"Acheter des aiguilles \u00e0 coudre Prym. Set de 5 aiguilles pour les tissus \u00e9pais en jersey & sweat. \u00c9vite les points manqu\u00e9s et m\u00e9nage le tissu.\",\"breadcrumb\":{\"@id\":\"https:\\\/\\\/alja.ch\\\/fr\\\/produit\\\/aiguille-de-machine-a-coudre-stretch-90\\\/#breadcrumb\"},\"inLanguage\":\"fr-FR\",\"potentialAction\":[{\"@type\":\"ReadAction\",\"target\":[\"https:\\\/\\\/alja.ch\\\/fr\\\/produit\\\/aiguille-de-machine-a-coudre-stretch-90\\\/\"]}]},{\"@type\":\"ImageObject\",\"inLanguage\":\"fr-FR\",\"@id\":\"https:\\\/\\\/alja.ch\\\/fr\\\/produit\\\/aiguille-de-machine-a-coudre-stretch-90\\\/#primaryimage\",\"url\":\"https:\\\/\\\/alja.ch\\\/wp-content\\\/uploads\\\/2025\\\/10\\\/Naehmaschinennadel-Stretch-90.jpg\",\"contentUrl\":\"https:\\\/\\\/alja.ch\\\/wp-content\\\/uploads\\\/2025\\\/10\\\/Naehmaschinennadel-Stretch-90.jpg\",\"width\":572,\"height\":900},{\"@type\":\"BreadcrumbList\",\"@id\":\"https:\\\/\\\/alja.ch\\\/fr\\\/produit\\\/aiguille-de-machine-a-coudre-stretch-90\\\/#breadcrumb\",\"itemListElement\":[{\"@type\":\"ListItem\",\"position\":1,\"name\":\"Startseite\",\"item\":\"https:\\\/\\\/alja.ch\\\/fr\\\/\"},{\"@type\":\"ListItem\",\"position\":2,\"name\":\"Boutique\",\"item\":\"https:\\\/\\\/alja.ch\\\/fr\\\/boutique\\\/\"},{\"@type\":\"ListItem\",\"position\":3,\"name\":\"Aiguille de machine \u00e0 coudre Stretch 90\"}]},{\"@type\":\"WebSite\",\"@id\":\"https:\\\/\\\/alja.ch\\\/fr\\\/#website\",\"url\":\"https:\\\/\\\/alja.ch\\\/fr\\\/\",\"name\":\"Alja.ch\",\"description\":\"Stoffe &amp; Mercerie online einkaufen!\",\"publisher\":{\"@id\":\"https:\\\/\\\/alja.ch\\\/fr\\\/#organization\"},\"potentialAction\":[{\"@type\":\"SearchAction\",\"target\":{\"@type\":\"EntryPoint\",\"urlTemplate\":\"https:\\\/\\\/alja.ch\\\/fr\\\/?s={search_term_string}\"},\"query-input\":{\"@type\":\"PropertyValueSpecification\",\"valueRequired\":true,\"valueName\":\"search_term_string\"}}],\"inLanguage\":\"fr-FR\"},{\"@type\":\"Organization\",\"@id\":\"https:\\\/\\\/alja.ch\\\/fr\\\/#organization\",\"name\":\"ALJA Nouveau AG\",\"url\":\"https:\\\/\\\/alja.ch\\\/fr\\\/\",\"logo\":{\"@type\":\"ImageObject\",\"inLanguage\":\"fr-FR\",\"@id\":\"https:\\\/\\\/alja.ch\\\/fr\\\/#\\\/schema\\\/logo\\\/image\\\/\",\"url\":\"https:\\\/\\\/alja.ch\\\/wp-content\\\/uploads\\\/kg-logo-alja.png\",\"contentUrl\":\"https:\\\/\\\/alja.ch\\\/wp-content\\\/uploads\\\/kg-logo-alja.png\",\"width\":1000,\"height\":1000,\"caption\":\"ALJA Nouveau AG\"},\"image\":{\"@id\":\"https:\\\/\\\/alja.ch\\\/fr\\\/#\\\/schema\\\/logo\\\/image\\\/\"},\"sameAs\":[\"https:\\\/\\\/www.facebook.com\\\/aljastoffe\\\/\",\"https:\\\/\\\/www.instagram.com\\\/alja_stoffe_mercerie\\\/\",\"https:\\\/\\\/www.youtube.com\\\/channel\\\/UCf6430U9yN-o6rk-Nw4TDqA\"]}]}<\/script>\n<!-- \/ Yoast SEO plugin. -->","yoast_head_json":{"title":"Aiguille de machine \u00e0 coudre Stretch 90 &#8212; accessoires de couture \u00e0 Alja.ch !","description":"Acheter des aiguilles \u00e0 coudre Prym. Set de 5 aiguilles pour les tissus \u00e9pais en jersey & sweat. \u00c9vite les points manqu\u00e9s et m\u00e9nage le tissu.","robots":{"index":"index","follow":"follow","max-snippet":"max-snippet:-1","max-image-preview":"max-image-preview:large","max-video-preview":"max-video-preview:-1"},"canonical":"https:\/\/alja.ch\/fr\/produit\/aiguille-de-machine-a-coudre-stretch-90\/","og_locale":"fr_FR","og_type":"article","og_title":"Aiguille de machine \u00e0 coudre Stretch 90 &#8212; accessoires de couture \u00e0 Alja.ch !","og_description":"Acheter des aiguilles \u00e0 coudre Prym. Set de 5 aiguilles pour les tissus \u00e9pais en jersey & sweat. \u00c9vite les points manqu\u00e9s et m\u00e9nage le tissu.","og_url":"https:\/\/alja.ch\/fr\/produit\/aiguille-de-machine-a-coudre-stretch-90\/","og_site_name":"Alja.ch","article_publisher":"https:\/\/www.facebook.com\/aljastoffe\/","article_modified_time":"2025-10-14T14:34:09+00:00","og_image":[{"width":572,"height":900,"url":"https:\/\/alja.ch\/wp-content\/uploads\/2025\/10\/Naehmaschinennadel-Stretch-90.jpg","type":"image\/jpeg"}],"twitter_card":"summary_large_image","twitter_misc":{"Dur\u00e9e de lecture estim\u00e9e":"2 minutes"},"schema":{"@context":"https:\/\/schema.org","@graph":[{"@type":"WebPage","@id":"https:\/\/alja.ch\/fr\/produit\/aiguille-de-machine-a-coudre-stretch-90\/","url":"https:\/\/alja.ch\/fr\/produit\/aiguille-de-machine-a-coudre-stretch-90\/","name":"Aiguille de machine \u00e0 coudre Stretch 90 &#8212; accessoires de couture \u00e0 Alja.ch !","isPartOf":{"@id":"https:\/\/alja.ch\/fr\/#website"},"primaryImageOfPage":{"@id":"https:\/\/alja.ch\/fr\/produit\/aiguille-de-machine-a-coudre-stretch-90\/#primaryimage"},"image":{"@id":"https:\/\/alja.ch\/fr\/produit\/aiguille-de-machine-a-coudre-stretch-90\/#primaryimage"},"thumbnailUrl":"https:\/\/alja.ch\/wp-content\/uploads\/2025\/10\/Naehmaschinennadel-Stretch-90.jpg","datePublished":"2025-10-14T14:32:04+00:00","dateModified":"2025-10-14T14:34:09+00:00","description":"Acheter des aiguilles \u00e0 coudre Prym. Set de 5 aiguilles pour les tissus \u00e9pais en jersey & sweat. \u00c9vite les points manqu\u00e9s et m\u00e9nage le tissu.","breadcrumb":{"@id":"https:\/\/alja.ch\/fr\/produit\/aiguille-de-machine-a-coudre-stretch-90\/#breadcrumb"},"inLanguage":"fr-FR","potentialAction":[{"@type":"ReadAction","target":["https:\/\/alja.ch\/fr\/produit\/aiguille-de-machine-a-coudre-stretch-90\/"]}]},{"@type":"ImageObject","inLanguage":"fr-FR","@id":"https:\/\/alja.ch\/fr\/produit\/aiguille-de-machine-a-coudre-stretch-90\/#primaryimage","url":"https:\/\/alja.ch\/wp-content\/uploads\/2025\/10\/Naehmaschinennadel-Stretch-90.jpg","contentUrl":"https:\/\/alja.ch\/wp-content\/uploads\/2025\/10\/Naehmaschinennadel-Stretch-90.jpg","width":572,"height":900},{"@type":"BreadcrumbList","@id":"https:\/\/alja.ch\/fr\/produit\/aiguille-de-machine-a-coudre-stretch-90\/#breadcrumb","itemListElement":[{"@type":"ListItem","position":1,"name":"Startseite","item":"https:\/\/alja.ch\/fr\/"},{"@type":"ListItem","position":2,"name":"Boutique","item":"https:\/\/alja.ch\/fr\/boutique\/"},{"@type":"ListItem","position":3,"name":"Aiguille de machine \u00e0 coudre Stretch 90"}]},{"@type":"WebSite","@id":"https:\/\/alja.ch\/fr\/#website","url":"https:\/\/alja.ch\/fr\/","name":"Alja.ch","description":"Stoffe &amp; Mercerie online einkaufen!","publisher":{"@id":"https:\/\/alja.ch\/fr\/#organization"},"potentialAction":[{"@type":"SearchAction","target":{"@type":"EntryPoint","urlTemplate":"https:\/\/alja.ch\/fr\/?s={search_term_string}"},"query-input":{"@type":"PropertyValueSpecification","valueRequired":true,"valueName":"search_term_string"}}],"inLanguage":"fr-FR"},{"@type":"Organization","@id":"https:\/\/alja.ch\/fr\/#organization","name":"ALJA Nouveau AG","url":"https:\/\/alja.ch\/fr\/","logo":{"@type":"ImageObject","inLanguage":"fr-FR","@id":"https:\/\/alja.ch\/fr\/#\/schema\/logo\/image\/","url":"https:\/\/alja.ch\/wp-content\/uploads\/kg-logo-alja.png","contentUrl":"https:\/\/alja.ch\/wp-content\/uploads\/kg-logo-alja.png","width":1000,"height":1000,"caption":"ALJA Nouveau AG"},"image":{"@id":"https:\/\/alja.ch\/fr\/#\/schema\/logo\/image\/"},"sameAs":["https:\/\/www.facebook.com\/aljastoffe\/","https:\/\/www.instagram.com\/alja_stoffe_mercerie\/","https:\/\/www.youtube.com\/channel\/UCf6430U9yN-o6rk-Nw4TDqA"]}]}},"_links":{"self":[{"href":"https:\/\/alja.ch\/fr\/wp-json\/wp\/v2\/product\/42274","targetHints":{"allow":["GET"]}}],"collection":[{"href":"https:\/\/alja.ch\/fr\/wp-json\/wp\/v2\/product"}],"about":[{"href":"https:\/\/alja.ch\/fr\/wp-json\/wp\/v2\/types\/product"}],"replies":[{"embeddable":true,"href":"https:\/\/alja.ch\/fr\/wp-json\/wp\/v2\/comments?post=42274"}],"wp:featuredmedia":[{"embeddable":true,"href":"https:\/\/alja.ch\/fr\/wp-json\/wp\/v2\/media\/42271"}],"wp:attachment":[{"href":"https:\/\/alja.ch\/fr\/wp-json\/wp\/v2\/media?parent=42274"}],"wp:term":[{"taxonomy":"product_brand","embeddable":true,"href":"https:\/\/alja.ch\/fr\/wp-json\/wp\/v2\/product_brand?post=42274"},{"taxonomy":"product_cat","embeddable":true,"href":"https:\/\/alja.ch\/fr\/wp-json\/wp\/v2\/product_cat?post=42274"},{"taxonomy":"product_tag","embeddable":true,"href":"https:\/\/alja.ch\/fr\/wp-json\/wp\/v2\/product_tag?post=42274"}],"curies":[{"name":"wp","href":"https:\/\/api.w.org\/{rel}","templated":true}]}}