{"id":41418,"date":"2025-10-01T09:29:38","date_gmt":"2025-10-01T07:29:38","guid":{"rendered":"https:\/\/alja.ch\/produkt\/gabardine-stretch\/"},"modified":"2026-01-18T17:48:10","modified_gmt":"2026-01-18T16:48:10","slug":"gabardine-stretch","status":"publish","type":"product","link":"https:\/\/alja.ch\/fr\/produit\/gabardine-stretch\/","title":{"rendered":"Gabardine stretch"},"content":{"rendered":"<p>La gabardine stretch est un tissu de base haut de gamme et polyvalent qui se caract\u00e9rise par une <strong>armure serg\u00e9e<\/strong> dense et <strong>oblique<\/strong>. Ce type de tissage conf\u00e8re au tissu une texture \u00e9l\u00e9gante et une excellente r\u00e9sistance \u00e0 l&rsquo;usure. L&rsquo;ajout de 6% d&rsquo;\u00e9lasthanne lui conf\u00e8re une extensibilit\u00e9 agr\u00e9able et un grand confort, ce qui en fait un excellent choix pour les <strong>v\u00eatements<\/strong> confortables et <strong>ajust\u00e9s<\/strong>.<\/p>\n<p>La composition de <b>62% de polyester, 32% de viscose<\/b> et <strong>6% d&rsquo;\u00e9lasthanne<\/strong> rend ce tissu facile d&rsquo;entretien, ind\u00e9formable et doux au toucher. Avec sa largeur de <b>140 cm<\/b>, il convient parfaitement \u00e0 la garde-robe classique et moderne, notamment : <b>pantalons, <\/b><b>jupes, <\/b><b>robes, tailleurs, <\/b><b>blazers<\/b> et<b> vestes<\/b> l\u00e9g\u00e8res<b>.<\/b><\/p>\n<p>C&rsquo;est un tissu indispensable pour les v\u00eatements d&rsquo;affaires et de loisirs qui doivent \u00eatre \u00e0 la fois \u00e9l\u00e9gants et confortables.<\/p>\n","protected":false},"excerpt":{"rendered":"<p>Une gabardine r\u00e9sistante et \u00e9l\u00e9gante avec une structure fine et un l\u00e9ger stretch. Le choix parfait pour des v\u00eatements professionnels et confortables pour les affaires et les loisirs.<\/p>\n","protected":false},"featured_media":41415,"comment_status":"closed","ping_status":"closed","template":"","meta":{"_acf_changed":false},"product_brand":[],"product_cat":[3232,162,2062,153,251],"product_tag":[919,3031,3047,2948,416,2339,509,1797,3009,1321,539],"class_list":{"0":"post-41418","1":"product","2":"type-product","3":"status-publish","4":"has-post-thumbnail","6":"product_cat-collection-automne-et-hiver","7":"product_cat-mode","8":"product_cat-neue-herbst-winter-kollektion-fr","9":"product_cat-tissus","10":"product_cat-tissus-uni-basic","11":"product_tag-ecru-fr","12":"product_tag-elasthanne","13":"product_tag-extensible","14":"product_tag-hosenstoff-fr","15":"product_tag-noir","16":"product_tag-petrole","17":"product_tag-polyester-fr","18":"product_tag-tissu-dhiver","19":"product_tag-tissu-pour-vestes","20":"product_tag-tissu-pour-vetements-fr","21":"product_tag-viscose-fr-fr","22":"product_shipping_class-colis-standard","24":"first","25":"instock","26":"shipping-taxable","27":"purchasable","28":"product-type-variable"},"acf":[],"yoast_head":"<!-- This site is optimized with the Yoast SEO plugin v27.5 - https:\/\/yoast.com\/product\/yoast-seo-wordpress\/ -->\n<title>Gabardine stretch &#8212;Achetez maintenant des tissus d&#039;hiver chez Alja.ch<\/title>\n<meta name=\"description\" content=\"\u00c9l\u00e9gant tissu gabardine stretch. 62% polyester, 32% viscose, 6% \u00e9lasthanne. Parfait pour les pantalons d&#039;affaires, les costumes, les jupes et les blazers.\" \/>\n<meta name=\"robots\" content=\"index, follow, max-snippet:-1, max-image-preview:large, max-video-preview:-1\" \/>\n<link rel=\"canonical\" href=\"https:\/\/alja.ch\/fr\/produit\/gabardine-stretch\/\" \/>\n<meta property=\"og:locale\" content=\"fr_FR\" \/>\n<meta property=\"og:type\" content=\"article\" \/>\n<meta property=\"og:title\" content=\"Gabardine stretch &#8212;Achetez maintenant des tissus d&#039;hiver chez Alja.ch\" \/>\n<meta property=\"og:description\" content=\"\u00c9l\u00e9gant tissu gabardine stretch. 62% polyester, 32% viscose, 6% \u00e9lasthanne. Parfait pour les pantalons d&#039;affaires, les costumes, les jupes et les blazers.\" \/>\n<meta property=\"og:url\" content=\"https:\/\/alja.ch\/fr\/produit\/gabardine-stretch\/\" \/>\n<meta property=\"og:site_name\" content=\"Alja.ch\" \/>\n<meta property=\"article:publisher\" content=\"https:\/\/www.facebook.com\/aljastoffe\/\" \/>\n<meta property=\"article:modified_time\" content=\"2026-01-18T16:48:10+00:00\" \/>\n<meta property=\"og:image\" content=\"https:\/\/alja.ch\/wp-content\/uploads\/2025\/10\/4129-1349-1345.jpg\" \/>\n\t<meta property=\"og:image:width\" content=\"1961\" \/>\n\t<meta property=\"og:image:height\" content=\"1961\" \/>\n\t<meta property=\"og:image:type\" content=\"image\/jpeg\" \/>\n<meta name=\"twitter:card\" content=\"summary_large_image\" \/>\n<meta name=\"twitter:label1\" content=\"Dur\u00e9e de lecture estim\u00e9e\" \/>\n\t<meta name=\"twitter:data1\" content=\"1 minute\" \/>\n<script type=\"application\/ld+json\" class=\"yoast-schema-graph\">{\"@context\":\"https:\\\/\\\/schema.org\",\"@graph\":[{\"@type\":\"WebPage\",\"@id\":\"https:\\\/\\\/alja.ch\\\/fr\\\/produit\\\/gabardine-stretch\\\/\",\"url\":\"https:\\\/\\\/alja.ch\\\/fr\\\/produit\\\/gabardine-stretch\\\/\",\"name\":\"Gabardine stretch &#8212;Achetez maintenant des tissus d'hiver chez Alja.ch\",\"isPartOf\":{\"@id\":\"https:\\\/\\\/alja.ch\\\/fr\\\/#website\"},\"primaryImageOfPage\":{\"@id\":\"https:\\\/\\\/alja.ch\\\/fr\\\/produit\\\/gabardine-stretch\\\/#primaryimage\"},\"image\":{\"@id\":\"https:\\\/\\\/alja.ch\\\/fr\\\/produit\\\/gabardine-stretch\\\/#primaryimage\"},\"thumbnailUrl\":\"https:\\\/\\\/alja.ch\\\/wp-content\\\/uploads\\\/2025\\\/10\\\/4129-1349-1345.jpg\",\"datePublished\":\"2025-10-01T07:29:38+00:00\",\"dateModified\":\"2026-01-18T16:48:10+00:00\",\"description\":\"\u00c9l\u00e9gant tissu gabardine stretch. 62% polyester, 32% viscose, 6% \u00e9lasthanne. Parfait pour les pantalons d'affaires, les costumes, les jupes et les blazers.\",\"breadcrumb\":{\"@id\":\"https:\\\/\\\/alja.ch\\\/fr\\\/produit\\\/gabardine-stretch\\\/#breadcrumb\"},\"inLanguage\":\"fr-FR\",\"potentialAction\":[{\"@type\":\"ReadAction\",\"target\":[\"https:\\\/\\\/alja.ch\\\/fr\\\/produit\\\/gabardine-stretch\\\/\"]}]},{\"@type\":\"ImageObject\",\"inLanguage\":\"fr-FR\",\"@id\":\"https:\\\/\\\/alja.ch\\\/fr\\\/produit\\\/gabardine-stretch\\\/#primaryimage\",\"url\":\"https:\\\/\\\/alja.ch\\\/wp-content\\\/uploads\\\/2025\\\/10\\\/4129-1349-1345.jpg\",\"contentUrl\":\"https:\\\/\\\/alja.ch\\\/wp-content\\\/uploads\\\/2025\\\/10\\\/4129-1349-1345.jpg\",\"width\":1961,\"height\":1961},{\"@type\":\"BreadcrumbList\",\"@id\":\"https:\\\/\\\/alja.ch\\\/fr\\\/produit\\\/gabardine-stretch\\\/#breadcrumb\",\"itemListElement\":[{\"@type\":\"ListItem\",\"position\":1,\"name\":\"Startseite\",\"item\":\"https:\\\/\\\/alja.ch\\\/fr\\\/\"},{\"@type\":\"ListItem\",\"position\":2,\"name\":\"Boutique\",\"item\":\"https:\\\/\\\/alja.ch\\\/fr\\\/boutique\\\/\"},{\"@type\":\"ListItem\",\"position\":3,\"name\":\"Gabardine stretch\"}]},{\"@type\":\"WebSite\",\"@id\":\"https:\\\/\\\/alja.ch\\\/fr\\\/#website\",\"url\":\"https:\\\/\\\/alja.ch\\\/fr\\\/\",\"name\":\"Alja.ch\",\"description\":\"Stoffe &amp; Mercerie online einkaufen!\",\"publisher\":{\"@id\":\"https:\\\/\\\/alja.ch\\\/fr\\\/#organization\"},\"potentialAction\":[{\"@type\":\"SearchAction\",\"target\":{\"@type\":\"EntryPoint\",\"urlTemplate\":\"https:\\\/\\\/alja.ch\\\/fr\\\/?s={search_term_string}\"},\"query-input\":{\"@type\":\"PropertyValueSpecification\",\"valueRequired\":true,\"valueName\":\"search_term_string\"}}],\"inLanguage\":\"fr-FR\"},{\"@type\":\"Organization\",\"@id\":\"https:\\\/\\\/alja.ch\\\/fr\\\/#organization\",\"name\":\"ALJA Nouveau AG\",\"url\":\"https:\\\/\\\/alja.ch\\\/fr\\\/\",\"logo\":{\"@type\":\"ImageObject\",\"inLanguage\":\"fr-FR\",\"@id\":\"https:\\\/\\\/alja.ch\\\/fr\\\/#\\\/schema\\\/logo\\\/image\\\/\",\"url\":\"https:\\\/\\\/alja.ch\\\/wp-content\\\/uploads\\\/kg-logo-alja.png\",\"contentUrl\":\"https:\\\/\\\/alja.ch\\\/wp-content\\\/uploads\\\/kg-logo-alja.png\",\"width\":1000,\"height\":1000,\"caption\":\"ALJA Nouveau AG\"},\"image\":{\"@id\":\"https:\\\/\\\/alja.ch\\\/fr\\\/#\\\/schema\\\/logo\\\/image\\\/\"},\"sameAs\":[\"https:\\\/\\\/www.facebook.com\\\/aljastoffe\\\/\",\"https:\\\/\\\/www.instagram.com\\\/alja_stoffe_mercerie\\\/\",\"https:\\\/\\\/www.youtube.com\\\/channel\\\/UCf6430U9yN-o6rk-Nw4TDqA\"]}]}<\/script>\n<!-- \/ Yoast SEO plugin. -->","yoast_head_json":{"title":"Gabardine stretch &#8212;Achetez maintenant des tissus d'hiver chez Alja.ch","description":"\u00c9l\u00e9gant tissu gabardine stretch. 62% polyester, 32% viscose, 6% \u00e9lasthanne. Parfait pour les pantalons d'affaires, les costumes, les jupes et les blazers.","robots":{"index":"index","follow":"follow","max-snippet":"max-snippet:-1","max-image-preview":"max-image-preview:large","max-video-preview":"max-video-preview:-1"},"canonical":"https:\/\/alja.ch\/fr\/produit\/gabardine-stretch\/","og_locale":"fr_FR","og_type":"article","og_title":"Gabardine stretch &#8212;Achetez maintenant des tissus d'hiver chez Alja.ch","og_description":"\u00c9l\u00e9gant tissu gabardine stretch. 62% polyester, 32% viscose, 6% \u00e9lasthanne. Parfait pour les pantalons d'affaires, les costumes, les jupes et les blazers.","og_url":"https:\/\/alja.ch\/fr\/produit\/gabardine-stretch\/","og_site_name":"Alja.ch","article_publisher":"https:\/\/www.facebook.com\/aljastoffe\/","article_modified_time":"2026-01-18T16:48:10+00:00","og_image":[{"width":1961,"height":1961,"url":"https:\/\/alja.ch\/wp-content\/uploads\/2025\/10\/4129-1349-1345.jpg","type":"image\/jpeg"}],"twitter_card":"summary_large_image","twitter_misc":{"Dur\u00e9e de lecture estim\u00e9e":"1 minute"},"schema":{"@context":"https:\/\/schema.org","@graph":[{"@type":"WebPage","@id":"https:\/\/alja.ch\/fr\/produit\/gabardine-stretch\/","url":"https:\/\/alja.ch\/fr\/produit\/gabardine-stretch\/","name":"Gabardine stretch &#8212;Achetez maintenant des tissus d'hiver chez Alja.ch","isPartOf":{"@id":"https:\/\/alja.ch\/fr\/#website"},"primaryImageOfPage":{"@id":"https:\/\/alja.ch\/fr\/produit\/gabardine-stretch\/#primaryimage"},"image":{"@id":"https:\/\/alja.ch\/fr\/produit\/gabardine-stretch\/#primaryimage"},"thumbnailUrl":"https:\/\/alja.ch\/wp-content\/uploads\/2025\/10\/4129-1349-1345.jpg","datePublished":"2025-10-01T07:29:38+00:00","dateModified":"2026-01-18T16:48:10+00:00","description":"\u00c9l\u00e9gant tissu gabardine stretch. 62% polyester, 32% viscose, 6% \u00e9lasthanne. Parfait pour les pantalons d'affaires, les costumes, les jupes et les blazers.","breadcrumb":{"@id":"https:\/\/alja.ch\/fr\/produit\/gabardine-stretch\/#breadcrumb"},"inLanguage":"fr-FR","potentialAction":[{"@type":"ReadAction","target":["https:\/\/alja.ch\/fr\/produit\/gabardine-stretch\/"]}]},{"@type":"ImageObject","inLanguage":"fr-FR","@id":"https:\/\/alja.ch\/fr\/produit\/gabardine-stretch\/#primaryimage","url":"https:\/\/alja.ch\/wp-content\/uploads\/2025\/10\/4129-1349-1345.jpg","contentUrl":"https:\/\/alja.ch\/wp-content\/uploads\/2025\/10\/4129-1349-1345.jpg","width":1961,"height":1961},{"@type":"BreadcrumbList","@id":"https:\/\/alja.ch\/fr\/produit\/gabardine-stretch\/#breadcrumb","itemListElement":[{"@type":"ListItem","position":1,"name":"Startseite","item":"https:\/\/alja.ch\/fr\/"},{"@type":"ListItem","position":2,"name":"Boutique","item":"https:\/\/alja.ch\/fr\/boutique\/"},{"@type":"ListItem","position":3,"name":"Gabardine stretch"}]},{"@type":"WebSite","@id":"https:\/\/alja.ch\/fr\/#website","url":"https:\/\/alja.ch\/fr\/","name":"Alja.ch","description":"Stoffe &amp; Mercerie online einkaufen!","publisher":{"@id":"https:\/\/alja.ch\/fr\/#organization"},"potentialAction":[{"@type":"SearchAction","target":{"@type":"EntryPoint","urlTemplate":"https:\/\/alja.ch\/fr\/?s={search_term_string}"},"query-input":{"@type":"PropertyValueSpecification","valueRequired":true,"valueName":"search_term_string"}}],"inLanguage":"fr-FR"},{"@type":"Organization","@id":"https:\/\/alja.ch\/fr\/#organization","name":"ALJA Nouveau AG","url":"https:\/\/alja.ch\/fr\/","logo":{"@type":"ImageObject","inLanguage":"fr-FR","@id":"https:\/\/alja.ch\/fr\/#\/schema\/logo\/image\/","url":"https:\/\/alja.ch\/wp-content\/uploads\/kg-logo-alja.png","contentUrl":"https:\/\/alja.ch\/wp-content\/uploads\/kg-logo-alja.png","width":1000,"height":1000,"caption":"ALJA Nouveau AG"},"image":{"@id":"https:\/\/alja.ch\/fr\/#\/schema\/logo\/image\/"},"sameAs":["https:\/\/www.facebook.com\/aljastoffe\/","https:\/\/www.instagram.com\/alja_stoffe_mercerie\/","https:\/\/www.youtube.com\/channel\/UCf6430U9yN-o6rk-Nw4TDqA"]}]}},"_links":{"self":[{"href":"https:\/\/alja.ch\/fr\/wp-json\/wp\/v2\/product\/41418","targetHints":{"allow":["GET"]}}],"collection":[{"href":"https:\/\/alja.ch\/fr\/wp-json\/wp\/v2\/product"}],"about":[{"href":"https:\/\/alja.ch\/fr\/wp-json\/wp\/v2\/types\/product"}],"replies":[{"embeddable":true,"href":"https:\/\/alja.ch\/fr\/wp-json\/wp\/v2\/comments?post=41418"}],"wp:featuredmedia":[{"embeddable":true,"href":"https:\/\/alja.ch\/fr\/wp-json\/wp\/v2\/media\/41415"}],"wp:attachment":[{"href":"https:\/\/alja.ch\/fr\/wp-json\/wp\/v2\/media?parent=41418"}],"wp:term":[{"taxonomy":"product_brand","embeddable":true,"href":"https:\/\/alja.ch\/fr\/wp-json\/wp\/v2\/product_brand?post=41418"},{"taxonomy":"product_cat","embeddable":true,"href":"https:\/\/alja.ch\/fr\/wp-json\/wp\/v2\/product_cat?post=41418"},{"taxonomy":"product_tag","embeddable":true,"href":"https:\/\/alja.ch\/fr\/wp-json\/wp\/v2\/product_tag?post=41418"}],"curies":[{"name":"wp","href":"https:\/\/api.w.org\/{rel}","templated":true}]}}