{"id":40862,"date":"2025-09-17T11:53:11","date_gmt":"2025-09-17T09:53:11","guid":{"rendered":"https:\/\/alja.ch\/produkt\/filet-chatoyant-metallique-turquoise\/"},"modified":"2025-10-16T16:41:45","modified_gmt":"2025-10-16T14:41:45","slug":"filet-chatoyant-metallique-turquoise","status":"publish","type":"product","link":"https:\/\/alja.ch\/fr\/produit\/filet-chatoyant-metallique-turquoise\/","title":{"rendered":"Filet chatoyant m\u00e9tallique - turquoise"},"content":{"rendered":"<p data-start=\"242\" data-end=\"432\">Ce tissu \u00e0 mailles chatoyantes attire tous les regards ! Avec son fascinant <strong data-start=\"336\" data-end=\"365\">\u00e9clat turquoise m\u00e9tallique<\/strong> dans diff\u00e9rentes nuances de bleu, il fait briller chaque projet. <\/p>\n<p data-start=\"434\" data-end=\"693\">La structure l\u00e9g\u00e8re et a\u00e9r\u00e9e de la maille assure le confort, tandis que le rev\u00eatement brillant donne un effet spectaculaire. Gr\u00e2ce au m\u00e9lange de <strong data-start=\"591\" data-end=\"626\">95 % de polyester <\/strong>et <strong data-start=\"591\" data-end=\"626\">de 5 % d&rsquo;\u00e9lasthanne<\/strong>, le tissu est extensible, ind\u00e9formable et agr\u00e9able sur la peau. <\/p>\n<p data-start=\"434\" data-end=\"693\">Cr\u00e9ez un costume inoubliable et faites forte impression avec ce tissu de carnaval unique !<\/p>\n<h2 data-start=\"1103\" data-end=\"1121\"><\/h2>\n","protected":false},"excerpt":{"rendered":"<p>Filet extensible turquoise m\u00e9tallis\u00e9 aux reflets iris\u00e9s. Id\u00e9al pour les costumes, les v\u00eatements de danse et les projets cr\u00e9atifs. <\/p>\n","protected":false},"featured_media":40461,"comment_status":"closed","ping_status":"closed","template":"","meta":{"_acf_changed":false},"product_brand":[],"product_cat":[159,153],"product_tag":[2984,2992,2988],"class_list":{"0":"post-40862","1":"product","2":"type-product","3":"status-publish","4":"has-post-thumbnail","6":"product_cat-carnaval","7":"product_cat-tissus","8":"product_tag-carnaval-fr","9":"product_tag-metallic-fr","10":"product_tag-tissu-pour-costumes","11":"product_shipping_class-colis-standard","13":"first","14":"instock","15":"shipping-taxable","16":"purchasable","17":"product-type-simple"},"acf":[],"yoast_head":"<!-- This site is optimized with the Yoast SEO plugin v27.4 - https:\/\/yoast.com\/product\/yoast-seo-wordpress\/ -->\n<title>Mati\u00e8re de carnaval : Filet chatoyant m\u00e9tallique - turquoise %sepsitename%%<\/title>\n<meta name=\"description\" content=\"Tissu filet chatoyant turquoise m\u00e9tallis\u00e9 avec effet scintillant iris\u00e9. 95 % polyester, 5 % \u00e9lasthanne, 140 cm de large. Parfait pour le carnaval, les v\u00eatements de danse\" \/>\n<meta name=\"robots\" content=\"index, follow, max-snippet:-1, max-image-preview:large, max-video-preview:-1\" \/>\n<link rel=\"canonical\" href=\"https:\/\/alja.ch\/fr\/produit\/filet-chatoyant-metallique-turquoise\/\" \/>\n<meta property=\"og:locale\" content=\"fr_FR\" \/>\n<meta property=\"og:type\" content=\"article\" \/>\n<meta property=\"og:title\" content=\"Mati\u00e8re de carnaval : Filet chatoyant m\u00e9tallique - turquoise %sepsitename%%\" \/>\n<meta property=\"og:description\" content=\"Tissu filet chatoyant turquoise m\u00e9tallis\u00e9 avec effet scintillant iris\u00e9. 95 % polyester, 5 % \u00e9lasthanne, 140 cm de large. Parfait pour le carnaval, les v\u00eatements de danse\" \/>\n<meta property=\"og:url\" content=\"https:\/\/alja.ch\/fr\/produit\/filet-chatoyant-metallique-turquoise\/\" \/>\n<meta property=\"og:site_name\" content=\"Alja.ch\" \/>\n<meta property=\"article:publisher\" content=\"https:\/\/www.facebook.com\/aljastoffe\/\" \/>\n<meta property=\"article:modified_time\" content=\"2025-10-16T14:41:45+00:00\" \/>\n<meta property=\"og:image\" content=\"https:\/\/alja.ch\/wp-content\/uploads\/13646-2-1-scaled.jpeg\" \/>\n\t<meta property=\"og:image:width\" content=\"2560\" \/>\n\t<meta property=\"og:image:height\" content=\"2560\" \/>\n\t<meta property=\"og:image:type\" content=\"image\/jpeg\" \/>\n<meta name=\"twitter:card\" content=\"summary_large_image\" \/>\n<meta name=\"twitter:label1\" content=\"Dur\u00e9e de lecture estim\u00e9e\" \/>\n\t<meta name=\"twitter:data1\" content=\"1 minute\" \/>\n<script type=\"application\/ld+json\" class=\"yoast-schema-graph\">{\"@context\":\"https:\\\/\\\/schema.org\",\"@graph\":[{\"@type\":\"WebPage\",\"@id\":\"https:\\\/\\\/alja.ch\\\/fr\\\/produit\\\/filet-chatoyant-metallique-turquoise\\\/\",\"url\":\"https:\\\/\\\/alja.ch\\\/fr\\\/produit\\\/filet-chatoyant-metallique-turquoise\\\/\",\"name\":\"Mati\u00e8re de carnaval : Filet chatoyant m\u00e9tallique - turquoise %sepsitename%%\",\"isPartOf\":{\"@id\":\"https:\\\/\\\/alja.ch\\\/fr\\\/#website\"},\"primaryImageOfPage\":{\"@id\":\"https:\\\/\\\/alja.ch\\\/fr\\\/produit\\\/filet-chatoyant-metallique-turquoise\\\/#primaryimage\"},\"image\":{\"@id\":\"https:\\\/\\\/alja.ch\\\/fr\\\/produit\\\/filet-chatoyant-metallique-turquoise\\\/#primaryimage\"},\"thumbnailUrl\":\"https:\\\/\\\/alja.ch\\\/wp-content\\\/uploads\\\/13646-2-1-scaled.jpeg\",\"datePublished\":\"2025-09-17T09:53:11+00:00\",\"dateModified\":\"2025-10-16T14:41:45+00:00\",\"description\":\"Tissu filet chatoyant turquoise m\u00e9tallis\u00e9 avec effet scintillant iris\u00e9. 95 % polyester, 5 % \u00e9lasthanne, 140 cm de large. Parfait pour le carnaval, les v\u00eatements de danse\",\"breadcrumb\":{\"@id\":\"https:\\\/\\\/alja.ch\\\/fr\\\/produit\\\/filet-chatoyant-metallique-turquoise\\\/#breadcrumb\"},\"inLanguage\":\"fr-FR\",\"potentialAction\":[{\"@type\":\"ReadAction\",\"target\":[\"https:\\\/\\\/alja.ch\\\/fr\\\/produit\\\/filet-chatoyant-metallique-turquoise\\\/\"]}]},{\"@type\":\"ImageObject\",\"inLanguage\":\"fr-FR\",\"@id\":\"https:\\\/\\\/alja.ch\\\/fr\\\/produit\\\/filet-chatoyant-metallique-turquoise\\\/#primaryimage\",\"url\":\"https:\\\/\\\/alja.ch\\\/wp-content\\\/uploads\\\/13646-2-1-scaled.jpeg\",\"contentUrl\":\"https:\\\/\\\/alja.ch\\\/wp-content\\\/uploads\\\/13646-2-1-scaled.jpeg\",\"width\":2560,\"height\":2560},{\"@type\":\"BreadcrumbList\",\"@id\":\"https:\\\/\\\/alja.ch\\\/fr\\\/produit\\\/filet-chatoyant-metallique-turquoise\\\/#breadcrumb\",\"itemListElement\":[{\"@type\":\"ListItem\",\"position\":1,\"name\":\"Startseite\",\"item\":\"https:\\\/\\\/alja.ch\\\/fr\\\/\"},{\"@type\":\"ListItem\",\"position\":2,\"name\":\"Boutique\",\"item\":\"https:\\\/\\\/alja.ch\\\/fr\\\/boutique\\\/\"},{\"@type\":\"ListItem\",\"position\":3,\"name\":\"Filet chatoyant m\u00e9tallique &#8211; turquoise\"}]},{\"@type\":\"WebSite\",\"@id\":\"https:\\\/\\\/alja.ch\\\/fr\\\/#website\",\"url\":\"https:\\\/\\\/alja.ch\\\/fr\\\/\",\"name\":\"Alja.ch\",\"description\":\"Stoffe &amp; Mercerie online einkaufen!\",\"publisher\":{\"@id\":\"https:\\\/\\\/alja.ch\\\/fr\\\/#organization\"},\"potentialAction\":[{\"@type\":\"SearchAction\",\"target\":{\"@type\":\"EntryPoint\",\"urlTemplate\":\"https:\\\/\\\/alja.ch\\\/fr\\\/?s={search_term_string}\"},\"query-input\":{\"@type\":\"PropertyValueSpecification\",\"valueRequired\":true,\"valueName\":\"search_term_string\"}}],\"inLanguage\":\"fr-FR\"},{\"@type\":\"Organization\",\"@id\":\"https:\\\/\\\/alja.ch\\\/fr\\\/#organization\",\"name\":\"ALJA Nouveau AG\",\"url\":\"https:\\\/\\\/alja.ch\\\/fr\\\/\",\"logo\":{\"@type\":\"ImageObject\",\"inLanguage\":\"fr-FR\",\"@id\":\"https:\\\/\\\/alja.ch\\\/fr\\\/#\\\/schema\\\/logo\\\/image\\\/\",\"url\":\"https:\\\/\\\/alja.ch\\\/wp-content\\\/uploads\\\/kg-logo-alja.png\",\"contentUrl\":\"https:\\\/\\\/alja.ch\\\/wp-content\\\/uploads\\\/kg-logo-alja.png\",\"width\":1000,\"height\":1000,\"caption\":\"ALJA Nouveau AG\"},\"image\":{\"@id\":\"https:\\\/\\\/alja.ch\\\/fr\\\/#\\\/schema\\\/logo\\\/image\\\/\"},\"sameAs\":[\"https:\\\/\\\/www.facebook.com\\\/aljastoffe\\\/\",\"https:\\\/\\\/www.instagram.com\\\/alja_stoffe_mercerie\\\/\",\"https:\\\/\\\/www.youtube.com\\\/channel\\\/UCf6430U9yN-o6rk-Nw4TDqA\"]}]}<\/script>\n<!-- \/ Yoast SEO plugin. -->","yoast_head_json":{"title":"Mati\u00e8re de carnaval : Filet chatoyant m\u00e9tallique - turquoise %sepsitename%%","description":"Tissu filet chatoyant turquoise m\u00e9tallis\u00e9 avec effet scintillant iris\u00e9. 95 % polyester, 5 % \u00e9lasthanne, 140 cm de large. Parfait pour le carnaval, les v\u00eatements de danse","robots":{"index":"index","follow":"follow","max-snippet":"max-snippet:-1","max-image-preview":"max-image-preview:large","max-video-preview":"max-video-preview:-1"},"canonical":"https:\/\/alja.ch\/fr\/produit\/filet-chatoyant-metallique-turquoise\/","og_locale":"fr_FR","og_type":"article","og_title":"Mati\u00e8re de carnaval : Filet chatoyant m\u00e9tallique - turquoise %sepsitename%%","og_description":"Tissu filet chatoyant turquoise m\u00e9tallis\u00e9 avec effet scintillant iris\u00e9. 95 % polyester, 5 % \u00e9lasthanne, 140 cm de large. Parfait pour le carnaval, les v\u00eatements de danse","og_url":"https:\/\/alja.ch\/fr\/produit\/filet-chatoyant-metallique-turquoise\/","og_site_name":"Alja.ch","article_publisher":"https:\/\/www.facebook.com\/aljastoffe\/","article_modified_time":"2025-10-16T14:41:45+00:00","og_image":[{"width":2560,"height":2560,"url":"https:\/\/alja.ch\/wp-content\/uploads\/13646-2-1-scaled.jpeg","type":"image\/jpeg"}],"twitter_card":"summary_large_image","twitter_misc":{"Dur\u00e9e de lecture estim\u00e9e":"1 minute"},"schema":{"@context":"https:\/\/schema.org","@graph":[{"@type":"WebPage","@id":"https:\/\/alja.ch\/fr\/produit\/filet-chatoyant-metallique-turquoise\/","url":"https:\/\/alja.ch\/fr\/produit\/filet-chatoyant-metallique-turquoise\/","name":"Mati\u00e8re de carnaval : Filet chatoyant m\u00e9tallique - turquoise %sepsitename%%","isPartOf":{"@id":"https:\/\/alja.ch\/fr\/#website"},"primaryImageOfPage":{"@id":"https:\/\/alja.ch\/fr\/produit\/filet-chatoyant-metallique-turquoise\/#primaryimage"},"image":{"@id":"https:\/\/alja.ch\/fr\/produit\/filet-chatoyant-metallique-turquoise\/#primaryimage"},"thumbnailUrl":"https:\/\/alja.ch\/wp-content\/uploads\/13646-2-1-scaled.jpeg","datePublished":"2025-09-17T09:53:11+00:00","dateModified":"2025-10-16T14:41:45+00:00","description":"Tissu filet chatoyant turquoise m\u00e9tallis\u00e9 avec effet scintillant iris\u00e9. 95 % polyester, 5 % \u00e9lasthanne, 140 cm de large. Parfait pour le carnaval, les v\u00eatements de danse","breadcrumb":{"@id":"https:\/\/alja.ch\/fr\/produit\/filet-chatoyant-metallique-turquoise\/#breadcrumb"},"inLanguage":"fr-FR","potentialAction":[{"@type":"ReadAction","target":["https:\/\/alja.ch\/fr\/produit\/filet-chatoyant-metallique-turquoise\/"]}]},{"@type":"ImageObject","inLanguage":"fr-FR","@id":"https:\/\/alja.ch\/fr\/produit\/filet-chatoyant-metallique-turquoise\/#primaryimage","url":"https:\/\/alja.ch\/wp-content\/uploads\/13646-2-1-scaled.jpeg","contentUrl":"https:\/\/alja.ch\/wp-content\/uploads\/13646-2-1-scaled.jpeg","width":2560,"height":2560},{"@type":"BreadcrumbList","@id":"https:\/\/alja.ch\/fr\/produit\/filet-chatoyant-metallique-turquoise\/#breadcrumb","itemListElement":[{"@type":"ListItem","position":1,"name":"Startseite","item":"https:\/\/alja.ch\/fr\/"},{"@type":"ListItem","position":2,"name":"Boutique","item":"https:\/\/alja.ch\/fr\/boutique\/"},{"@type":"ListItem","position":3,"name":"Filet chatoyant m\u00e9tallique &#8211; turquoise"}]},{"@type":"WebSite","@id":"https:\/\/alja.ch\/fr\/#website","url":"https:\/\/alja.ch\/fr\/","name":"Alja.ch","description":"Stoffe &amp; Mercerie online einkaufen!","publisher":{"@id":"https:\/\/alja.ch\/fr\/#organization"},"potentialAction":[{"@type":"SearchAction","target":{"@type":"EntryPoint","urlTemplate":"https:\/\/alja.ch\/fr\/?s={search_term_string}"},"query-input":{"@type":"PropertyValueSpecification","valueRequired":true,"valueName":"search_term_string"}}],"inLanguage":"fr-FR"},{"@type":"Organization","@id":"https:\/\/alja.ch\/fr\/#organization","name":"ALJA Nouveau AG","url":"https:\/\/alja.ch\/fr\/","logo":{"@type":"ImageObject","inLanguage":"fr-FR","@id":"https:\/\/alja.ch\/fr\/#\/schema\/logo\/image\/","url":"https:\/\/alja.ch\/wp-content\/uploads\/kg-logo-alja.png","contentUrl":"https:\/\/alja.ch\/wp-content\/uploads\/kg-logo-alja.png","width":1000,"height":1000,"caption":"ALJA Nouveau AG"},"image":{"@id":"https:\/\/alja.ch\/fr\/#\/schema\/logo\/image\/"},"sameAs":["https:\/\/www.facebook.com\/aljastoffe\/","https:\/\/www.instagram.com\/alja_stoffe_mercerie\/","https:\/\/www.youtube.com\/channel\/UCf6430U9yN-o6rk-Nw4TDqA"]}]}},"_links":{"self":[{"href":"https:\/\/alja.ch\/fr\/wp-json\/wp\/v2\/product\/40862","targetHints":{"allow":["GET"]}}],"collection":[{"href":"https:\/\/alja.ch\/fr\/wp-json\/wp\/v2\/product"}],"about":[{"href":"https:\/\/alja.ch\/fr\/wp-json\/wp\/v2\/types\/product"}],"replies":[{"embeddable":true,"href":"https:\/\/alja.ch\/fr\/wp-json\/wp\/v2\/comments?post=40862"}],"wp:featuredmedia":[{"embeddable":true,"href":"https:\/\/alja.ch\/fr\/wp-json\/wp\/v2\/media\/40461"}],"wp:attachment":[{"href":"https:\/\/alja.ch\/fr\/wp-json\/wp\/v2\/media?parent=40862"}],"wp:term":[{"taxonomy":"product_brand","embeddable":true,"href":"https:\/\/alja.ch\/fr\/wp-json\/wp\/v2\/product_brand?post=40862"},{"taxonomy":"product_cat","embeddable":true,"href":"https:\/\/alja.ch\/fr\/wp-json\/wp\/v2\/product_cat?post=40862"},{"taxonomy":"product_tag","embeddable":true,"href":"https:\/\/alja.ch\/fr\/wp-json\/wp\/v2\/product_tag?post=40862"}],"curies":[{"name":"wp","href":"https:\/\/api.w.org\/{rel}","templated":true}]}}