{"id":39836,"date":"2025-09-10T08:32:38","date_gmt":"2025-09-10T06:32:38","guid":{"rendered":"https:\/\/alja.ch\/?post_type=product&#038;p=39836"},"modified":"2025-09-15T18:01:04","modified_gmt":"2025-09-15T16:01:04","slug":"patrons-burda-sweat-shirt","status":"publish","type":"product","link":"https:\/\/alja.ch\/fr\/produit\/patrons-burda-sweat-shirt\/","title":{"rendered":"Patrons Burda, sweat-shirt"},"content":{"rendered":"<p data-start=\"223\" data-end=\"358\">Avec ce <strong data-start=\"234\" data-end=\"263\">patron burda style<\/strong>, tu peux r\u00e9aliser <strong data-start=\"277\" data-end=\"314\">deux mod\u00e8les de sweatshirts <\/strong>modernes qui allient \u00e0 la perfection confort et style :<\/p>\n<p data-start=\"362\" data-end=\"517\">Mod\u00e8le 1 : <strong data-start=\"388\" data-end=\"425\">sweat-shirt tendance \u00e0 manches volumineuses<\/strong> et <strong data-start=\"430\" data-end=\"459\">poignets longs et \u00e9troits<\/strong> \u2013 un v\u00e9ritable accroche-regard qui est \u00e9galement tr\u00e8s confortable.<\/p>\n<p data-start=\"520\" data-end=\"641\">Mod\u00e8le 2 : <strong data-start=\"545\" data-end=\"583\">sweat-shirt d\u00e9contract\u00e9 \u00e0 ourlets arrondis<\/strong> et <strong data-start=\"588\" data-end=\"606\">coupe ample<\/strong>, pour un look d\u00e9contract\u00e9.<\/p>\n<p data-start=\"643\" data-end=\"811\">Les mod\u00e8les sont con\u00e7us pour les <strong data-start=\"664\" data-end=\"688\">tissus extensibles <\/strong>tels que les tricots, les sweatshirts ou les jerseys \u00e9pais. Ils sont donc agr\u00e9ables \u00e0 porter et faciles \u00e0 travailler.<\/p>\n<p data-start=\"815\" data-end=\"851\"><strong data-start=\"815\" data-end=\"825\">Niveau <\/strong>: 2 (pour d\u00e9butants exp\u00e9riment\u00e9s)<\/p>\n<p data-start=\"959\" data-end=\"980\"><strong data-start=\"959\" data-end=\"970\">Tailles :<\/strong> 36 \u2013 46<\/p>\n","protected":false},"excerpt":{"rendered":"<p data-start=\"1424\" data-end=\"1574\">Deux patrons de sweat-shirt burda style en taille 36-46, niveau 2. Variante \u00e0 manches volumineuses ou sweat-shirt d\u00e9contract\u00e9 \u00e0 ourlets arrondis.<\/p>\n","protected":false},"featured_media":39839,"comment_status":"closed","ping_status":"closed","template":"","meta":{"_acf_changed":false},"product_brand":[],"product_cat":[795,711,819],"product_tag":[1732,1733,2824,2836],"class_list":{"0":"post-39836","1":"product","2":"type-product","3":"status-publish","4":"has-post-thumbnail","6":"product_cat-femmes-fr","7":"product_cat-patron-fr","8":"product_cat-pullover-fr","9":"product_tag-burda-fr","10":"product_tag-patron","11":"product_tag-patrons-faciles","12":"product_tag-taille-36-48-fr","13":"product_shipping_class-bon-dachat-et-patron","15":"first","16":"instock","17":"shipping-taxable","18":"purchasable","19":"product-type-simple"},"acf":[],"yoast_head":"<!-- This site is optimized with the Yoast SEO plugin v27.4 - https:\/\/yoast.com\/product\/yoast-seo-wordpress\/ -->\n<title>Patrons Burda, sweat-shirt &#8212; Alja.ch<\/title>\n<meta name=\"description\" content=\"Patron burda style Sweat-shirt pour femme \u2013 2 variantes, tailles 36\u201346, niveau 2. Manches volumineuses avec bordures ou sweat-shirt avec ourlets arrondis\" \/>\n<meta name=\"robots\" content=\"index, follow, max-snippet:-1, max-image-preview:large, max-video-preview:-1\" \/>\n<link rel=\"canonical\" href=\"https:\/\/alja.ch\/fr\/produit\/patrons-burda-sweat-shirt\/\" \/>\n<meta property=\"og:locale\" content=\"fr_FR\" \/>\n<meta property=\"og:type\" content=\"article\" \/>\n<meta property=\"og:title\" content=\"Patrons Burda, sweat-shirt &#8212; Alja.ch\" \/>\n<meta property=\"og:description\" content=\"Patron burda style Sweat-shirt pour femme \u2013 2 variantes, tailles 36\u201346, niveau 2. Manches volumineuses avec bordures ou sweat-shirt avec ourlets arrondis\" \/>\n<meta property=\"og:url\" content=\"https:\/\/alja.ch\/fr\/produit\/patrons-burda-sweat-shirt\/\" \/>\n<meta property=\"og:site_name\" content=\"Alja.ch\" \/>\n<meta property=\"article:publisher\" content=\"https:\/\/www.facebook.com\/aljastoffe\/\" \/>\n<meta property=\"article:modified_time\" content=\"2025-09-15T16:01:04+00:00\" \/>\n<meta property=\"og:image\" content=\"https:\/\/alja.ch\/wp-content\/uploads\/5716.5.jpg\" \/>\n\t<meta property=\"og:image:width\" content=\"1465\" \/>\n\t<meta property=\"og:image:height\" content=\"2244\" \/>\n\t<meta property=\"og:image:type\" content=\"image\/jpeg\" \/>\n<meta name=\"twitter:card\" content=\"summary_large_image\" \/>\n<meta name=\"twitter:label1\" content=\"Dur\u00e9e de lecture estim\u00e9e\" \/>\n\t<meta name=\"twitter:data1\" content=\"1 minute\" \/>\n<script type=\"application\/ld+json\" class=\"yoast-schema-graph\">{\"@context\":\"https:\\\/\\\/schema.org\",\"@graph\":[{\"@type\":\"WebPage\",\"@id\":\"https:\\\/\\\/alja.ch\\\/fr\\\/produit\\\/patrons-burda-sweat-shirt\\\/\",\"url\":\"https:\\\/\\\/alja.ch\\\/fr\\\/produit\\\/patrons-burda-sweat-shirt\\\/\",\"name\":\"Patrons Burda, sweat-shirt &#8212; Alja.ch\",\"isPartOf\":{\"@id\":\"https:\\\/\\\/alja.ch\\\/fr\\\/#website\"},\"primaryImageOfPage\":{\"@id\":\"https:\\\/\\\/alja.ch\\\/fr\\\/produit\\\/patrons-burda-sweat-shirt\\\/#primaryimage\"},\"image\":{\"@id\":\"https:\\\/\\\/alja.ch\\\/fr\\\/produit\\\/patrons-burda-sweat-shirt\\\/#primaryimage\"},\"thumbnailUrl\":\"https:\\\/\\\/alja.ch\\\/wp-content\\\/uploads\\\/5716.5.jpg\",\"datePublished\":\"2025-09-10T06:32:38+00:00\",\"dateModified\":\"2025-09-15T16:01:04+00:00\",\"description\":\"Patron burda style Sweat-shirt pour femme \u2013 2 variantes, tailles 36\u201346, niveau 2. Manches volumineuses avec bordures ou sweat-shirt avec ourlets arrondis\",\"breadcrumb\":{\"@id\":\"https:\\\/\\\/alja.ch\\\/fr\\\/produit\\\/patrons-burda-sweat-shirt\\\/#breadcrumb\"},\"inLanguage\":\"fr-FR\",\"potentialAction\":[{\"@type\":\"ReadAction\",\"target\":[\"https:\\\/\\\/alja.ch\\\/fr\\\/produit\\\/patrons-burda-sweat-shirt\\\/\"]}]},{\"@type\":\"ImageObject\",\"inLanguage\":\"fr-FR\",\"@id\":\"https:\\\/\\\/alja.ch\\\/fr\\\/produit\\\/patrons-burda-sweat-shirt\\\/#primaryimage\",\"url\":\"https:\\\/\\\/alja.ch\\\/wp-content\\\/uploads\\\/5716.5.jpg\",\"contentUrl\":\"https:\\\/\\\/alja.ch\\\/wp-content\\\/uploads\\\/5716.5.jpg\",\"width\":1465,\"height\":2244},{\"@type\":\"BreadcrumbList\",\"@id\":\"https:\\\/\\\/alja.ch\\\/fr\\\/produit\\\/patrons-burda-sweat-shirt\\\/#breadcrumb\",\"itemListElement\":[{\"@type\":\"ListItem\",\"position\":1,\"name\":\"Startseite\",\"item\":\"https:\\\/\\\/alja.ch\\\/fr\\\/\"},{\"@type\":\"ListItem\",\"position\":2,\"name\":\"Boutique\",\"item\":\"https:\\\/\\\/alja.ch\\\/fr\\\/boutique\\\/\"},{\"@type\":\"ListItem\",\"position\":3,\"name\":\"Patrons Burda, sweat-shirt\"}]},{\"@type\":\"WebSite\",\"@id\":\"https:\\\/\\\/alja.ch\\\/fr\\\/#website\",\"url\":\"https:\\\/\\\/alja.ch\\\/fr\\\/\",\"name\":\"Alja.ch\",\"description\":\"Stoffe &amp; Mercerie online einkaufen!\",\"publisher\":{\"@id\":\"https:\\\/\\\/alja.ch\\\/fr\\\/#organization\"},\"potentialAction\":[{\"@type\":\"SearchAction\",\"target\":{\"@type\":\"EntryPoint\",\"urlTemplate\":\"https:\\\/\\\/alja.ch\\\/fr\\\/?s={search_term_string}\"},\"query-input\":{\"@type\":\"PropertyValueSpecification\",\"valueRequired\":true,\"valueName\":\"search_term_string\"}}],\"inLanguage\":\"fr-FR\"},{\"@type\":\"Organization\",\"@id\":\"https:\\\/\\\/alja.ch\\\/fr\\\/#organization\",\"name\":\"ALJA Nouveau AG\",\"url\":\"https:\\\/\\\/alja.ch\\\/fr\\\/\",\"logo\":{\"@type\":\"ImageObject\",\"inLanguage\":\"fr-FR\",\"@id\":\"https:\\\/\\\/alja.ch\\\/fr\\\/#\\\/schema\\\/logo\\\/image\\\/\",\"url\":\"https:\\\/\\\/alja.ch\\\/wp-content\\\/uploads\\\/kg-logo-alja.png\",\"contentUrl\":\"https:\\\/\\\/alja.ch\\\/wp-content\\\/uploads\\\/kg-logo-alja.png\",\"width\":1000,\"height\":1000,\"caption\":\"ALJA Nouveau AG\"},\"image\":{\"@id\":\"https:\\\/\\\/alja.ch\\\/fr\\\/#\\\/schema\\\/logo\\\/image\\\/\"},\"sameAs\":[\"https:\\\/\\\/www.facebook.com\\\/aljastoffe\\\/\",\"https:\\\/\\\/www.instagram.com\\\/alja_stoffe_mercerie\\\/\",\"https:\\\/\\\/www.youtube.com\\\/channel\\\/UCf6430U9yN-o6rk-Nw4TDqA\"]}]}<\/script>\n<!-- \/ Yoast SEO plugin. -->","yoast_head_json":{"title":"Patrons Burda, sweat-shirt &#8212; Alja.ch","description":"Patron burda style Sweat-shirt pour femme \u2013 2 variantes, tailles 36\u201346, niveau 2. Manches volumineuses avec bordures ou sweat-shirt avec ourlets arrondis","robots":{"index":"index","follow":"follow","max-snippet":"max-snippet:-1","max-image-preview":"max-image-preview:large","max-video-preview":"max-video-preview:-1"},"canonical":"https:\/\/alja.ch\/fr\/produit\/patrons-burda-sweat-shirt\/","og_locale":"fr_FR","og_type":"article","og_title":"Patrons Burda, sweat-shirt &#8212; Alja.ch","og_description":"Patron burda style Sweat-shirt pour femme \u2013 2 variantes, tailles 36\u201346, niveau 2. Manches volumineuses avec bordures ou sweat-shirt avec ourlets arrondis","og_url":"https:\/\/alja.ch\/fr\/produit\/patrons-burda-sweat-shirt\/","og_site_name":"Alja.ch","article_publisher":"https:\/\/www.facebook.com\/aljastoffe\/","article_modified_time":"2025-09-15T16:01:04+00:00","og_image":[{"width":1465,"height":2244,"url":"https:\/\/alja.ch\/wp-content\/uploads\/5716.5.jpg","type":"image\/jpeg"}],"twitter_card":"summary_large_image","twitter_misc":{"Dur\u00e9e de lecture estim\u00e9e":"1 minute"},"schema":{"@context":"https:\/\/schema.org","@graph":[{"@type":"WebPage","@id":"https:\/\/alja.ch\/fr\/produit\/patrons-burda-sweat-shirt\/","url":"https:\/\/alja.ch\/fr\/produit\/patrons-burda-sweat-shirt\/","name":"Patrons Burda, sweat-shirt &#8212; Alja.ch","isPartOf":{"@id":"https:\/\/alja.ch\/fr\/#website"},"primaryImageOfPage":{"@id":"https:\/\/alja.ch\/fr\/produit\/patrons-burda-sweat-shirt\/#primaryimage"},"image":{"@id":"https:\/\/alja.ch\/fr\/produit\/patrons-burda-sweat-shirt\/#primaryimage"},"thumbnailUrl":"https:\/\/alja.ch\/wp-content\/uploads\/5716.5.jpg","datePublished":"2025-09-10T06:32:38+00:00","dateModified":"2025-09-15T16:01:04+00:00","description":"Patron burda style Sweat-shirt pour femme \u2013 2 variantes, tailles 36\u201346, niveau 2. Manches volumineuses avec bordures ou sweat-shirt avec ourlets arrondis","breadcrumb":{"@id":"https:\/\/alja.ch\/fr\/produit\/patrons-burda-sweat-shirt\/#breadcrumb"},"inLanguage":"fr-FR","potentialAction":[{"@type":"ReadAction","target":["https:\/\/alja.ch\/fr\/produit\/patrons-burda-sweat-shirt\/"]}]},{"@type":"ImageObject","inLanguage":"fr-FR","@id":"https:\/\/alja.ch\/fr\/produit\/patrons-burda-sweat-shirt\/#primaryimage","url":"https:\/\/alja.ch\/wp-content\/uploads\/5716.5.jpg","contentUrl":"https:\/\/alja.ch\/wp-content\/uploads\/5716.5.jpg","width":1465,"height":2244},{"@type":"BreadcrumbList","@id":"https:\/\/alja.ch\/fr\/produit\/patrons-burda-sweat-shirt\/#breadcrumb","itemListElement":[{"@type":"ListItem","position":1,"name":"Startseite","item":"https:\/\/alja.ch\/fr\/"},{"@type":"ListItem","position":2,"name":"Boutique","item":"https:\/\/alja.ch\/fr\/boutique\/"},{"@type":"ListItem","position":3,"name":"Patrons Burda, sweat-shirt"}]},{"@type":"WebSite","@id":"https:\/\/alja.ch\/fr\/#website","url":"https:\/\/alja.ch\/fr\/","name":"Alja.ch","description":"Stoffe &amp; Mercerie online einkaufen!","publisher":{"@id":"https:\/\/alja.ch\/fr\/#organization"},"potentialAction":[{"@type":"SearchAction","target":{"@type":"EntryPoint","urlTemplate":"https:\/\/alja.ch\/fr\/?s={search_term_string}"},"query-input":{"@type":"PropertyValueSpecification","valueRequired":true,"valueName":"search_term_string"}}],"inLanguage":"fr-FR"},{"@type":"Organization","@id":"https:\/\/alja.ch\/fr\/#organization","name":"ALJA Nouveau AG","url":"https:\/\/alja.ch\/fr\/","logo":{"@type":"ImageObject","inLanguage":"fr-FR","@id":"https:\/\/alja.ch\/fr\/#\/schema\/logo\/image\/","url":"https:\/\/alja.ch\/wp-content\/uploads\/kg-logo-alja.png","contentUrl":"https:\/\/alja.ch\/wp-content\/uploads\/kg-logo-alja.png","width":1000,"height":1000,"caption":"ALJA Nouveau AG"},"image":{"@id":"https:\/\/alja.ch\/fr\/#\/schema\/logo\/image\/"},"sameAs":["https:\/\/www.facebook.com\/aljastoffe\/","https:\/\/www.instagram.com\/alja_stoffe_mercerie\/","https:\/\/www.youtube.com\/channel\/UCf6430U9yN-o6rk-Nw4TDqA"]}]}},"_links":{"self":[{"href":"https:\/\/alja.ch\/fr\/wp-json\/wp\/v2\/product\/39836","targetHints":{"allow":["GET"]}}],"collection":[{"href":"https:\/\/alja.ch\/fr\/wp-json\/wp\/v2\/product"}],"about":[{"href":"https:\/\/alja.ch\/fr\/wp-json\/wp\/v2\/types\/product"}],"replies":[{"embeddable":true,"href":"https:\/\/alja.ch\/fr\/wp-json\/wp\/v2\/comments?post=39836"}],"wp:featuredmedia":[{"embeddable":true,"href":"https:\/\/alja.ch\/fr\/wp-json\/wp\/v2\/media\/39839"}],"wp:attachment":[{"href":"https:\/\/alja.ch\/fr\/wp-json\/wp\/v2\/media?parent=39836"}],"wp:term":[{"taxonomy":"product_brand","embeddable":true,"href":"https:\/\/alja.ch\/fr\/wp-json\/wp\/v2\/product_brand?post=39836"},{"taxonomy":"product_cat","embeddable":true,"href":"https:\/\/alja.ch\/fr\/wp-json\/wp\/v2\/product_cat?post=39836"},{"taxonomy":"product_tag","embeddable":true,"href":"https:\/\/alja.ch\/fr\/wp-json\/wp\/v2\/product_tag?post=39836"}],"curies":[{"name":"wp","href":"https:\/\/api.w.org\/{rel}","templated":true}]}}