{"id":39824,"date":"2025-09-10T08:25:37","date_gmt":"2025-09-10T06:25:37","guid":{"rendered":"https:\/\/alja.ch\/?post_type=product&#038;p=39824"},"modified":"2025-09-15T17:45:37","modified_gmt":"2025-09-15T15:45:37","slug":"patron-burda-jupe","status":"publish","type":"product","link":"https:\/\/alja.ch\/fr\/produit\/patron-burda-jupe\/","title":{"rendered":"Patrons Burda, jupe"},"content":{"rendered":"<p data-start=\"211\" data-end=\"380\">Ce<strong data-start=\"218\" data-end=\"247\"> patron burda style<\/strong> vous propose <strong data-start=\"259\" data-end=\"292\">deux mod\u00e8les de jupes<\/strong> \u00e9l\u00e9gants qui allient cr\u00e9ativit\u00e9 et exigence en mati\u00e8re de mode \u2013 parfaits pour les couturi\u00e8res exp\u00e9riment\u00e9es :<\/p>\n<p data-start=\"384\" data-end=\"553\">Mod\u00e8le 1 : <strong>jupe moderne<\/strong> au charme rock, avec une <strong data-start=\"477\" data-end=\"508\">ceinture extra-longue \u00e0 \u0153illets<\/strong> et une coupe ajust\u00e9e avec <strong data-start=\"539\" data-end=\"550\">fente<\/strong>.<\/p>\n<p data-start=\"556\" data-end=\"703\">Mod\u00e8le 2 : <strong data-start=\"581\" data-end=\"606\">jupe midi <\/strong>\u00e9troite avec <strong data-start=\"611\" data-end=\"622\">fente <\/strong>et <strong data-start=\"627\" data-end=\"638\">franges <\/strong>\u2013 une coupe f\u00e9minine qui met habilement la silhouette en valeur.<\/p>\n<p data-start=\"705\" data-end=\"832\">Les deux mod\u00e8les sont confectionn\u00e9s \u00e0 partir de <strong data-start=\"730\" data-end=\"761\">tissus pour jupes<\/strong>, tels que des <strong data-start=\"730\" data-end=\"761\">tissus structur\u00e9s, du denim, du simili cuir<\/strong> ou des tissus qui s&rsquo;effilochent facilement, et peuvent \u00eatre combin\u00e9s de multiples fa\u00e7ons, pour un style d\u00e9contract\u00e9 ou \u00e9l\u00e9gant.<\/p>\n<p data-start=\"836\" data-end=\"873\"><strong data-start=\"836\" data-end=\"846\">Niveau : 3<\/strong> (pour avanc\u00e9s)<\/p>\n<p data-start=\"928\" data-end=\"949\"><strong data-start=\"928\" data-end=\"939\">Tailles <\/strong>: 36 \u2013 48<\/p>\n","protected":false},"excerpt":{"rendered":"<p>Deux patrons de jupe burda style en taille 36-48, niveau 3. Jupe avec ceinture ou jupe midi avec fente et franges.<\/p>\n","protected":false},"featured_media":39827,"comment_status":"closed","ping_status":"closed","template":"","meta":{"_acf_changed":false},"product_brand":[],"product_cat":[795,806,711],"product_tag":[1732,1733,2833,2836],"class_list":{"0":"post-39824","1":"product","2":"type-product","3":"status-publish","4":"has-post-thumbnail","6":"product_cat-femmes-fr","7":"product_cat-jupes-2-fr","8":"product_cat-patron-fr","9":"product_tag-burda-fr","10":"product_tag-patron","11":"product_tag-patron-moyen-pour-couturieres-experimentees","12":"product_tag-taille-36-48-fr","13":"product_shipping_class-bon-dachat-et-patron","15":"first","16":"instock","17":"shipping-taxable","18":"purchasable","19":"product-type-simple"},"acf":[],"yoast_head":"<!-- This site is optimized with the Yoast SEO plugin v27.5 - https:\/\/yoast.com\/product\/yoast-seo-wordpress\/ -->\n<title>Patrons Burda, jupe &#8212; Alja.ch<\/title>\n<meta name=\"description\" content=\"Patron burda Jupe pour femme \u2013 2 variantes, tailles 36\u201348, niveau 3. Jupe avec ceinture et d\u00e9tails en forme d&#039;\u00e9toiles ou jupe midi avec fente et franges\" \/>\n<meta name=\"robots\" content=\"index, follow, max-snippet:-1, max-image-preview:large, max-video-preview:-1\" \/>\n<link rel=\"canonical\" href=\"https:\/\/alja.ch\/fr\/produit\/patron-burda-jupe\/\" \/>\n<meta property=\"og:locale\" content=\"fr_FR\" \/>\n<meta property=\"og:type\" content=\"article\" \/>\n<meta property=\"og:title\" content=\"Patrons Burda, jupe &#8212; Alja.ch\" \/>\n<meta property=\"og:description\" content=\"Patron burda Jupe pour femme \u2013 2 variantes, tailles 36\u201348, niveau 3. Jupe avec ceinture et d\u00e9tails en forme d&#039;\u00e9toiles ou jupe midi avec fente et franges\" \/>\n<meta property=\"og:url\" content=\"https:\/\/alja.ch\/fr\/produit\/patron-burda-jupe\/\" \/>\n<meta property=\"og:site_name\" content=\"Alja.ch\" \/>\n<meta property=\"article:publisher\" content=\"https:\/\/www.facebook.com\/aljastoffe\/\" \/>\n<meta property=\"article:modified_time\" content=\"2025-09-15T15:45:37+00:00\" \/>\n<meta property=\"og:image\" content=\"https:\/\/alja.ch\/wp-content\/uploads\/5715.5.jpg\" \/>\n\t<meta property=\"og:image:width\" content=\"1465\" \/>\n\t<meta property=\"og:image:height\" content=\"2244\" \/>\n\t<meta property=\"og:image:type\" content=\"image\/jpeg\" \/>\n<meta name=\"twitter:card\" content=\"summary_large_image\" \/>\n<meta name=\"twitter:label1\" content=\"Dur\u00e9e de lecture estim\u00e9e\" \/>\n\t<meta name=\"twitter:data1\" content=\"1 minute\" \/>\n<script type=\"application\/ld+json\" class=\"yoast-schema-graph\">{\"@context\":\"https:\\\/\\\/schema.org\",\"@graph\":[{\"@type\":\"WebPage\",\"@id\":\"https:\\\/\\\/alja.ch\\\/fr\\\/produit\\\/patron-burda-jupe\\\/\",\"url\":\"https:\\\/\\\/alja.ch\\\/fr\\\/produit\\\/patron-burda-jupe\\\/\",\"name\":\"Patrons Burda, jupe &#8212; Alja.ch\",\"isPartOf\":{\"@id\":\"https:\\\/\\\/alja.ch\\\/fr\\\/#website\"},\"primaryImageOfPage\":{\"@id\":\"https:\\\/\\\/alja.ch\\\/fr\\\/produit\\\/patron-burda-jupe\\\/#primaryimage\"},\"image\":{\"@id\":\"https:\\\/\\\/alja.ch\\\/fr\\\/produit\\\/patron-burda-jupe\\\/#primaryimage\"},\"thumbnailUrl\":\"https:\\\/\\\/alja.ch\\\/wp-content\\\/uploads\\\/5715.5.jpg\",\"datePublished\":\"2025-09-10T06:25:37+00:00\",\"dateModified\":\"2025-09-15T15:45:37+00:00\",\"description\":\"Patron burda Jupe pour femme \u2013 2 variantes, tailles 36\u201348, niveau 3. Jupe avec ceinture et d\u00e9tails en forme d'\u00e9toiles ou jupe midi avec fente et franges\",\"breadcrumb\":{\"@id\":\"https:\\\/\\\/alja.ch\\\/fr\\\/produit\\\/patron-burda-jupe\\\/#breadcrumb\"},\"inLanguage\":\"fr-FR\",\"potentialAction\":[{\"@type\":\"ReadAction\",\"target\":[\"https:\\\/\\\/alja.ch\\\/fr\\\/produit\\\/patron-burda-jupe\\\/\"]}]},{\"@type\":\"ImageObject\",\"inLanguage\":\"fr-FR\",\"@id\":\"https:\\\/\\\/alja.ch\\\/fr\\\/produit\\\/patron-burda-jupe\\\/#primaryimage\",\"url\":\"https:\\\/\\\/alja.ch\\\/wp-content\\\/uploads\\\/5715.5.jpg\",\"contentUrl\":\"https:\\\/\\\/alja.ch\\\/wp-content\\\/uploads\\\/5715.5.jpg\",\"width\":1465,\"height\":2244},{\"@type\":\"BreadcrumbList\",\"@id\":\"https:\\\/\\\/alja.ch\\\/fr\\\/produit\\\/patron-burda-jupe\\\/#breadcrumb\",\"itemListElement\":[{\"@type\":\"ListItem\",\"position\":1,\"name\":\"Startseite\",\"item\":\"https:\\\/\\\/alja.ch\\\/fr\\\/\"},{\"@type\":\"ListItem\",\"position\":2,\"name\":\"Boutique\",\"item\":\"https:\\\/\\\/alja.ch\\\/fr\\\/boutique\\\/\"},{\"@type\":\"ListItem\",\"position\":3,\"name\":\"Patrons Burda, jupe\"}]},{\"@type\":\"WebSite\",\"@id\":\"https:\\\/\\\/alja.ch\\\/fr\\\/#website\",\"url\":\"https:\\\/\\\/alja.ch\\\/fr\\\/\",\"name\":\"Alja.ch\",\"description\":\"Stoffe &amp; Mercerie online einkaufen!\",\"publisher\":{\"@id\":\"https:\\\/\\\/alja.ch\\\/fr\\\/#organization\"},\"potentialAction\":[{\"@type\":\"SearchAction\",\"target\":{\"@type\":\"EntryPoint\",\"urlTemplate\":\"https:\\\/\\\/alja.ch\\\/fr\\\/?s={search_term_string}\"},\"query-input\":{\"@type\":\"PropertyValueSpecification\",\"valueRequired\":true,\"valueName\":\"search_term_string\"}}],\"inLanguage\":\"fr-FR\"},{\"@type\":\"Organization\",\"@id\":\"https:\\\/\\\/alja.ch\\\/fr\\\/#organization\",\"name\":\"ALJA Nouveau AG\",\"url\":\"https:\\\/\\\/alja.ch\\\/fr\\\/\",\"logo\":{\"@type\":\"ImageObject\",\"inLanguage\":\"fr-FR\",\"@id\":\"https:\\\/\\\/alja.ch\\\/fr\\\/#\\\/schema\\\/logo\\\/image\\\/\",\"url\":\"https:\\\/\\\/alja.ch\\\/wp-content\\\/uploads\\\/kg-logo-alja.png\",\"contentUrl\":\"https:\\\/\\\/alja.ch\\\/wp-content\\\/uploads\\\/kg-logo-alja.png\",\"width\":1000,\"height\":1000,\"caption\":\"ALJA Nouveau AG\"},\"image\":{\"@id\":\"https:\\\/\\\/alja.ch\\\/fr\\\/#\\\/schema\\\/logo\\\/image\\\/\"},\"sameAs\":[\"https:\\\/\\\/www.facebook.com\\\/aljastoffe\\\/\",\"https:\\\/\\\/www.instagram.com\\\/alja_stoffe_mercerie\\\/\",\"https:\\\/\\\/www.youtube.com\\\/channel\\\/UCf6430U9yN-o6rk-Nw4TDqA\"]}]}<\/script>\n<!-- \/ Yoast SEO plugin. -->","yoast_head_json":{"title":"Patrons Burda, jupe &#8212; Alja.ch","description":"Patron burda Jupe pour femme \u2013 2 variantes, tailles 36\u201348, niveau 3. Jupe avec ceinture et d\u00e9tails en forme d'\u00e9toiles ou jupe midi avec fente et franges","robots":{"index":"index","follow":"follow","max-snippet":"max-snippet:-1","max-image-preview":"max-image-preview:large","max-video-preview":"max-video-preview:-1"},"canonical":"https:\/\/alja.ch\/fr\/produit\/patron-burda-jupe\/","og_locale":"fr_FR","og_type":"article","og_title":"Patrons Burda, jupe &#8212; Alja.ch","og_description":"Patron burda Jupe pour femme \u2013 2 variantes, tailles 36\u201348, niveau 3. Jupe avec ceinture et d\u00e9tails en forme d'\u00e9toiles ou jupe midi avec fente et franges","og_url":"https:\/\/alja.ch\/fr\/produit\/patron-burda-jupe\/","og_site_name":"Alja.ch","article_publisher":"https:\/\/www.facebook.com\/aljastoffe\/","article_modified_time":"2025-09-15T15:45:37+00:00","og_image":[{"width":1465,"height":2244,"url":"https:\/\/alja.ch\/wp-content\/uploads\/5715.5.jpg","type":"image\/jpeg"}],"twitter_card":"summary_large_image","twitter_misc":{"Dur\u00e9e de lecture estim\u00e9e":"1 minute"},"schema":{"@context":"https:\/\/schema.org","@graph":[{"@type":"WebPage","@id":"https:\/\/alja.ch\/fr\/produit\/patron-burda-jupe\/","url":"https:\/\/alja.ch\/fr\/produit\/patron-burda-jupe\/","name":"Patrons Burda, jupe &#8212; Alja.ch","isPartOf":{"@id":"https:\/\/alja.ch\/fr\/#website"},"primaryImageOfPage":{"@id":"https:\/\/alja.ch\/fr\/produit\/patron-burda-jupe\/#primaryimage"},"image":{"@id":"https:\/\/alja.ch\/fr\/produit\/patron-burda-jupe\/#primaryimage"},"thumbnailUrl":"https:\/\/alja.ch\/wp-content\/uploads\/5715.5.jpg","datePublished":"2025-09-10T06:25:37+00:00","dateModified":"2025-09-15T15:45:37+00:00","description":"Patron burda Jupe pour femme \u2013 2 variantes, tailles 36\u201348, niveau 3. Jupe avec ceinture et d\u00e9tails en forme d'\u00e9toiles ou jupe midi avec fente et franges","breadcrumb":{"@id":"https:\/\/alja.ch\/fr\/produit\/patron-burda-jupe\/#breadcrumb"},"inLanguage":"fr-FR","potentialAction":[{"@type":"ReadAction","target":["https:\/\/alja.ch\/fr\/produit\/patron-burda-jupe\/"]}]},{"@type":"ImageObject","inLanguage":"fr-FR","@id":"https:\/\/alja.ch\/fr\/produit\/patron-burda-jupe\/#primaryimage","url":"https:\/\/alja.ch\/wp-content\/uploads\/5715.5.jpg","contentUrl":"https:\/\/alja.ch\/wp-content\/uploads\/5715.5.jpg","width":1465,"height":2244},{"@type":"BreadcrumbList","@id":"https:\/\/alja.ch\/fr\/produit\/patron-burda-jupe\/#breadcrumb","itemListElement":[{"@type":"ListItem","position":1,"name":"Startseite","item":"https:\/\/alja.ch\/fr\/"},{"@type":"ListItem","position":2,"name":"Boutique","item":"https:\/\/alja.ch\/fr\/boutique\/"},{"@type":"ListItem","position":3,"name":"Patrons Burda, jupe"}]},{"@type":"WebSite","@id":"https:\/\/alja.ch\/fr\/#website","url":"https:\/\/alja.ch\/fr\/","name":"Alja.ch","description":"Stoffe &amp; Mercerie online einkaufen!","publisher":{"@id":"https:\/\/alja.ch\/fr\/#organization"},"potentialAction":[{"@type":"SearchAction","target":{"@type":"EntryPoint","urlTemplate":"https:\/\/alja.ch\/fr\/?s={search_term_string}"},"query-input":{"@type":"PropertyValueSpecification","valueRequired":true,"valueName":"search_term_string"}}],"inLanguage":"fr-FR"},{"@type":"Organization","@id":"https:\/\/alja.ch\/fr\/#organization","name":"ALJA Nouveau AG","url":"https:\/\/alja.ch\/fr\/","logo":{"@type":"ImageObject","inLanguage":"fr-FR","@id":"https:\/\/alja.ch\/fr\/#\/schema\/logo\/image\/","url":"https:\/\/alja.ch\/wp-content\/uploads\/kg-logo-alja.png","contentUrl":"https:\/\/alja.ch\/wp-content\/uploads\/kg-logo-alja.png","width":1000,"height":1000,"caption":"ALJA Nouveau AG"},"image":{"@id":"https:\/\/alja.ch\/fr\/#\/schema\/logo\/image\/"},"sameAs":["https:\/\/www.facebook.com\/aljastoffe\/","https:\/\/www.instagram.com\/alja_stoffe_mercerie\/","https:\/\/www.youtube.com\/channel\/UCf6430U9yN-o6rk-Nw4TDqA"]}]}},"_links":{"self":[{"href":"https:\/\/alja.ch\/fr\/wp-json\/wp\/v2\/product\/39824","targetHints":{"allow":["GET"]}}],"collection":[{"href":"https:\/\/alja.ch\/fr\/wp-json\/wp\/v2\/product"}],"about":[{"href":"https:\/\/alja.ch\/fr\/wp-json\/wp\/v2\/types\/product"}],"replies":[{"embeddable":true,"href":"https:\/\/alja.ch\/fr\/wp-json\/wp\/v2\/comments?post=39824"}],"wp:featuredmedia":[{"embeddable":true,"href":"https:\/\/alja.ch\/fr\/wp-json\/wp\/v2\/media\/39827"}],"wp:attachment":[{"href":"https:\/\/alja.ch\/fr\/wp-json\/wp\/v2\/media?parent=39824"}],"wp:term":[{"taxonomy":"product_brand","embeddable":true,"href":"https:\/\/alja.ch\/fr\/wp-json\/wp\/v2\/product_brand?post=39824"},{"taxonomy":"product_cat","embeddable":true,"href":"https:\/\/alja.ch\/fr\/wp-json\/wp\/v2\/product_cat?post=39824"},{"taxonomy":"product_tag","embeddable":true,"href":"https:\/\/alja.ch\/fr\/wp-json\/wp\/v2\/product_tag?post=39824"}],"curies":[{"name":"wp","href":"https:\/\/api.w.org\/{rel}","templated":true}]}}