{"id":39646,"date":"2025-09-08T14:14:16","date_gmt":"2025-09-08T12:14:16","guid":{"rendered":"https:\/\/alja.ch\/produkt\/patrons-burda-robe\/"},"modified":"2025-09-09T17:11:27","modified_gmt":"2025-09-09T15:11:27","slug":"patrons-burda-robe","status":"publish","type":"product","link":"https:\/\/alja.ch\/fr\/produit\/patrons-burda-robe\/","title":{"rendered":"Patrons Burda, robe"},"content":{"rendered":"<p data-start=\"212\" data-end=\"336\">Ce <strong data-start=\"219\" data-end=\"248\">patron burda styl<\/strong>e pour robes propose <strong data-start=\"268\" data-end=\"301\">deux variantes sophistiqu\u00e9es<\/strong>, id\u00e9ales pour les couturi\u00e8res exp\u00e9riment\u00e9es :<\/p>\n<p data-start=\"340\" data-end=\"514\"><strong data-start=\"340\" data-end=\"355\">Mod\u00e8le 1 <\/strong>: une robe sportive et f\u00e9minine avec <strong data-start=\"390\" data-end=\"444\">col montant, patte de boutonnage dissimul\u00e9e et jupe \u00e9vas\u00e9e.<\/strong> <strong data-start=\"454\" data-end=\"487\">Les rayures color\u00e9es <\/strong>apportent une touche tendance.<\/p>\n<p data-start=\"517\" data-end=\"635\"><strong data-start=\"517\" data-end=\"532\">mod\u00e8le 2 <\/strong>: robe polyvalente avec <strong data-start=\"556\" data-end=\"595\">n\u0153ud papillon et \u00e9lastique \u00e0 la taille,<\/strong> parfaite pour un d\u00eener, au bureau ou pour une soir\u00e9e.<\/p>\n<p data-start=\"637\" data-end=\"751\">Les deux mod\u00e8les peuvent \u00eatre cousus \u00e0 partir de <strong data-start=\"667\" data-end=\"694\">tissus l\u00e9gers<\/strong> et allient style, confort et d\u00e9tails tendance.<\/p>\n<p data-start=\"755\" data-end=\"792\"><strong data-start=\"755\" data-end=\"765\">Niveau : 3<\/strong> (pour avanc\u00e9s)<\/p>\n<p data-start=\"842\" data-end=\"863\"><strong data-start=\"842\" data-end=\"853\">Tailles :<\/strong> 36 \u2013 48<\/p>\n","protected":false},"excerpt":{"rendered":"<p>Deux patrons de robes burda style en tailles 36 \u00e0 48, niveau 3. Robe sportive et f\u00e9minine avec color block ou robe polyvalente avec n\u0153ud et \u00e9lastique.<\/p>\n","protected":false},"featured_media":39392,"comment_status":"closed","ping_status":"closed","template":"","meta":{"_acf_changed":false},"product_brand":[],"product_cat":[795,711,810],"product_tag":[1732,1733,2833,1651],"class_list":{"0":"post-39646","1":"product","2":"type-product","3":"status-publish","4":"has-post-thumbnail","6":"product_cat-femmes-fr","7":"product_cat-patron-fr","8":"product_cat-robes-2-fr","9":"product_tag-burda-fr","10":"product_tag-patron","11":"product_tag-patron-moyen-pour-couturieres-experimentees","12":"product_tag-projets-de-couture-fr","13":"product_shipping_class-bon-dachat-et-patron","15":"first","16":"instock","17":"shipping-taxable","18":"purchasable","19":"product-type-simple"},"acf":[],"yoast_head":"<!-- This site is optimized with the Yoast SEO plugin v27.4 - https:\/\/yoast.com\/product\/yoast-seo-wordpress\/ -->\n<title>Patrons Burda, robe &#8212; Alja.ch<\/title>\n<meta name=\"description\" content=\"Patron Burda Style Robe femme \u2013 2 variantes, tailles 36-48, niveau 3. Robe \u00e0 col montant et jupe \u00e9vas\u00e9e ou \u00e0 n\u0153ud et \u00e9lastique.\" \/>\n<meta name=\"robots\" content=\"index, follow, max-snippet:-1, max-image-preview:large, max-video-preview:-1\" \/>\n<link rel=\"canonical\" href=\"https:\/\/alja.ch\/fr\/produit\/patrons-burda-robe\/\" \/>\n<meta property=\"og:locale\" content=\"fr_FR\" \/>\n<meta property=\"og:type\" content=\"article\" \/>\n<meta property=\"og:title\" content=\"Patrons Burda, robe &#8212; Alja.ch\" \/>\n<meta property=\"og:description\" content=\"Patron Burda Style Robe femme \u2013 2 variantes, tailles 36-48, niveau 3. Robe \u00e0 col montant et jupe \u00e9vas\u00e9e ou \u00e0 n\u0153ud et \u00e9lastique.\" \/>\n<meta property=\"og:url\" content=\"https:\/\/alja.ch\/fr\/produit\/patrons-burda-robe\/\" \/>\n<meta property=\"og:site_name\" content=\"Alja.ch\" \/>\n<meta property=\"article:publisher\" content=\"https:\/\/www.facebook.com\/aljastoffe\/\" \/>\n<meta property=\"article:modified_time\" content=\"2025-09-09T15:11:27+00:00\" \/>\n<meta property=\"og:image\" content=\"https:\/\/alja.ch\/wp-content\/uploads\/5696.5.jpg\" \/>\n\t<meta property=\"og:image:width\" content=\"1465\" \/>\n\t<meta property=\"og:image:height\" content=\"2244\" \/>\n\t<meta property=\"og:image:type\" content=\"image\/jpeg\" \/>\n<meta name=\"twitter:card\" content=\"summary_large_image\" \/>\n<script type=\"application\/ld+json\" class=\"yoast-schema-graph\">{\"@context\":\"https:\\\/\\\/schema.org\",\"@graph\":[{\"@type\":\"WebPage\",\"@id\":\"https:\\\/\\\/alja.ch\\\/fr\\\/produit\\\/patrons-burda-robe\\\/\",\"url\":\"https:\\\/\\\/alja.ch\\\/fr\\\/produit\\\/patrons-burda-robe\\\/\",\"name\":\"Patrons Burda, robe &#8212; Alja.ch\",\"isPartOf\":{\"@id\":\"https:\\\/\\\/alja.ch\\\/fr\\\/#website\"},\"primaryImageOfPage\":{\"@id\":\"https:\\\/\\\/alja.ch\\\/fr\\\/produit\\\/patrons-burda-robe\\\/#primaryimage\"},\"image\":{\"@id\":\"https:\\\/\\\/alja.ch\\\/fr\\\/produit\\\/patrons-burda-robe\\\/#primaryimage\"},\"thumbnailUrl\":\"https:\\\/\\\/alja.ch\\\/wp-content\\\/uploads\\\/5696.5.jpg\",\"datePublished\":\"2025-09-08T12:14:16+00:00\",\"dateModified\":\"2025-09-09T15:11:27+00:00\",\"description\":\"Patron Burda Style Robe femme \u2013 2 variantes, tailles 36-48, niveau 3. Robe \u00e0 col montant et jupe \u00e9vas\u00e9e ou \u00e0 n\u0153ud et \u00e9lastique.\",\"breadcrumb\":{\"@id\":\"https:\\\/\\\/alja.ch\\\/fr\\\/produit\\\/patrons-burda-robe\\\/#breadcrumb\"},\"inLanguage\":\"fr-FR\",\"potentialAction\":[{\"@type\":\"ReadAction\",\"target\":[\"https:\\\/\\\/alja.ch\\\/fr\\\/produit\\\/patrons-burda-robe\\\/\"]}]},{\"@type\":\"ImageObject\",\"inLanguage\":\"fr-FR\",\"@id\":\"https:\\\/\\\/alja.ch\\\/fr\\\/produit\\\/patrons-burda-robe\\\/#primaryimage\",\"url\":\"https:\\\/\\\/alja.ch\\\/wp-content\\\/uploads\\\/5696.5.jpg\",\"contentUrl\":\"https:\\\/\\\/alja.ch\\\/wp-content\\\/uploads\\\/5696.5.jpg\",\"width\":1465,\"height\":2244},{\"@type\":\"BreadcrumbList\",\"@id\":\"https:\\\/\\\/alja.ch\\\/fr\\\/produit\\\/patrons-burda-robe\\\/#breadcrumb\",\"itemListElement\":[{\"@type\":\"ListItem\",\"position\":1,\"name\":\"Startseite\",\"item\":\"https:\\\/\\\/alja.ch\\\/fr\\\/\"},{\"@type\":\"ListItem\",\"position\":2,\"name\":\"Boutique\",\"item\":\"https:\\\/\\\/alja.ch\\\/fr\\\/boutique\\\/\"},{\"@type\":\"ListItem\",\"position\":3,\"name\":\"Patrons Burda, robe\"}]},{\"@type\":\"WebSite\",\"@id\":\"https:\\\/\\\/alja.ch\\\/fr\\\/#website\",\"url\":\"https:\\\/\\\/alja.ch\\\/fr\\\/\",\"name\":\"Alja.ch\",\"description\":\"Stoffe &amp; Mercerie online einkaufen!\",\"publisher\":{\"@id\":\"https:\\\/\\\/alja.ch\\\/fr\\\/#organization\"},\"potentialAction\":[{\"@type\":\"SearchAction\",\"target\":{\"@type\":\"EntryPoint\",\"urlTemplate\":\"https:\\\/\\\/alja.ch\\\/fr\\\/?s={search_term_string}\"},\"query-input\":{\"@type\":\"PropertyValueSpecification\",\"valueRequired\":true,\"valueName\":\"search_term_string\"}}],\"inLanguage\":\"fr-FR\"},{\"@type\":\"Organization\",\"@id\":\"https:\\\/\\\/alja.ch\\\/fr\\\/#organization\",\"name\":\"ALJA Nouveau AG\",\"url\":\"https:\\\/\\\/alja.ch\\\/fr\\\/\",\"logo\":{\"@type\":\"ImageObject\",\"inLanguage\":\"fr-FR\",\"@id\":\"https:\\\/\\\/alja.ch\\\/fr\\\/#\\\/schema\\\/logo\\\/image\\\/\",\"url\":\"https:\\\/\\\/alja.ch\\\/wp-content\\\/uploads\\\/kg-logo-alja.png\",\"contentUrl\":\"https:\\\/\\\/alja.ch\\\/wp-content\\\/uploads\\\/kg-logo-alja.png\",\"width\":1000,\"height\":1000,\"caption\":\"ALJA Nouveau AG\"},\"image\":{\"@id\":\"https:\\\/\\\/alja.ch\\\/fr\\\/#\\\/schema\\\/logo\\\/image\\\/\"},\"sameAs\":[\"https:\\\/\\\/www.facebook.com\\\/aljastoffe\\\/\",\"https:\\\/\\\/www.instagram.com\\\/alja_stoffe_mercerie\\\/\",\"https:\\\/\\\/www.youtube.com\\\/channel\\\/UCf6430U9yN-o6rk-Nw4TDqA\"]}]}<\/script>\n<!-- \/ Yoast SEO plugin. -->","yoast_head_json":{"title":"Patrons Burda, robe &#8212; Alja.ch","description":"Patron Burda Style Robe femme \u2013 2 variantes, tailles 36-48, niveau 3. Robe \u00e0 col montant et jupe \u00e9vas\u00e9e ou \u00e0 n\u0153ud et \u00e9lastique.","robots":{"index":"index","follow":"follow","max-snippet":"max-snippet:-1","max-image-preview":"max-image-preview:large","max-video-preview":"max-video-preview:-1"},"canonical":"https:\/\/alja.ch\/fr\/produit\/patrons-burda-robe\/","og_locale":"fr_FR","og_type":"article","og_title":"Patrons Burda, robe &#8212; Alja.ch","og_description":"Patron Burda Style Robe femme \u2013 2 variantes, tailles 36-48, niveau 3. Robe \u00e0 col montant et jupe \u00e9vas\u00e9e ou \u00e0 n\u0153ud et \u00e9lastique.","og_url":"https:\/\/alja.ch\/fr\/produit\/patrons-burda-robe\/","og_site_name":"Alja.ch","article_publisher":"https:\/\/www.facebook.com\/aljastoffe\/","article_modified_time":"2025-09-09T15:11:27+00:00","og_image":[{"width":1465,"height":2244,"url":"https:\/\/alja.ch\/wp-content\/uploads\/5696.5.jpg","type":"image\/jpeg"}],"twitter_card":"summary_large_image","schema":{"@context":"https:\/\/schema.org","@graph":[{"@type":"WebPage","@id":"https:\/\/alja.ch\/fr\/produit\/patrons-burda-robe\/","url":"https:\/\/alja.ch\/fr\/produit\/patrons-burda-robe\/","name":"Patrons Burda, robe &#8212; Alja.ch","isPartOf":{"@id":"https:\/\/alja.ch\/fr\/#website"},"primaryImageOfPage":{"@id":"https:\/\/alja.ch\/fr\/produit\/patrons-burda-robe\/#primaryimage"},"image":{"@id":"https:\/\/alja.ch\/fr\/produit\/patrons-burda-robe\/#primaryimage"},"thumbnailUrl":"https:\/\/alja.ch\/wp-content\/uploads\/5696.5.jpg","datePublished":"2025-09-08T12:14:16+00:00","dateModified":"2025-09-09T15:11:27+00:00","description":"Patron Burda Style Robe femme \u2013 2 variantes, tailles 36-48, niveau 3. Robe \u00e0 col montant et jupe \u00e9vas\u00e9e ou \u00e0 n\u0153ud et \u00e9lastique.","breadcrumb":{"@id":"https:\/\/alja.ch\/fr\/produit\/patrons-burda-robe\/#breadcrumb"},"inLanguage":"fr-FR","potentialAction":[{"@type":"ReadAction","target":["https:\/\/alja.ch\/fr\/produit\/patrons-burda-robe\/"]}]},{"@type":"ImageObject","inLanguage":"fr-FR","@id":"https:\/\/alja.ch\/fr\/produit\/patrons-burda-robe\/#primaryimage","url":"https:\/\/alja.ch\/wp-content\/uploads\/5696.5.jpg","contentUrl":"https:\/\/alja.ch\/wp-content\/uploads\/5696.5.jpg","width":1465,"height":2244},{"@type":"BreadcrumbList","@id":"https:\/\/alja.ch\/fr\/produit\/patrons-burda-robe\/#breadcrumb","itemListElement":[{"@type":"ListItem","position":1,"name":"Startseite","item":"https:\/\/alja.ch\/fr\/"},{"@type":"ListItem","position":2,"name":"Boutique","item":"https:\/\/alja.ch\/fr\/boutique\/"},{"@type":"ListItem","position":3,"name":"Patrons Burda, robe"}]},{"@type":"WebSite","@id":"https:\/\/alja.ch\/fr\/#website","url":"https:\/\/alja.ch\/fr\/","name":"Alja.ch","description":"Stoffe &amp; Mercerie online einkaufen!","publisher":{"@id":"https:\/\/alja.ch\/fr\/#organization"},"potentialAction":[{"@type":"SearchAction","target":{"@type":"EntryPoint","urlTemplate":"https:\/\/alja.ch\/fr\/?s={search_term_string}"},"query-input":{"@type":"PropertyValueSpecification","valueRequired":true,"valueName":"search_term_string"}}],"inLanguage":"fr-FR"},{"@type":"Organization","@id":"https:\/\/alja.ch\/fr\/#organization","name":"ALJA Nouveau AG","url":"https:\/\/alja.ch\/fr\/","logo":{"@type":"ImageObject","inLanguage":"fr-FR","@id":"https:\/\/alja.ch\/fr\/#\/schema\/logo\/image\/","url":"https:\/\/alja.ch\/wp-content\/uploads\/kg-logo-alja.png","contentUrl":"https:\/\/alja.ch\/wp-content\/uploads\/kg-logo-alja.png","width":1000,"height":1000,"caption":"ALJA Nouveau AG"},"image":{"@id":"https:\/\/alja.ch\/fr\/#\/schema\/logo\/image\/"},"sameAs":["https:\/\/www.facebook.com\/aljastoffe\/","https:\/\/www.instagram.com\/alja_stoffe_mercerie\/","https:\/\/www.youtube.com\/channel\/UCf6430U9yN-o6rk-Nw4TDqA"]}]}},"_links":{"self":[{"href":"https:\/\/alja.ch\/fr\/wp-json\/wp\/v2\/product\/39646","targetHints":{"allow":["GET"]}}],"collection":[{"href":"https:\/\/alja.ch\/fr\/wp-json\/wp\/v2\/product"}],"about":[{"href":"https:\/\/alja.ch\/fr\/wp-json\/wp\/v2\/types\/product"}],"replies":[{"embeddable":true,"href":"https:\/\/alja.ch\/fr\/wp-json\/wp\/v2\/comments?post=39646"}],"wp:featuredmedia":[{"embeddable":true,"href":"https:\/\/alja.ch\/fr\/wp-json\/wp\/v2\/media\/39392"}],"wp:attachment":[{"href":"https:\/\/alja.ch\/fr\/wp-json\/wp\/v2\/media?parent=39646"}],"wp:term":[{"taxonomy":"product_brand","embeddable":true,"href":"https:\/\/alja.ch\/fr\/wp-json\/wp\/v2\/product_brand?post=39646"},{"taxonomy":"product_cat","embeddable":true,"href":"https:\/\/alja.ch\/fr\/wp-json\/wp\/v2\/product_cat?post=39646"},{"taxonomy":"product_tag","embeddable":true,"href":"https:\/\/alja.ch\/fr\/wp-json\/wp\/v2\/product_tag?post=39646"}],"curies":[{"name":"wp","href":"https:\/\/api.w.org\/{rel}","templated":true}]}}