{"id":38968,"date":"2025-09-03T11:12:14","date_gmt":"2025-09-03T09:12:14","guid":{"rendered":"https:\/\/alja.ch\/?post_type=product&#038;p=38968"},"modified":"2025-09-12T17:31:23","modified_gmt":"2025-09-12T15:31:23","slug":"patrons-burda-pull-over","status":"publish","type":"product","link":"https:\/\/alja.ch\/fr\/produit\/patrons-burda-pull-over\/","title":{"rendered":"Patrons Burda, pull-over"},"content":{"rendered":"<p data-start=\"510\" data-end=\"755\">Ce <strong data-start=\"517\" data-end=\"540\">patron Burda<\/strong> vous propose diff\u00e9rents mod\u00e8les de hauts tendance pour femmes. Que ce soit un <strong>pull confortable<\/strong> pour tous les jours ou un <strong>pull \u00e9l\u00e9gant<\/strong> pour sortir, ce patron vous permettra d&rsquo;\u00e9largir votre garde-robe de mani\u00e8re cr\u00e9ative.<\/p>\n<p data-start=\"757\" data-end=\"937\">Gr\u00e2ce aux <strong data-start=\"766\" data-end=\"792\">instructions \u00e9tape par \u00e9tape<\/strong> de Burda, m\u00eame les d\u00e9butantes obtiennent d&rsquo;excellents r\u00e9sultats. Les mod\u00e8les sont particuli\u00e8rement beaux dans des tissus jersey doux et des tissus tricot\u00e9s.<\/p>\n<p data-start=\"753\" data-end=\"782\"><strong data-start=\"753\" data-end=\"763\">Niveau <\/strong>: 2 (pour d\u00e9butants ayant des connaissances de base)<\/p>\n<p data-start=\"785\" data-end=\"814\"><strong data-start=\"785\" data-end=\"805\">Tissu recommand\u00e9<\/strong> : tissus tricot\u00e9s, jersey stable, uniquement des mailles \u00e9lastiques<\/p>\n<p data-start=\"817\" data-end=\"840\"><strong data-start=\"817\" data-end=\"828\">Tailles :<\/strong> 36 \u2013 48<\/p>\n","protected":false},"excerpt":{"rendered":"<p>Avec ce patron Burda, vous pouvez coudre des hauts pour femmes vari\u00e9s, du pull d\u00e9contract\u00e9 au pull chic. Comprend des instructions \u00e9tape par \u00e9tape. Tailles 36 \u00e0 48.<\/p>\n","protected":false},"featured_media":38971,"comment_status":"open","ping_status":"closed","template":"","meta":{"_acf_changed":false},"product_brand":[],"product_cat":[795,711,819,821],"product_tag":[1732,1733,2824,2836],"class_list":{"0":"post-38968","1":"product","2":"type-product","3":"status-publish","4":"has-post-thumbnail","6":"product_cat-femmes-fr","7":"product_cat-patron-fr","8":"product_cat-pullover-fr","9":"product_cat-pullover-2-fr","10":"product_tag-burda-fr","11":"product_tag-patron","12":"product_tag-patrons-faciles","13":"product_tag-taille-36-48-fr","14":"product_shipping_class-bon-dachat-et-patron","16":"first","17":"instock","18":"shipping-taxable","19":"purchasable","20":"product-type-simple"},"acf":[],"yoast_head":"<!-- This site is optimized with the Yoast SEO plugin v27.4 - https:\/\/yoast.com\/product\/yoast-seo-wordpress\/ -->\n<title>Patrons Burda, pull-over &#8212; Alja.ch<\/title>\n<meta name=\"description\" content=\"Patron Burda pour pull femme. Tailles 36 \u00e0 48, instructions \u00e9tape par \u00e9tape. Pour d\u00e9butants et avanc\u00e9s \u2013 coudre des hauts modernes DIY.\" \/>\n<meta name=\"robots\" content=\"index, follow, max-snippet:-1, max-image-preview:large, max-video-preview:-1\" \/>\n<link rel=\"canonical\" href=\"https:\/\/alja.ch\/fr\/produit\/patrons-burda-pull-over\/\" \/>\n<meta property=\"og:locale\" content=\"fr_FR\" \/>\n<meta property=\"og:type\" content=\"article\" \/>\n<meta property=\"og:title\" content=\"Patrons Burda, pull-over &#8212; Alja.ch\" \/>\n<meta property=\"og:description\" content=\"Patron Burda pour pull femme. Tailles 36 \u00e0 48, instructions \u00e9tape par \u00e9tape. Pour d\u00e9butants et avanc\u00e9s \u2013 coudre des hauts modernes DIY.\" \/>\n<meta property=\"og:url\" content=\"https:\/\/alja.ch\/fr\/produit\/patrons-burda-pull-over\/\" \/>\n<meta property=\"og:site_name\" content=\"Alja.ch\" \/>\n<meta property=\"article:publisher\" content=\"https:\/\/www.facebook.com\/aljastoffe\/\" \/>\n<meta property=\"article:modified_time\" content=\"2025-09-12T15:31:23+00:00\" \/>\n<meta property=\"og:image\" content=\"https:\/\/alja.ch\/wp-content\/uploads\/5680.5.jpg\" \/>\n\t<meta property=\"og:image:width\" content=\"1465\" \/>\n\t<meta property=\"og:image:height\" content=\"2244\" \/>\n\t<meta property=\"og:image:type\" content=\"image\/jpeg\" \/>\n<meta name=\"twitter:card\" content=\"summary_large_image\" \/>\n<meta name=\"twitter:label1\" content=\"Dur\u00e9e de lecture estim\u00e9e\" \/>\n\t<meta name=\"twitter:data1\" content=\"1 minute\" \/>\n<script type=\"application\/ld+json\" class=\"yoast-schema-graph\">{\"@context\":\"https:\\\/\\\/schema.org\",\"@graph\":[{\"@type\":\"WebPage\",\"@id\":\"https:\\\/\\\/alja.ch\\\/fr\\\/produit\\\/patrons-burda-pull-over\\\/\",\"url\":\"https:\\\/\\\/alja.ch\\\/fr\\\/produit\\\/patrons-burda-pull-over\\\/\",\"name\":\"Patrons Burda, pull-over &#8212; Alja.ch\",\"isPartOf\":{\"@id\":\"https:\\\/\\\/alja.ch\\\/fr\\\/#website\"},\"primaryImageOfPage\":{\"@id\":\"https:\\\/\\\/alja.ch\\\/fr\\\/produit\\\/patrons-burda-pull-over\\\/#primaryimage\"},\"image\":{\"@id\":\"https:\\\/\\\/alja.ch\\\/fr\\\/produit\\\/patrons-burda-pull-over\\\/#primaryimage\"},\"thumbnailUrl\":\"https:\\\/\\\/alja.ch\\\/wp-content\\\/uploads\\\/5680.5.jpg\",\"datePublished\":\"2025-09-03T09:12:14+00:00\",\"dateModified\":\"2025-09-12T15:31:23+00:00\",\"description\":\"Patron Burda pour pull femme. Tailles 36 \u00e0 48, instructions \u00e9tape par \u00e9tape. Pour d\u00e9butants et avanc\u00e9s \u2013 coudre des hauts modernes DIY.\",\"breadcrumb\":{\"@id\":\"https:\\\/\\\/alja.ch\\\/fr\\\/produit\\\/patrons-burda-pull-over\\\/#breadcrumb\"},\"inLanguage\":\"fr-FR\",\"potentialAction\":[{\"@type\":\"ReadAction\",\"target\":[\"https:\\\/\\\/alja.ch\\\/fr\\\/produit\\\/patrons-burda-pull-over\\\/\"]}]},{\"@type\":\"ImageObject\",\"inLanguage\":\"fr-FR\",\"@id\":\"https:\\\/\\\/alja.ch\\\/fr\\\/produit\\\/patrons-burda-pull-over\\\/#primaryimage\",\"url\":\"https:\\\/\\\/alja.ch\\\/wp-content\\\/uploads\\\/5680.5.jpg\",\"contentUrl\":\"https:\\\/\\\/alja.ch\\\/wp-content\\\/uploads\\\/5680.5.jpg\",\"width\":1465,\"height\":2244},{\"@type\":\"BreadcrumbList\",\"@id\":\"https:\\\/\\\/alja.ch\\\/fr\\\/produit\\\/patrons-burda-pull-over\\\/#breadcrumb\",\"itemListElement\":[{\"@type\":\"ListItem\",\"position\":1,\"name\":\"Startseite\",\"item\":\"https:\\\/\\\/alja.ch\\\/fr\\\/\"},{\"@type\":\"ListItem\",\"position\":2,\"name\":\"Boutique\",\"item\":\"https:\\\/\\\/alja.ch\\\/fr\\\/boutique\\\/\"},{\"@type\":\"ListItem\",\"position\":3,\"name\":\"Patrons Burda, pull-over\"}]},{\"@type\":\"WebSite\",\"@id\":\"https:\\\/\\\/alja.ch\\\/fr\\\/#website\",\"url\":\"https:\\\/\\\/alja.ch\\\/fr\\\/\",\"name\":\"Alja.ch\",\"description\":\"Stoffe &amp; Mercerie online einkaufen!\",\"publisher\":{\"@id\":\"https:\\\/\\\/alja.ch\\\/fr\\\/#organization\"},\"potentialAction\":[{\"@type\":\"SearchAction\",\"target\":{\"@type\":\"EntryPoint\",\"urlTemplate\":\"https:\\\/\\\/alja.ch\\\/fr\\\/?s={search_term_string}\"},\"query-input\":{\"@type\":\"PropertyValueSpecification\",\"valueRequired\":true,\"valueName\":\"search_term_string\"}}],\"inLanguage\":\"fr-FR\"},{\"@type\":\"Organization\",\"@id\":\"https:\\\/\\\/alja.ch\\\/fr\\\/#organization\",\"name\":\"ALJA Nouveau AG\",\"url\":\"https:\\\/\\\/alja.ch\\\/fr\\\/\",\"logo\":{\"@type\":\"ImageObject\",\"inLanguage\":\"fr-FR\",\"@id\":\"https:\\\/\\\/alja.ch\\\/fr\\\/#\\\/schema\\\/logo\\\/image\\\/\",\"url\":\"https:\\\/\\\/alja.ch\\\/wp-content\\\/uploads\\\/kg-logo-alja.png\",\"contentUrl\":\"https:\\\/\\\/alja.ch\\\/wp-content\\\/uploads\\\/kg-logo-alja.png\",\"width\":1000,\"height\":1000,\"caption\":\"ALJA Nouveau AG\"},\"image\":{\"@id\":\"https:\\\/\\\/alja.ch\\\/fr\\\/#\\\/schema\\\/logo\\\/image\\\/\"},\"sameAs\":[\"https:\\\/\\\/www.facebook.com\\\/aljastoffe\\\/\",\"https:\\\/\\\/www.instagram.com\\\/alja_stoffe_mercerie\\\/\",\"https:\\\/\\\/www.youtube.com\\\/channel\\\/UCf6430U9yN-o6rk-Nw4TDqA\"]}]}<\/script>\n<!-- \/ Yoast SEO plugin. -->","yoast_head_json":{"title":"Patrons Burda, pull-over &#8212; Alja.ch","description":"Patron Burda pour pull femme. Tailles 36 \u00e0 48, instructions \u00e9tape par \u00e9tape. Pour d\u00e9butants et avanc\u00e9s \u2013 coudre des hauts modernes DIY.","robots":{"index":"index","follow":"follow","max-snippet":"max-snippet:-1","max-image-preview":"max-image-preview:large","max-video-preview":"max-video-preview:-1"},"canonical":"https:\/\/alja.ch\/fr\/produit\/patrons-burda-pull-over\/","og_locale":"fr_FR","og_type":"article","og_title":"Patrons Burda, pull-over &#8212; Alja.ch","og_description":"Patron Burda pour pull femme. Tailles 36 \u00e0 48, instructions \u00e9tape par \u00e9tape. Pour d\u00e9butants et avanc\u00e9s \u2013 coudre des hauts modernes DIY.","og_url":"https:\/\/alja.ch\/fr\/produit\/patrons-burda-pull-over\/","og_site_name":"Alja.ch","article_publisher":"https:\/\/www.facebook.com\/aljastoffe\/","article_modified_time":"2025-09-12T15:31:23+00:00","og_image":[{"width":1465,"height":2244,"url":"https:\/\/alja.ch\/wp-content\/uploads\/5680.5.jpg","type":"image\/jpeg"}],"twitter_card":"summary_large_image","twitter_misc":{"Dur\u00e9e de lecture estim\u00e9e":"1 minute"},"schema":{"@context":"https:\/\/schema.org","@graph":[{"@type":"WebPage","@id":"https:\/\/alja.ch\/fr\/produit\/patrons-burda-pull-over\/","url":"https:\/\/alja.ch\/fr\/produit\/patrons-burda-pull-over\/","name":"Patrons Burda, pull-over &#8212; Alja.ch","isPartOf":{"@id":"https:\/\/alja.ch\/fr\/#website"},"primaryImageOfPage":{"@id":"https:\/\/alja.ch\/fr\/produit\/patrons-burda-pull-over\/#primaryimage"},"image":{"@id":"https:\/\/alja.ch\/fr\/produit\/patrons-burda-pull-over\/#primaryimage"},"thumbnailUrl":"https:\/\/alja.ch\/wp-content\/uploads\/5680.5.jpg","datePublished":"2025-09-03T09:12:14+00:00","dateModified":"2025-09-12T15:31:23+00:00","description":"Patron Burda pour pull femme. Tailles 36 \u00e0 48, instructions \u00e9tape par \u00e9tape. Pour d\u00e9butants et avanc\u00e9s \u2013 coudre des hauts modernes DIY.","breadcrumb":{"@id":"https:\/\/alja.ch\/fr\/produit\/patrons-burda-pull-over\/#breadcrumb"},"inLanguage":"fr-FR","potentialAction":[{"@type":"ReadAction","target":["https:\/\/alja.ch\/fr\/produit\/patrons-burda-pull-over\/"]}]},{"@type":"ImageObject","inLanguage":"fr-FR","@id":"https:\/\/alja.ch\/fr\/produit\/patrons-burda-pull-over\/#primaryimage","url":"https:\/\/alja.ch\/wp-content\/uploads\/5680.5.jpg","contentUrl":"https:\/\/alja.ch\/wp-content\/uploads\/5680.5.jpg","width":1465,"height":2244},{"@type":"BreadcrumbList","@id":"https:\/\/alja.ch\/fr\/produit\/patrons-burda-pull-over\/#breadcrumb","itemListElement":[{"@type":"ListItem","position":1,"name":"Startseite","item":"https:\/\/alja.ch\/fr\/"},{"@type":"ListItem","position":2,"name":"Boutique","item":"https:\/\/alja.ch\/fr\/boutique\/"},{"@type":"ListItem","position":3,"name":"Patrons Burda, pull-over"}]},{"@type":"WebSite","@id":"https:\/\/alja.ch\/fr\/#website","url":"https:\/\/alja.ch\/fr\/","name":"Alja.ch","description":"Stoffe &amp; Mercerie online einkaufen!","publisher":{"@id":"https:\/\/alja.ch\/fr\/#organization"},"potentialAction":[{"@type":"SearchAction","target":{"@type":"EntryPoint","urlTemplate":"https:\/\/alja.ch\/fr\/?s={search_term_string}"},"query-input":{"@type":"PropertyValueSpecification","valueRequired":true,"valueName":"search_term_string"}}],"inLanguage":"fr-FR"},{"@type":"Organization","@id":"https:\/\/alja.ch\/fr\/#organization","name":"ALJA Nouveau AG","url":"https:\/\/alja.ch\/fr\/","logo":{"@type":"ImageObject","inLanguage":"fr-FR","@id":"https:\/\/alja.ch\/fr\/#\/schema\/logo\/image\/","url":"https:\/\/alja.ch\/wp-content\/uploads\/kg-logo-alja.png","contentUrl":"https:\/\/alja.ch\/wp-content\/uploads\/kg-logo-alja.png","width":1000,"height":1000,"caption":"ALJA Nouveau AG"},"image":{"@id":"https:\/\/alja.ch\/fr\/#\/schema\/logo\/image\/"},"sameAs":["https:\/\/www.facebook.com\/aljastoffe\/","https:\/\/www.instagram.com\/alja_stoffe_mercerie\/","https:\/\/www.youtube.com\/channel\/UCf6430U9yN-o6rk-Nw4TDqA"]}]}},"_links":{"self":[{"href":"https:\/\/alja.ch\/fr\/wp-json\/wp\/v2\/product\/38968","targetHints":{"allow":["GET"]}}],"collection":[{"href":"https:\/\/alja.ch\/fr\/wp-json\/wp\/v2\/product"}],"about":[{"href":"https:\/\/alja.ch\/fr\/wp-json\/wp\/v2\/types\/product"}],"replies":[{"embeddable":true,"href":"https:\/\/alja.ch\/fr\/wp-json\/wp\/v2\/comments?post=38968"}],"wp:featuredmedia":[{"embeddable":true,"href":"https:\/\/alja.ch\/fr\/wp-json\/wp\/v2\/media\/38971"}],"wp:attachment":[{"href":"https:\/\/alja.ch\/fr\/wp-json\/wp\/v2\/media?parent=38968"}],"wp:term":[{"taxonomy":"product_brand","embeddable":true,"href":"https:\/\/alja.ch\/fr\/wp-json\/wp\/v2\/product_brand?post=38968"},{"taxonomy":"product_cat","embeddable":true,"href":"https:\/\/alja.ch\/fr\/wp-json\/wp\/v2\/product_cat?post=38968"},{"taxonomy":"product_tag","embeddable":true,"href":"https:\/\/alja.ch\/fr\/wp-json\/wp\/v2\/product_tag?post=38968"}],"curies":[{"name":"wp","href":"https:\/\/api.w.org\/{rel}","templated":true}]}}