{"id":35515,"date":"2025-07-03T16:54:38","date_gmt":"2025-07-03T14:55:18","guid":{"rendered":"https:\/\/alja.ch\/?post_type=product&#038;p=35515"},"modified":"2025-07-03T16:56:02","modified_gmt":"2025-07-03T14:56:02","slug":"baltrum-xmas-multi","status":"publish","type":"product","link":"https:\/\/alja.ch\/fr\/produit\/baltrum-xmas-multi\/","title":{"rendered":"Baltrum Xmas multi"},"content":{"rendered":"<p>Apportez le charme d&rsquo;une for\u00eat hivernale directement chez vous gr\u00e2ce \u00e0 notre ravissant <strong>tissu de d\u00e9coration<\/strong> \u00ab <strong>Baltrum Xmas multi<\/strong> \u00bb ! Ce tissu con\u00e7u avec amour vous transporte dans un <strong>monde de No\u00ebl idyllique<\/strong>, peupl\u00e9 <strong>d&rsquo;ours<\/strong> mignons, de <strong>renards<\/strong> agiles, <strong>d&rsquo;\u00e9cureuils<\/strong> curieux, de <strong>lapins<\/strong> tendres, de d\u00e9licieux<strong> pains d&rsquo;\u00e9pices<\/strong> et de joyeux <strong>bonshommes de neige<\/strong>. Chaque angle de vue r\u00e9v\u00e8le de nouveaux d\u00e9tails adorables qui feront battre le c\u0153ur des petits et des grands.<\/p>\n<p>Fabriqu\u00e9 en <strong>100% coton<\/strong> et d&rsquo;une <strong>largeur<\/strong> g\u00e9n\u00e9reuse de <strong>140 cm<\/strong>, \u00ab Baltrum Xmas multi \u00bb n&rsquo;est pas seulement magnifique \u00e0 regarder, mais aussi merveilleusement agr\u00e9able \u00e0 travailler. Le toucher naturel et la r\u00e9sistance du coton font de ce tissu le choix id\u00e9al pour une multitude de projets de couture festifs.<\/p>\n<p>Transformez votre int\u00e9rieur en un <strong>pays des merveilles hivernales<\/strong> : que ce soit pour la cr\u00e9ation de <strong>chemins de table<\/strong> festifs qui attireront tous les regards sur votre table ou pour des <strong>sacs cadeaux<\/strong> originaux dans lesquels les petites surprises seront encore mieux mises en valeur, avec \u00ab Baltrum Xmas multi \u00bb, votre cr\u00e9ativit\u00e9 n&rsquo;a pas de limites.<\/p>\n<p>Cr\u00e9ez des moments de No\u00ebl inoubliables et une atmosph\u00e8re douillette avec ce tissu de d\u00e9coration unique en son genre !<\/p>\n","protected":false},"excerpt":{"rendered":"<p>Adorable tissu de d\u00e9coration \u00ab Baltrum Xmas multi \u00bb (140 cm de large, 100% coton) avec d&rsquo;adorables ours, renards, \u00e9cureuils, lapins, pains d&rsquo;\u00e9pices &amp; bonshommes de neige. Parfait pour les d\u00e9corations hivernales, les chemins de table et les sacs cadeaux.<\/p>\n","protected":false},"featured_media":35513,"comment_status":"closed","ping_status":"closed","template":"","meta":{"_acf_changed":false},"product_brand":[],"product_cat":[158,2062,153,255],"product_tag":[1949,2065,2076,2077,1981,936,2078,1984,1985,1797,425],"class_list":{"0":"post-35515","1":"product","2":"type-product","3":"status-publish","4":"has-post-thumbnail","6":"product_cat-deco-bricolage","7":"product_cat-neue-herbst-winter-kollektion-fr","8":"product_cat-tissus","9":"product_cat-tissus-de-noel","10":"product_tag-100-coton-fr","11":"product_tag-bonhomme-de-neige","12":"product_tag-ecureuil","13":"product_tag-herisson","14":"product_tag-lapin","15":"product_tag-noel","16":"product_tag-oiseau","17":"product_tag-ours","18":"product_tag-renard","19":"product_tag-tissu-dhiver","20":"product_tag-tissu-decoratif","21":"product_shipping_class-colis-standard","23":"first","24":"instock","25":"shipping-taxable","26":"purchasable","27":"product-type-simple"},"acf":[],"yoast_head":"<!-- This site is optimized with the Yoast SEO plugin v27.4 - https:\/\/yoast.com\/product\/yoast-seo-wordpress\/ -->\n<title>Baltrum Xmas multi &#8212; Alja.ch<\/title>\n<meta name=\"description\" content=\"Tissu \u00ab Baltrum Xmas multi \u00bb (140 cm, coton) avec d&#039;animaux de la for\u00eat. Id\u00e9al pour la d\u00e9coration de No\u00ebl &amp; les cadeaux. D\u00e9couvrez-le maintenant !\" \/>\n<meta name=\"robots\" content=\"index, follow, max-snippet:-1, max-image-preview:large, max-video-preview:-1\" \/>\n<link rel=\"canonical\" href=\"https:\/\/alja.ch\/fr\/produit\/baltrum-xmas-multi\/\" \/>\n<meta property=\"og:locale\" content=\"fr_FR\" \/>\n<meta property=\"og:type\" content=\"article\" \/>\n<meta property=\"og:title\" content=\"Baltrum Xmas multi &#8212; Alja.ch\" \/>\n<meta property=\"og:description\" content=\"Tissu \u00ab Baltrum Xmas multi \u00bb (140 cm, coton) avec d&#039;animaux de la for\u00eat. Id\u00e9al pour la d\u00e9coration de No\u00ebl &amp; les cadeaux. D\u00e9couvrez-le maintenant !\" \/>\n<meta property=\"og:url\" content=\"https:\/\/alja.ch\/fr\/produit\/baltrum-xmas-multi\/\" \/>\n<meta property=\"og:site_name\" content=\"Alja.ch\" \/>\n<meta property=\"article:publisher\" content=\"https:\/\/www.facebook.com\/aljastoffe\/\" \/>\n<meta property=\"article:modified_time\" content=\"2025-07-03T14:56:02+00:00\" \/>\n<meta property=\"og:image\" content=\"https:\/\/alja.ch\/wp-content\/uploads\/Baltrum-Xmas-multi-gedreht-scaled.jpg\" \/>\n\t<meta property=\"og:image:width\" content=\"2560\" \/>\n\t<meta property=\"og:image:height\" content=\"2560\" \/>\n\t<meta property=\"og:image:type\" content=\"image\/jpeg\" \/>\n<meta name=\"twitter:card\" content=\"summary_large_image\" \/>\n<meta name=\"twitter:label1\" content=\"Dur\u00e9e de lecture estim\u00e9e\" \/>\n\t<meta name=\"twitter:data1\" content=\"2 minutes\" \/>\n<script type=\"application\/ld+json\" class=\"yoast-schema-graph\">{\"@context\":\"https:\\\/\\\/schema.org\",\"@graph\":[{\"@type\":\"WebPage\",\"@id\":\"https:\\\/\\\/alja.ch\\\/fr\\\/produit\\\/baltrum-xmas-multi\\\/\",\"url\":\"https:\\\/\\\/alja.ch\\\/fr\\\/produit\\\/baltrum-xmas-multi\\\/\",\"name\":\"Baltrum Xmas multi &#8212; Alja.ch\",\"isPartOf\":{\"@id\":\"https:\\\/\\\/alja.ch\\\/fr\\\/#website\"},\"primaryImageOfPage\":{\"@id\":\"https:\\\/\\\/alja.ch\\\/fr\\\/produit\\\/baltrum-xmas-multi\\\/#primaryimage\"},\"image\":{\"@id\":\"https:\\\/\\\/alja.ch\\\/fr\\\/produit\\\/baltrum-xmas-multi\\\/#primaryimage\"},\"thumbnailUrl\":\"https:\\\/\\\/alja.ch\\\/wp-content\\\/uploads\\\/Baltrum-Xmas-multi-gedreht-scaled.jpg\",\"datePublished\":\"2025-07-03T14:55:18+00:00\",\"dateModified\":\"2025-07-03T14:56:02+00:00\",\"description\":\"Tissu \u00ab Baltrum Xmas multi \u00bb (140 cm, coton) avec d'animaux de la for\u00eat. Id\u00e9al pour la d\u00e9coration de No\u00ebl & les cadeaux. D\u00e9couvrez-le maintenant !\",\"breadcrumb\":{\"@id\":\"https:\\\/\\\/alja.ch\\\/fr\\\/produit\\\/baltrum-xmas-multi\\\/#breadcrumb\"},\"inLanguage\":\"fr-FR\",\"potentialAction\":[{\"@type\":\"ReadAction\",\"target\":[\"https:\\\/\\\/alja.ch\\\/fr\\\/produit\\\/baltrum-xmas-multi\\\/\"]}]},{\"@type\":\"ImageObject\",\"inLanguage\":\"fr-FR\",\"@id\":\"https:\\\/\\\/alja.ch\\\/fr\\\/produit\\\/baltrum-xmas-multi\\\/#primaryimage\",\"url\":\"https:\\\/\\\/alja.ch\\\/wp-content\\\/uploads\\\/Baltrum-Xmas-multi-gedreht-scaled.jpg\",\"contentUrl\":\"https:\\\/\\\/alja.ch\\\/wp-content\\\/uploads\\\/Baltrum-Xmas-multi-gedreht-scaled.jpg\",\"width\":2560,\"height\":2560},{\"@type\":\"BreadcrumbList\",\"@id\":\"https:\\\/\\\/alja.ch\\\/fr\\\/produit\\\/baltrum-xmas-multi\\\/#breadcrumb\",\"itemListElement\":[{\"@type\":\"ListItem\",\"position\":1,\"name\":\"Startseite\",\"item\":\"https:\\\/\\\/alja.ch\\\/fr\\\/\"},{\"@type\":\"ListItem\",\"position\":2,\"name\":\"Boutique\",\"item\":\"https:\\\/\\\/alja.ch\\\/fr\\\/boutique\\\/\"},{\"@type\":\"ListItem\",\"position\":3,\"name\":\"Baltrum Xmas multi\"}]},{\"@type\":\"WebSite\",\"@id\":\"https:\\\/\\\/alja.ch\\\/fr\\\/#website\",\"url\":\"https:\\\/\\\/alja.ch\\\/fr\\\/\",\"name\":\"Alja.ch\",\"description\":\"Stoffe &amp; Mercerie online einkaufen!\",\"publisher\":{\"@id\":\"https:\\\/\\\/alja.ch\\\/fr\\\/#organization\"},\"potentialAction\":[{\"@type\":\"SearchAction\",\"target\":{\"@type\":\"EntryPoint\",\"urlTemplate\":\"https:\\\/\\\/alja.ch\\\/fr\\\/?s={search_term_string}\"},\"query-input\":{\"@type\":\"PropertyValueSpecification\",\"valueRequired\":true,\"valueName\":\"search_term_string\"}}],\"inLanguage\":\"fr-FR\"},{\"@type\":\"Organization\",\"@id\":\"https:\\\/\\\/alja.ch\\\/fr\\\/#organization\",\"name\":\"ALJA Nouveau AG\",\"url\":\"https:\\\/\\\/alja.ch\\\/fr\\\/\",\"logo\":{\"@type\":\"ImageObject\",\"inLanguage\":\"fr-FR\",\"@id\":\"https:\\\/\\\/alja.ch\\\/fr\\\/#\\\/schema\\\/logo\\\/image\\\/\",\"url\":\"https:\\\/\\\/alja.ch\\\/wp-content\\\/uploads\\\/kg-logo-alja.png\",\"contentUrl\":\"https:\\\/\\\/alja.ch\\\/wp-content\\\/uploads\\\/kg-logo-alja.png\",\"width\":1000,\"height\":1000,\"caption\":\"ALJA Nouveau AG\"},\"image\":{\"@id\":\"https:\\\/\\\/alja.ch\\\/fr\\\/#\\\/schema\\\/logo\\\/image\\\/\"},\"sameAs\":[\"https:\\\/\\\/www.facebook.com\\\/aljastoffe\\\/\",\"https:\\\/\\\/www.instagram.com\\\/alja_stoffe_mercerie\\\/\",\"https:\\\/\\\/www.youtube.com\\\/channel\\\/UCf6430U9yN-o6rk-Nw4TDqA\"]}]}<\/script>\n<!-- \/ Yoast SEO plugin. -->","yoast_head_json":{"title":"Baltrum Xmas multi &#8212; Alja.ch","description":"Tissu \u00ab Baltrum Xmas multi \u00bb (140 cm, coton) avec d'animaux de la for\u00eat. Id\u00e9al pour la d\u00e9coration de No\u00ebl & les cadeaux. D\u00e9couvrez-le maintenant !","robots":{"index":"index","follow":"follow","max-snippet":"max-snippet:-1","max-image-preview":"max-image-preview:large","max-video-preview":"max-video-preview:-1"},"canonical":"https:\/\/alja.ch\/fr\/produit\/baltrum-xmas-multi\/","og_locale":"fr_FR","og_type":"article","og_title":"Baltrum Xmas multi &#8212; Alja.ch","og_description":"Tissu \u00ab Baltrum Xmas multi \u00bb (140 cm, coton) avec d'animaux de la for\u00eat. Id\u00e9al pour la d\u00e9coration de No\u00ebl & les cadeaux. D\u00e9couvrez-le maintenant !","og_url":"https:\/\/alja.ch\/fr\/produit\/baltrum-xmas-multi\/","og_site_name":"Alja.ch","article_publisher":"https:\/\/www.facebook.com\/aljastoffe\/","article_modified_time":"2025-07-03T14:56:02+00:00","og_image":[{"width":2560,"height":2560,"url":"https:\/\/alja.ch\/wp-content\/uploads\/Baltrum-Xmas-multi-gedreht-scaled.jpg","type":"image\/jpeg"}],"twitter_card":"summary_large_image","twitter_misc":{"Dur\u00e9e de lecture estim\u00e9e":"2 minutes"},"schema":{"@context":"https:\/\/schema.org","@graph":[{"@type":"WebPage","@id":"https:\/\/alja.ch\/fr\/produit\/baltrum-xmas-multi\/","url":"https:\/\/alja.ch\/fr\/produit\/baltrum-xmas-multi\/","name":"Baltrum Xmas multi &#8212; Alja.ch","isPartOf":{"@id":"https:\/\/alja.ch\/fr\/#website"},"primaryImageOfPage":{"@id":"https:\/\/alja.ch\/fr\/produit\/baltrum-xmas-multi\/#primaryimage"},"image":{"@id":"https:\/\/alja.ch\/fr\/produit\/baltrum-xmas-multi\/#primaryimage"},"thumbnailUrl":"https:\/\/alja.ch\/wp-content\/uploads\/Baltrum-Xmas-multi-gedreht-scaled.jpg","datePublished":"2025-07-03T14:55:18+00:00","dateModified":"2025-07-03T14:56:02+00:00","description":"Tissu \u00ab Baltrum Xmas multi \u00bb (140 cm, coton) avec d'animaux de la for\u00eat. Id\u00e9al pour la d\u00e9coration de No\u00ebl & les cadeaux. D\u00e9couvrez-le maintenant !","breadcrumb":{"@id":"https:\/\/alja.ch\/fr\/produit\/baltrum-xmas-multi\/#breadcrumb"},"inLanguage":"fr-FR","potentialAction":[{"@type":"ReadAction","target":["https:\/\/alja.ch\/fr\/produit\/baltrum-xmas-multi\/"]}]},{"@type":"ImageObject","inLanguage":"fr-FR","@id":"https:\/\/alja.ch\/fr\/produit\/baltrum-xmas-multi\/#primaryimage","url":"https:\/\/alja.ch\/wp-content\/uploads\/Baltrum-Xmas-multi-gedreht-scaled.jpg","contentUrl":"https:\/\/alja.ch\/wp-content\/uploads\/Baltrum-Xmas-multi-gedreht-scaled.jpg","width":2560,"height":2560},{"@type":"BreadcrumbList","@id":"https:\/\/alja.ch\/fr\/produit\/baltrum-xmas-multi\/#breadcrumb","itemListElement":[{"@type":"ListItem","position":1,"name":"Startseite","item":"https:\/\/alja.ch\/fr\/"},{"@type":"ListItem","position":2,"name":"Boutique","item":"https:\/\/alja.ch\/fr\/boutique\/"},{"@type":"ListItem","position":3,"name":"Baltrum Xmas multi"}]},{"@type":"WebSite","@id":"https:\/\/alja.ch\/fr\/#website","url":"https:\/\/alja.ch\/fr\/","name":"Alja.ch","description":"Stoffe &amp; Mercerie online einkaufen!","publisher":{"@id":"https:\/\/alja.ch\/fr\/#organization"},"potentialAction":[{"@type":"SearchAction","target":{"@type":"EntryPoint","urlTemplate":"https:\/\/alja.ch\/fr\/?s={search_term_string}"},"query-input":{"@type":"PropertyValueSpecification","valueRequired":true,"valueName":"search_term_string"}}],"inLanguage":"fr-FR"},{"@type":"Organization","@id":"https:\/\/alja.ch\/fr\/#organization","name":"ALJA Nouveau AG","url":"https:\/\/alja.ch\/fr\/","logo":{"@type":"ImageObject","inLanguage":"fr-FR","@id":"https:\/\/alja.ch\/fr\/#\/schema\/logo\/image\/","url":"https:\/\/alja.ch\/wp-content\/uploads\/kg-logo-alja.png","contentUrl":"https:\/\/alja.ch\/wp-content\/uploads\/kg-logo-alja.png","width":1000,"height":1000,"caption":"ALJA Nouveau AG"},"image":{"@id":"https:\/\/alja.ch\/fr\/#\/schema\/logo\/image\/"},"sameAs":["https:\/\/www.facebook.com\/aljastoffe\/","https:\/\/www.instagram.com\/alja_stoffe_mercerie\/","https:\/\/www.youtube.com\/channel\/UCf6430U9yN-o6rk-Nw4TDqA"]}]}},"_links":{"self":[{"href":"https:\/\/alja.ch\/fr\/wp-json\/wp\/v2\/product\/35515","targetHints":{"allow":["GET"]}}],"collection":[{"href":"https:\/\/alja.ch\/fr\/wp-json\/wp\/v2\/product"}],"about":[{"href":"https:\/\/alja.ch\/fr\/wp-json\/wp\/v2\/types\/product"}],"replies":[{"embeddable":true,"href":"https:\/\/alja.ch\/fr\/wp-json\/wp\/v2\/comments?post=35515"}],"wp:featuredmedia":[{"embeddable":true,"href":"https:\/\/alja.ch\/fr\/wp-json\/wp\/v2\/media\/35513"}],"wp:attachment":[{"href":"https:\/\/alja.ch\/fr\/wp-json\/wp\/v2\/media?parent=35515"}],"wp:term":[{"taxonomy":"product_brand","embeddable":true,"href":"https:\/\/alja.ch\/fr\/wp-json\/wp\/v2\/product_brand?post=35515"},{"taxonomy":"product_cat","embeddable":true,"href":"https:\/\/alja.ch\/fr\/wp-json\/wp\/v2\/product_cat?post=35515"},{"taxonomy":"product_tag","embeddable":true,"href":"https:\/\/alja.ch\/fr\/wp-json\/wp\/v2\/product_tag?post=35515"}],"curies":[{"name":"wp","href":"https:\/\/api.w.org\/{rel}","templated":true}]}}