{"id":35168,"date":"2025-07-08T10:44:57","date_gmt":"2025-07-08T08:44:57","guid":{"rendered":"https:\/\/alja.ch\/?post_type=product&#038;p=35168"},"modified":"2026-03-04T16:44:02","modified_gmt":"2026-03-04T15:44:02","slug":"kit-de-couture-coccolini-avec-sac-a-dos","status":"publish","type":"product","link":"https:\/\/alja.ch\/fr\/produit\/kit-de-couture-coccolini-avec-sac-a-dos\/","title":{"rendered":"Coccolini kit de couture animaux avec sac \u00e0 dos"},"content":{"rendered":"<p data-path-to-node=\"6\">Tu cherches une merveilleuse fa\u00e7on d&rsquo;\u00eatre cr\u00e9atif tout en cr\u00e9ant un compagnon pratique pour le quotidien ? Alors le <b data-path-to-node=\"6\" data-index-in-node=\"151\">kit de couture Coccolini avec sac \u00e0 dos<\/b> est le choix parfait pour toi et ton enfant ! Plongez ensemble dans le monde de la couture et cr\u00e9ez un magnifique sac \u00e0 dos auquel votre nouvel ami pr\u00e9f\u00e9r\u00e9 sera solidement attach\u00e9.  <\/p>\n<p data-path-to-node=\"7\">Ce kit sp\u00e9cial contient tout ce dont vous avez besoin pour donner vie \u00e0 un sac de gym unique en son genre avec un caract\u00e8re douillet int\u00e9gr\u00e9. Ce qui est particulier : Les animaux en peluche sont directement attach\u00e9s au sac \u00e0 dos. Ils sont ainsi en s\u00e9curit\u00e9 lors de chaque aventure - que ce soit au jardin d&rsquo;enfants, en excursion au parc ou en jouant chez des amis.  <\/p>\n<p data-path-to-node=\"8\"><b data-path-to-node=\"8\" data-index-in-node=\"0\">Choisissez votre compagnon pour la prochaine aventure :<\/b><\/p>\n<ul data-path-to-node=\"9\">\n<li>\n<p data-path-to-node=\"9,0,0\">La charmante <b data-path-to-node=\"9,0,0\" data-index-in-node=\"14\">Giraffy<\/b> ou la courageuse <b data-path-to-node=\"9,0,0\" data-index-in-node=\"38\">Leony<\/b>.<\/p>\n<\/li>\n<li>\n<p data-path-to-node=\"9,1,0\">L&rsquo;astucieux <b data-path-to-node=\"9,1,0\" data-index-in-node=\"12\">Foxy<\/b> ou la douce <b data-path-to-node=\"9,1,0\" data-index-in-node=\"32\">Minny<\/b>.<\/p>\n<\/li>\n<li>\n<p data-path-to-node=\"9,2,0\">La <b data-path-to-node=\"9,2,0\" data-index-in-node=\"15\">Bunny<\/b> duveteuse.<\/p>\n<\/li>\n<\/ul>\n<p data-path-to-node=\"10\">Les animaux ne sont pas seulement de fid\u00e8les compagnons de route, mais aussi un magnifique point de mire plastique sur votre sac de gym cousu maison. O\u00f9 vous accompagneront-ils en premier\u00a0\u00bb ? <\/p>\n<p>Vous aurez \u00e9galement besoin de :<br \/>\n-Fil<br \/>\n-Mat\u00e9riel de remplissage<br \/>\n-Ciseaux<br \/>\n-Aiguille<\/p>\n","protected":false},"excerpt":{"rendered":"<p>Kit de bricolage cr\u00e9atif : confectionne ton propre sac \u00e0 dos, doudou inclus ! Choisis entre <b data-path-to-node=\"13\" data-index-in-node=\"87\">Giraffy, Leony, Foxy, Minny<\/b> ou <b data-path-to-node=\"13\" data-index-in-node=\"120\">Bunny<\/b>. Le compagnon id\u00e9al pour le jardin d&rsquo;enfants et les loisirs. Unique, pratique et mignon comme un bonbon. D\u00e9couvrez-le maintenant chez alja.ch !    <\/p>\n","protected":false},"featured_media":35163,"comment_status":"closed","ping_status":"closed","template":"","meta":{"_acf_changed":false},"product_brand":[],"product_cat":[3436,1975,1260],"product_tag":[1994,1406,478,1957,386],"class_list":{"0":"post-35168","1":"product","2":"type-product","3":"status-publish","4":"has-post-thumbnail","6":"product_cat-idees-de-cadeaux","7":"product_cat-kit-de-couture","8":"product_cat-mercerie-fr","9":"product_tag-accessoires-fr","10":"product_tag-girafe-fr","11":"product_tag-lion","12":"product_tag-tissu-daventure","13":"product_tag-tissu-pour-enfants-fr","14":"product_shipping_class-bon-dachat-et-patron","16":"first","17":"instock","18":"shipping-taxable","19":"purchasable","20":"product-type-variable"},"acf":[],"yoast_head":"<!-- This site is optimized with the Yoast SEO plugin v27.4 - https:\/\/yoast.com\/product\/yoast-seo-wordpress\/ -->\n<title>Coccolini kit de couture animaux avec sac \u00e0 dos &#8212; Alja.ch<\/title>\n<meta name=\"description\" content=\"Kit de couture DIY pour enfants : sac \u00e0 dos avec girafe ou lion. Id\u00e9al pour les enfants cr\u00e9atifs. Activit\u00e9s manuelles &amp; ludiques. D\u00e9couvrez-le maintenant !\" \/>\n<meta name=\"robots\" content=\"index, follow, max-snippet:-1, max-image-preview:large, max-video-preview:-1\" \/>\n<link rel=\"canonical\" href=\"https:\/\/alja.ch\/fr\/produit\/kit-de-couture-coccolini-avec-sac-a-dos\/\" \/>\n<meta property=\"og:locale\" content=\"fr_FR\" \/>\n<meta property=\"og:type\" content=\"article\" \/>\n<meta property=\"og:title\" content=\"Coccolini kit de couture animaux avec sac \u00e0 dos &#8212; Alja.ch\" \/>\n<meta property=\"og:description\" content=\"Kit de couture DIY pour enfants : sac \u00e0 dos avec girafe ou lion. Id\u00e9al pour les enfants cr\u00e9atifs. Activit\u00e9s manuelles &amp; ludiques. D\u00e9couvrez-le maintenant !\" \/>\n<meta property=\"og:url\" content=\"https:\/\/alja.ch\/fr\/produit\/kit-de-couture-coccolini-avec-sac-a-dos\/\" \/>\n<meta property=\"og:site_name\" content=\"Alja.ch\" \/>\n<meta property=\"article:publisher\" content=\"https:\/\/www.facebook.com\/aljastoffe\/\" \/>\n<meta property=\"article:modified_time\" content=\"2026-03-04T15:44:02+00:00\" \/>\n<meta property=\"og:image\" content=\"https:\/\/alja.ch\/wp-content\/uploads\/Turnbeutel-Giraffy_endprodukt.jpg\" \/>\n\t<meta property=\"og:image:width\" content=\"533\" \/>\n\t<meta property=\"og:image:height\" content=\"800\" \/>\n\t<meta property=\"og:image:type\" content=\"image\/jpeg\" \/>\n<meta name=\"twitter:card\" content=\"summary_large_image\" \/>\n<meta name=\"twitter:label1\" content=\"Dur\u00e9e de lecture estim\u00e9e\" \/>\n\t<meta name=\"twitter:data1\" content=\"2 minutes\" \/>\n<script type=\"application\/ld+json\" class=\"yoast-schema-graph\">{\"@context\":\"https:\\\/\\\/schema.org\",\"@graph\":[{\"@type\":\"WebPage\",\"@id\":\"https:\\\/\\\/alja.ch\\\/fr\\\/produit\\\/kit-de-couture-coccolini-avec-sac-a-dos\\\/\",\"url\":\"https:\\\/\\\/alja.ch\\\/fr\\\/produit\\\/kit-de-couture-coccolini-avec-sac-a-dos\\\/\",\"name\":\"Coccolini kit de couture animaux avec sac \u00e0 dos &#8212; Alja.ch\",\"isPartOf\":{\"@id\":\"https:\\\/\\\/alja.ch\\\/fr\\\/#website\"},\"primaryImageOfPage\":{\"@id\":\"https:\\\/\\\/alja.ch\\\/fr\\\/produit\\\/kit-de-couture-coccolini-avec-sac-a-dos\\\/#primaryimage\"},\"image\":{\"@id\":\"https:\\\/\\\/alja.ch\\\/fr\\\/produit\\\/kit-de-couture-coccolini-avec-sac-a-dos\\\/#primaryimage\"},\"thumbnailUrl\":\"https:\\\/\\\/alja.ch\\\/wp-content\\\/uploads\\\/Turnbeutel-Giraffy_endprodukt.jpg\",\"datePublished\":\"2025-07-08T08:44:57+00:00\",\"dateModified\":\"2026-03-04T15:44:02+00:00\",\"description\":\"Kit de couture DIY pour enfants : sac \u00e0 dos avec girafe ou lion. Id\u00e9al pour les enfants cr\u00e9atifs. Activit\u00e9s manuelles & ludiques. D\u00e9couvrez-le maintenant !\",\"breadcrumb\":{\"@id\":\"https:\\\/\\\/alja.ch\\\/fr\\\/produit\\\/kit-de-couture-coccolini-avec-sac-a-dos\\\/#breadcrumb\"},\"inLanguage\":\"fr-FR\",\"potentialAction\":[{\"@type\":\"ReadAction\",\"target\":[\"https:\\\/\\\/alja.ch\\\/fr\\\/produit\\\/kit-de-couture-coccolini-avec-sac-a-dos\\\/\"]}]},{\"@type\":\"ImageObject\",\"inLanguage\":\"fr-FR\",\"@id\":\"https:\\\/\\\/alja.ch\\\/fr\\\/produit\\\/kit-de-couture-coccolini-avec-sac-a-dos\\\/#primaryimage\",\"url\":\"https:\\\/\\\/alja.ch\\\/wp-content\\\/uploads\\\/Turnbeutel-Giraffy_endprodukt.jpg\",\"contentUrl\":\"https:\\\/\\\/alja.ch\\\/wp-content\\\/uploads\\\/Turnbeutel-Giraffy_endprodukt.jpg\",\"width\":533,\"height\":800},{\"@type\":\"BreadcrumbList\",\"@id\":\"https:\\\/\\\/alja.ch\\\/fr\\\/produit\\\/kit-de-couture-coccolini-avec-sac-a-dos\\\/#breadcrumb\",\"itemListElement\":[{\"@type\":\"ListItem\",\"position\":1,\"name\":\"Startseite\",\"item\":\"https:\\\/\\\/alja.ch\\\/fr\\\/\"},{\"@type\":\"ListItem\",\"position\":2,\"name\":\"Boutique\",\"item\":\"https:\\\/\\\/alja.ch\\\/fr\\\/boutique\\\/\"},{\"@type\":\"ListItem\",\"position\":3,\"name\":\"Coccolini kit de couture animaux avec sac \u00e0 dos\"}]},{\"@type\":\"WebSite\",\"@id\":\"https:\\\/\\\/alja.ch\\\/fr\\\/#website\",\"url\":\"https:\\\/\\\/alja.ch\\\/fr\\\/\",\"name\":\"Alja.ch\",\"description\":\"Stoffe &amp; Mercerie online einkaufen!\",\"publisher\":{\"@id\":\"https:\\\/\\\/alja.ch\\\/fr\\\/#organization\"},\"potentialAction\":[{\"@type\":\"SearchAction\",\"target\":{\"@type\":\"EntryPoint\",\"urlTemplate\":\"https:\\\/\\\/alja.ch\\\/fr\\\/?s={search_term_string}\"},\"query-input\":{\"@type\":\"PropertyValueSpecification\",\"valueRequired\":true,\"valueName\":\"search_term_string\"}}],\"inLanguage\":\"fr-FR\"},{\"@type\":\"Organization\",\"@id\":\"https:\\\/\\\/alja.ch\\\/fr\\\/#organization\",\"name\":\"ALJA Nouveau AG\",\"url\":\"https:\\\/\\\/alja.ch\\\/fr\\\/\",\"logo\":{\"@type\":\"ImageObject\",\"inLanguage\":\"fr-FR\",\"@id\":\"https:\\\/\\\/alja.ch\\\/fr\\\/#\\\/schema\\\/logo\\\/image\\\/\",\"url\":\"https:\\\/\\\/alja.ch\\\/wp-content\\\/uploads\\\/kg-logo-alja.png\",\"contentUrl\":\"https:\\\/\\\/alja.ch\\\/wp-content\\\/uploads\\\/kg-logo-alja.png\",\"width\":1000,\"height\":1000,\"caption\":\"ALJA Nouveau AG\"},\"image\":{\"@id\":\"https:\\\/\\\/alja.ch\\\/fr\\\/#\\\/schema\\\/logo\\\/image\\\/\"},\"sameAs\":[\"https:\\\/\\\/www.facebook.com\\\/aljastoffe\\\/\",\"https:\\\/\\\/www.instagram.com\\\/alja_stoffe_mercerie\\\/\",\"https:\\\/\\\/www.youtube.com\\\/channel\\\/UCf6430U9yN-o6rk-Nw4TDqA\"]}]}<\/script>\n<!-- \/ Yoast SEO plugin. -->","yoast_head_json":{"title":"Coccolini kit de couture animaux avec sac \u00e0 dos &#8212; Alja.ch","description":"Kit de couture DIY pour enfants : sac \u00e0 dos avec girafe ou lion. Id\u00e9al pour les enfants cr\u00e9atifs. Activit\u00e9s manuelles & ludiques. D\u00e9couvrez-le maintenant !","robots":{"index":"index","follow":"follow","max-snippet":"max-snippet:-1","max-image-preview":"max-image-preview:large","max-video-preview":"max-video-preview:-1"},"canonical":"https:\/\/alja.ch\/fr\/produit\/kit-de-couture-coccolini-avec-sac-a-dos\/","og_locale":"fr_FR","og_type":"article","og_title":"Coccolini kit de couture animaux avec sac \u00e0 dos &#8212; Alja.ch","og_description":"Kit de couture DIY pour enfants : sac \u00e0 dos avec girafe ou lion. Id\u00e9al pour les enfants cr\u00e9atifs. Activit\u00e9s manuelles & ludiques. D\u00e9couvrez-le maintenant !","og_url":"https:\/\/alja.ch\/fr\/produit\/kit-de-couture-coccolini-avec-sac-a-dos\/","og_site_name":"Alja.ch","article_publisher":"https:\/\/www.facebook.com\/aljastoffe\/","article_modified_time":"2026-03-04T15:44:02+00:00","og_image":[{"width":533,"height":800,"url":"https:\/\/alja.ch\/wp-content\/uploads\/Turnbeutel-Giraffy_endprodukt.jpg","type":"image\/jpeg"}],"twitter_card":"summary_large_image","twitter_misc":{"Dur\u00e9e de lecture estim\u00e9e":"2 minutes"},"schema":{"@context":"https:\/\/schema.org","@graph":[{"@type":"WebPage","@id":"https:\/\/alja.ch\/fr\/produit\/kit-de-couture-coccolini-avec-sac-a-dos\/","url":"https:\/\/alja.ch\/fr\/produit\/kit-de-couture-coccolini-avec-sac-a-dos\/","name":"Coccolini kit de couture animaux avec sac \u00e0 dos &#8212; Alja.ch","isPartOf":{"@id":"https:\/\/alja.ch\/fr\/#website"},"primaryImageOfPage":{"@id":"https:\/\/alja.ch\/fr\/produit\/kit-de-couture-coccolini-avec-sac-a-dos\/#primaryimage"},"image":{"@id":"https:\/\/alja.ch\/fr\/produit\/kit-de-couture-coccolini-avec-sac-a-dos\/#primaryimage"},"thumbnailUrl":"https:\/\/alja.ch\/wp-content\/uploads\/Turnbeutel-Giraffy_endprodukt.jpg","datePublished":"2025-07-08T08:44:57+00:00","dateModified":"2026-03-04T15:44:02+00:00","description":"Kit de couture DIY pour enfants : sac \u00e0 dos avec girafe ou lion. Id\u00e9al pour les enfants cr\u00e9atifs. Activit\u00e9s manuelles & ludiques. D\u00e9couvrez-le maintenant !","breadcrumb":{"@id":"https:\/\/alja.ch\/fr\/produit\/kit-de-couture-coccolini-avec-sac-a-dos\/#breadcrumb"},"inLanguage":"fr-FR","potentialAction":[{"@type":"ReadAction","target":["https:\/\/alja.ch\/fr\/produit\/kit-de-couture-coccolini-avec-sac-a-dos\/"]}]},{"@type":"ImageObject","inLanguage":"fr-FR","@id":"https:\/\/alja.ch\/fr\/produit\/kit-de-couture-coccolini-avec-sac-a-dos\/#primaryimage","url":"https:\/\/alja.ch\/wp-content\/uploads\/Turnbeutel-Giraffy_endprodukt.jpg","contentUrl":"https:\/\/alja.ch\/wp-content\/uploads\/Turnbeutel-Giraffy_endprodukt.jpg","width":533,"height":800},{"@type":"BreadcrumbList","@id":"https:\/\/alja.ch\/fr\/produit\/kit-de-couture-coccolini-avec-sac-a-dos\/#breadcrumb","itemListElement":[{"@type":"ListItem","position":1,"name":"Startseite","item":"https:\/\/alja.ch\/fr\/"},{"@type":"ListItem","position":2,"name":"Boutique","item":"https:\/\/alja.ch\/fr\/boutique\/"},{"@type":"ListItem","position":3,"name":"Coccolini kit de couture animaux avec sac \u00e0 dos"}]},{"@type":"WebSite","@id":"https:\/\/alja.ch\/fr\/#website","url":"https:\/\/alja.ch\/fr\/","name":"Alja.ch","description":"Stoffe &amp; Mercerie online einkaufen!","publisher":{"@id":"https:\/\/alja.ch\/fr\/#organization"},"potentialAction":[{"@type":"SearchAction","target":{"@type":"EntryPoint","urlTemplate":"https:\/\/alja.ch\/fr\/?s={search_term_string}"},"query-input":{"@type":"PropertyValueSpecification","valueRequired":true,"valueName":"search_term_string"}}],"inLanguage":"fr-FR"},{"@type":"Organization","@id":"https:\/\/alja.ch\/fr\/#organization","name":"ALJA Nouveau AG","url":"https:\/\/alja.ch\/fr\/","logo":{"@type":"ImageObject","inLanguage":"fr-FR","@id":"https:\/\/alja.ch\/fr\/#\/schema\/logo\/image\/","url":"https:\/\/alja.ch\/wp-content\/uploads\/kg-logo-alja.png","contentUrl":"https:\/\/alja.ch\/wp-content\/uploads\/kg-logo-alja.png","width":1000,"height":1000,"caption":"ALJA Nouveau AG"},"image":{"@id":"https:\/\/alja.ch\/fr\/#\/schema\/logo\/image\/"},"sameAs":["https:\/\/www.facebook.com\/aljastoffe\/","https:\/\/www.instagram.com\/alja_stoffe_mercerie\/","https:\/\/www.youtube.com\/channel\/UCf6430U9yN-o6rk-Nw4TDqA"]}]}},"_links":{"self":[{"href":"https:\/\/alja.ch\/fr\/wp-json\/wp\/v2\/product\/35168","targetHints":{"allow":["GET"]}}],"collection":[{"href":"https:\/\/alja.ch\/fr\/wp-json\/wp\/v2\/product"}],"about":[{"href":"https:\/\/alja.ch\/fr\/wp-json\/wp\/v2\/types\/product"}],"replies":[{"embeddable":true,"href":"https:\/\/alja.ch\/fr\/wp-json\/wp\/v2\/comments?post=35168"}],"wp:featuredmedia":[{"embeddable":true,"href":"https:\/\/alja.ch\/fr\/wp-json\/wp\/v2\/media\/35163"}],"wp:attachment":[{"href":"https:\/\/alja.ch\/fr\/wp-json\/wp\/v2\/media?parent=35168"}],"wp:term":[{"taxonomy":"product_brand","embeddable":true,"href":"https:\/\/alja.ch\/fr\/wp-json\/wp\/v2\/product_brand?post=35168"},{"taxonomy":"product_cat","embeddable":true,"href":"https:\/\/alja.ch\/fr\/wp-json\/wp\/v2\/product_cat?post=35168"},{"taxonomy":"product_tag","embeddable":true,"href":"https:\/\/alja.ch\/fr\/wp-json\/wp\/v2\/product_tag?post=35168"}],"curies":[{"name":"wp","href":"https:\/\/api.w.org\/{rel}","templated":true}]}}