{"id":34999,"date":"2025-06-20T16:06:58","date_gmt":"2025-06-20T14:06:58","guid":{"rendered":"https:\/\/alja.ch\/produkt\/lin-uni-teal-roseau-olive\/"},"modified":"2026-02-17T17:04:24","modified_gmt":"2026-02-17T16:04:24","slug":"lin-uni-teal-roseau-olive","status":"publish","type":"product","link":"https:\/\/alja.ch\/fr\/produit\/lin-uni-teal-roseau-olive\/","title":{"rendered":"Lin uni sarcelle\/roseau\/olive"},"content":{"rendered":"<p data-start=\"351\" data-end=\"686\">Notre <strong data-start=\"370\" data-end=\"390\">tissu uni en lin de<\/strong> qualit\u00e9 sup\u00e9rieure, disponible dans les coloris sarcelle, roseau ou olive, est un <strong data-start=\"466\" data-end=\"480\">tissu de base<\/strong> polyvalent qui allie le naturel \u00e0 un aspect moderne. Fabriqu\u00e9 \u00e0 <strong data-start=\"544\" data-end=\"576\">87% en lin et \u00e0 13% en coton<\/strong>, il allie les propri\u00e9t\u00e9s respirantes et rafra\u00eechissantes du lin \u00e0 la douceur du coton au toucher.<\/p>\n<p data-start=\"688\" data-end=\"996\">Avec une <strong data-start=\"698\" data-end=\"719\">largeur de 140 cm<\/strong> et un <strong data-start=\"730\" data-end=\"754\">poids de 230 g\/m\u00b2<\/strong>, ce tissu tiss\u00e9 est id\u00e9al pour les <strong data-start=\"798\" data-end=\"886\">v\u00eatements d&rsquo;\u00e9t\u00e9, les chemisiers, les pantalons, les jupes, les rideaux, le linge de table et autres textiles d&rsquo;int\u00e9rieur<\/strong>. Sa structure noble et mate lui conf\u00e8re un aspect intemporel et de grande qualit\u00e9 - parfait \u00e9galement pour les projets de couture durables.<\/p>\n<p data-start=\"998\" data-end=\"1019\"><strong data-start=\"998\" data-end=\"1017\">Conseils d&rsquo;entretien :<\/strong><\/p>\n<p data-start=\"1022\" data-end=\"1048\">Lavage en machine \u00e0 30\u00b0C<\/p>\n<p data-start=\"1051\" data-end=\"1067\">Ne pas blanchir<\/p>\n<p data-start=\"1070\" data-end=\"1103\">repassage \u00e0 temp\u00e9rature moyenne<\/p>\n<p data-start=\"1106\" data-end=\"1149\">Nettoyage \u00e0 sec (sauf trichlor\u00e9thyl\u00e8ne)<\/p>\n<p data-start=\"1152\" data-end=\"1178\">Ne pas s\u00e9cher au s\u00e8che-linge<\/p>\n","protected":false},"excerpt":{"rendered":"<p>Tissu de lin tiss\u00e9 en sarcelle\/roseau\/olive, 87% lin \/ 13% coton, largeur 140cm, 230g\/m\u00b2 - id\u00e9al pour la mode &amp; l&rsquo;int\u00e9rieur.<\/p>\n","protected":false},"featured_media":41235,"comment_status":"closed","ping_status":"closed","template":"","meta":{"_acf_changed":false},"product_brand":[],"product_cat":[153,571,251],"product_tag":[1893,665,1898,1929],"class_list":{"0":"post-34999","1":"product","2":"type-product","3":"status-publish","4":"has-post-thumbnail","6":"product_cat-tissus","7":"product_cat-tissus-en-lin","8":"product_cat-tissus-uni-basic","9":"product_tag-ete","10":"product_tag-lin","11":"product_tag-tissu-tisse","12":"product_tag-tissus-fins","13":"product_shipping_class-colis-standard","15":"first","16":"instock","17":"shipping-taxable","18":"purchasable","19":"product-type-variable"},"acf":[],"yoast_head":"<!-- This site is optimized with the Yoast SEO plugin v27.4 - https:\/\/yoast.com\/product\/yoast-seo-wordpress\/ -->\n<title>Lin uni sarcelle\/roseau\/olive &#8212; Alja.ch<\/title>\n<meta name=\"description\" content=\"Tissu de lin tiss\u00e9 en sarcelle\/roseau\/olive, 87% lin \/ 13% coton, largeur 140cm, 230g\/m\u00b2 - id\u00e9al pour la mode &amp; l&#039;int\u00e9rieur. D\u00e9couvrez-le maintenant !\" \/>\n<meta name=\"robots\" content=\"index, follow, max-snippet:-1, max-image-preview:large, max-video-preview:-1\" \/>\n<link rel=\"canonical\" href=\"https:\/\/alja.ch\/fr\/produit\/lin-uni-teal-roseau-olive\/\" \/>\n<meta property=\"og:locale\" content=\"fr_FR\" \/>\n<meta property=\"og:type\" content=\"article\" \/>\n<meta property=\"og:title\" content=\"Lin uni sarcelle\/roseau\/olive &#8212; Alja.ch\" \/>\n<meta property=\"og:description\" content=\"Tissu de lin tiss\u00e9 en sarcelle\/roseau\/olive, 87% lin \/ 13% coton, largeur 140cm, 230g\/m\u00b2 - id\u00e9al pour la mode &amp; l&#039;int\u00e9rieur. D\u00e9couvrez-le maintenant !\" \/>\n<meta property=\"og:url\" content=\"https:\/\/alja.ch\/fr\/produit\/lin-uni-teal-roseau-olive\/\" \/>\n<meta property=\"og:site_name\" content=\"Alja.ch\" \/>\n<meta property=\"article:publisher\" content=\"https:\/\/www.facebook.com\/aljastoffe\/\" \/>\n<meta property=\"article:modified_time\" content=\"2026-02-17T16:04:24+00:00\" \/>\n<meta property=\"og:image\" content=\"https:\/\/alja.ch\/wp-content\/uploads\/2025\/09\/Leinen-uni_teal_gezwirbelt-scaled.jpg\" \/>\n\t<meta property=\"og:image:width\" content=\"2560\" \/>\n\t<meta property=\"og:image:height\" content=\"2560\" \/>\n\t<meta property=\"og:image:type\" content=\"image\/jpeg\" \/>\n<meta name=\"twitter:card\" content=\"summary_large_image\" \/>\n<meta name=\"twitter:label1\" content=\"Dur\u00e9e de lecture estim\u00e9e\" \/>\n\t<meta name=\"twitter:data1\" content=\"1 minute\" \/>\n<script type=\"application\/ld+json\" class=\"yoast-schema-graph\">{\"@context\":\"https:\\\/\\\/schema.org\",\"@graph\":[{\"@type\":\"WebPage\",\"@id\":\"https:\\\/\\\/alja.ch\\\/fr\\\/produit\\\/lin-uni-teal-roseau-olive\\\/\",\"url\":\"https:\\\/\\\/alja.ch\\\/fr\\\/produit\\\/lin-uni-teal-roseau-olive\\\/\",\"name\":\"Lin uni sarcelle\\\/roseau\\\/olive &#8212; Alja.ch\",\"isPartOf\":{\"@id\":\"https:\\\/\\\/alja.ch\\\/fr\\\/#website\"},\"primaryImageOfPage\":{\"@id\":\"https:\\\/\\\/alja.ch\\\/fr\\\/produit\\\/lin-uni-teal-roseau-olive\\\/#primaryimage\"},\"image\":{\"@id\":\"https:\\\/\\\/alja.ch\\\/fr\\\/produit\\\/lin-uni-teal-roseau-olive\\\/#primaryimage\"},\"thumbnailUrl\":\"https:\\\/\\\/alja.ch\\\/wp-content\\\/uploads\\\/2025\\\/09\\\/Leinen-uni_teal_gezwirbelt-scaled.jpg\",\"datePublished\":\"2025-06-20T14:06:58+00:00\",\"dateModified\":\"2026-02-17T16:04:24+00:00\",\"description\":\"Tissu de lin tiss\u00e9 en sarcelle\\\/roseau\\\/olive, 87% lin \\\/ 13% coton, largeur 140cm, 230g\\\/m\u00b2 - id\u00e9al pour la mode & l'int\u00e9rieur. D\u00e9couvrez-le maintenant !\",\"breadcrumb\":{\"@id\":\"https:\\\/\\\/alja.ch\\\/fr\\\/produit\\\/lin-uni-teal-roseau-olive\\\/#breadcrumb\"},\"inLanguage\":\"fr-FR\",\"potentialAction\":[{\"@type\":\"ReadAction\",\"target\":[\"https:\\\/\\\/alja.ch\\\/fr\\\/produit\\\/lin-uni-teal-roseau-olive\\\/\"]}]},{\"@type\":\"ImageObject\",\"inLanguage\":\"fr-FR\",\"@id\":\"https:\\\/\\\/alja.ch\\\/fr\\\/produit\\\/lin-uni-teal-roseau-olive\\\/#primaryimage\",\"url\":\"https:\\\/\\\/alja.ch\\\/wp-content\\\/uploads\\\/2025\\\/09\\\/Leinen-uni_teal_gezwirbelt-scaled.jpg\",\"contentUrl\":\"https:\\\/\\\/alja.ch\\\/wp-content\\\/uploads\\\/2025\\\/09\\\/Leinen-uni_teal_gezwirbelt-scaled.jpg\",\"width\":2560,\"height\":2560},{\"@type\":\"BreadcrumbList\",\"@id\":\"https:\\\/\\\/alja.ch\\\/fr\\\/produit\\\/lin-uni-teal-roseau-olive\\\/#breadcrumb\",\"itemListElement\":[{\"@type\":\"ListItem\",\"position\":1,\"name\":\"Startseite\",\"item\":\"https:\\\/\\\/alja.ch\\\/fr\\\/\"},{\"@type\":\"ListItem\",\"position\":2,\"name\":\"Boutique\",\"item\":\"https:\\\/\\\/alja.ch\\\/fr\\\/boutique\\\/\"},{\"@type\":\"ListItem\",\"position\":3,\"name\":\"Lin uni sarcelle\\\/roseau\\\/olive\"}]},{\"@type\":\"WebSite\",\"@id\":\"https:\\\/\\\/alja.ch\\\/fr\\\/#website\",\"url\":\"https:\\\/\\\/alja.ch\\\/fr\\\/\",\"name\":\"Alja.ch\",\"description\":\"Stoffe &amp; Mercerie online einkaufen!\",\"publisher\":{\"@id\":\"https:\\\/\\\/alja.ch\\\/fr\\\/#organization\"},\"potentialAction\":[{\"@type\":\"SearchAction\",\"target\":{\"@type\":\"EntryPoint\",\"urlTemplate\":\"https:\\\/\\\/alja.ch\\\/fr\\\/?s={search_term_string}\"},\"query-input\":{\"@type\":\"PropertyValueSpecification\",\"valueRequired\":true,\"valueName\":\"search_term_string\"}}],\"inLanguage\":\"fr-FR\"},{\"@type\":\"Organization\",\"@id\":\"https:\\\/\\\/alja.ch\\\/fr\\\/#organization\",\"name\":\"ALJA Nouveau AG\",\"url\":\"https:\\\/\\\/alja.ch\\\/fr\\\/\",\"logo\":{\"@type\":\"ImageObject\",\"inLanguage\":\"fr-FR\",\"@id\":\"https:\\\/\\\/alja.ch\\\/fr\\\/#\\\/schema\\\/logo\\\/image\\\/\",\"url\":\"https:\\\/\\\/alja.ch\\\/wp-content\\\/uploads\\\/kg-logo-alja.png\",\"contentUrl\":\"https:\\\/\\\/alja.ch\\\/wp-content\\\/uploads\\\/kg-logo-alja.png\",\"width\":1000,\"height\":1000,\"caption\":\"ALJA Nouveau AG\"},\"image\":{\"@id\":\"https:\\\/\\\/alja.ch\\\/fr\\\/#\\\/schema\\\/logo\\\/image\\\/\"},\"sameAs\":[\"https:\\\/\\\/www.facebook.com\\\/aljastoffe\\\/\",\"https:\\\/\\\/www.instagram.com\\\/alja_stoffe_mercerie\\\/\",\"https:\\\/\\\/www.youtube.com\\\/channel\\\/UCf6430U9yN-o6rk-Nw4TDqA\"]}]}<\/script>\n<!-- \/ Yoast SEO plugin. -->","yoast_head_json":{"title":"Lin uni sarcelle\/roseau\/olive &#8212; Alja.ch","description":"Tissu de lin tiss\u00e9 en sarcelle\/roseau\/olive, 87% lin \/ 13% coton, largeur 140cm, 230g\/m\u00b2 - id\u00e9al pour la mode & l'int\u00e9rieur. D\u00e9couvrez-le maintenant !","robots":{"index":"index","follow":"follow","max-snippet":"max-snippet:-1","max-image-preview":"max-image-preview:large","max-video-preview":"max-video-preview:-1"},"canonical":"https:\/\/alja.ch\/fr\/produit\/lin-uni-teal-roseau-olive\/","og_locale":"fr_FR","og_type":"article","og_title":"Lin uni sarcelle\/roseau\/olive &#8212; Alja.ch","og_description":"Tissu de lin tiss\u00e9 en sarcelle\/roseau\/olive, 87% lin \/ 13% coton, largeur 140cm, 230g\/m\u00b2 - id\u00e9al pour la mode & l'int\u00e9rieur. D\u00e9couvrez-le maintenant !","og_url":"https:\/\/alja.ch\/fr\/produit\/lin-uni-teal-roseau-olive\/","og_site_name":"Alja.ch","article_publisher":"https:\/\/www.facebook.com\/aljastoffe\/","article_modified_time":"2026-02-17T16:04:24+00:00","og_image":[{"width":2560,"height":2560,"url":"https:\/\/alja.ch\/wp-content\/uploads\/2025\/09\/Leinen-uni_teal_gezwirbelt-scaled.jpg","type":"image\/jpeg"}],"twitter_card":"summary_large_image","twitter_misc":{"Dur\u00e9e de lecture estim\u00e9e":"1 minute"},"schema":{"@context":"https:\/\/schema.org","@graph":[{"@type":"WebPage","@id":"https:\/\/alja.ch\/fr\/produit\/lin-uni-teal-roseau-olive\/","url":"https:\/\/alja.ch\/fr\/produit\/lin-uni-teal-roseau-olive\/","name":"Lin uni sarcelle\/roseau\/olive &#8212; Alja.ch","isPartOf":{"@id":"https:\/\/alja.ch\/fr\/#website"},"primaryImageOfPage":{"@id":"https:\/\/alja.ch\/fr\/produit\/lin-uni-teal-roseau-olive\/#primaryimage"},"image":{"@id":"https:\/\/alja.ch\/fr\/produit\/lin-uni-teal-roseau-olive\/#primaryimage"},"thumbnailUrl":"https:\/\/alja.ch\/wp-content\/uploads\/2025\/09\/Leinen-uni_teal_gezwirbelt-scaled.jpg","datePublished":"2025-06-20T14:06:58+00:00","dateModified":"2026-02-17T16:04:24+00:00","description":"Tissu de lin tiss\u00e9 en sarcelle\/roseau\/olive, 87% lin \/ 13% coton, largeur 140cm, 230g\/m\u00b2 - id\u00e9al pour la mode & l'int\u00e9rieur. D\u00e9couvrez-le maintenant !","breadcrumb":{"@id":"https:\/\/alja.ch\/fr\/produit\/lin-uni-teal-roseau-olive\/#breadcrumb"},"inLanguage":"fr-FR","potentialAction":[{"@type":"ReadAction","target":["https:\/\/alja.ch\/fr\/produit\/lin-uni-teal-roseau-olive\/"]}]},{"@type":"ImageObject","inLanguage":"fr-FR","@id":"https:\/\/alja.ch\/fr\/produit\/lin-uni-teal-roseau-olive\/#primaryimage","url":"https:\/\/alja.ch\/wp-content\/uploads\/2025\/09\/Leinen-uni_teal_gezwirbelt-scaled.jpg","contentUrl":"https:\/\/alja.ch\/wp-content\/uploads\/2025\/09\/Leinen-uni_teal_gezwirbelt-scaled.jpg","width":2560,"height":2560},{"@type":"BreadcrumbList","@id":"https:\/\/alja.ch\/fr\/produit\/lin-uni-teal-roseau-olive\/#breadcrumb","itemListElement":[{"@type":"ListItem","position":1,"name":"Startseite","item":"https:\/\/alja.ch\/fr\/"},{"@type":"ListItem","position":2,"name":"Boutique","item":"https:\/\/alja.ch\/fr\/boutique\/"},{"@type":"ListItem","position":3,"name":"Lin uni sarcelle\/roseau\/olive"}]},{"@type":"WebSite","@id":"https:\/\/alja.ch\/fr\/#website","url":"https:\/\/alja.ch\/fr\/","name":"Alja.ch","description":"Stoffe &amp; Mercerie online einkaufen!","publisher":{"@id":"https:\/\/alja.ch\/fr\/#organization"},"potentialAction":[{"@type":"SearchAction","target":{"@type":"EntryPoint","urlTemplate":"https:\/\/alja.ch\/fr\/?s={search_term_string}"},"query-input":{"@type":"PropertyValueSpecification","valueRequired":true,"valueName":"search_term_string"}}],"inLanguage":"fr-FR"},{"@type":"Organization","@id":"https:\/\/alja.ch\/fr\/#organization","name":"ALJA Nouveau AG","url":"https:\/\/alja.ch\/fr\/","logo":{"@type":"ImageObject","inLanguage":"fr-FR","@id":"https:\/\/alja.ch\/fr\/#\/schema\/logo\/image\/","url":"https:\/\/alja.ch\/wp-content\/uploads\/kg-logo-alja.png","contentUrl":"https:\/\/alja.ch\/wp-content\/uploads\/kg-logo-alja.png","width":1000,"height":1000,"caption":"ALJA Nouveau AG"},"image":{"@id":"https:\/\/alja.ch\/fr\/#\/schema\/logo\/image\/"},"sameAs":["https:\/\/www.facebook.com\/aljastoffe\/","https:\/\/www.instagram.com\/alja_stoffe_mercerie\/","https:\/\/www.youtube.com\/channel\/UCf6430U9yN-o6rk-Nw4TDqA"]}]}},"_links":{"self":[{"href":"https:\/\/alja.ch\/fr\/wp-json\/wp\/v2\/product\/34999","targetHints":{"allow":["GET"]}}],"collection":[{"href":"https:\/\/alja.ch\/fr\/wp-json\/wp\/v2\/product"}],"about":[{"href":"https:\/\/alja.ch\/fr\/wp-json\/wp\/v2\/types\/product"}],"replies":[{"embeddable":true,"href":"https:\/\/alja.ch\/fr\/wp-json\/wp\/v2\/comments?post=34999"}],"wp:featuredmedia":[{"embeddable":true,"href":"https:\/\/alja.ch\/fr\/wp-json\/wp\/v2\/media\/41235"}],"wp:attachment":[{"href":"https:\/\/alja.ch\/fr\/wp-json\/wp\/v2\/media?parent=34999"}],"wp:term":[{"taxonomy":"product_brand","embeddable":true,"href":"https:\/\/alja.ch\/fr\/wp-json\/wp\/v2\/product_brand?post=34999"},{"taxonomy":"product_cat","embeddable":true,"href":"https:\/\/alja.ch\/fr\/wp-json\/wp\/v2\/product_cat?post=34999"},{"taxonomy":"product_tag","embeddable":true,"href":"https:\/\/alja.ch\/fr\/wp-json\/wp\/v2\/product_tag?post=34999"}],"curies":[{"name":"wp","href":"https:\/\/api.w.org\/{rel}","templated":true}]}}