{"id":34770,"date":"2025-06-04T16:14:45","date_gmt":"2025-06-04T14:14:45","guid":{"rendered":"https:\/\/alja.ch\/produkt\/sangle-a-motif-paon\/"},"modified":"2025-09-12T17:03:30","modified_gmt":"2025-09-12T15:03:30","slug":"sangle-a-motif-paon","status":"publish","type":"product","link":"https:\/\/alja.ch\/fr\/produit\/sangle-a-motif-paon\/","title":{"rendered":"Sangle avec motif de paon"},"content":{"rendered":"<p><strong>Sangle avec motif de paon <\/strong><\/p>\n<p>Notre sangle de 40 mm de large, 100 % polyester, avec son <strong>motif de paon<\/strong>, apporte couleur et style \u00e0 tes projets. Cette bande tiss\u00e9e robuste est parfaite pour les sacs, les sacs \u00e0 dos, les ceintures et bien d&rsquo;autres id\u00e9es DIY. Les plumes de paon lumineuses font de ton accessoire un v\u00e9ritable accroche-regard.<\/p>\n<p>100 % polyester, largeur 40 mm<\/p>\n","protected":false},"excerpt":{"rendered":"<p>Sangle solide de 40 mm de large, 100 % polyester, avec un \u00e9l\u00e9gant motif de paon - id\u00e9ale pour les sacs, les lani\u00e8res et les projets de couture cr\u00e9atifs.<\/p>\n","protected":false},"featured_media":34696,"comment_status":"closed","ping_status":"closed","template":"","meta":{"_acf_changed":false},"product_brand":[],"product_cat":[1260,1558,2210],"product_tag":[1654,1652,1651,1653,1559,1656,1561],"class_list":{"0":"post-34770","1":"product","2":"type-product","3":"status-publish","4":"has-post-thumbnail","6":"product_cat-mercerie-fr","7":"product_cat-rubans-et-cordons","8":"product_cat-sac-diy","9":"product_tag-100-polyester-fr","10":"product_tag-motif-paon","11":"product_tag-projets-de-couture-fr","12":"product_tag-ruban-tisse","13":"product_tag-sangle","14":"product_tag-sangle-fr","15":"product_tag-sangle-de-sac","16":"product_shipping_class-colis-standard","18":"first","19":"instock","20":"featured","21":"shipping-taxable","22":"purchasable","23":"product-type-variable"},"acf":[],"yoast_head":"<!-- This site is optimized with the Yoast SEO plugin v27.4 - https:\/\/yoast.com\/product\/yoast-seo-wordpress\/ -->\n<title>Sangle avec motif de paon &#8212; Alja.ch<\/title>\n<meta name=\"description\" content=\"Sangle de 40 mm de haute qualit\u00e9 avec un motif de paon color\u00e9 - 100 % polyvalente pour les sacs, les ceintures &amp; les projets DIY. Maintenant chez Alja.ch !\" \/>\n<meta name=\"robots\" content=\"index, follow, max-snippet:-1, max-image-preview:large, max-video-preview:-1\" \/>\n<link rel=\"canonical\" href=\"https:\/\/alja.ch\/fr\/produit\/sangle-a-motif-paon\/\" \/>\n<meta property=\"og:locale\" content=\"fr_FR\" \/>\n<meta property=\"og:type\" content=\"article\" \/>\n<meta property=\"og:title\" content=\"Sangle avec motif de paon &#8212; Alja.ch\" \/>\n<meta property=\"og:description\" content=\"Sangle de 40 mm de haute qualit\u00e9 avec un motif de paon color\u00e9 - 100 % polyvalente pour les sacs, les ceintures &amp; les projets DIY. Maintenant chez Alja.ch !\" \/>\n<meta property=\"og:url\" content=\"https:\/\/alja.ch\/fr\/produit\/sangle-a-motif-paon\/\" \/>\n<meta property=\"og:site_name\" content=\"Alja.ch\" \/>\n<meta property=\"article:publisher\" content=\"https:\/\/www.facebook.com\/aljastoffe\/\" \/>\n<meta property=\"article:modified_time\" content=\"2025-09-12T15:03:30+00:00\" \/>\n<meta property=\"og:image\" content=\"https:\/\/alja.ch\/wp-content\/uploads\/01137-C064.jpg\" \/>\n\t<meta property=\"og:image:width\" content=\"1416\" \/>\n\t<meta property=\"og:image:height\" content=\"1415\" \/>\n\t<meta property=\"og:image:type\" content=\"image\/jpeg\" \/>\n<meta name=\"twitter:card\" content=\"summary_large_image\" \/>\n<meta name=\"twitter:label1\" content=\"Dur\u00e9e de lecture estim\u00e9e\" \/>\n\t<meta name=\"twitter:data1\" content=\"1 minute\" \/>\n<script type=\"application\/ld+json\" class=\"yoast-schema-graph\">{\"@context\":\"https:\\\/\\\/schema.org\",\"@graph\":[{\"@type\":\"WebPage\",\"@id\":\"https:\\\/\\\/alja.ch\\\/fr\\\/produit\\\/sangle-a-motif-paon\\\/\",\"url\":\"https:\\\/\\\/alja.ch\\\/fr\\\/produit\\\/sangle-a-motif-paon\\\/\",\"name\":\"Sangle avec motif de paon &#8212; Alja.ch\",\"isPartOf\":{\"@id\":\"https:\\\/\\\/alja.ch\\\/fr\\\/#website\"},\"primaryImageOfPage\":{\"@id\":\"https:\\\/\\\/alja.ch\\\/fr\\\/produit\\\/sangle-a-motif-paon\\\/#primaryimage\"},\"image\":{\"@id\":\"https:\\\/\\\/alja.ch\\\/fr\\\/produit\\\/sangle-a-motif-paon\\\/#primaryimage\"},\"thumbnailUrl\":\"https:\\\/\\\/alja.ch\\\/wp-content\\\/uploads\\\/01137-C064.jpg\",\"datePublished\":\"2025-06-04T14:14:45+00:00\",\"dateModified\":\"2025-09-12T15:03:30+00:00\",\"description\":\"Sangle de 40 mm de haute qualit\u00e9 avec un motif de paon color\u00e9 - 100 % polyvalente pour les sacs, les ceintures & les projets DIY. Maintenant chez Alja.ch !\",\"breadcrumb\":{\"@id\":\"https:\\\/\\\/alja.ch\\\/fr\\\/produit\\\/sangle-a-motif-paon\\\/#breadcrumb\"},\"inLanguage\":\"fr-FR\",\"potentialAction\":[{\"@type\":\"ReadAction\",\"target\":[\"https:\\\/\\\/alja.ch\\\/fr\\\/produit\\\/sangle-a-motif-paon\\\/\"]}]},{\"@type\":\"ImageObject\",\"inLanguage\":\"fr-FR\",\"@id\":\"https:\\\/\\\/alja.ch\\\/fr\\\/produit\\\/sangle-a-motif-paon\\\/#primaryimage\",\"url\":\"https:\\\/\\\/alja.ch\\\/wp-content\\\/uploads\\\/01137-C064.jpg\",\"contentUrl\":\"https:\\\/\\\/alja.ch\\\/wp-content\\\/uploads\\\/01137-C064.jpg\",\"width\":1416,\"height\":1415},{\"@type\":\"BreadcrumbList\",\"@id\":\"https:\\\/\\\/alja.ch\\\/fr\\\/produit\\\/sangle-a-motif-paon\\\/#breadcrumb\",\"itemListElement\":[{\"@type\":\"ListItem\",\"position\":1,\"name\":\"Startseite\",\"item\":\"https:\\\/\\\/alja.ch\\\/fr\\\/\"},{\"@type\":\"ListItem\",\"position\":2,\"name\":\"Boutique\",\"item\":\"https:\\\/\\\/alja.ch\\\/fr\\\/boutique\\\/\"},{\"@type\":\"ListItem\",\"position\":3,\"name\":\"Sangle avec motif de paon\"}]},{\"@type\":\"WebSite\",\"@id\":\"https:\\\/\\\/alja.ch\\\/fr\\\/#website\",\"url\":\"https:\\\/\\\/alja.ch\\\/fr\\\/\",\"name\":\"Alja.ch\",\"description\":\"Stoffe &amp; Mercerie online einkaufen!\",\"publisher\":{\"@id\":\"https:\\\/\\\/alja.ch\\\/fr\\\/#organization\"},\"potentialAction\":[{\"@type\":\"SearchAction\",\"target\":{\"@type\":\"EntryPoint\",\"urlTemplate\":\"https:\\\/\\\/alja.ch\\\/fr\\\/?s={search_term_string}\"},\"query-input\":{\"@type\":\"PropertyValueSpecification\",\"valueRequired\":true,\"valueName\":\"search_term_string\"}}],\"inLanguage\":\"fr-FR\"},{\"@type\":\"Organization\",\"@id\":\"https:\\\/\\\/alja.ch\\\/fr\\\/#organization\",\"name\":\"ALJA Nouveau AG\",\"url\":\"https:\\\/\\\/alja.ch\\\/fr\\\/\",\"logo\":{\"@type\":\"ImageObject\",\"inLanguage\":\"fr-FR\",\"@id\":\"https:\\\/\\\/alja.ch\\\/fr\\\/#\\\/schema\\\/logo\\\/image\\\/\",\"url\":\"https:\\\/\\\/alja.ch\\\/wp-content\\\/uploads\\\/kg-logo-alja.png\",\"contentUrl\":\"https:\\\/\\\/alja.ch\\\/wp-content\\\/uploads\\\/kg-logo-alja.png\",\"width\":1000,\"height\":1000,\"caption\":\"ALJA Nouveau AG\"},\"image\":{\"@id\":\"https:\\\/\\\/alja.ch\\\/fr\\\/#\\\/schema\\\/logo\\\/image\\\/\"},\"sameAs\":[\"https:\\\/\\\/www.facebook.com\\\/aljastoffe\\\/\",\"https:\\\/\\\/www.instagram.com\\\/alja_stoffe_mercerie\\\/\",\"https:\\\/\\\/www.youtube.com\\\/channel\\\/UCf6430U9yN-o6rk-Nw4TDqA\"]}]}<\/script>\n<!-- \/ Yoast SEO plugin. -->","yoast_head_json":{"title":"Sangle avec motif de paon &#8212; Alja.ch","description":"Sangle de 40 mm de haute qualit\u00e9 avec un motif de paon color\u00e9 - 100 % polyvalente pour les sacs, les ceintures & les projets DIY. Maintenant chez Alja.ch !","robots":{"index":"index","follow":"follow","max-snippet":"max-snippet:-1","max-image-preview":"max-image-preview:large","max-video-preview":"max-video-preview:-1"},"canonical":"https:\/\/alja.ch\/fr\/produit\/sangle-a-motif-paon\/","og_locale":"fr_FR","og_type":"article","og_title":"Sangle avec motif de paon &#8212; Alja.ch","og_description":"Sangle de 40 mm de haute qualit\u00e9 avec un motif de paon color\u00e9 - 100 % polyvalente pour les sacs, les ceintures & les projets DIY. Maintenant chez Alja.ch !","og_url":"https:\/\/alja.ch\/fr\/produit\/sangle-a-motif-paon\/","og_site_name":"Alja.ch","article_publisher":"https:\/\/www.facebook.com\/aljastoffe\/","article_modified_time":"2025-09-12T15:03:30+00:00","og_image":[{"width":1416,"height":1415,"url":"https:\/\/alja.ch\/wp-content\/uploads\/01137-C064.jpg","type":"image\/jpeg"}],"twitter_card":"summary_large_image","twitter_misc":{"Dur\u00e9e de lecture estim\u00e9e":"1 minute"},"schema":{"@context":"https:\/\/schema.org","@graph":[{"@type":"WebPage","@id":"https:\/\/alja.ch\/fr\/produit\/sangle-a-motif-paon\/","url":"https:\/\/alja.ch\/fr\/produit\/sangle-a-motif-paon\/","name":"Sangle avec motif de paon &#8212; Alja.ch","isPartOf":{"@id":"https:\/\/alja.ch\/fr\/#website"},"primaryImageOfPage":{"@id":"https:\/\/alja.ch\/fr\/produit\/sangle-a-motif-paon\/#primaryimage"},"image":{"@id":"https:\/\/alja.ch\/fr\/produit\/sangle-a-motif-paon\/#primaryimage"},"thumbnailUrl":"https:\/\/alja.ch\/wp-content\/uploads\/01137-C064.jpg","datePublished":"2025-06-04T14:14:45+00:00","dateModified":"2025-09-12T15:03:30+00:00","description":"Sangle de 40 mm de haute qualit\u00e9 avec un motif de paon color\u00e9 - 100 % polyvalente pour les sacs, les ceintures & les projets DIY. Maintenant chez Alja.ch !","breadcrumb":{"@id":"https:\/\/alja.ch\/fr\/produit\/sangle-a-motif-paon\/#breadcrumb"},"inLanguage":"fr-FR","potentialAction":[{"@type":"ReadAction","target":["https:\/\/alja.ch\/fr\/produit\/sangle-a-motif-paon\/"]}]},{"@type":"ImageObject","inLanguage":"fr-FR","@id":"https:\/\/alja.ch\/fr\/produit\/sangle-a-motif-paon\/#primaryimage","url":"https:\/\/alja.ch\/wp-content\/uploads\/01137-C064.jpg","contentUrl":"https:\/\/alja.ch\/wp-content\/uploads\/01137-C064.jpg","width":1416,"height":1415},{"@type":"BreadcrumbList","@id":"https:\/\/alja.ch\/fr\/produit\/sangle-a-motif-paon\/#breadcrumb","itemListElement":[{"@type":"ListItem","position":1,"name":"Startseite","item":"https:\/\/alja.ch\/fr\/"},{"@type":"ListItem","position":2,"name":"Boutique","item":"https:\/\/alja.ch\/fr\/boutique\/"},{"@type":"ListItem","position":3,"name":"Sangle avec motif de paon"}]},{"@type":"WebSite","@id":"https:\/\/alja.ch\/fr\/#website","url":"https:\/\/alja.ch\/fr\/","name":"Alja.ch","description":"Stoffe &amp; Mercerie online einkaufen!","publisher":{"@id":"https:\/\/alja.ch\/fr\/#organization"},"potentialAction":[{"@type":"SearchAction","target":{"@type":"EntryPoint","urlTemplate":"https:\/\/alja.ch\/fr\/?s={search_term_string}"},"query-input":{"@type":"PropertyValueSpecification","valueRequired":true,"valueName":"search_term_string"}}],"inLanguage":"fr-FR"},{"@type":"Organization","@id":"https:\/\/alja.ch\/fr\/#organization","name":"ALJA Nouveau AG","url":"https:\/\/alja.ch\/fr\/","logo":{"@type":"ImageObject","inLanguage":"fr-FR","@id":"https:\/\/alja.ch\/fr\/#\/schema\/logo\/image\/","url":"https:\/\/alja.ch\/wp-content\/uploads\/kg-logo-alja.png","contentUrl":"https:\/\/alja.ch\/wp-content\/uploads\/kg-logo-alja.png","width":1000,"height":1000,"caption":"ALJA Nouveau AG"},"image":{"@id":"https:\/\/alja.ch\/fr\/#\/schema\/logo\/image\/"},"sameAs":["https:\/\/www.facebook.com\/aljastoffe\/","https:\/\/www.instagram.com\/alja_stoffe_mercerie\/","https:\/\/www.youtube.com\/channel\/UCf6430U9yN-o6rk-Nw4TDqA"]}]}},"_links":{"self":[{"href":"https:\/\/alja.ch\/fr\/wp-json\/wp\/v2\/product\/34770","targetHints":{"allow":["GET"]}}],"collection":[{"href":"https:\/\/alja.ch\/fr\/wp-json\/wp\/v2\/product"}],"about":[{"href":"https:\/\/alja.ch\/fr\/wp-json\/wp\/v2\/types\/product"}],"replies":[{"embeddable":true,"href":"https:\/\/alja.ch\/fr\/wp-json\/wp\/v2\/comments?post=34770"}],"wp:featuredmedia":[{"embeddable":true,"href":"https:\/\/alja.ch\/fr\/wp-json\/wp\/v2\/media\/34696"}],"wp:attachment":[{"href":"https:\/\/alja.ch\/fr\/wp-json\/wp\/v2\/media?parent=34770"}],"wp:term":[{"taxonomy":"product_brand","embeddable":true,"href":"https:\/\/alja.ch\/fr\/wp-json\/wp\/v2\/product_brand?post=34770"},{"taxonomy":"product_cat","embeddable":true,"href":"https:\/\/alja.ch\/fr\/wp-json\/wp\/v2\/product_cat?post=34770"},{"taxonomy":"product_tag","embeddable":true,"href":"https:\/\/alja.ch\/fr\/wp-json\/wp\/v2\/product_tag?post=34770"}],"curies":[{"name":"wp","href":"https:\/\/api.w.org\/{rel}","templated":true}]}}