{"id":34394,"date":"2025-05-07T13:21:40","date_gmt":"2025-05-07T11:21:40","guid":{"rendered":"https:\/\/alja.ch\/?post_type=product&#038;p=34394"},"modified":"2026-04-22T15:27:22","modified_gmt":"2026-04-22T13:27:22","slug":"schwingerhosenstoff-reps-schwarz","status":"publish","type":"product","link":"https:\/\/alja.ch\/fr\/produit\/schwingerhosenstoff-reps-schwarz\/","title":{"rendered":"Tissu pour pantalons de lutte - Reps noir"},"content":{"rendered":"<p>Un tissu synth\u00e9tique c\u00f4tel\u00e9 (Reps) utilis\u00e9 en Suisse pour les pantalons de lutte.<\/p>\n<p>95% polyester, 5% \u00e9lasthanne, largeur 154 cm<\/p>\n<p>&nbsp;<\/p>\n<p>&nbsp;<\/p>\n","protected":false},"excerpt":{"rendered":"<p>Un tissu synth\u00e9tique c\u00f4tel\u00e9 (Reps) utilis\u00e9 en Suisse pour les pantalons de lutte. 95% polyester, 5% \u00e9lasthanne, largeur 154 cm &nbsp; &nbsp;<\/p>\n","protected":false},"featured_media":34277,"comment_status":"open","ping_status":"closed","template":"","meta":{"_acf_changed":false},"product_brand":[],"product_cat":[153,881,251],"product_tag":[933,1167,919,538,600,425],"class_list":{"0":"post-34394","1":"product","2":"type-product","3":"status-publish","4":"has-post-thumbnail","6":"product_cat-tissus","7":"product_cat-tissus-printemps-ete","8":"product_cat-tissus-uni-basic","9":"product_tag-beige-fr","10":"product_tag-colore","11":"product_tag-ecru-fr","12":"product_tag-modele","13":"product_tag-tissu","14":"product_tag-tissu-decoratif","15":"product_shipping_class-colis-standard","17":"first","18":"outofstock","19":"featured","20":"shipping-taxable","21":"purchasable","22":"product-type-simple"},"acf":[],"yoast_head":"<!-- This site is optimized with the Yoast SEO plugin v27.5 - https:\/\/yoast.com\/product\/yoast-seo-wordpress\/ -->\n<title>Tissu pour pantalons de lutte - Reps noir &#8212; Alja.ch<\/title>\n<meta name=\"description\" content=\"Un tissu synth\u00e9tique c\u00f4tel\u00e9 (Reps) utilis\u00e9 en Suisse pour les pantalons de lutte.\" \/>\n<meta name=\"robots\" content=\"index, follow, max-snippet:-1, max-image-preview:large, max-video-preview:-1\" \/>\n<link rel=\"canonical\" href=\"https:\/\/alja.ch\/fr\/produit\/schwingerhosenstoff-reps-schwarz\/\" \/>\n<meta property=\"og:locale\" content=\"fr_FR\" \/>\n<meta property=\"og:type\" content=\"article\" \/>\n<meta property=\"og:title\" content=\"Tissu pour pantalons de lutte - Reps noir &#8212; Alja.ch\" \/>\n<meta property=\"og:description\" content=\"Un tissu synth\u00e9tique c\u00f4tel\u00e9 (Reps) utilis\u00e9 en Suisse pour les pantalons de lutte.\" \/>\n<meta property=\"og:url\" content=\"https:\/\/alja.ch\/fr\/produit\/schwingerhosenstoff-reps-schwarz\/\" \/>\n<meta property=\"og:site_name\" content=\"Alja.ch\" \/>\n<meta property=\"article:publisher\" content=\"https:\/\/www.facebook.com\/aljastoffe\/\" \/>\n<meta property=\"article:modified_time\" content=\"2026-04-22T13:27:22+00:00\" \/>\n<meta property=\"og:image\" content=\"https:\/\/alja.ch\/wp-content\/uploads\/18568.png\" \/>\n\t<meta property=\"og:image:width\" content=\"500\" \/>\n\t<meta property=\"og:image:height\" content=\"500\" \/>\n\t<meta property=\"og:image:type\" content=\"image\/png\" \/>\n<meta name=\"twitter:card\" content=\"summary_large_image\" \/>\n<meta name=\"twitter:label1\" content=\"Dur\u00e9e de lecture estim\u00e9e\" \/>\n\t<meta name=\"twitter:data1\" content=\"1 minute\" \/>\n<script type=\"application\/ld+json\" class=\"yoast-schema-graph\">{\"@context\":\"https:\\\/\\\/schema.org\",\"@graph\":[{\"@type\":\"WebPage\",\"@id\":\"https:\\\/\\\/alja.ch\\\/fr\\\/produit\\\/schwingerhosenstoff-reps-schwarz\\\/\",\"url\":\"https:\\\/\\\/alja.ch\\\/fr\\\/produit\\\/schwingerhosenstoff-reps-schwarz\\\/\",\"name\":\"Tissu pour pantalons de lutte - Reps noir &#8212; Alja.ch\",\"isPartOf\":{\"@id\":\"https:\\\/\\\/alja.ch\\\/fr\\\/#website\"},\"primaryImageOfPage\":{\"@id\":\"https:\\\/\\\/alja.ch\\\/fr\\\/produit\\\/schwingerhosenstoff-reps-schwarz\\\/#primaryimage\"},\"image\":{\"@id\":\"https:\\\/\\\/alja.ch\\\/fr\\\/produit\\\/schwingerhosenstoff-reps-schwarz\\\/#primaryimage\"},\"thumbnailUrl\":\"https:\\\/\\\/alja.ch\\\/wp-content\\\/uploads\\\/18568.png\",\"datePublished\":\"2025-05-07T11:21:40+00:00\",\"dateModified\":\"2026-04-22T13:27:22+00:00\",\"description\":\"Un tissu synth\u00e9tique c\u00f4tel\u00e9 (Reps) utilis\u00e9 en Suisse pour les pantalons de lutte.\",\"breadcrumb\":{\"@id\":\"https:\\\/\\\/alja.ch\\\/fr\\\/produit\\\/schwingerhosenstoff-reps-schwarz\\\/#breadcrumb\"},\"inLanguage\":\"fr-FR\",\"potentialAction\":[{\"@type\":\"ReadAction\",\"target\":[\"https:\\\/\\\/alja.ch\\\/fr\\\/produit\\\/schwingerhosenstoff-reps-schwarz\\\/\"]}]},{\"@type\":\"ImageObject\",\"inLanguage\":\"fr-FR\",\"@id\":\"https:\\\/\\\/alja.ch\\\/fr\\\/produit\\\/schwingerhosenstoff-reps-schwarz\\\/#primaryimage\",\"url\":\"https:\\\/\\\/alja.ch\\\/wp-content\\\/uploads\\\/18568.png\",\"contentUrl\":\"https:\\\/\\\/alja.ch\\\/wp-content\\\/uploads\\\/18568.png\",\"width\":500,\"height\":500},{\"@type\":\"BreadcrumbList\",\"@id\":\"https:\\\/\\\/alja.ch\\\/fr\\\/produit\\\/schwingerhosenstoff-reps-schwarz\\\/#breadcrumb\",\"itemListElement\":[{\"@type\":\"ListItem\",\"position\":1,\"name\":\"Startseite\",\"item\":\"https:\\\/\\\/alja.ch\\\/fr\\\/\"},{\"@type\":\"ListItem\",\"position\":2,\"name\":\"Boutique\",\"item\":\"https:\\\/\\\/alja.ch\\\/fr\\\/boutique\\\/\"},{\"@type\":\"ListItem\",\"position\":3,\"name\":\"Tissu pour pantalons de lutte - Reps noir\"}]},{\"@type\":\"WebSite\",\"@id\":\"https:\\\/\\\/alja.ch\\\/fr\\\/#website\",\"url\":\"https:\\\/\\\/alja.ch\\\/fr\\\/\",\"name\":\"Alja.ch\",\"description\":\"Stoffe &amp; Mercerie online einkaufen!\",\"publisher\":{\"@id\":\"https:\\\/\\\/alja.ch\\\/fr\\\/#organization\"},\"potentialAction\":[{\"@type\":\"SearchAction\",\"target\":{\"@type\":\"EntryPoint\",\"urlTemplate\":\"https:\\\/\\\/alja.ch\\\/fr\\\/?s={search_term_string}\"},\"query-input\":{\"@type\":\"PropertyValueSpecification\",\"valueRequired\":true,\"valueName\":\"search_term_string\"}}],\"inLanguage\":\"fr-FR\"},{\"@type\":\"Organization\",\"@id\":\"https:\\\/\\\/alja.ch\\\/fr\\\/#organization\",\"name\":\"ALJA Nouveau AG\",\"url\":\"https:\\\/\\\/alja.ch\\\/fr\\\/\",\"logo\":{\"@type\":\"ImageObject\",\"inLanguage\":\"fr-FR\",\"@id\":\"https:\\\/\\\/alja.ch\\\/fr\\\/#\\\/schema\\\/logo\\\/image\\\/\",\"url\":\"https:\\\/\\\/alja.ch\\\/wp-content\\\/uploads\\\/kg-logo-alja.png\",\"contentUrl\":\"https:\\\/\\\/alja.ch\\\/wp-content\\\/uploads\\\/kg-logo-alja.png\",\"width\":1000,\"height\":1000,\"caption\":\"ALJA Nouveau AG\"},\"image\":{\"@id\":\"https:\\\/\\\/alja.ch\\\/fr\\\/#\\\/schema\\\/logo\\\/image\\\/\"},\"sameAs\":[\"https:\\\/\\\/www.facebook.com\\\/aljastoffe\\\/\",\"https:\\\/\\\/www.instagram.com\\\/alja_stoffe_mercerie\\\/\",\"https:\\\/\\\/www.youtube.com\\\/channel\\\/UCf6430U9yN-o6rk-Nw4TDqA\"]}]}<\/script>\n<!-- \/ Yoast SEO plugin. -->","yoast_head_json":{"title":"Tissu pour pantalons de lutte - Reps noir &#8212; Alja.ch","description":"Un tissu synth\u00e9tique c\u00f4tel\u00e9 (Reps) utilis\u00e9 en Suisse pour les pantalons de lutte.","robots":{"index":"index","follow":"follow","max-snippet":"max-snippet:-1","max-image-preview":"max-image-preview:large","max-video-preview":"max-video-preview:-1"},"canonical":"https:\/\/alja.ch\/fr\/produit\/schwingerhosenstoff-reps-schwarz\/","og_locale":"fr_FR","og_type":"article","og_title":"Tissu pour pantalons de lutte - Reps noir &#8212; Alja.ch","og_description":"Un tissu synth\u00e9tique c\u00f4tel\u00e9 (Reps) utilis\u00e9 en Suisse pour les pantalons de lutte.","og_url":"https:\/\/alja.ch\/fr\/produit\/schwingerhosenstoff-reps-schwarz\/","og_site_name":"Alja.ch","article_publisher":"https:\/\/www.facebook.com\/aljastoffe\/","article_modified_time":"2026-04-22T13:27:22+00:00","og_image":[{"width":500,"height":500,"url":"https:\/\/alja.ch\/wp-content\/uploads\/18568.png","type":"image\/png"}],"twitter_card":"summary_large_image","twitter_misc":{"Dur\u00e9e de lecture estim\u00e9e":"1 minute"},"schema":{"@context":"https:\/\/schema.org","@graph":[{"@type":"WebPage","@id":"https:\/\/alja.ch\/fr\/produit\/schwingerhosenstoff-reps-schwarz\/","url":"https:\/\/alja.ch\/fr\/produit\/schwingerhosenstoff-reps-schwarz\/","name":"Tissu pour pantalons de lutte - Reps noir &#8212; Alja.ch","isPartOf":{"@id":"https:\/\/alja.ch\/fr\/#website"},"primaryImageOfPage":{"@id":"https:\/\/alja.ch\/fr\/produit\/schwingerhosenstoff-reps-schwarz\/#primaryimage"},"image":{"@id":"https:\/\/alja.ch\/fr\/produit\/schwingerhosenstoff-reps-schwarz\/#primaryimage"},"thumbnailUrl":"https:\/\/alja.ch\/wp-content\/uploads\/18568.png","datePublished":"2025-05-07T11:21:40+00:00","dateModified":"2026-04-22T13:27:22+00:00","description":"Un tissu synth\u00e9tique c\u00f4tel\u00e9 (Reps) utilis\u00e9 en Suisse pour les pantalons de lutte.","breadcrumb":{"@id":"https:\/\/alja.ch\/fr\/produit\/schwingerhosenstoff-reps-schwarz\/#breadcrumb"},"inLanguage":"fr-FR","potentialAction":[{"@type":"ReadAction","target":["https:\/\/alja.ch\/fr\/produit\/schwingerhosenstoff-reps-schwarz\/"]}]},{"@type":"ImageObject","inLanguage":"fr-FR","@id":"https:\/\/alja.ch\/fr\/produit\/schwingerhosenstoff-reps-schwarz\/#primaryimage","url":"https:\/\/alja.ch\/wp-content\/uploads\/18568.png","contentUrl":"https:\/\/alja.ch\/wp-content\/uploads\/18568.png","width":500,"height":500},{"@type":"BreadcrumbList","@id":"https:\/\/alja.ch\/fr\/produit\/schwingerhosenstoff-reps-schwarz\/#breadcrumb","itemListElement":[{"@type":"ListItem","position":1,"name":"Startseite","item":"https:\/\/alja.ch\/fr\/"},{"@type":"ListItem","position":2,"name":"Boutique","item":"https:\/\/alja.ch\/fr\/boutique\/"},{"@type":"ListItem","position":3,"name":"Tissu pour pantalons de lutte - Reps noir"}]},{"@type":"WebSite","@id":"https:\/\/alja.ch\/fr\/#website","url":"https:\/\/alja.ch\/fr\/","name":"Alja.ch","description":"Stoffe &amp; Mercerie online einkaufen!","publisher":{"@id":"https:\/\/alja.ch\/fr\/#organization"},"potentialAction":[{"@type":"SearchAction","target":{"@type":"EntryPoint","urlTemplate":"https:\/\/alja.ch\/fr\/?s={search_term_string}"},"query-input":{"@type":"PropertyValueSpecification","valueRequired":true,"valueName":"search_term_string"}}],"inLanguage":"fr-FR"},{"@type":"Organization","@id":"https:\/\/alja.ch\/fr\/#organization","name":"ALJA Nouveau AG","url":"https:\/\/alja.ch\/fr\/","logo":{"@type":"ImageObject","inLanguage":"fr-FR","@id":"https:\/\/alja.ch\/fr\/#\/schema\/logo\/image\/","url":"https:\/\/alja.ch\/wp-content\/uploads\/kg-logo-alja.png","contentUrl":"https:\/\/alja.ch\/wp-content\/uploads\/kg-logo-alja.png","width":1000,"height":1000,"caption":"ALJA Nouveau AG"},"image":{"@id":"https:\/\/alja.ch\/fr\/#\/schema\/logo\/image\/"},"sameAs":["https:\/\/www.facebook.com\/aljastoffe\/","https:\/\/www.instagram.com\/alja_stoffe_mercerie\/","https:\/\/www.youtube.com\/channel\/UCf6430U9yN-o6rk-Nw4TDqA"]}]}},"_links":{"self":[{"href":"https:\/\/alja.ch\/fr\/wp-json\/wp\/v2\/product\/34394","targetHints":{"allow":["GET"]}}],"collection":[{"href":"https:\/\/alja.ch\/fr\/wp-json\/wp\/v2\/product"}],"about":[{"href":"https:\/\/alja.ch\/fr\/wp-json\/wp\/v2\/types\/product"}],"replies":[{"embeddable":true,"href":"https:\/\/alja.ch\/fr\/wp-json\/wp\/v2\/comments?post=34394"}],"wp:featuredmedia":[{"embeddable":true,"href":"https:\/\/alja.ch\/fr\/wp-json\/wp\/v2\/media\/34277"}],"wp:attachment":[{"href":"https:\/\/alja.ch\/fr\/wp-json\/wp\/v2\/media?parent=34394"}],"wp:term":[{"taxonomy":"product_brand","embeddable":true,"href":"https:\/\/alja.ch\/fr\/wp-json\/wp\/v2\/product_brand?post=34394"},{"taxonomy":"product_cat","embeddable":true,"href":"https:\/\/alja.ch\/fr\/wp-json\/wp\/v2\/product_cat?post=34394"},{"taxonomy":"product_tag","embeddable":true,"href":"https:\/\/alja.ch\/fr\/wp-json\/wp\/v2\/product_tag?post=34394"}],"curies":[{"name":"wp","href":"https:\/\/api.w.org\/{rel}","templated":true}]}}