{"id":28219,"date":"2024-09-27T16:00:08","date_gmt":"2024-09-27T14:00:08","guid":{"rendered":"https:\/\/alja.ch\/?post_type=product&#038;p=28219"},"modified":"2024-10-16T13:32:32","modified_gmt":"2024-10-16T11:32:32","slug":"guetermann-naehfaden-gruen-200m-nr-553","status":"publish","type":"product","link":"https:\/\/alja.ch\/fr\/produit\/guetermann-naehfaden-gruen-200m-nr-553\/","title":{"rendered":"G\u00fctermann N\u00e4hfaden gr\u00fcn 200m, Nr. 553"},"content":{"rendered":"<p>Farbe: Nr. 553<\/p>\n<p>L\u00e4nge: 200m<\/p>\n<p>Material: 100% Polyester<\/p>\n","protected":false},"excerpt":{"rendered":"<p>Farbe: Nr. 553 L\u00e4nge: 200m Material: 100% Polyester<\/p>\n","protected":false},"featured_media":28222,"comment_status":"open","ping_status":"closed","template":"","meta":{"_acf_changed":false},"product_brand":[],"product_cat":[714,1260],"product_tag":[328,342,332],"class_list":{"0":"post-28219","1":"product","2":"type-product","3":"status-publish","4":"has-post-thumbnail","6":"product_cat-fil-a-coudre-fr","7":"product_cat-mercerie-fr","8":"product_tag-fil","9":"product_tag-jaune","10":"product_tag-mercerie-fr","12":"first","13":"instock","14":"featured","15":"shipping-taxable","16":"purchasable","17":"product-type-simple"},"acf":[],"yoast_head":"<!-- This site is optimized with the Yoast SEO plugin v27.3 - https:\/\/yoast.com\/product\/yoast-seo-wordpress\/ -->\n<title>G\u00fctermann N\u00e4hfaden gr\u00fcn 200m, Nr. 553 &#8212; Alja.ch<\/title>\n<meta name=\"robots\" content=\"index, follow, max-snippet:-1, max-image-preview:large, max-video-preview:-1\" \/>\n<link rel=\"canonical\" href=\"https:\/\/alja.ch\/fr\/produit\/guetermann-naehfaden-gruen-200m-nr-553\/\" \/>\n<meta property=\"og:locale\" content=\"fr_FR\" \/>\n<meta property=\"og:type\" content=\"article\" \/>\n<meta property=\"og:title\" content=\"G\u00fctermann N\u00e4hfaden gr\u00fcn 200m, Nr. 553 &#8212; Alja.ch\" \/>\n<meta property=\"og:description\" content=\"Farbe: Nr. 553 L\u00e4nge: 200m Material: 100% Polyester\" \/>\n<meta property=\"og:url\" content=\"https:\/\/alja.ch\/fr\/produit\/guetermann-naehfaden-gruen-200m-nr-553\/\" \/>\n<meta property=\"og:site_name\" content=\"Alja.ch\" \/>\n<meta property=\"article:publisher\" content=\"https:\/\/www.facebook.com\/aljastoffe\/\" \/>\n<meta property=\"article:modified_time\" content=\"2024-10-16T11:32:32+00:00\" \/>\n<meta property=\"og:image\" content=\"https:\/\/alja.ch\/wp-content\/uploads\/Art_748277_Col_553_150dpi.jpg\" \/>\n\t<meta property=\"og:image:width\" content=\"832\" \/>\n\t<meta property=\"og:image:height\" content=\"1218\" \/>\n\t<meta property=\"og:image:type\" content=\"image\/jpeg\" \/>\n<meta name=\"twitter:card\" content=\"summary_large_image\" \/>\n<meta name=\"twitter:label1\" content=\"Dur\u00e9e de lecture estim\u00e9e\" \/>\n\t<meta name=\"twitter:data1\" content=\"1 minute\" \/>\n<script type=\"application\/ld+json\" class=\"yoast-schema-graph\">{\"@context\":\"https:\\\/\\\/schema.org\",\"@graph\":[{\"@type\":\"WebPage\",\"@id\":\"https:\\\/\\\/alja.ch\\\/fr\\\/produit\\\/guetermann-naehfaden-gruen-200m-nr-553\\\/\",\"url\":\"https:\\\/\\\/alja.ch\\\/fr\\\/produit\\\/guetermann-naehfaden-gruen-200m-nr-553\\\/\",\"name\":\"G\u00fctermann N\u00e4hfaden gr\u00fcn 200m, Nr. 553 &#8212; Alja.ch\",\"isPartOf\":{\"@id\":\"https:\\\/\\\/alja.ch\\\/fr\\\/#website\"},\"primaryImageOfPage\":{\"@id\":\"https:\\\/\\\/alja.ch\\\/fr\\\/produit\\\/guetermann-naehfaden-gruen-200m-nr-553\\\/#primaryimage\"},\"image\":{\"@id\":\"https:\\\/\\\/alja.ch\\\/fr\\\/produit\\\/guetermann-naehfaden-gruen-200m-nr-553\\\/#primaryimage\"},\"thumbnailUrl\":\"https:\\\/\\\/alja.ch\\\/wp-content\\\/uploads\\\/Art_748277_Col_553_150dpi.jpg\",\"datePublished\":\"2024-09-27T14:00:08+00:00\",\"dateModified\":\"2024-10-16T11:32:32+00:00\",\"breadcrumb\":{\"@id\":\"https:\\\/\\\/alja.ch\\\/fr\\\/produit\\\/guetermann-naehfaden-gruen-200m-nr-553\\\/#breadcrumb\"},\"inLanguage\":\"fr-FR\",\"potentialAction\":[{\"@type\":\"ReadAction\",\"target\":[\"https:\\\/\\\/alja.ch\\\/fr\\\/produit\\\/guetermann-naehfaden-gruen-200m-nr-553\\\/\"]}]},{\"@type\":\"ImageObject\",\"inLanguage\":\"fr-FR\",\"@id\":\"https:\\\/\\\/alja.ch\\\/fr\\\/produit\\\/guetermann-naehfaden-gruen-200m-nr-553\\\/#primaryimage\",\"url\":\"https:\\\/\\\/alja.ch\\\/wp-content\\\/uploads\\\/Art_748277_Col_553_150dpi.jpg\",\"contentUrl\":\"https:\\\/\\\/alja.ch\\\/wp-content\\\/uploads\\\/Art_748277_Col_553_150dpi.jpg\",\"width\":832,\"height\":1218},{\"@type\":\"BreadcrumbList\",\"@id\":\"https:\\\/\\\/alja.ch\\\/fr\\\/produit\\\/guetermann-naehfaden-gruen-200m-nr-553\\\/#breadcrumb\",\"itemListElement\":[{\"@type\":\"ListItem\",\"position\":1,\"name\":\"Startseite\",\"item\":\"https:\\\/\\\/alja.ch\\\/fr\\\/\"},{\"@type\":\"ListItem\",\"position\":2,\"name\":\"Boutique\",\"item\":\"https:\\\/\\\/alja.ch\\\/fr\\\/boutique\\\/\"},{\"@type\":\"ListItem\",\"position\":3,\"name\":\"G\u00fctermann N\u00e4hfaden gr\u00fcn 200m, Nr. 553\"}]},{\"@type\":\"WebSite\",\"@id\":\"https:\\\/\\\/alja.ch\\\/fr\\\/#website\",\"url\":\"https:\\\/\\\/alja.ch\\\/fr\\\/\",\"name\":\"Alja.ch\",\"description\":\"Stoffe &amp; Mercerie online einkaufen!\",\"publisher\":{\"@id\":\"https:\\\/\\\/alja.ch\\\/fr\\\/#organization\"},\"potentialAction\":[{\"@type\":\"SearchAction\",\"target\":{\"@type\":\"EntryPoint\",\"urlTemplate\":\"https:\\\/\\\/alja.ch\\\/fr\\\/?s={search_term_string}\"},\"query-input\":{\"@type\":\"PropertyValueSpecification\",\"valueRequired\":true,\"valueName\":\"search_term_string\"}}],\"inLanguage\":\"fr-FR\"},{\"@type\":\"Organization\",\"@id\":\"https:\\\/\\\/alja.ch\\\/fr\\\/#organization\",\"name\":\"ALJA Nouveau AG\",\"url\":\"https:\\\/\\\/alja.ch\\\/fr\\\/\",\"logo\":{\"@type\":\"ImageObject\",\"inLanguage\":\"fr-FR\",\"@id\":\"https:\\\/\\\/alja.ch\\\/fr\\\/#\\\/schema\\\/logo\\\/image\\\/\",\"url\":\"https:\\\/\\\/alja.ch\\\/wp-content\\\/uploads\\\/kg-logo-alja.png\",\"contentUrl\":\"https:\\\/\\\/alja.ch\\\/wp-content\\\/uploads\\\/kg-logo-alja.png\",\"width\":1000,\"height\":1000,\"caption\":\"ALJA Nouveau AG\"},\"image\":{\"@id\":\"https:\\\/\\\/alja.ch\\\/fr\\\/#\\\/schema\\\/logo\\\/image\\\/\"},\"sameAs\":[\"https:\\\/\\\/www.facebook.com\\\/aljastoffe\\\/\",\"https:\\\/\\\/www.instagram.com\\\/alja_stoffe_mercerie\\\/\",\"https:\\\/\\\/www.youtube.com\\\/channel\\\/UCf6430U9yN-o6rk-Nw4TDqA\"]}]}<\/script>\n<!-- \/ Yoast SEO plugin. -->","yoast_head_json":{"title":"G\u00fctermann N\u00e4hfaden gr\u00fcn 200m, Nr. 553 &#8212; Alja.ch","robots":{"index":"index","follow":"follow","max-snippet":"max-snippet:-1","max-image-preview":"max-image-preview:large","max-video-preview":"max-video-preview:-1"},"canonical":"https:\/\/alja.ch\/fr\/produit\/guetermann-naehfaden-gruen-200m-nr-553\/","og_locale":"fr_FR","og_type":"article","og_title":"G\u00fctermann N\u00e4hfaden gr\u00fcn 200m, Nr. 553 &#8212; Alja.ch","og_description":"Farbe: Nr. 553 L\u00e4nge: 200m Material: 100% Polyester","og_url":"https:\/\/alja.ch\/fr\/produit\/guetermann-naehfaden-gruen-200m-nr-553\/","og_site_name":"Alja.ch","article_publisher":"https:\/\/www.facebook.com\/aljastoffe\/","article_modified_time":"2024-10-16T11:32:32+00:00","og_image":[{"width":832,"height":1218,"url":"https:\/\/alja.ch\/wp-content\/uploads\/Art_748277_Col_553_150dpi.jpg","type":"image\/jpeg"}],"twitter_card":"summary_large_image","twitter_misc":{"Dur\u00e9e de lecture estim\u00e9e":"1 minute"},"schema":{"@context":"https:\/\/schema.org","@graph":[{"@type":"WebPage","@id":"https:\/\/alja.ch\/fr\/produit\/guetermann-naehfaden-gruen-200m-nr-553\/","url":"https:\/\/alja.ch\/fr\/produit\/guetermann-naehfaden-gruen-200m-nr-553\/","name":"G\u00fctermann N\u00e4hfaden gr\u00fcn 200m, Nr. 553 &#8212; Alja.ch","isPartOf":{"@id":"https:\/\/alja.ch\/fr\/#website"},"primaryImageOfPage":{"@id":"https:\/\/alja.ch\/fr\/produit\/guetermann-naehfaden-gruen-200m-nr-553\/#primaryimage"},"image":{"@id":"https:\/\/alja.ch\/fr\/produit\/guetermann-naehfaden-gruen-200m-nr-553\/#primaryimage"},"thumbnailUrl":"https:\/\/alja.ch\/wp-content\/uploads\/Art_748277_Col_553_150dpi.jpg","datePublished":"2024-09-27T14:00:08+00:00","dateModified":"2024-10-16T11:32:32+00:00","breadcrumb":{"@id":"https:\/\/alja.ch\/fr\/produit\/guetermann-naehfaden-gruen-200m-nr-553\/#breadcrumb"},"inLanguage":"fr-FR","potentialAction":[{"@type":"ReadAction","target":["https:\/\/alja.ch\/fr\/produit\/guetermann-naehfaden-gruen-200m-nr-553\/"]}]},{"@type":"ImageObject","inLanguage":"fr-FR","@id":"https:\/\/alja.ch\/fr\/produit\/guetermann-naehfaden-gruen-200m-nr-553\/#primaryimage","url":"https:\/\/alja.ch\/wp-content\/uploads\/Art_748277_Col_553_150dpi.jpg","contentUrl":"https:\/\/alja.ch\/wp-content\/uploads\/Art_748277_Col_553_150dpi.jpg","width":832,"height":1218},{"@type":"BreadcrumbList","@id":"https:\/\/alja.ch\/fr\/produit\/guetermann-naehfaden-gruen-200m-nr-553\/#breadcrumb","itemListElement":[{"@type":"ListItem","position":1,"name":"Startseite","item":"https:\/\/alja.ch\/fr\/"},{"@type":"ListItem","position":2,"name":"Boutique","item":"https:\/\/alja.ch\/fr\/boutique\/"},{"@type":"ListItem","position":3,"name":"G\u00fctermann N\u00e4hfaden gr\u00fcn 200m, Nr. 553"}]},{"@type":"WebSite","@id":"https:\/\/alja.ch\/fr\/#website","url":"https:\/\/alja.ch\/fr\/","name":"Alja.ch","description":"Stoffe &amp; Mercerie online einkaufen!","publisher":{"@id":"https:\/\/alja.ch\/fr\/#organization"},"potentialAction":[{"@type":"SearchAction","target":{"@type":"EntryPoint","urlTemplate":"https:\/\/alja.ch\/fr\/?s={search_term_string}"},"query-input":{"@type":"PropertyValueSpecification","valueRequired":true,"valueName":"search_term_string"}}],"inLanguage":"fr-FR"},{"@type":"Organization","@id":"https:\/\/alja.ch\/fr\/#organization","name":"ALJA Nouveau AG","url":"https:\/\/alja.ch\/fr\/","logo":{"@type":"ImageObject","inLanguage":"fr-FR","@id":"https:\/\/alja.ch\/fr\/#\/schema\/logo\/image\/","url":"https:\/\/alja.ch\/wp-content\/uploads\/kg-logo-alja.png","contentUrl":"https:\/\/alja.ch\/wp-content\/uploads\/kg-logo-alja.png","width":1000,"height":1000,"caption":"ALJA Nouveau AG"},"image":{"@id":"https:\/\/alja.ch\/fr\/#\/schema\/logo\/image\/"},"sameAs":["https:\/\/www.facebook.com\/aljastoffe\/","https:\/\/www.instagram.com\/alja_stoffe_mercerie\/","https:\/\/www.youtube.com\/channel\/UCf6430U9yN-o6rk-Nw4TDqA"]}]}},"_links":{"self":[{"href":"https:\/\/alja.ch\/fr\/wp-json\/wp\/v2\/product\/28219","targetHints":{"allow":["GET"]}}],"collection":[{"href":"https:\/\/alja.ch\/fr\/wp-json\/wp\/v2\/product"}],"about":[{"href":"https:\/\/alja.ch\/fr\/wp-json\/wp\/v2\/types\/product"}],"replies":[{"embeddable":true,"href":"https:\/\/alja.ch\/fr\/wp-json\/wp\/v2\/comments?post=28219"}],"wp:featuredmedia":[{"embeddable":true,"href":"https:\/\/alja.ch\/fr\/wp-json\/wp\/v2\/media\/28222"}],"wp:attachment":[{"href":"https:\/\/alja.ch\/fr\/wp-json\/wp\/v2\/media?parent=28219"}],"wp:term":[{"taxonomy":"product_brand","embeddable":true,"href":"https:\/\/alja.ch\/fr\/wp-json\/wp\/v2\/product_brand?post=28219"},{"taxonomy":"product_cat","embeddable":true,"href":"https:\/\/alja.ch\/fr\/wp-json\/wp\/v2\/product_cat?post=28219"},{"taxonomy":"product_tag","embeddable":true,"href":"https:\/\/alja.ch\/fr\/wp-json\/wp\/v2\/product_tag?post=28219"}],"curies":[{"name":"wp","href":"https:\/\/api.w.org\/{rel}","templated":true}]}}